{"id":105521,"date":"2026-03-20T15:28:35","date_gmt":"2026-03-20T15:28:35","guid":{"rendered":"https:\/\/soydeaqui.ddns.net\/pachuca\/index.php\/producto\/domo-ip-ptz-2-megapixel-anticorrosivo-nema-4x-32x-zoom-exterior-ip67-ik10-wdr-140-db-onvif-autoseguimiento-ultra-baja-iluminacion\/"},"modified":"2026-03-20T15:28:37","modified_gmt":"2026-03-20T15:28:37","slug":"domo-ip-ptz-2-megapixel-anticorrosivo-nema-4x-32x-zoom-exterior-ip67-ik10-wdr-140-db-onvif-autoseguimiento-ultra-baja-iluminacion","status":"publish","type":"product","link":"https:\/\/soydeaqui.ddns.net\/pachuca\/index.php\/producto\/domo-ip-ptz-2-megapixel-anticorrosivo-nema-4x-32x-zoom-exterior-ip67-ik10-wdr-140-db-onvif-autoseguimiento-ultra-baja-iluminacion\/","title":{"rendered":"Domo IP PTZ 2 Megapixel \/ Anticorrosivo (NEMA 4X) \/ 32X Zoom \/ Exterior IP67 \/ IK10 \/ WDR 140 dB \/ Onvif \/ Autoseguimiento \/ Ultra Baja Iluminaci\u00f3n"},"content":{"rendered":"<div style='width: 100%; max-width: 1200px; margin: 0 auto; font-family: sans-serif; line-height: 1.6; color: inherit; background-color: transparent;'> <!-- Logo Hikvision --> <\/p>\n<p style='text-align: center; margin: 20px 0;'><img style='width: 45%; height: auto; border: 1px solid rgba(150&comma;150&comma;150&comma;0.3); border-radius: 8px;' src='https:\/\/ftp3.syscom.mx\/usuarios\/jsosa\/HIKVISION\/imagenes\/logo\/hikvision%20see%20far.png' alt='Logo Hikvision'><\/p>\n<p> <!-- Videos --> <\/p>\n<div style='display: flex; flex-wrap: wrap; gap: 30px; margin: 30px 0;'>\n<div style='flex: 1 1 400px; min-width: 300px; position: relative; padding-bottom: 56.25%; height: 0; overflow: hidden;'>   <\/div>\n<div style='flex: 1 1 400px; min-width: 300px; position: relative; padding-bottom: 56.25%; height: 0; overflow: hidden;'>   <\/div>\n<\/p><\/div>\n<p> <!-- Secciones de caracter\u00edsticas --> <\/p>\n<div style='display: flex; flex-wrap: wrap; gap: 30px; margin: 30px 0;'> <!-- Caracter\u00edsticas principales --> <\/p>\n<div style='flex: 1 1 300px; min-width: 280px;'>\n<h3 style='font-size: 22px; border-bottom: 2px solid currentColor; padding-bottom: 5px; margin-top: 0; color: inherit; opacity: 0.8;'>Caracter\u00edsticas principales<\/h3>\n<ul style='padding-left: 20px; font-size: 15px; color: inherit;'>\n<li style='margin-bottom: 5px;'><strong>Sensor de imagen:<\/strong> 1\/1.8&#8242; CMOS Scan Progresivo<\/li>\n<li style='margin-bottom: 5px;'><strong>Iluminaci\u00f3n m\u00ednima:<\/strong> F1.5&comma; AGC On: Color: 0.002 lux&comma; B\/W: 0.0002 lux<\/li>\n<li style='margin-bottom: 5px;'><strong>Velocidad del shutter:<\/strong> 1\/1s a 1\/30&comma;000 s<\/li>\n<li style='margin-bottom: 5px;'><strong>D\u00eda \/ Noche:<\/strong> Real con filtro ICR<\/li>\n<li style='margin-bottom: 5px;'><strong>Lente:<\/strong> Varifocal Motorizado: 5.9 a 188.8 mm (32X Zoom \u00d3ptico \/ 16X Zoom Digital)<\/li>\n<li style='margin-bottom: 5px;'><strong>Distancia de IR:<\/strong> N\/A<\/li>\n<li style='margin-bottom: 5px;'><strong>Funciones:<\/strong> WDR Real (140 dB)&comma; 3D-DNR&comma; BLC&comma; Defog&comma; ROI&comma; Cruce de l\u00ednea&comma; Intrusi\u00f3n de \u00e1rea&comma; detecci\u00f3n de excepci\u00f3n de audio&comma; detecci\u00f3n de des-enfoque&comma; detecci\u00f3n de movimiento&comma; detecci\u00f3n de entrada\/salida de \u00e1rea&comma; objeto removido&comma; objeto olvidado&comma; conteo de objetos&comma; autoseguimiento (auto tracking)<\/li>\n<\/ul><\/div>\n<p> <!-- Caracter\u00edsticas f\u00edsicas y el\u00e9ctricas --> <\/p>\n<div style='flex: 1 1 300px; min-width: 280px;'>\n<h3 style='font-size: 22px; border-bottom: 2px solid currentColor; padding-bottom: 5px; margin-top: 0; color: inherit; opacity: 0.8;'>Caracter\u00edsticas F\u00edsicas y El\u00e9ctricas<\/h3>\n<ul style='padding-left: 20px; font-size: 15px; color: inherit;'>\n<li style='margin-bottom: 5px;'><strong>Temperatura de operaci\u00f3n:<\/strong> -40 a 70 \u00b0C (-40 \u00b0F \u2013 158 \u00b0F)&comma; humedad 95%<\/li>\n<li style='margin-bottom: 5px;'><strong>Alimentaci\u00f3n:<\/strong> 24 VCA \/ Hi-PoE \/ 45 W<\/li>\n<li style='margin-bottom: 5px;'><strong>Aplicaci\u00f3n:<\/strong> Interior \/ Exterior<\/li>\n<li style='margin-bottom: 5px;'><strong>Protecci\u00f3n:<\/strong> IP67&comma; IK10&comma; Certificaci\u00f3n NEMA 4X<\/li>\n<li style='margin-bottom: 5px;'><strong>Dise\u00f1ada para ambientes:<\/strong> Humedos y con salitre (Costas&comma; plantas de agua&comma; plantas qu\u00edmicas&comma; barcos&comma; islas o todo ambiente que requiera un alto nivel anticorrosivo)<\/li>\n<li style='margin-bottom: 5px;'><strong>Dimensiones:<\/strong> 262 \u00d7 330 mm<\/li>\n<li style='margin-bottom: 5px;'><strong>Peso:<\/strong> 10 Kgs<\/li>\n<\/ul><\/div>\n<p> <!-- Funciones de red y almacenamiento --> <\/p>\n<div style='flex: 1 1 300px; min-width: 280px;'>\n<h3 style='font-size: 22px; border-bottom: 2px solid currentColor; padding-bottom: 5px; margin-top: 0; color: inherit; opacity: 0.8;'>Funciones de red y almacenamiento<\/h3>\n<ul style='padding-left: 20px; font-size: 15px; color: inherit;'>\n<li style='margin-bottom: 5px;'><strong>Soporta NAS:<\/strong> (NFS&comma; SMB\/CIFS)<\/li>\n<li style='margin-bottom: 5px;'><strong>Protocolos:<\/strong> IPv4\/IPv6&comma; HTTP&comma; HTTPS&comma; 802.1X&comma; QoS&comma; FTP&comma; SMTP&comma; UPnP&comma; SNMP&comma; DNS&comma; DDNS&comma; NTP&comma; RTSP&comma; RTP&comma; TCP&comma; UDP&comma; IGMP&comma; ICMP&comma; DHCP&comma; PPPoE<\/li>\n<li style='margin-bottom: 5px;'><strong>ONVIF:<\/strong> PROFILE S&comma; PROFILE G&comma; PSIA&comma; CGI&comma; ISAPI&comma; GB28181<\/li>\n<\/ul>\n<h4 style='font-size: 18px; margin-top: 20px; margin-bottom: 10px; color: inherit; opacity: 0.8;'><strong>Interfaces y Audio<\/strong><\/h4>\n<ul style='padding-left: 20px; font-size: 15px; color: inherit;'>\n<li style='margin-bottom: 5px;'><strong>Audio:<\/strong> 1 entrada y 1 salida<\/li>\n<li style='margin-bottom: 5px;'><strong>Red:<\/strong> 1 puerto RJ45 10\/100 Mbps<\/li>\n<li style='margin-bottom: 5px;'><strong>Alarma:<\/strong> 7 entradas y 2 salidas<\/li>\n<li style='margin-bottom: 5px;'><strong>Salida de video:<\/strong> BNC&comma; resoluci\u00f3n 4CIF<\/li>\n<\/ul><\/div>\n<\/p><\/div>\n<p> <!-- Compresi\u00f3n de video y resoluci\u00f3n m\u00e1xima --> <\/p>\n<div style='margin: 30px 0;'>\n<h3 style='font-size: 22px; border-bottom: 2px solid currentColor; padding-bottom: 5px; margin-top: 0; color: inherit; opacity: 0.8;'>Compresi\u00f3n de video y resoluci\u00f3n m\u00e1xima<\/h3>\n<ul style='padding-left: 20px; font-size: 15px; color: inherit;'>\n<li style='margin-bottom: 5px;'><strong>Formato de compresi\u00f3n:<\/strong> H.264 \/ MJPEG \/ MPEG4<\/li>\n<li style='margin-bottom: 5px;'><strong>Video bit rate:<\/strong> 32 Kbps &#8211; 16 Mbps<\/li>\n<li style='margin-bottom: 5px;'><strong>Compresi\u00f3n de audio:<\/strong> G.711ulaw\/G.711alaw\/G.726\/MP2L2\/G.722\/PCM<\/li>\n<li style='margin-bottom: 5px;'><strong>Audio bit rate:<\/strong> 64Kbps(G.711) \/ 16Kbps(G.722.1) \/ 16Kbps(G.726) \/ 32-128Kbps(MP2L2)<\/li>\n<li style='margin-bottom: 5px;'><strong>Resoluci\u00f3n m\u00e1xima:<\/strong> 1920 \u00d7 1080 (2MP)<\/li>\n<li style='margin-bottom: 5px;'><strong>Main stream:<\/strong> 50Hz: 50fps (1920 \u00d7 1080&comma; 1280 \u00d7 960&comma; 1280 \u00d7 720); 60Hz: 60fps (1920 \u00d7 1080&comma; 1280 \u00d7 960&comma; 1280 \u00d7 720)<\/li>\n<li style='margin-bottom: 5px;'><strong>Sub stream:<\/strong> 50Hz: 25fps (704\u00d7576&comma; 352\u00d7288&comma; 176\u00d7144); 60Hz: 30fps (704\u00d7480&comma; 352\u00d7240&comma; 176\u00d7120)<\/li>\n<\/ul><\/div>\n<p> <!-- Recursos --> <\/p>\n<div style='margin: 30px 0;'>\n<h2 style='font-size: 20px; border-bottom: 2px solid currentColor; padding-bottom: 5px; margin-top: 0; margin-bottom: 20px; color: inherit; opacity: 0.8; text-align: center;'>Recursos<\/h2>\n<div style='display: flex; flex-wrap: wrap; gap: 20px; justify-content: center;'> <a href='https:\/\/www.hikvision.com\/es-la\/support\/download\/software\/ivms4200-series\/?q=serie%20ivms4200&#038;position=1' target='_blank' rel='noopener' style='flex: 1 1 250px; min-width: 200px;'> <img style='width: 100%; height: auto; border: 1px solid rgba(150&comma;150&comma;150&comma;0.3); border-radius: 8px;' src='https:\/\/ftp3.syscom.mx\/usuarios\/gmagos\/HIK\/IP\/IPC\/Imagenes%20pagina\/Descargas%20IVMS4200.jpg' alt='IVMS4200'> <\/a> <a href='https:\/\/appstore.hikvision.com\/' target='_blank' rel='noopener' style='flex: 1 1 250px; min-width: 200px;'> <img style='width: 100%; height: auto; border: 1px solid rgba(150&comma;150&comma;150&comma;0.3); border-radius: 8px;' src='https:\/\/ftp3.syscom.mx\/usuarios\/gmagos\/HIK\/IP\/IPC\/Imagenes%20pagina\/Descargas%20de%20app.jpg' alt='App Store Hikvision'> <\/a> <a href='https:\/\/ftp3.syscom.mx\/usuarios\/roberto.espino\/Specs\/Domo\/Especificaciones%20Tecnicas%20DS-2DT6232X-AELYT5_20220409.pdf' target='_blank' rel='noopener' style='flex: 1 1 250px; min-width: 200px;'> <img style='width: 100%; height: auto; border: 1px solid rgba(150&comma;150&comma;150&comma;0.3); border-radius: 8px;' src='https:\/\/ftp3.syscom.mx\/usuarios\/gmagos\/HIK\/IP\/IPC\/Imagenes%20pagina\/Descarga%20de%20PDF.jpg' alt='Especificaciones T\u00e9cnicas PDF'> <\/a> <\/div>\n<\/p><\/div>\n<p> <!-- Banner final --> <\/p>\n<div style='margin: 30px 0;'> <img style='width: 100%; height: auto; border: 1px solid rgba(150&comma;150&comma;150&comma;0.3); border-radius: 8px;' src='https:\/\/ftp3.syscom.mx\/usuarios\/jsosa\/HIKVISION\/imagenes\/banners\/solution%20complete.png' alt='Soluci\u00f3n completa Hikvision'> <\/div>\n<\/p><\/div>\n","protected":false},"excerpt":{"rendered":"<p>Domo IP PTZ 2 Megapixel \/ Anticorrosivo (NEMA 4X) \/ 32X Zoom \/ Exterior IP67 \/ IK10 \/ WDR 140 dB \/ Onvif \/ Autoseguimiento \/ Ultra Baja Iluminaci\u00f3n<\/p>\n","protected":false},"featured_media":105520,"comment_status":"open","ping_status":"closed","template":"","meta":[],"product_brand":[],"product_cat":[2289],"product_tag":[2290,122,54],"class_list":{"0":"post-105521","1":"product","2":"type-product","3":"status-publish","4":"has-post-thumbnail","6":"product_cat-ambientes-salinos-anticorrosion","7":"product_tag-ambientes-salinos-anticorrosion","8":"product_tag-camaras-ip-y-nvrs","9":"product_tag-hikvision","11":"first","12":"outofstock","13":"sale","14":"shipping-taxable","15":"purchasable","16":"product-type-simple"},"_links":{"self":[{"href":"https:\/\/soydeaqui.ddns.net\/pachuca\/index.php\/wp-json\/wp\/v2\/product\/105521","targetHints":{"allow":["GET"]}}],"collection":[{"href":"https:\/\/soydeaqui.ddns.net\/pachuca\/index.php\/wp-json\/wp\/v2\/product"}],"about":[{"href":"https:\/\/soydeaqui.ddns.net\/pachuca\/index.php\/wp-json\/wp\/v2\/types\/product"}],"replies":[{"embeddable":true,"href":"https:\/\/soydeaqui.ddns.net\/pachuca\/index.php\/wp-json\/wp\/v2\/comments?post=105521"}],"wp:featuredmedia":[{"embeddable":true,"href":"https:\/\/soydeaqui.ddns.net\/pachuca\/index.php\/wp-json\/wp\/v2\/media\/105520"}],"wp:attachment":[{"href":"https:\/\/soydeaqui.ddns.net\/pachuca\/index.php\/wp-json\/wp\/v2\/media?parent=105521"}],"wp:term":[{"taxonomy":"product_brand","embeddable":true,"href":"https:\/\/soydeaqui.ddns.net\/pachuca\/index.php\/wp-json\/wp\/v2\/product_brand?post=105521"},{"taxonomy":"product_cat","embeddable":true,"href":"https:\/\/soydeaqui.ddns.net\/pachuca\/index.php\/wp-json\/wp\/v2\/product_cat?post=105521"},{"taxonomy":"product_tag","embeddable":true,"href":"https:\/\/soydeaqui.ddns.net\/pachuca\/index.php\/wp-json\/wp\/v2\/product_tag?post=105521"}],"curies":[{"name":"wp","href":"https:\/\/api.w.org\/{rel}","templated":true}]}}