{"id":10552,"date":"2026-03-18T07:37:40","date_gmt":"2026-03-18T07:37:40","guid":{"rendered":"https:\/\/soydeaqui.ddns.net\/pachuca\/index.php\/producto\/herramienta-de-terminacin-para-conectores-z-plug-de-siemon-color-negro\/"},"modified":"2026-03-18T07:37:46","modified_gmt":"2026-03-18T07:37:46","slug":"herramienta-de-terminacin-para-conectores-z-plug-de-siemon-color-negro","status":"publish","type":"product","link":"https:\/\/soydeaqui.ddns.net\/pachuca\/index.php\/producto\/herramienta-de-terminacin-para-conectores-z-plug-de-siemon-color-negro\/","title":{"rendered":"Herramienta de Terminaci?n para Conectores Z-Plug de Siemon, Color Negro"},"content":{"rendered":"<div style='width: 100%; max-width: 1200px; margin: 0 auto; font-family: sans-serif; line-height: 1.6; color: inherit; background-color: transparent;'>\n<div style='display: flex; flex-direction: column; gap: 30px;'>\n<div style='width: 100%;'> <img style='width: 100%; height: auto; border: 1px solid rgba(150&comma;150&comma;150&comma;0.3); border-radius: 8px;' src='https:\/\/ftp3.syscom.mx\/usuarios\/fotos\/ZP16AS00S\/143287-landing-header.jpg' alt=''> <\/div>\n<div style='width: 100%;'>\n<p style='font-size: 15px; margin-bottom: 15px; color: inherit;'> La l\u00ednea Z-PLUG de Siemon ofrece terminaciones en campo de conectores macho de alto rendimiento de manera r\u00e1pida y flexible&comma; para conexiones directas a puntos de acceso inal\u00e1mbricos&comma; c\u00e1maras de seguridad&comma; lamparas LED&comma; sistemas de antenas distribuidas (DAS)&comma; dispositivos de automatizaci\u00f3n&comma; y cualquier otra aplicaci\u00f3n IP con dispositivos RJ45 soportados por PoE (Power over Ethernet) aprovechando nuevas tendencias como IoT o edificios inteligentes. <\/p>\n<p style='font-size: 15px; margin-bottom: 15px; color: inherit;'> Los conectores Z-PLUG superan todos los requisitos de rendimiento de Categor\u00eda 6A&comma; y pueden ser utilizados para cables blindados&comma; no blindados&comma; s\u00f3lidos y multifilares para una m\u00e1xima flexibilidad. <\/p>\n<p style='font-size: 15px; margin-bottom: 15px; color: inherit;'> Los Plugs cumplen con UL 2043 para uso en espacios de manejo de aire &#8216;Plenum&#8217;&comma; y puede ser conectorizado sin la bota para lugares con espacios de profundidad limitada&comma; tales como c\u00e1maras de seguridad y puntos de acceso. <\/p>\n<\/p><\/div>\n<div style='width: 100%;'>\n<ul style='padding-left: 20px; font-size: 15px; color: inherit;'>\n<li style='margin-bottom: 10px;'> <strong>Rendimiento mejorado:<\/strong> Soporta transmisi\u00f3n 10G para aplicaciones de alta velocidad de hoy en d\u00eda como 802.11ac WiFi. <\/li>\n<li style='margin-bottom: 10px;'> <strong>Terminaci\u00f3n guiada:<\/strong> M\u00f3dulo intuitivo que ofrece una gu\u00eda con c\u00f3digo de colores para la colocaci\u00f3n correcta de los conductores. <\/li>\n<li style='margin-bottom: 10px;'> <strong>Velocidad de terminaci\u00f3n:<\/strong> La herramienta de terminaci\u00f3n Z-PLUG f\u00e1cil de usar e intuitiva permite una velocidad de terminaci\u00f3n mejor en su clase para r\u00e1pido despliegue de dispositivos basados en IP. <\/li>\n<\/ul><\/div>\n<div style='width: 100%;'>\n<h3 style='font-size: 18px; margin-top: 0; margin-bottom: 15px; color: inherit; opacity: 0.8; border-bottom: 2px solid currentColor; padding-bottom: 5px;'> V\u00eddeo de Instalaci\u00f3n <\/h3>\n<div style='position: relative; padding-bottom: 56.25%; height: 0; overflow: hidden;'>   <\/div>\n<\/p><\/div>\n<\/p><\/div>\n<\/p><\/div>\n","protected":false},"excerpt":{"rendered":"<p>Herramienta de Terminaci?n para Conectores Z-Plug de Siemon, Color Negro<\/p>\n","protected":false},"featured_media":10551,"comment_status":"open","ping_status":"closed","template":"","meta":[],"product_brand":[],"product_cat":[608],"product_tag":[586,25,600],"class_list":{"0":"post-10552","1":"product","2":"type-product","3":"status-publish","4":"has-post-thumbnail","6":"product_cat-herramientas-cableado-de-cobre","7":"product_tag-cableado-de-cobre","8":"product_tag-herramientas","9":"product_tag-siemon","11":"first","12":"instock","13":"sale","14":"shipping-taxable","15":"purchasable","16":"product-type-simple"},"_links":{"self":[{"href":"https:\/\/soydeaqui.ddns.net\/pachuca\/index.php\/wp-json\/wp\/v2\/product\/10552","targetHints":{"allow":["GET"]}}],"collection":[{"href":"https:\/\/soydeaqui.ddns.net\/pachuca\/index.php\/wp-json\/wp\/v2\/product"}],"about":[{"href":"https:\/\/soydeaqui.ddns.net\/pachuca\/index.php\/wp-json\/wp\/v2\/types\/product"}],"replies":[{"embeddable":true,"href":"https:\/\/soydeaqui.ddns.net\/pachuca\/index.php\/wp-json\/wp\/v2\/comments?post=10552"}],"wp:featuredmedia":[{"embeddable":true,"href":"https:\/\/soydeaqui.ddns.net\/pachuca\/index.php\/wp-json\/wp\/v2\/media\/10551"}],"wp:attachment":[{"href":"https:\/\/soydeaqui.ddns.net\/pachuca\/index.php\/wp-json\/wp\/v2\/media?parent=10552"}],"wp:term":[{"taxonomy":"product_brand","embeddable":true,"href":"https:\/\/soydeaqui.ddns.net\/pachuca\/index.php\/wp-json\/wp\/v2\/product_brand?post=10552"},{"taxonomy":"product_cat","embeddable":true,"href":"https:\/\/soydeaqui.ddns.net\/pachuca\/index.php\/wp-json\/wp\/v2\/product_cat?post=10552"},{"taxonomy":"product_tag","embeddable":true,"href":"https:\/\/soydeaqui.ddns.net\/pachuca\/index.php\/wp-json\/wp\/v2\/product_tag?post=10552"}],"curies":[{"name":"wp","href":"https:\/\/api.w.org\/{rel}","templated":true}]}}