{"id":105515,"date":"2026-03-20T15:28:15","date_gmt":"2026-03-20T15:28:15","guid":{"rendered":"https:\/\/soydeaqui.ddns.net\/pachuca\/index.php\/producto\/domo-turbohd-5-megapixel-lente-motorizado-2-7-13-5-mm-ir-exir-40-mts-ik10-ip67-dwdr\/"},"modified":"2026-03-20T15:28:31","modified_gmt":"2026-03-20T15:28:31","slug":"domo-turbohd-5-megapixel-lente-motorizado-2-7-13-5-mm-ir-exir-40-mts-ik10-ip67-dwdr","status":"publish","type":"product","link":"https:\/\/soydeaqui.ddns.net\/pachuca\/index.php\/producto\/domo-turbohd-5-megapixel-lente-motorizado-2-7-13-5-mm-ir-exir-40-mts-ik10-ip67-dwdr\/","title":{"rendered":"Domo TURBOHD 5 Megapixel \/ Lente Motorizado 2.7 &#8211; 13.5 mm \/ IR EXIR 40 mts \/ IK10 \/ IP67 \/ dWDR"},"content":{"rendered":"<div style='width: 100%; max-width: 1200px; margin: 0 auto; font-family: sans-serif; line-height: 1.6; color: inherit; background-color: transparent;'>\n<p style='text-align: center; margin: 20px 0;'> <img style='width: 100%; max-width: 45%; height: auto; border: 1px solid rgba(150&comma;150&comma;150&comma;0.3); border-radius: 8px;' src='https:\/\/ftp3.syscom.mx\/usuarios\/jsosa\/HIKVISION\/imagenes\/logo\/hikvision%20see%20far.png' alt='Logo Hikvision'> <\/p>\n<div style='display: flex; flex-wrap: wrap; gap: 30px; margin-top: 30px;'>\n<div style='flex: 1 1 300px; min-width: 280px;'>\n<h3 style='font-size: 20px; border-bottom: 2px solid currentColor; padding-bottom: 5px; margin-top: 0; color: inherit; opacity: 0.8;'>Caracter\u00edsticas principales<\/h3>\n<ul style='padding-left: 20px; font-size: 15px; color: inherit;'>\n<li style='margin-bottom: 8px;'>Resoluci\u00f3n M\u00e1xima: 5 Megapixeles (2560 x 1944)<\/li>\n<li style='margin-bottom: 8px;'>Lente motorizado 2.7 mm &#8211; 13.5mm (95\u00b0 &#8211; 26\u00b0)<\/li>\n<li style='margin-bottom: 8px;'>Soporta solo TVI<\/li>\n<li style='margin-bottom: 8px;'>Permite seleccionar la resoluci\u00f3n entre 5Megapixeles \/ 4 Megapixeles \/ 2 Megapixeles\n<ul style='margin-top: 5px; margin-bottom: 5px; padding-left: 25px;'>\n<li style='margin-bottom: 5px;'>AHD: 5MP @ 20 FPS \/ 4MP @ 30 FPS<\/li>\n<li style='margin-bottom: 5px;'>CVI: 4MP @ 30 FPS \/ 4MP @ 25FPS<\/li>\n<\/ul>\n<\/li>\n<li style='margin-bottom: 8px;'>Funciones: dWDR<\/li>\n<li style='margin-bottom: 8px;'>El cambio de tecnolog\u00eda (TVI-AHD-CVBS-CVI) se puede realizar \u00fanicamente cuando la c\u00e1mara est\u00e1 en su resoluci\u00f3n m\u00e1xima&comma; no se puede cambiar la tecnolog\u00eda si la c\u00e1mara no esta en su resoluci\u00f3n m\u00e1xima.<\/li>\n<\/ul>\n<h3 style='font-size: 20px; border-bottom: 2px solid currentColor; padding-bottom: 5px; margin-top: 20px; color: inherit; opacity: 0.8;'>Accesorios<\/h3>\n<ul style='padding-left: 20px; font-size: 15px; color: inherit;'>\n<li style='margin-bottom: 5px;'>Caja de conexiones&comma; modelo: <a href='https:\/\/www.syscom.mx\/producto\/DS-1280ZJ-DM45-HIKVISION-162831.html' style='color: inherit; text-decoration: underline;'>DS-1280ZJ-DM45<\/a><\/li>\n<li style='margin-bottom: 5px;'>Caja de conexiones&comma; modelo: <a href='https:\/\/www.syscom.mx\/producto\/DS-1281ZJ-DM45-HIKVISION-162831.html' style='color: inherit; text-decoration: underline;'>DS-1281ZJ-DM45<\/a><\/li>\n<li style='margin-bottom: 5px;'>Montaje de esquina&comma; modelo: <a href='https:\/\/www.syscom.mx\/producto\/DS-1276ZJ-SUS-HIKVISION-156173.html' style='color: inherit; text-decoration: underline;'>DS-1276ZJ-SUS<\/a><\/li>\n<li style='margin-bottom: 5px;'>Montaje de pared&comma; modelo: <a href='https:\/\/www.syscom.mx\/producto\/DS-1273ZJ-140-DM45-HIKVISION-162828.html' style='color: inherit; text-decoration: underline;'>DS-1273ZJ-140-DM45<\/a><\/li>\n<li style='margin-bottom: 5px;'>Montaje vertical&comma; modelo: <a href='https:\/\/www.syscom.mx\/producto\/DS-1271ZJ-140-DM45-HIKVISION-162829.html' style='color: inherit; text-decoration: underline;'>DS-1271ZJ-140-DM45<\/a><\/li>\n<li style='margin-bottom: 5px;'>Montaje de poste vertical&comma; modelo: <a href='https:\/\/www.syscom.mx\/producto\/DS-1275ZJ-SUS-HIKVISION-156172.html' style='color: inherit; text-decoration: underline;'>DS-1275ZJ-SUS<\/a><\/li>\n<\/ul><\/div>\n<div style='flex: 1 1 300px; min-width: 280px;'>\n<h3 style='font-size: 20px; border-bottom: 2px solid currentColor; padding-bottom: 5px; margin-top: 0; color: inherit; opacity: 0.8;'>Caracter\u00edsticas F\u00edsicas y El\u00e9ctricas<\/h3>\n<ul style='padding-left: 20px; font-size: 15px; color: inherit;'>\n<li style='margin-bottom: 8px;'>Aplicaciones: Interior\/Exterior IP67<\/li>\n<li style='margin-bottom: 8px;'>Protecci\u00f3n: IK10<\/li>\n<li style='margin-bottom: 8px;'>Temperatura de Operaci\u00f3n: -40~60\u00baC<\/li>\n<li style='margin-bottom: 8px;'>Alimentaci\u00f3n: 12Vcc<\/li>\n<li style='margin-bottom: 8px;'>Consumo el\u00e9ctrico: 7.4 W (IR encendido)<\/li>\n<li style='margin-bottom: 8px;'>Dimensiones: 145.2 m x 111.3mm<\/li>\n<li style='margin-bottom: 8px;'>Material: Metal<\/li>\n<li style='margin-bottom: 8px;'>Peso: 863 gr<\/li>\n<\/ul><\/div>\n<\/p><\/div>\n<div style='margin-top: 30px;'>\n<h3 style='font-size: 20px; border-bottom: 2px solid currentColor; padding-bottom: 5px; margin-top: 0; color: inherit; opacity: 0.8;'>Consideraciones<\/h3>\n<p style='font-size: 15px; color: inherit;'>No se encontraron consideraciones espec\u00edficas para este producto<\/p>\n<\/p><\/div>\n<div style='margin-top: 30px;'>\n<p style='text-align: center; margin: 20px 0;'> <img style='width: 100%; max-width: 960px; height: auto; border: 1px solid rgba(150&comma;150&comma;150&comma;0.3); border-radius: 8px;' src='https:\/\/ftp3.syscom.mx\/usuarios\/jsosa\/HIKVISION\/imagenes\/banners\/solution%20complete.png' alt='Banner Soluci\u00f3n Completa'> <\/p>\n<\/p><\/div>\n<\/p><\/div>\n","protected":false},"excerpt":{"rendered":"<p>Domo TURBOHD 5 Megapixel \/ Lente Motorizado 2.7 &#8211; 13.5 mm \/ IR EXIR 40 mts \/ IK10 \/ IP67 \/ dWDR<\/p>\n","protected":false},"featured_media":105514,"comment_status":"open","ping_status":"closed","template":"","meta":[],"product_brand":[],"product_cat":[2269],"product_tag":[2255,2057,54],"class_list":{"0":"post-105515","1":"product","2":"type-product","3":"status-publish","4":"has-post-thumbnail","6":"product_cat-domo-eyeball-turret-camaras-y-dvrs-hd-turbohd-ahd-hd-tvi","7":"product_tag-camaras-y-dvrs-hd-turbohd-ahd-hd-tvi","8":"product_tag-domo-eyeball-turret","9":"product_tag-hikvision","11":"first","12":"outofstock","13":"sale","14":"shipping-taxable","15":"purchasable","16":"product-type-simple"},"_links":{"self":[{"href":"https:\/\/soydeaqui.ddns.net\/pachuca\/index.php\/wp-json\/wp\/v2\/product\/105515","targetHints":{"allow":["GET"]}}],"collection":[{"href":"https:\/\/soydeaqui.ddns.net\/pachuca\/index.php\/wp-json\/wp\/v2\/product"}],"about":[{"href":"https:\/\/soydeaqui.ddns.net\/pachuca\/index.php\/wp-json\/wp\/v2\/types\/product"}],"replies":[{"embeddable":true,"href":"https:\/\/soydeaqui.ddns.net\/pachuca\/index.php\/wp-json\/wp\/v2\/comments?post=105515"}],"wp:featuredmedia":[{"embeddable":true,"href":"https:\/\/soydeaqui.ddns.net\/pachuca\/index.php\/wp-json\/wp\/v2\/media\/105514"}],"wp:attachment":[{"href":"https:\/\/soydeaqui.ddns.net\/pachuca\/index.php\/wp-json\/wp\/v2\/media?parent=105515"}],"wp:term":[{"taxonomy":"product_brand","embeddable":true,"href":"https:\/\/soydeaqui.ddns.net\/pachuca\/index.php\/wp-json\/wp\/v2\/product_brand?post=105515"},{"taxonomy":"product_cat","embeddable":true,"href":"https:\/\/soydeaqui.ddns.net\/pachuca\/index.php\/wp-json\/wp\/v2\/product_cat?post=105515"},{"taxonomy":"product_tag","embeddable":true,"href":"https:\/\/soydeaqui.ddns.net\/pachuca\/index.php\/wp-json\/wp\/v2\/product_tag?post=105515"}],"curies":[{"name":"wp","href":"https:\/\/api.w.org\/{rel}","templated":true}]}}