{"id":105502,"date":"2026-03-20T15:27:41","date_gmt":"2026-03-20T15:27:41","guid":{"rendered":"https:\/\/soydeaqui.ddns.net\/pachuca\/index.php\/producto\/sopladora-inalambrica-de-18-vcc-de-2-6-metros-cubicos-por-minuto-sin-cargador-sin-bateria\/"},"modified":"2026-03-20T15:27:46","modified_gmt":"2026-03-20T15:27:46","slug":"sopladora-inalambrica-de-18-vcc-de-2-6-metros-cubicos-por-minuto-sin-cargador-sin-bateria","status":"publish","type":"product","link":"https:\/\/soydeaqui.ddns.net\/pachuca\/index.php\/producto\/sopladora-inalambrica-de-18-vcc-de-2-6-metros-cubicos-por-minuto-sin-cargador-sin-bateria\/","title":{"rendered":"Sopladora Inal\u00e1mbrica de 18 Vcc. de 2.6 Metros C\u00fabicos por Minuto (Sin Cargador, Sin Bater\u00eda)."},"content":{"rendered":"<div style='width: 100%; max-width: 1200px; margin: 0 auto; font-family: sans-serif; line-height: 1.6; color: inherit; background-color: transparent;'> <!-- Secci\u00f3n de im\u00e1genes --> <\/p>\n<div style='display: flex; flex-wrap: wrap; gap: 20px; margin-bottom: 30px; justify-content: center;'> <img style='width: 100%; max-width: 420px; height: auto; border: 1px solid rgba(150&comma;150&comma;150&comma;0.3); border-radius: 8px;' src='https:\/\/makita.com.mx\/makita-v3\/wp-content\/uploads\/2018\/04\/F_tec_DUB182.png' alt='Ficha t\u00e9cnica DUB182'> <\/p>\n<div style='display: flex; gap: 10px; flex-wrap: wrap; max-width: 600px;'> <img style='width: 100%; max-width: 200px; height: auto; border: 1px solid rgba(150&comma;150&comma;150&comma;0.3); border-radius: 8px;' src='https:\/\/www.makita.com.mx\/wp-content\/uploads\/2018\/04\/DUB182_a1.jpg' alt='DUB182_a1'> <img style='width: 100%; max-width: 200px; height: auto; border: 1px solid rgba(150&comma;150&comma;150&comma;0.3); border-radius: 8px;' src='https:\/\/www.makita.com.mx\/wp-content\/uploads\/2018\/04\/DUB182_a2.jpg' alt='DUB182_a2'> <img style='width: 100%; max-width: 200px; height: auto; border: 1px solid rgba(150&comma;150&comma;150&comma;0.3); border-radius: 8px;' src='https:\/\/www.makita.com.mx\/wp-content\/uploads\/2018\/04\/DUB182_a3.jpg' alt='DUB182_a3'> <\/div>\n<\/p><\/div>\n<p> <!-- Secci\u00f3n de advertencia --> <\/p>\n<div style='background-color: rgba(255&comma; 204&comma; 0&comma; 0.1); border-left: 4px solid #ffcc00; padding: 15px; margin-bottom: 30px; border-radius: 4px;'>\n<p style='margin: 0; font-weight: bold; color: inherit;'>Importante:<\/p>\n<p style='margin: 5px 0 0 0; color: inherit;'>El modelo DUB182Z no incluye cargador ni bater\u00eda.<\/p>\n<\/p><\/div>\n<p> <!-- Secci\u00f3n de especificaciones t\u00e9cnicas --> <\/p>\n<div style='display: flex; flex-wrap: wrap; gap: 30px; margin-bottom: 30px;'>\n<div style='flex: 1 1 300px; min-width: 280px;'>\n<h3 style='font-size: 22px; border-bottom: 2px solid currentColor; padding-bottom: 5px; margin-top: 0; color: inherit; opacity: 0.8;'>Especificaciones t\u00e9cnicas<\/h3>\n<ul style='padding-left: 20px; font-size: 15px; color: inherit;'>\n<li style='margin-bottom: 5px;'><strong>Volumen de aire:<\/strong> 2.6m\u00b3\/min<\/li>\n<li style='margin-bottom: 5px;'><strong>Velocidad de aire:<\/strong> 80m\/min<\/li>\n<li style='margin-bottom: 5px;'><strong>Presi\u00f3n del aire:<\/strong> 5.4kPa (550mm H\u2082O)<\/li>\n<li style='margin-bottom: 5px;'><strong>Velocidad sin carga:<\/strong> 0-18&comma;000 rpm<\/li>\n<li style='margin-bottom: 5px;'><strong>Nivel de presi\u00f3n ac\u00fastica:<\/strong> 85dB (A)<\/li>\n<li style='margin-bottom: 5px;'><strong>Nivel de potencia ac\u00fastica:<\/strong> 95dB (A)<\/li>\n<li style='margin-bottom: 5px;'><strong>Nivel de vibraci\u00f3n:<\/strong> 2.5m\/s\u00b2<\/li>\n<\/ul><\/div>\n<div style='flex: 1 1 300px; min-width: 280px;'>\n<h3 style='font-size: 22px; border-bottom: 2px solid currentColor; padding-bottom: 5px; margin-top: 0; color: inherit; opacity: 0.8;'>Caracter\u00edsticas f\u00edsicas<\/h3>\n<ul style='padding-left: 20px; font-size: 15px; color: inherit;'>\n<li style='margin-bottom: 5px;'><strong>Dimensiones (LxAxA):<\/strong> 525x155x212mm (20-3\/4&#8217;x6-1\/8&#8217;x8&#8242;-3\/8&#8242;)<\/li>\n<li style='margin-bottom: 5px;'><strong>Peso neto:<\/strong> 1.7kg (3.7lbs)<\/li>\n<\/ul>\n<h3 style='font-size: 22px; border-bottom: 2px solid currentColor; padding-bottom: 5px; margin-top: 25px; margin-bottom: 15px; color: inherit; opacity: 0.8;'>Funcionalidades<\/h3>\n<ul style='padding-left: 20px; font-size: 15px; color: inherit;'>\n<li style='margin-bottom: 5px;'>Se puede utilizar como aspiradora colocando la boquilla en la parte lateral y con la bolsa recolectora al frente<\/li>\n<\/ul><\/div>\n<\/p><\/div>\n<p> <!-- Separador --> <\/p>\n<hr style='border: 0; border-top: 1px solid rgba(150&comma; 150&comma; 150&comma; 0.3); margin: 30px 0;'> <!-- Nota legal --> <\/p>\n<div style='font-size: 13px; color: inherit; opacity: 0.7; margin-top: 20px;'>\n<p style='margin: 0;'>El equipo est\u00e1ndar (accesorios)&comma; las especificaciones y la fotograf\u00eda pueden variar. Los accesorios pueden no estar incluidos desde origen con las herramientas aunque se indiquen en esta ficha t\u00e9cnica.<\/p>\n<\/p><\/div>\n<\/p><\/div>\n","protected":false},"excerpt":{"rendered":"<p>Sopladora Inal\u00e1mbrica de 18 Vcc. de 2.6 Metros C\u00fabicos por Minuto (Sin Cargador, Sin Bater\u00eda).<\/p>\n","protected":false},"featured_media":105501,"comment_status":"open","ping_status":"closed","template":"","meta":[],"product_brand":[],"product_cat":[392],"product_tag":[25,131,252],"class_list":{"0":"post-105502","1":"product","2":"type-product","3":"status-publish","4":"has-post-thumbnail","6":"product_cat-herramientas-electricas-herramientas-deteccion-de-fuego","7":"product_tag-herramientas","8":"product_tag-herramientas-electricas","9":"product_tag-makita","11":"first","12":"outofstock","13":"sale","14":"shipping-taxable","15":"purchasable","16":"product-type-simple"},"_links":{"self":[{"href":"https:\/\/soydeaqui.ddns.net\/pachuca\/index.php\/wp-json\/wp\/v2\/product\/105502","targetHints":{"allow":["GET"]}}],"collection":[{"href":"https:\/\/soydeaqui.ddns.net\/pachuca\/index.php\/wp-json\/wp\/v2\/product"}],"about":[{"href":"https:\/\/soydeaqui.ddns.net\/pachuca\/index.php\/wp-json\/wp\/v2\/types\/product"}],"replies":[{"embeddable":true,"href":"https:\/\/soydeaqui.ddns.net\/pachuca\/index.php\/wp-json\/wp\/v2\/comments?post=105502"}],"wp:featuredmedia":[{"embeddable":true,"href":"https:\/\/soydeaqui.ddns.net\/pachuca\/index.php\/wp-json\/wp\/v2\/media\/105501"}],"wp:attachment":[{"href":"https:\/\/soydeaqui.ddns.net\/pachuca\/index.php\/wp-json\/wp\/v2\/media?parent=105502"}],"wp:term":[{"taxonomy":"product_brand","embeddable":true,"href":"https:\/\/soydeaqui.ddns.net\/pachuca\/index.php\/wp-json\/wp\/v2\/product_brand?post=105502"},{"taxonomy":"product_cat","embeddable":true,"href":"https:\/\/soydeaqui.ddns.net\/pachuca\/index.php\/wp-json\/wp\/v2\/product_cat?post=105502"},{"taxonomy":"product_tag","embeddable":true,"href":"https:\/\/soydeaqui.ddns.net\/pachuca\/index.php\/wp-json\/wp\/v2\/product_tag?post=105502"}],"curies":[{"name":"wp","href":"https:\/\/api.w.org\/{rel}","templated":true}]}}