{"id":105486,"date":"2026-03-20T15:26:51","date_gmt":"2026-03-20T15:26:51","guid":{"rendered":"https:\/\/soydeaqui.ddns.net\/pachuca\/index.php\/producto\/turret-turbohd-2-megapixel-1080p-lente-motorizado-2-7-mm-a-13-5-mm-exterior-ip67-70-mts-ir-exir-ultra-baja-iluminacion-metal-4-tecnologias-exterior-ip66\/"},"modified":"2026-03-20T15:27:05","modified_gmt":"2026-03-20T15:27:05","slug":"turret-turbohd-2-megapixel-1080p-lente-motorizado-2-7-mm-a-13-5-mm-exterior-ip67-70-mts-ir-exir-ultra-baja-iluminacion-metal-4-tecnologias-exterior-ip66","status":"publish","type":"product","link":"https:\/\/soydeaqui.ddns.net\/pachuca\/index.php\/producto\/turret-turbohd-2-megapixel-1080p-lente-motorizado-2-7-mm-a-13-5-mm-exterior-ip67-70-mts-ir-exir-ultra-baja-iluminacion-metal-4-tecnologias-exterior-ip66\/","title":{"rendered":"Turret TURBOHD 2 Megapixel (1080p) \/ Lente Motorizado 2.7 mm a 13.5 mm \/ Exterior IP67 \/ 70 mts IR EXIR \/ Ultra Baja Iluminaci\u00f3n  \/ METAL \/ 4 Tecnolog\u00edas \/ Exterior IP66"},"content":{"rendered":"<div style='width: 100%; max-width: 1200px; margin: 0 auto; font-family: sans-serif; line-height: 1.6; color: inherit;'> <img style='width: 100%; height: auto; border: 1px solid rgba(150&comma;150&comma;150&comma;0.3); border-radius: 8px;' src='https:\/\/ftp3.syscom.mx\/usuarios\/nicolas.jimenez\/epcom-2.png' alt='' \/> <\/p>\n<div style='display: flex; flex-wrap: wrap; gap: 30px; margin: 30px 0;'>\n<div style='flex: 1 1 300px; min-width: 280px;'>\n<h3 style='font-size: 22px; border-bottom: 2px solid currentColor; padding-bottom: 5px; margin-top: 0; color: inherit; opacity: 0.8;'>Caracter\u00edsticas Principales:<\/h3>\n<ul style='padding-left: 20px; font-size: 15px; color: inherit;'>\n<li style='margin-bottom: 5px;'>Resoluci\u00f3n m\u00e1xima: 1920 * 1080 (1MP)<\/li>\n<li style='margin-bottom: 5px;'>Iluminaci\u00f3n m\u00ednima: 0.005 Lux@(F1.2&comma; AGC ON)&comma; 0 Lux con IR<\/li>\n<li style='margin-bottom: 5px;'>Lente varifocal: 2.7 mm a 13.5 mm.<\/li>\n<li style='margin-bottom: 5px;'>70 mts IR EXIR.<\/li>\n<li style='margin-bottom: 5px;'>Exterior IP67<\/li>\n<li style='margin-bottom: 5px;'>Menu OSD&comma; 3D DNR&comma; WDR 120 dB.<\/li>\n<li style='margin-bottom: 5px;'>Soporta 4 tecnolog\u00edas seleccionables (TVI \/ AHD \/ CVI \/ CVBS )<\/li>\n<\/ul><\/div>\n<div style='flex: 1 1 300px; min-width: 280px;'>\n<h3 style='font-size: 22px; border-bottom: 2px solid currentColor; padding-bottom: 5px; margin-top: 0; color: inherit; opacity: 0.8;'>M\u00e1xima Compatibilidad.<\/h3>\n<p> <img style='width: 100%; height: auto; border: 1px solid rgba(150&comma;150&comma;150&comma;0.3); border-radius: 8px;' src='http:\/\/ftp3.syscom.mx\/usuarios\/anavarrete\/Noe\/imagen1.png' alt='' \/> <\/div>\n<div style='flex: 1 1 300px; min-width: 280px;'>\n<h3 style='font-size: 22px; border-bottom: 2px solid currentColor; padding-bottom: 5px; margin-top: 0; color: inherit; opacity: 0.8;'>Caracter\u00edsticas F\u00edsicas y El\u00e9ctricas:<\/h3>\n<ul style='padding-left: 20px; font-size: 15px; color: inherit;'>\n<li style='margin-bottom: 5px;'>Temperatura de operaci\u00f3n: -40\u00baC a 60\u00baC.<\/li>\n<li style='margin-bottom: 5px;'>Alimentaci\u00f3n: 12 Vcc \/ 7.7 Watts.<\/li>\n<li style='margin-bottom: 5px;'>Protecci\u00f3n: IP66<\/li>\n<li style='margin-bottom: 5px;'>Fabricado en metal<\/li>\n<li style='margin-bottom: 5px;'>Dimensiones: 123.86 mm x 103.9 mm<\/li>\n<li style='margin-bottom: 5px;'>Peso: 606 grs.<\/li>\n<\/ul><\/div>\n<\/p><\/div>\n<hr style='border: 0; border-top: 1px solid rgba(150&comma; 150&comma; 150&comma; 0.3); margin: 30px 0;'>\n<div style='display: flex; flex-wrap: wrap; gap: 30px; margin: 30px 0;'>\n<div style='flex: 1 1 300px; min-width: 280px;'>\n<div style='position: relative; padding-bottom: 56.25%; height: 0; overflow: hidden; margin-bottom: 30px;'>   <\/div>\n<\/p><\/div>\n<div style='flex: 1 1 300px; min-width: 280px;'>\n<div style='position: relative; padding-bottom: 56.25%; height: 0; overflow: hidden; margin-bottom: 30px;'>   <\/div>\n<\/p><\/div>\n<div style='flex: 1 1 300px; min-width: 280px;'>\n<div style='position: relative; padding-bottom: 56.25%; height: 0; overflow: hidden; margin-bottom: 30px;'>   <\/div>\n<\/p><\/div>\n<\/p><\/div>\n<p> <img style='width: 100%; height: auto; border: 1px solid rgba(150&comma;150&comma;150&comma;0.3); border-radius: 8px;' src='http:\/\/ftp3.syscom.mx\/usuarios\/jdelafuente\/EPCOM\/TURBO%20HD\/100%253.png' alt='' \/> <\/div>\n","protected":false},"excerpt":{"rendered":"<p>Turret TURBOHD 2 Megapixel (1080p) \/ Lente Motorizado 2.7 mm a 13.5 mm \/ Exterior IP67 \/ 70 mts IR EXIR \/ Ultra Baja Iluminaci\u00f3n  \/ METAL \/ 4 Tecnolog\u00edas \/ Exterior IP66<\/p>\n","protected":false},"featured_media":105485,"comment_status":"open","ping_status":"closed","template":"","meta":[],"product_brand":[],"product_cat":[2269],"product_tag":[2255,2057,2257],"class_list":{"0":"post-105486","1":"product","2":"type-product","3":"status-publish","4":"has-post-thumbnail","6":"product_cat-domo-eyeball-turret-camaras-y-dvrs-hd-turbohd-ahd-hd-tvi","7":"product_tag-camaras-y-dvrs-hd-turbohd-ahd-hd-tvi","8":"product_tag-domo-eyeball-turret","9":"product_tag-epcom-professional","11":"first","12":"instock","13":"sale","14":"shipping-taxable","15":"purchasable","16":"product-type-simple"},"_links":{"self":[{"href":"https:\/\/soydeaqui.ddns.net\/pachuca\/index.php\/wp-json\/wp\/v2\/product\/105486","targetHints":{"allow":["GET"]}}],"collection":[{"href":"https:\/\/soydeaqui.ddns.net\/pachuca\/index.php\/wp-json\/wp\/v2\/product"}],"about":[{"href":"https:\/\/soydeaqui.ddns.net\/pachuca\/index.php\/wp-json\/wp\/v2\/types\/product"}],"replies":[{"embeddable":true,"href":"https:\/\/soydeaqui.ddns.net\/pachuca\/index.php\/wp-json\/wp\/v2\/comments?post=105486"}],"wp:featuredmedia":[{"embeddable":true,"href":"https:\/\/soydeaqui.ddns.net\/pachuca\/index.php\/wp-json\/wp\/v2\/media\/105485"}],"wp:attachment":[{"href":"https:\/\/soydeaqui.ddns.net\/pachuca\/index.php\/wp-json\/wp\/v2\/media?parent=105486"}],"wp:term":[{"taxonomy":"product_brand","embeddable":true,"href":"https:\/\/soydeaqui.ddns.net\/pachuca\/index.php\/wp-json\/wp\/v2\/product_brand?post=105486"},{"taxonomy":"product_cat","embeddable":true,"href":"https:\/\/soydeaqui.ddns.net\/pachuca\/index.php\/wp-json\/wp\/v2\/product_cat?post=105486"},{"taxonomy":"product_tag","embeddable":true,"href":"https:\/\/soydeaqui.ddns.net\/pachuca\/index.php\/wp-json\/wp\/v2\/product_tag?post=105486"}],"curies":[{"name":"wp","href":"https:\/\/api.w.org\/{rel}","templated":true}]}}