{"id":105471,"date":"2026-03-20T15:26:05","date_gmt":"2026-03-20T15:26:05","guid":{"rendered":"https:\/\/soydeaqui.ddns.net\/pachuca\/index.php\/producto\/mini-domo-ptz-ip-4-megapixel-4x-zoom-h-265-20-mts-ir-exir-wdr-120db-poe-ik10-exterior-ip66-ultra-baja-iluminacion-microfono-integrado-poe-2\/"},"modified":"2026-03-20T15:26:28","modified_gmt":"2026-03-20T15:26:28","slug":"mini-domo-ptz-ip-4-megapixel-4x-zoom-h-265-20-mts-ir-exir-wdr-120db-poe-ik10-exterior-ip66-ultra-baja-iluminacion-microfono-integrado-poe-2","status":"publish","type":"product","link":"https:\/\/soydeaqui.ddns.net\/pachuca\/index.php\/producto\/mini-domo-ptz-ip-4-megapixel-4x-zoom-h-265-20-mts-ir-exir-wdr-120db-poe-ik10-exterior-ip66-ultra-baja-iluminacion-microfono-integrado-poe-2\/","title":{"rendered":"Mini Domo PTZ IP 4 Megapixel \/ 4X Zoom \/ H.265+ \/ 20 mts IR EXIR \/ WDR 120dB \/ PoE \/ IK10 \/ Exterior IP66 \/ Ultra Baja Iluminaci\u00f3n \/ Micr\u00f3fono Integrado \/ PoE"},"content":{"rendered":"<div style='width: 100%; max-width: 1200px; margin: 0 auto; font-family: sans-serif; line-height: 1.6; color: inherit; background-color: transparent;'>\n<p style='text-align: center; margin: 0 0 15px 0;'><img style='width: 100%; max-width: 540px; height: auto; border: 1px solid rgba(150&comma;150&comma;150&comma;0.3); border-radius: 8px;' src='https:\/\/ftp3.syscom.mx\/usuarios\/fotos\/IPCB120\/143291-hilook.png' alt='Mini Domo PTZ IP' \/><\/p>\n<div style='position: relative; padding-bottom: 56.25%; height: 0; overflow: hidden; margin: 0 0 30px 0;'>   <\/div>\n<div style='display: flex; flex-wrap: wrap; gap: 30px; margin-bottom: 30px;'>\n<div style='flex: 1 1 500px;'>\n<div style='position: relative; padding-bottom: 56.25%; height: 0; overflow: hidden; margin-bottom: 15px;'>   <\/div>\n<\/p><\/div>\n<div style='flex: 1 1 500px;'>\n<div style='position: relative; padding-bottom: 56.25%; height: 0; overflow: hidden; margin-bottom: 15px;'>   <\/div>\n<\/p><\/div>\n<\/p><\/div>\n<div style='display: flex; flex-wrap: wrap; gap: 20px; margin-bottom: 30px;'>\n<div style='flex: 1 1 500px; border: 1px solid rgba(150&comma; 150&comma; 150&comma; 0.4); border-radius: 8px; overflow: hidden; display: flex; flex-direction: column;'>\n<div style='padding: 15px; border-bottom: 1px solid rgba(150&comma; 150&comma; 150&comma; 0.2); font-weight: bold; font-size: 18px; color: inherit; background-color: #266ca9; color: white;'>Caracter\u00edsticas Principales<\/div>\n<div style='padding: 15px; color: inherit; flex-grow: 1;'>\n<ul style='padding-left: 20px; margin: 0; font-size: 14px; list-style-type: disc; color: inherit;'>\n<li style='margin-bottom: 5px;'>Resoluci\u00f3n m\u00e1xima: 4 Megapixel (2560 x 1440).<\/li>\n<li style='margin-bottom: 5px;'>Iluminaci\u00f3n m\u00ednima: color 0.005 Lux @ (F1.6&comma; AGC ON).<\/li>\n<li style='margin-bottom: 5px;'>Iluminaci\u00f3n m\u00ednima: B\/N 0.001 Lux @ (F1.6&comma; AGC ON).<\/li>\n<li style='margin-bottom: 5px;'>D\u00eda \/ Noche Real (filtro ICR).<\/li>\n<li style='margin-bottom: 5px;'>Distancia focal: 2.8 a 12 mm (4X zoom \u00f3ptico \/ 16X zoom digital).<\/li>\n<li style='margin-bottom: 5px;'>Distancia de infrarrojo: 20 mts Smart IR EXIR.<\/li>\n<li style='margin-bottom: 5px;'>Funciones normales: ROI \/ WDR real 120dB \/ EIS \/ 3D-DNR.<\/li>\n<li style='margin-bottom: 5px;'>Funciones especiales: Detecci\u00f3n de Rostro \/ Intrusi\u00f3n de \u00e1rea \/ Cruce de l\u00ednea \/ Entrada y Salida de Regi\u00f3n \/ Objeto olvidado \/ Objeto removido.<\/li>\n<li style='margin-bottom: 5px;'>Compresi\u00f3n: H.265+ \/ H.265 \/ H.264+ \/ H.264.<\/li>\n<li style='margin-bottom: 5px;'>Compatible con la plataforma de Hik-Connect (P2P).<\/li>\n<\/ul><\/div>\n<\/p><\/div>\n<div style='flex: 1 1 500px; border: 1px solid rgba(150&comma; 150&comma; 150&comma; 0.4); border-radius: 8px; overflow: hidden; display: flex; flex-direction: column;'>\n<div style='padding: 15px; border-bottom: 1px solid rgba(150&comma; 150&comma; 150&comma; 0.2); font-weight: bold; font-size: 18px; color: inherit; background-color: #266ca9; color: white;'>Caracter\u00edsticas F\u00edsicas y El\u00e9ctricas<\/div>\n<div style='padding: 15px; color: inherit; flex-grow: 1;'>\n<ul style='padding-left: 20px; margin: 0; font-size: 14px; list-style-type: disc; color: inherit;'>\n<li style='margin-bottom: 5px;'>Alimentaci\u00f3n: 12 Vcc \/ 11.2 W \/ PoE(802.3 af).<\/li>\n<li style='margin-bottom: 5px;'>Temperatura de operaci\u00f3n: -20\u00b0C a 60\u00b0C \/ Humedad al 90% m\u00e1ximo.<\/li>\n<li style='margin-bottom: 5px;'>Uso en Exterior \/ IP66.<\/li>\n<li style='margin-bottom: 5px;'>Antivandalismo IK10.<\/li>\n<li style='margin-bottom: 5px;'>Protecci\u00f3n contra sobretensiones y protecci\u00f3n contra voltajes transitorios.<\/li>\n<li style='margin-bottom: 5px;'>Dimensiones: 130.7 x 101.7 mm<\/li>\n<li style='margin-bottom: 5px;'>Peso: 530 grs.<\/li>\n<\/ul><\/div>\n<div style='padding: 15px; border-top: 1px solid rgba(150&comma; 150&comma; 150&comma; 0.2); font-weight: bold; font-size: 18px; color: inherit; background-color: #266ca9; color: white;'>Accesorios<\/div>\n<div style='padding: 15px; color: inherit;'>\n<ul style='padding-left: 20px; margin: 0; font-size: 14px; list-style-type: disc; color: inherit;'>\n<li style='margin-bottom: 5px;'>Montaje de pared para interior&comma; modelo: <a href='https:\/\/www.syscom.mx\/producto\/DS-1294ZJ-PT-HIKVISION-159413.html' target='_blank' rel='noopener' style='color: inherit; text-decoration: underline;'>DS-1294ZJ-PT<\/a><\/li>\n<\/ul><\/div>\n<\/p><\/div>\n<\/p><\/div>\n<div style='display: flex; flex-wrap: wrap; gap: 20px; margin-bottom: 30px;'>\n<div style='flex: 1 1 100%; border: 1px solid rgba(150&comma; 150&comma; 150&comma; 0.4); border-radius: 8px; overflow: hidden; display: flex; flex-direction: column;'>\n<div style='padding: 15px; border-bottom: 1px solid rgba(150&comma; 150&comma; 150&comma; 0.2); font-weight: bold; font-size: 18px; color: inherit; background-color: #266ca9; color: white;'>Caracter\u00edsticas Destacadas<\/div>\n<div style='padding: 15px; color: inherit;'>\n<ul style='padding-left: 20px; margin: 0; font-size: 14px; list-style-type: disc; color: inherit;'>\n<li style='margin-bottom: 5px;'>Paneo: 0 a 355\u00b0.<\/li>\n<li style='margin-bottom: 5px;'>Tildeo: 0\u00b0 a 90.<\/li>\n<li style='margin-bottom: 5px;'><strong>Presets : 300 (no soporta: Patrol \/ Pattern \/ Park Act).<\/strong><\/li>\n<li style='margin-bottom: 5px;'>Main Stream: 60Hz: 24fps (2560 \u00d7 1440) \/ 30fps (2048 \u00d7 1536&comma; 1920 \u00d7 1080&comma; 1280 \u00d7 960&comma; 1280 \u00d7 720).<\/li>\n<li style='margin-bottom: 5px;'>Sub Steam: 60Hz: 30fps (704 \u00d7 480&comma; 640 \u00d7 480&comma; 352 \u00d7 240).<\/li>\n<li style='margin-bottom: 5px;'>Tercer Stream: 60Hz: 30fps (1280 \u00d7 720&comma; 704 \u00d7 480&comma; 640 \u00d7 480&comma; 352 \u00d7 240).<\/li>\n<li style='margin-bottom: 5px;'>Soporta hasta 20 usuarios simult\u00e1neos.<\/li>\n<li style='margin-bottom: 5px;'>Entradas de alarma: N\/A.<\/li>\n<li style='margin-bottom: 5px;'>Salidas de alarma: N\/A.<\/li>\n<li style='margin-bottom: 5px;'>Entradas de audio: 1 (Micr\u00f3fono Interconstruido).<\/li>\n<li style='margin-bottom: 5px;'>Salidas de audio: 1.<\/li>\n<li style='margin-bottom: 5px;'>Puerto de red: 1 (10 \/ 100 Mbps ).<\/li>\n<li style='margin-bottom: 5px;'>Almacenamiento micro SD de hasta 256 GB \/ ANR (Automatic Network Recovery).<\/li>\n<li style='margin-bottom: 5px;'>Soporta ONVIF (Profile S&comma; Profile G&comma; Profile T) \/ ISAPI \/ SDK.<\/li>\n<\/ul><\/div>\n<\/p><\/div>\n<\/p><\/div>\n<p style='text-align: center; margin: 0;'><img style='width: 100%; max-width: 1200px; height: auto; border: 1px solid rgba(150&comma;150&comma;150&comma;0.3); border-radius: 8px;' src='https:\/\/ftp3.syscom.mx\/usuarios\/yvalenzuela\/Hilook\/hiklook.jpg' alt='Logo HikLook' \/><\/p>\n<\/p><\/div>\n","protected":false},"excerpt":{"rendered":"<p>Mini Domo PTZ IP 4 Megapixel \/ 4X Zoom \/ H.265+ \/ 20 mts IR EXIR \/ WDR 120dB \/ PoE \/ IK10 \/ Exterior IP66 \/ Ultra Baja Iluminaci\u00f3n \/ Micr\u00f3fono Integrado \/ PoE<\/p>\n","protected":false},"featured_media":105470,"comment_status":"open","ping_status":"closed","template":"","meta":[],"product_brand":[],"product_cat":[1224],"product_tag":[122,715,1225],"class_list":{"0":"post-105471","1":"product","2":"type-product","3":"status-publish","4":"has-post-thumbnail","6":"product_cat-ptz","7":"product_tag-camaras-ip-y-nvrs","8":"product_tag-hilook-by-hikvision","9":"product_tag-ptz","11":"first","12":"instock","13":"sale","14":"shipping-taxable","15":"purchasable","16":"product-type-simple"},"_links":{"self":[{"href":"https:\/\/soydeaqui.ddns.net\/pachuca\/index.php\/wp-json\/wp\/v2\/product\/105471","targetHints":{"allow":["GET"]}}],"collection":[{"href":"https:\/\/soydeaqui.ddns.net\/pachuca\/index.php\/wp-json\/wp\/v2\/product"}],"about":[{"href":"https:\/\/soydeaqui.ddns.net\/pachuca\/index.php\/wp-json\/wp\/v2\/types\/product"}],"replies":[{"embeddable":true,"href":"https:\/\/soydeaqui.ddns.net\/pachuca\/index.php\/wp-json\/wp\/v2\/comments?post=105471"}],"wp:featuredmedia":[{"embeddable":true,"href":"https:\/\/soydeaqui.ddns.net\/pachuca\/index.php\/wp-json\/wp\/v2\/media\/105470"}],"wp:attachment":[{"href":"https:\/\/soydeaqui.ddns.net\/pachuca\/index.php\/wp-json\/wp\/v2\/media?parent=105471"}],"wp:term":[{"taxonomy":"product_brand","embeddable":true,"href":"https:\/\/soydeaqui.ddns.net\/pachuca\/index.php\/wp-json\/wp\/v2\/product_brand?post=105471"},{"taxonomy":"product_cat","embeddable":true,"href":"https:\/\/soydeaqui.ddns.net\/pachuca\/index.php\/wp-json\/wp\/v2\/product_cat?post=105471"},{"taxonomy":"product_tag","embeddable":true,"href":"https:\/\/soydeaqui.ddns.net\/pachuca\/index.php\/wp-json\/wp\/v2\/product_tag?post=105471"}],"curies":[{"name":"wp","href":"https:\/\/api.w.org\/{rel}","templated":true}]}}