{"id":105444,"date":"2026-03-20T15:24:39","date_gmt":"2026-03-20T15:24:39","guid":{"rendered":"https:\/\/soydeaqui.ddns.net\/pachuca\/index.php\/producto\/domo-ptz-ip-2-megapixel-25x-zoom-100-mts-ir-exterior-ip66-poe-wdr-120-db-defog-eis-hlc-3d-dnr-2\/"},"modified":"2026-03-20T15:24:51","modified_gmt":"2026-03-20T15:24:51","slug":"domo-ptz-ip-2-megapixel-25x-zoom-100-mts-ir-exterior-ip66-poe-wdr-120-db-defog-eis-hlc-3d-dnr-2","status":"publish","type":"product","link":"https:\/\/soydeaqui.ddns.net\/pachuca\/index.php\/producto\/domo-ptz-ip-2-megapixel-25x-zoom-100-mts-ir-exterior-ip66-poe-wdr-120-db-defog-eis-hlc-3d-dnr-2\/","title":{"rendered":"Domo PTZ IP 2 Megapixel \/ 25X Zoom \/ 100 mts IR \/ Exterior IP66 \/ PoE+\/ WDR 120 dB \/ Defog \/ EIS \/ HLC \/ 3D-DNR"},"content":{"rendered":"<div style='width: 100%; max-width: 1200px; margin: 0 auto; font-family: sans-serif; line-height: 1.6; color: inherit; background-color: transparent;'>\n<p style='text-align: center;'><img style='width: 100%; height: auto; border: 1px solid rgba(150&comma;150&comma;150&comma;0.3); border-radius: 8px;' src='https:\/\/ftp3.syscom.mx\/usuarios\/fotos\/IPCB120\/143291-hilook.png' alt=''><\/p>\n<div style='display: flex; flex-wrap: wrap; gap: 30px; margin-bottom: 30px;'>\n<div style='flex: 1 1 300px; min-width: 280px;'>\n<h3 style='font-size: 22px; border-bottom: 2px solid currentColor; padding-bottom: 5px; margin-top: 0; color: inherit; opacity: 0.8;'>Caracter\u00edsticas principales<\/h3>\n<ul style='padding-left: 20px; font-size: 15px; color: inherit;'>\n<li style='margin-bottom: 5px;'>Resoluci\u00f3n m\u00e1xima: 2 Megapixel (1920 x 1080).<\/li>\n<li style='margin-bottom: 5px;'>Iluminaci\u00f3n m\u00ednima: color 0.005 Lux @ (F1.6&comma; AGC ON).<\/li>\n<li style='margin-bottom: 5px;'>Iluminaci\u00f3n m\u00ednima: B\/N 0.001 Lux @ (F1.6&comma; AGC ON).<\/li>\n<li style='margin-bottom: 5px;'>D\u00eda \/ Noche Real (filtro ICR).<\/li>\n<li style='margin-bottom: 5px;'>Distancia focal: 4.8 a 120 mm (25X zoom \u00f3ptico \/ 16X zoom digital).<\/li>\n<li style='margin-bottom: 5px;'>Distancia de infrarrojo: 100 mts Smart IR.<\/li>\n<li style='margin-bottom: 5px;'>Funciones normales: WDR 120dB \/ HLC \/ BLC \/ 3D DNR \/ Defog \/ EIS.<\/li>\n<li style='margin-bottom: 5px;'>Funciones especiales: Intrusi\u00f3n de \u00e1rea \/ Cruce de l\u00ednea \/ Objeto olvidado \/ Objeto removido.<\/li>\n<li style='margin-bottom: 5px;'>Compresi\u00f3n: H.265+ \/ H.265 \/ H.264+ \/ H.264.<\/li>\n<li style='margin-bottom: 5px;'>Compatible con la plataforma de Hik-Connect.<\/li>\n<\/ul><\/div>\n<div style='flex: 1 1 300px; min-width: 280px;'>\n<h3 style='font-size: 22px; border-bottom: 2px solid currentColor; padding-bottom: 5px; margin-top: 0; color: inherit; opacity: 0.8;'>Caracter\u00edsticas F\u00edsicas y El\u00e9ctricas<\/h3>\n<ul style='padding-left: 20px; font-size: 15px; color: inherit;'>\n<li style='margin-bottom: 5px;'>Alimentaci\u00f3n: 12 Vcc \/ 18 W \/ PoE+ (802.3 at )<\/li>\n<li style='margin-bottom: 5px;'>Temperatura de operaci\u00f3n: -30\u00b0C a 65\u00b0C \/ Humedad al 90% m\u00e1ximo.<\/li>\n<li style='margin-bottom: 5px;'>Uso en Exterior \/ IP66.<\/li>\n<li style='margin-bottom: 5px;'>Protecci\u00f3n contra sobretensiones y protecci\u00f3n contra voltajes transitorios.<\/li>\n<li style='margin-bottom: 5px;'>Dimensiones: 165.9 x 290 mm<\/li>\n<li style='margin-bottom: 5px;'>Peso: 2 kgs.<\/li>\n<li style='margin-bottom: 5px;'><strong>Incluye montaje de pared<\/strong><\/li>\n<\/ul><\/div>\n<div style='flex: 1 1 300px; min-width: 280px;'>\n<h3 style='font-size: 22px; border-bottom: 2px solid currentColor; padding-bottom: 5px; margin-top: 0; color: inherit; opacity: 0.8;'>Caracter\u00edsticas Generales<\/h3>\n<ul style='padding-left: 20px; font-size: 15px; color: inherit;'>\n<li style='margin-bottom: 5px;'>Paneo: 360\u00b0.<\/li>\n<li style='margin-bottom: 5px;'>Tildeo: -15\u00b0 a 90.<\/li>\n<li style='margin-bottom: 5px;'>Preset \/ Patrol \/ Pattern: 300 \/ 8 \/ 4.<\/li>\n<li style='margin-bottom: 5px;'>Tareas calendarizadas.<\/li>\n<li style='margin-bottom: 5px;'>Soporta hasta 20 usuarios simult\u00e1neos.<\/li>\n<\/ul>\n<h3 style='font-size: 22px; border-bottom: 2px solid currentColor; padding-bottom: 5px; margin-top: 20px; margin-bottom: 15px; color: inherit; opacity: 0.8;'>Conectividad<\/h3>\n<ul style='padding-left: 20px; font-size: 15px; color: inherit;'>\n<li style='margin-bottom: 5px;'>Entradas de alarma: N\/A.<\/li>\n<li style='margin-bottom: 5px;'>Salidas de alarma: N\/A.<\/li>\n<li style='margin-bottom: 5px;'>Entradas de audio: 1.<\/li>\n<li style='margin-bottom: 5px;'>Salidas de audio: 1.<\/li>\n<li style='margin-bottom: 5px;'>Puerto de red: 1 (10 \/ 100 Mbps ).<\/li>\n<li style='margin-bottom: 5px;'>Almacenamiento micro SD de hasta 256 GB \/ ANR (Automatic Network Recovery).<\/li>\n<\/ul><\/div>\n<\/p><\/div>\n<hr style='border: 0; border-top: 1px solid rgba(150&comma; 150&comma; 150&comma; 0.3); margin: 30px 0;'>\n<p style='text-align: center;'><img style='width: 100%; height: auto; border: 1px solid rgba(150&comma;150&comma;150&comma;0.3); border-radius: 8px;' src='https:\/\/ftp3.syscom.mx\/usuarios\/yvalenzuela\/Hilook\/hiklook.jpg' alt=''><\/p>\n<\/p><\/div>\n","protected":false},"excerpt":{"rendered":"<p>Domo PTZ IP 2 Megapixel \/ 25X Zoom \/ 100 mts IR \/ Exterior IP66 \/ PoE+\/ WDR 120 dB \/ Defog \/ EIS \/ HLC \/ 3D-DNR<\/p>\n","protected":false},"featured_media":105443,"comment_status":"open","ping_status":"closed","template":"","meta":[],"product_brand":[],"product_cat":[1224],"product_tag":[122,715,1225],"class_list":{"0":"post-105444","1":"product","2":"type-product","3":"status-publish","4":"has-post-thumbnail","6":"product_cat-ptz","7":"product_tag-camaras-ip-y-nvrs","8":"product_tag-hilook-by-hikvision","9":"product_tag-ptz","11":"first","12":"outofstock","13":"sale","14":"shipping-taxable","15":"purchasable","16":"product-type-simple"},"_links":{"self":[{"href":"https:\/\/soydeaqui.ddns.net\/pachuca\/index.php\/wp-json\/wp\/v2\/product\/105444","targetHints":{"allow":["GET"]}}],"collection":[{"href":"https:\/\/soydeaqui.ddns.net\/pachuca\/index.php\/wp-json\/wp\/v2\/product"}],"about":[{"href":"https:\/\/soydeaqui.ddns.net\/pachuca\/index.php\/wp-json\/wp\/v2\/types\/product"}],"replies":[{"embeddable":true,"href":"https:\/\/soydeaqui.ddns.net\/pachuca\/index.php\/wp-json\/wp\/v2\/comments?post=105444"}],"wp:featuredmedia":[{"embeddable":true,"href":"https:\/\/soydeaqui.ddns.net\/pachuca\/index.php\/wp-json\/wp\/v2\/media\/105443"}],"wp:attachment":[{"href":"https:\/\/soydeaqui.ddns.net\/pachuca\/index.php\/wp-json\/wp\/v2\/media?parent=105444"}],"wp:term":[{"taxonomy":"product_brand","embeddable":true,"href":"https:\/\/soydeaqui.ddns.net\/pachuca\/index.php\/wp-json\/wp\/v2\/product_brand?post=105444"},{"taxonomy":"product_cat","embeddable":true,"href":"https:\/\/soydeaqui.ddns.net\/pachuca\/index.php\/wp-json\/wp\/v2\/product_cat?post=105444"},{"taxonomy":"product_tag","embeddable":true,"href":"https:\/\/soydeaqui.ddns.net\/pachuca\/index.php\/wp-json\/wp\/v2\/product_tag?post=105444"}],"curies":[{"name":"wp","href":"https:\/\/api.w.org\/{rel}","templated":true}]}}