{"id":105421,"date":"2026-03-20T15:23:28","date_gmt":"2026-03-20T15:23:28","guid":{"rendered":"https:\/\/soydeaqui.ddns.net\/pachuca\/index.php\/producto\/modulos-para-distribucion-de-energia-de-entrada-doble\/"},"modified":"2026-03-20T15:23:37","modified_gmt":"2026-03-20T15:23:37","slug":"modulos-para-distribucion-de-energia-de-entrada-doble","status":"publish","type":"product","link":"https:\/\/soydeaqui.ddns.net\/pachuca\/index.php\/producto\/modulos-para-distribucion-de-energia-de-entrada-doble\/","title":{"rendered":"MODULOS PARA DISTRIBUCION DE ENERGIA DE ENTRADA DOBLE"},"content":{"rendered":"<div style='width: 100%; max-width: 1200px; margin: 0 auto; font-family: sans-serif; line-height: 1.6; color: inherit; background-color: transparent;'>\n<div style='display: flex; flex-wrap: wrap; gap: 30px; margin-bottom: 30px;'>\n<div style='flex: 1 1 300px; min-width: 280px;'>\n<h3 style='font-size: 22px; border-bottom: 2px solid currentColor; padding-bottom: 5px; margin-top: 0; color: inherit; opacity: 0.8;'>Caracter\u00edsticas<\/h3>\n<ul style='padding-left: 20px; font-size: 15px; color: inherit;'>\n<li style='margin-bottom: 5px;'>Voltaje de entrada 1 : 5 &#8211; 24 Vcc @ 10 A<\/li>\n<li style='margin-bottom: 5px;'>Voltaje de entrada 2 : 16 &#8211; 28 Vca @ 14 A<\/li>\n<li style='margin-bottom: 5px;'><strong>Voltaje de salida : Seleccionable cualquiera de las 8 salidas&comma; dependiendo de su entrada<\/strong><\/li>\n<li style='margin-bottom: 5px;'><strong>Salidas individuales pueden seleccionarse a apagarse por servicio<\/strong><\/li>\n<\/ul><\/div>\n<div style='flex: 1 1 300px; min-width: 280px;'>\n<h3 style='font-size: 22px; border-bottom: 2px solid currentColor; padding-bottom: 5px; margin-top: 0; color: inherit; opacity: 0.8;'>Especificaciones F\u00edsicas<\/h3>\n<ul style='padding-left: 20px; font-size: 15px; color: inherit;'>\n<li style='margin-bottom: 5px;'>Entrada : Terminales tipo tornillo<\/li>\n<li style='margin-bottom: 5px;'>Salida : Terminales tipo tornillo<\/li>\n<li style='margin-bottom: 5px;'>Material : Pl\u00e1stico ABS<\/li>\n<li style='margin-bottom: 5px;'>Color : Az\u00fal<\/li>\n<li style='margin-bottom: 5px;'><strong>Temperatura de operaci\u00f3n : -20 \u00b0C a 49 \u00b0C<\/strong><\/li>\n<li style='margin-bottom: 5px;'>Dimensiones ( L x W x H ): 136.5 x 76.2 x 25.4 mm.<\/li>\n<\/ul><\/div>\n<div style='flex: 1 1 300px; min-width: 280px;'>\n<h3 style='font-size: 22px; border-bottom: 2px solid currentColor; padding-bottom: 5px; margin-top: 0; color: inherit; opacity: 0.8;'>Aplicaciones<\/h3>\n<ul style='padding-left: 20px; font-size: 15px; color: inherit;'>\n<li style='margin-bottom: 5px;'>Sistemas de seguridad electr\u00f3nica<\/li>\n<li style='margin-bottom: 5px;'>Sistemas de comunicaci\u00f3n y control<\/li>\n<li style='margin-bottom: 5px;'>Sistemas de telecomunicaciones<\/li>\n<li style='margin-bottom: 5px;'>Sistemas de radio comunicaci\u00f3n<\/li>\n<\/ul><\/div>\n<\/p><\/div>\n<div style='display: flex; flex-wrap: wrap; gap: 30px; margin-bottom: 30px; justify-content: center;'>\n<div style='flex: 1 1 300px; min-width: 280px;'> <img style='width: 100%; height: auto; border: 1px solid rgba(150&comma;150&comma;150&comma;0.3); border-radius: 8px;' src='https:\/\/ftp3.syscom.mx\/usuarios\/fotos\/BancoFotografiasSyscom\/EPCOMPOWERLINE\/SDR48048\/SDR48048-p.PNG' alt=''> <\/div>\n<div style='flex: 1 1 300px; min-width: 280px;'> <img style='width: 100%; height: auto; border: 1px solid rgba(150&comma;150&comma;150&comma;0.3); border-radius: 8px;' src='https:\/\/ftp3.syscom.mx\/usuarios\/fotos\/BancoFotografiasSyscom\/EPCOMPOWERLINE\/SDR48048\/SDR48048-AD-2-p.PNG' alt=''> <\/div>\n<div style='flex: 1 1 300px; min-width: 280px;'> <img style='width: 100%; height: auto; border: 1px solid rgba(150&comma;150&comma;150&comma;0.3); border-radius: 8px;' src='https:\/\/ftp3.syscom.mx\/usuarios\/fotos\/BancoFotografiasSyscom\/EPCOMPOWERLINE\/SDR48048\/SDR48048-AD-1-p.PNG' alt=''> <\/div>\n<\/p><\/div>\n<div style='text-align: center; margin: 30px 0;'>\n<h1 style='color: inherit; font-size: 28px; margin-bottom: 10px;'><strong>PDS8<\/strong><\/h1>\n<h3 style='color: inherit; font-size: 20px; margin: 5px 0;'>Tarjeta de distribuci\u00f3n dual de alimentaci\u00f3n de 5 &#8211; 24 Vcc @ 10 amperes<\/h3>\n<h3 style='color: inherit; font-size: 20px; margin: 5px 0;'>o<\/h3>\n<h3 style='color: inherit; font-size: 20px; margin: 5px 0;'><strong>16 &#8211; 28 Vca @ 14 Amperes<\/strong><\/h3>\n<p style='margin-top: 20px; font-size: 16px; color: inherit;'> <strong>Sistemas de alimentaci\u00f3n para aplicaciones en sistemas de seguridad electr\u00f3nica y comunicaci\u00f3n.<\/strong> <\/p>\n<\/p><\/div>\n<\/p><\/div>\n","protected":false},"excerpt":{"rendered":"<p>MODULOS PARA DISTRIBUCION DE ENERGIA DE ENTRADA DOBLE<\/p>\n","protected":false},"featured_media":105420,"comment_status":"open","ping_status":"closed","template":"","meta":[],"product_brand":[],"product_cat":[1103],"product_tag":[495,142,457],"class_list":{"0":"post-105421","1":"product","2":"type-product","3":"status-publish","4":"has-post-thumbnail","6":"product_cat-fuentes-de-alimentacion-energia-videovigilancia","7":"product_tag-altronix","8":"product_tag-energia","9":"product_tag-fuentes-de-alimentacion","11":"first","12":"outofstock","13":"sale","14":"shipping-taxable","15":"purchasable","16":"product-type-simple"},"_links":{"self":[{"href":"https:\/\/soydeaqui.ddns.net\/pachuca\/index.php\/wp-json\/wp\/v2\/product\/105421","targetHints":{"allow":["GET"]}}],"collection":[{"href":"https:\/\/soydeaqui.ddns.net\/pachuca\/index.php\/wp-json\/wp\/v2\/product"}],"about":[{"href":"https:\/\/soydeaqui.ddns.net\/pachuca\/index.php\/wp-json\/wp\/v2\/types\/product"}],"replies":[{"embeddable":true,"href":"https:\/\/soydeaqui.ddns.net\/pachuca\/index.php\/wp-json\/wp\/v2\/comments?post=105421"}],"wp:featuredmedia":[{"embeddable":true,"href":"https:\/\/soydeaqui.ddns.net\/pachuca\/index.php\/wp-json\/wp\/v2\/media\/105420"}],"wp:attachment":[{"href":"https:\/\/soydeaqui.ddns.net\/pachuca\/index.php\/wp-json\/wp\/v2\/media?parent=105421"}],"wp:term":[{"taxonomy":"product_brand","embeddable":true,"href":"https:\/\/soydeaqui.ddns.net\/pachuca\/index.php\/wp-json\/wp\/v2\/product_brand?post=105421"},{"taxonomy":"product_cat","embeddable":true,"href":"https:\/\/soydeaqui.ddns.net\/pachuca\/index.php\/wp-json\/wp\/v2\/product_cat?post=105421"},{"taxonomy":"product_tag","embeddable":true,"href":"https:\/\/soydeaqui.ddns.net\/pachuca\/index.php\/wp-json\/wp\/v2\/product_tag?post=105421"}],"curies":[{"name":"wp","href":"https:\/\/api.w.org\/{rel}","templated":true}]}}