{"id":105391,"date":"2026-03-20T15:21:49","date_gmt":"2026-03-20T15:21:49","guid":{"rendered":"https:\/\/soydeaqui.ddns.net\/pachuca\/index.php\/producto\/turret-ip-dual-termica-1-8-mm-160-x-120-optico-2-mm-4-megapixel-deteccion-de-personas-53-mts-15-mts-ir-exterior-ip67-poe-termometrica-deteccion-de-temperatura-sirena-y-luz-micr-2\/"},"modified":"2026-03-20T15:22:01","modified_gmt":"2026-03-20T15:22:01","slug":"turret-ip-dual-termica-1-8-mm-160-x-120-optico-2-mm-4-megapixel-deteccion-de-personas-53-mts-15-mts-ir-exterior-ip67-poe-termometrica-deteccion-de-temperatura-sirena-y-luz-micr-2","status":"publish","type":"product","link":"https:\/\/soydeaqui.ddns.net\/pachuca\/index.php\/producto\/turret-ip-dual-termica-1-8-mm-160-x-120-optico-2-mm-4-megapixel-deteccion-de-personas-53-mts-15-mts-ir-exterior-ip67-poe-termometrica-deteccion-de-temperatura-sirena-y-luz-micr-2\/","title":{"rendered":"Turret IP Dual \/ T\u00e9rmica 1.8 mm (160 x 120) \/ \u00d3ptico 2 mm (4 Megapixel) \/ Detecci\u00f3n de Personas 53 mts \/ 15 mts IR \/ Exterior IP67 \/ PoE \/ Termom\u00e9trica \/ Detecci\u00f3n de Temperatura \/ Sirena y Luz \/ Micro SD 32 GB Incluida"},"content":{"rendered":"<div style='width: 100%; max-width: 1200px; margin: 0 auto; font-family: sans-serif; line-height: 1.6; color: inherit; background-color: transparent;'> <!-- Logos y video principal --> <\/p>\n<div style='display: flex; flex-direction: column; align-items: center; gap: 20px; margin-bottom: 30px;'> <img style='width: 45%; height: auto; border: 1px solid rgba(150&comma;150&comma;150&comma;0.3); border-radius: 8px;' src='https:\/\/ftp3.syscom.mx\/usuarios\/jsosa\/HIKVISION\/imagenes\/logo\/hikvision%20see%20far.png' alt='Logo Hikvision'> <img style='width: 100%; height: auto; border: 1px solid rgba(150&comma;150&comma;150&comma;0.3); border-radius: 8px;' src='https:\/\/ftp3.syscom.mx\/usuarios\/roberto.espino\/FOTOSTERMICAS\/DS2TD12172QA.png' alt=''> <\/p>\n<div style='position: relative; padding-bottom: 56.25%; height: 0; overflow: hidden; width: 100%;'>   <\/div>\n<\/p><\/div>\n<p> <!-- Videos adicionales --> <\/p>\n<div style='display: flex; flex-wrap: wrap; gap: 20px; margin-bottom: 30px;'>\n<div style='flex: 1 1 45%; min-width: 300px;'>\n<div style='position: relative; padding-bottom: 56.25%; height: 0; overflow: hidden; width: 100%;'>   <\/div>\n<\/p><\/div>\n<div style='flex: 1 1 45%; min-width: 300px;'>\n<div style='position: relative; padding-bottom: 56.25%; height: 0; overflow: hidden; width: 100%;'>   <\/div>\n<\/p><\/div>\n<\/p><\/div>\n<p> <!-- Secci\u00f3n de especificaciones --> <\/p>\n<div style='display: flex; flex-wrap: wrap; gap: 20px; margin-bottom: 30px;'> <!-- Caracter\u00edsticas t\u00e9cnicas --> <\/p>\n<div style='flex: 1 1 300px; min-width: 280px;'>\n<div style='border: 1px solid rgba(150&comma; 150&comma; 150&comma; 0.4); border-radius: 8px; overflow: hidden; display: flex; flex-direction: column;'>\n<div style='padding: 15px; border-bottom: 1px solid rgba(150&comma; 150&comma; 150&comma; 0.2); font-weight: bold; font-size: 18px; color: inherit; background-color: rgba(255&comma; 0&comma; 0&comma; 0.05);'>Caracter\u00edsticas de la c\u00e1mara t\u00e9rmica<\/div>\n<div style='padding: 15px; color: inherit;'>\n<ul style='padding-left: 20px; margin: 0; font-size: 14px; list-style-type: disc;'>\n<li style='margin-bottom: 5px;'><strong>Lente fijo:<\/strong> 1.8 mm<\/li>\n<li style='margin-bottom: 5px;'><strong>Resoluci\u00f3n:<\/strong> 160 x 120<\/li>\n<li style='margin-bottom: 5px;'><strong>Sensor de imagen:<\/strong> \u00f3xido de vanadio&comma; detector de plano focal no refrigerado<\/li>\n<li style='margin-bottom: 5px;'><strong>Identificaci\u00f3n de personas:<\/strong> 7 mts aproximado<\/li>\n<li style='margin-bottom: 5px;'><strong>Identificaci\u00f3n de veh\u00edculos:<\/strong> 20 mts aproximado<\/li>\n<\/ul>\n<div style='margin-top: 20px;'>\n<div style='font-weight: bold; margin-bottom: 10px; font-size: 16px; color: inherit;'>Caracter\u00edsticas de la c\u00e1mara \u00f3ptica<\/div>\n<ul style='padding-left: 20px; margin: 0; font-size: 14px; list-style-type: disc;'>\n<li style='margin-bottom: 5px;'><strong>Lente fijo:<\/strong> 2 mm (119.34\u00b0 de apertura)<\/li>\n<li style='margin-bottom: 5px;'><strong>Resoluci\u00f3n:<\/strong> 4 Megapixel (2688 X 1520)<\/li>\n<li style='margin-bottom: 5px;'><strong>Sensor de imagen:<\/strong> 1\/2.7 CMOS Scan Progresivo<\/li>\n<li style='margin-bottom: 5px;'><strong>Iluminaci\u00f3n m\u00ednima:<\/strong> Color: 0.0089 Lux @ (F1.6&comma; AGC ON)<\/li>\n<li style='margin-bottom: 5px;'><strong>IR:<\/strong> 15 mts (visi\u00f3n nocturna)<\/li>\n<li style='margin-bottom: 5px;'><strong>WDR:<\/strong> 120dB<\/li>\n<\/ul><\/div>\n<\/p><\/div>\n<\/p><\/div>\n<\/p><\/div>\n<p> <!-- Caracter\u00edsticas f\u00edsicas --> <\/p>\n<div style='flex: 1 1 300px; min-width: 280px;'>\n<div style='border: 1px solid rgba(150&comma; 150&comma; 150&comma; 0.4); border-radius: 8px; overflow: hidden; display: flex; flex-direction: column;'>\n<div style='padding: 15px; border-bottom: 1px solid rgba(150&comma; 150&comma; 150&comma; 0.2); font-weight: bold; font-size: 18px; color: inherit; background-color: rgba(255&comma; 0&comma; 0&comma; 0.05);'>Caracter\u00edsticas F\u00edsicas y El\u00e9ctricas<\/div>\n<div style='padding: 15px; color: inherit;'>\n<ul style='padding-left: 20px; margin: 0; font-size: 14px; list-style-type: disc;'>\n<li style='margin-bottom: 5px;'><strong>Alimentaci\u00f3n:<\/strong> 12 Vcc \/ PoE (802.3 af) \/ 6.5 watts<\/li>\n<li style='margin-bottom: 5px;'><strong>Temperatura de operaci\u00f3n:<\/strong> -40\u00baC a 65\u00baC<\/li>\n<li style='margin-bottom: 5px;'><strong>Protecci\u00f3n:<\/strong> IP66<\/li>\n<li style='margin-bottom: 5px;'><strong>Dimensiones:<\/strong> 138.3 x 138.3 x 123.1 mm<\/li>\n<li style='margin-bottom: 5px;'><strong>Peso:<\/strong> 940 gramos<\/li>\n<\/ul><\/div>\n<\/p><\/div>\n<\/p><\/div>\n<p> <!-- Funciones avanzadas --> <\/p>\n<div style='flex: 1 1 300px; min-width: 280px;'>\n<div style='border: 1px solid rgba(150&comma; 150&comma; 150&comma; 0.4); border-radius: 8px; overflow: hidden; display: flex; flex-direction: column;'>\n<div style='padding: 15px; border-bottom: 1px solid rgba(150&comma; 150&comma; 150&comma; 0.2); font-weight: bold; font-size: 18px; color: inherit; background-color: rgba(255&comma; 0&comma; 0&comma; 0.05);'>Funciones avanzadas<\/div>\n<div style='padding: 15px; color: inherit;'>\n<ul style='padding-left: 20px; margin: 0; font-size: 14px; list-style-type: disc;'>\n<li style='margin-bottom: 5px;'><strong>Videoanal\u00edticos:<\/strong> 4 integrados (Cruce de l\u00ednea&comma; Intrusi\u00f3n de \u00e1rea&comma; Regi\u00f3n de entrada&comma; Regi\u00f3n de salida)<\/li>\n<li style='margin-bottom: 5px;'><strong>Rango de temperatura:<\/strong> -20\u00baC a 150\u00baC (-4\u00baF a 302\u00baF)<\/li>\n<li style='margin-bottom: 5px;'><strong>Tolerancia de rango:<\/strong> 8\u00baC<\/li>\n<li style='margin-bottom: 5px;'><strong>Memoria MicroSD:<\/strong> 32Gb incluida<\/li>\n<li style='margin-bottom: 5px;'><strong>Luz y audio:<\/strong> Luz intermitente y alerta de audio pregrabado \/ personalizable (ligado a evento por medio de altavoz integrado)<\/li>\n<li style='margin-bottom: 5px;'><strong>Temperatura escenario:<\/strong> Muestra la temperatura del escenario a visualizar<\/li>\n<\/ul>\n<div style='margin-top: 20px;'>\n<div style='font-weight: bold; margin-bottom: 10px; font-size: 16px; color: inherit;'>Imagen y compresi\u00f3n<\/div>\n<ul style='padding-left: 20px; margin: 0; font-size: 14px; list-style-type: disc;'>\n<li style='margin-bottom: 5px;'><strong>Imagen \u00f3ptica:<\/strong> 60Hz: 30fps (2688 \u00d7 1520)&comma; 30fps (1920 \u00d7 1080)&comma; 30fps (1280 \u00d7 720)<\/li>\n<li style='margin-bottom: 5px;'><strong>Imagen t\u00e9rmica:<\/strong> 1280 \u00d7 720&comma; 704 \u00d7 576&comma; 640 \u00d7 480&comma; 352 \u00d7 288&comma; 320 \u00d7 240<\/li>\n<li style='margin-bottom: 5px;'><strong>Compresi\u00f3n:<\/strong> H.265 \/ H.264 \/ MJPEG<\/li>\n<li style='margin-bottom: 5px;'><strong>Usuarios simult\u00e1neos:<\/strong> Hasta 20<\/li>\n<\/ul><\/div>\n<\/p><\/div>\n<\/p><\/div>\n<\/p><\/div>\n<\/p><\/div>\n<p> <!-- Im\u00e1genes adicionales --> <\/p>\n<div style='display: flex; flex-direction: column; gap: 20px; margin-bottom: 30px;'> <img style='width: 100%; height: auto; border: 1px solid rgba(150&comma;150&comma;150&comma;0.3); border-radius: 8px;' src='https:\/\/ftp3.syscom.mx\/usuarios\/fotos\/DS2TD26176\/PA\/188756-captura_de_pantalla_2021-05-15_a_la(s)_12.09.10.png' alt=''> <img style='width: 100%; height: auto; border: 1px solid rgba(150&comma;150&comma;150&comma;0.3); border-radius: 8px;' src='https:\/\/ftp3.syscom.mx\/usuarios\/jsosa\/HIKVISION\/imagenes\/banners\/solution%20complete.png' alt=''> <\/div>\n<\/p><\/div>\n","protected":false},"excerpt":{"rendered":"<p>Turret IP Dual \/ T\u00e9rmica 1.8 mm (160 x 120) \/ \u00d3ptico 2 mm (4 Megapixel) \/ Detecci\u00f3n de Personas 53 mts \/ 15 mts IR \/ Exterior IP67 \/ PoE \/ Termom\u00e9trica \/ Detecci\u00f3n de Temperatura \/ Sirena y Luz \/ Micro SD 32 GB Incluida<\/p>\n","protected":false},"featured_media":105390,"comment_status":"open","ping_status":"closed","template":"","meta":[],"product_brand":[],"product_cat":[1049],"product_tag":[122,54,1050],"class_list":{"0":"post-105391","1":"product","2":"type-product","3":"status-publish","4":"has-post-thumbnail","6":"product_cat-termicas","7":"product_tag-camaras-ip-y-nvrs","8":"product_tag-hikvision","9":"product_tag-termicas","11":"first","12":"outofstock","13":"sale","14":"shipping-taxable","15":"purchasable","16":"product-type-simple"},"_links":{"self":[{"href":"https:\/\/soydeaqui.ddns.net\/pachuca\/index.php\/wp-json\/wp\/v2\/product\/105391","targetHints":{"allow":["GET"]}}],"collection":[{"href":"https:\/\/soydeaqui.ddns.net\/pachuca\/index.php\/wp-json\/wp\/v2\/product"}],"about":[{"href":"https:\/\/soydeaqui.ddns.net\/pachuca\/index.php\/wp-json\/wp\/v2\/types\/product"}],"replies":[{"embeddable":true,"href":"https:\/\/soydeaqui.ddns.net\/pachuca\/index.php\/wp-json\/wp\/v2\/comments?post=105391"}],"wp:featuredmedia":[{"embeddable":true,"href":"https:\/\/soydeaqui.ddns.net\/pachuca\/index.php\/wp-json\/wp\/v2\/media\/105390"}],"wp:attachment":[{"href":"https:\/\/soydeaqui.ddns.net\/pachuca\/index.php\/wp-json\/wp\/v2\/media?parent=105391"}],"wp:term":[{"taxonomy":"product_brand","embeddable":true,"href":"https:\/\/soydeaqui.ddns.net\/pachuca\/index.php\/wp-json\/wp\/v2\/product_brand?post=105391"},{"taxonomy":"product_cat","embeddable":true,"href":"https:\/\/soydeaqui.ddns.net\/pachuca\/index.php\/wp-json\/wp\/v2\/product_cat?post=105391"},{"taxonomy":"product_tag","embeddable":true,"href":"https:\/\/soydeaqui.ddns.net\/pachuca\/index.php\/wp-json\/wp\/v2\/product_tag?post=105391"}],"curies":[{"name":"wp","href":"https:\/\/api.w.org\/{rel}","templated":true}]}}