{"id":10532,"date":"2026-03-18T07:37:20","date_gmt":"2026-03-18T07:37:20","guid":{"rendered":"https:\/\/soydeaqui.ddns.net\/pachuca\/index.php\/producto\/bobina-de-cable-utp-reelex-de-4-pares-alto-desempeo-cat6-pvc-cm-color-azul-23-awg-305-metros-1000-pies\/"},"modified":"2026-03-18T07:37:27","modified_gmt":"2026-03-18T07:37:27","slug":"bobina-de-cable-utp-reelex-de-4-pares-alto-desempeo-cat6-pvc-cm-color-azul-23-awg-305-metros-1000-pies","status":"publish","type":"product","link":"https:\/\/soydeaqui.ddns.net\/pachuca\/index.php\/producto\/bobina-de-cable-utp-reelex-de-4-pares-alto-desempeo-cat6-pvc-cm-color-azul-23-awg-305-metros-1000-pies\/","title":{"rendered":"Bobina de Cable UTP Reelex, de 4 Pares, Alto Desempe?o Cat6, PVC (CM), Color Azul, 23 AWG, 305 Metros (1000 Pies)"},"content":{"rendered":"<div style='width: 100%; max-width: 1200px; margin: 0 auto; font-family: sans-serif; line-height: 1.6; color: inherit; background-color: transparent;'>\n<div style='display: flex; flex-direction: column; gap: 30px;'> <!-- Imagen principal --> <\/p>\n<div style='width: 100%;'> <img style='width: 100%; height: auto; border: 1px solid rgba(150&comma;150&comma;150&comma;0.3); border-radius: 8px;' src='https:\/\/ftp3.syscom.mx\/usuarios\/fotos\/9C6M4E306RXA\/144183-siemonarriba.jpg' alt=''> <\/div>\n<p> <!-- Descripci\u00f3n --> <\/p>\n<div style='font-size: 15px; color: inherit;'> El sistema de cables Categor\u00eda 6 de Siemon&comma; proporciona un margen significativo muy por arriba de todas las especificaciones de alto desempe\u00f1o en cuanto a transmisi\u00f3n que estipulan los est\u00e1ndares TIA\/EIA e ISO\/IEC de Categor\u00eda 6\/clase E. De esta manera&comma; combinando el alto desempe\u00f1o de conectividad de nuestra Categor\u00eda 6 con este cable&comma; los resultados arrojan un sistema con un desempe\u00f1o el\u00e9ctrico superior para soportar aplicaciones de manera m\u00e1s que \u00f3ptima. <\/div>\n<p> <!-- Aplicaciones --> <\/p>\n<div style='display: flex; flex-direction: column; gap: 15px;'>\n<h3 style='font-size: 20px; border-bottom: 2px solid currentColor; padding-bottom: 5px; margin-top: 0; color: inherit; opacity: 0.8;'>Aplicaciones:<\/h3>\n<ul style='padding-left: 20px; margin: 0; font-size: 14px; list-style-type: disc; color: inherit;'>\n<li style='margin-bottom: 8px;'>Redes de Voz\/Datos y V\u00eddeo de Alta Velocidad<\/li>\n<li style='margin-bottom: 8px;'>Instalaciones de CCTV IP Megapixel<\/li>\n<li style='margin-bottom: 8px;'>Redes inal\u00e1mbricas<\/li>\n<li style='margin-bottom: 8px;'>Aplicaciones Power Over Ethernet IEEE 802.3af y 802.3at<\/li>\n<li style='margin-bottom: 8px;'>Aplicaciones en 10BASE-T&comma; 100BASE-T&comma; 1000BASE-T<\/li>\n<\/ul><\/div>\n<p> <!-- Especificaciones t\u00e9cnicas --> <\/p>\n<div style='display: flex; flex-direction: column; gap: 15px;'>\n<h3 style='font-size: 20px; border-bottom: 2px solid currentColor; padding-bottom: 5px; margin-top: 0; color: inherit; opacity: 0.8;'>Informaci\u00f3n t\u00e9cnica:<\/h3>\n<ul style='padding-left: 20px; margin: 0; font-size: 14px; list-style-type: disc; color: inherit;'>\n<li style='margin-bottom: 8px;'><strong>Rendimiento:<\/strong> Certificado hasta 100 metros<\/li>\n<li style='margin-bottom: 8px;'><strong>Color:<\/strong> Azul<\/li>\n<li style='margin-bottom: 8px;'><strong>Conductor:<\/strong> Cobre solido de 23 AWG<\/li>\n<li style='margin-bottom: 8px;'><strong>Recubrimiento:<\/strong> PVC (CM)<\/li>\n<li style='margin-bottom: 8px;'><strong>Construcci\u00f3n:<\/strong> UTP<\/li>\n<li style='margin-bottom: 8px;'><strong>Tensi\u00f3n m\u00e1xima:<\/strong> 110N<\/li>\n<li style='margin-bottom: 8px;'><strong>Clasificaci\u00f3n de temperatura:<\/strong> 0 a 60\u00b0C en instalaci\u00f3n&comma; 0 a 60\u00b0C en almacenamiento y -20 a 60\u00b0C en operaci\u00f3n.<\/li>\n<li style='margin-bottom: 8px;'><strong>Frecuencia:<\/strong> 250MHz<\/li>\n<li style='margin-bottom: 8px;'><strong>Plug Recomendado:<\/strong> <a style='color: inherit; text-decoration: underline; font-weight: 600;' href='https:\/\/www.syscom.mx\/principal\/searchcont?route=P6U-8-8-SIEMON-167213&#038;autodetect=p6u88'>P6U-8-8<\/a><\/li>\n<li style='margin-bottom: 8px;'><strong>Herramienta para Plug:<\/strong> <a style='color: inherit; text-decoration: underline; font-weight: 600;' href='https:\/\/www.syscom.mx\/principal\/searchcont?route=PA1561-TEMPO-172496&#038;autodetect=PA1561' target='_blank' rel='noopener'>PA1561<\/a><\/li>\n<\/ul><\/div>\n<p> <!-- Imagen secundaria --> <\/p>\n<div style='width: 100%;'> <img style='width: 100%; height: auto; border: 1px solid rgba(150&comma;150&comma;150&comma;0.3); border-radius: 8px;' src='http:\/\/ftp3.syscom.mx\/usuarios\/fotos\/9C6R4E3RXA\/88194-foto1.jpg' alt=''> <\/div>\n<p> <!-- Video --> <\/p>\n<div style='position: relative; padding-bottom: 56.25%; height: 0; overflow: hidden; margin-bottom: 30px;'>   <\/div>\n<p> <!-- Imagen inferior --> <\/p>\n<div style='width: 100%;'> <img style='width: 100%; height: auto; border: 1px solid rgba(150&comma;150&comma;150&comma;0.3); border-radius: 8px;' src='https:\/\/ftp3.syscom.mx\/usuarios\/fotos\/9C6M4E306RXA\/144183-siemonabajo.png' alt=''> <\/div>\n<\/p><\/div>\n<\/p><\/div>\n","protected":false},"excerpt":{"rendered":"<p>Bobina de Cable UTP Reelex, de 4 Pares, Alto Desempe?o Cat6, PVC (CM), Color Azul, 23 AWG, 305 Metros (1000 Pies)<\/p>\n","protected":false},"featured_media":10531,"comment_status":"open","ping_status":"closed","template":"","meta":[],"product_brand":[],"product_cat":[576],"product_tag":[488,577,600],"class_list":{"0":"post-10532","1":"product","2":"type-product","3":"status-publish","4":"has-post-thumbnail","6":"product_cat-categoria-6","7":"product_tag-cables-y-conectores","8":"product_tag-categoria-6","9":"product_tag-siemon","11":"first","12":"instock","13":"sale","14":"shipping-taxable","15":"purchasable","16":"product-type-simple"},"_links":{"self":[{"href":"https:\/\/soydeaqui.ddns.net\/pachuca\/index.php\/wp-json\/wp\/v2\/product\/10532","targetHints":{"allow":["GET"]}}],"collection":[{"href":"https:\/\/soydeaqui.ddns.net\/pachuca\/index.php\/wp-json\/wp\/v2\/product"}],"about":[{"href":"https:\/\/soydeaqui.ddns.net\/pachuca\/index.php\/wp-json\/wp\/v2\/types\/product"}],"replies":[{"embeddable":true,"href":"https:\/\/soydeaqui.ddns.net\/pachuca\/index.php\/wp-json\/wp\/v2\/comments?post=10532"}],"wp:featuredmedia":[{"embeddable":true,"href":"https:\/\/soydeaqui.ddns.net\/pachuca\/index.php\/wp-json\/wp\/v2\/media\/10531"}],"wp:attachment":[{"href":"https:\/\/soydeaqui.ddns.net\/pachuca\/index.php\/wp-json\/wp\/v2\/media?parent=10532"}],"wp:term":[{"taxonomy":"product_brand","embeddable":true,"href":"https:\/\/soydeaqui.ddns.net\/pachuca\/index.php\/wp-json\/wp\/v2\/product_brand?post=10532"},{"taxonomy":"product_cat","embeddable":true,"href":"https:\/\/soydeaqui.ddns.net\/pachuca\/index.php\/wp-json\/wp\/v2\/product_cat?post=10532"},{"taxonomy":"product_tag","embeddable":true,"href":"https:\/\/soydeaqui.ddns.net\/pachuca\/index.php\/wp-json\/wp\/v2\/product_tag?post=10532"}],"curies":[{"name":"wp","href":"https:\/\/api.w.org\/{rel}","templated":true}]}}