{"id":105313,"date":"2026-03-20T15:18:12","date_gmt":"2026-03-20T15:18:12","guid":{"rendered":"https:\/\/soydeaqui.ddns.net\/pachuca\/index.php\/producto\/bala-ip-8-megapixel-filtro-de-falsas-alarmas-lente-2-8-mm-60-mts-ir-exir-exterior-ip67-sirena-y-luz-integrado-microfono-integrado-entrada-y-salida-de-audio-y-alarmas-microsd-acusearc\/"},"modified":"2026-03-20T15:18:15","modified_gmt":"2026-03-20T15:18:15","slug":"bala-ip-8-megapixel-filtro-de-falsas-alarmas-lente-2-8-mm-60-mts-ir-exir-exterior-ip67-sirena-y-luz-integrado-microfono-integrado-entrada-y-salida-de-audio-y-alarmas-microsd-acusearc","status":"publish","type":"product","link":"https:\/\/soydeaqui.ddns.net\/pachuca\/index.php\/producto\/bala-ip-8-megapixel-filtro-de-falsas-alarmas-lente-2-8-mm-60-mts-ir-exir-exterior-ip67-sirena-y-luz-integrado-microfono-integrado-entrada-y-salida-de-audio-y-alarmas-microsd-acusearc\/","title":{"rendered":"Bala IP 8 Megapixel \/ Filtro de Falsas Alarmas \/ Lente 2.8 mm \/ 60 mts IR EXIR \/ Exterior IP67 \/ Sirena y Luz Integrado \/ Micr\u00f3fono Integrado \/ Entrada y Salida de Audio y Alarmas \/ MicroSD \/ ACUSEARCH"},"content":{"rendered":"<div style='width: 100%; max-width: 1200px; margin: 0 auto; font-family: sans-serif; line-height: 1.6; color: inherit; background-color: transparent;'> <!-- Logo --> <\/p>\n<div style='width: 100%; text-align: center; margin: 30px 0;'> <img style='width: 45%; height: auto; border: 1px solid rgba(150&comma;150&comma;150&comma;0.3); border-radius: 8px;' src='http:\/\/ftp3.syscom.mx\/usuarios\/jdelafuente\/HIKVISION\/hikvision%20logo%20complete.png' alt='Logo Hikvision'> <\/div>\n<p> <!-- Grid de secciones --> <\/p>\n<div style='display: flex; flex-wrap: wrap; gap: 30px;'> <!-- Caracter\u00edsticas principales --> <\/p>\n<div style='flex: 1 1 300px; min-width: 280px;'>\n<div style='border: 1px solid rgba(150&comma; 150&comma; 150&comma; 0.4); border-radius: 8px; overflow: hidden;'>\n<div style='padding: 15px; border-bottom: 1px solid rgba(150&comma; 150&comma; 150&comma; 0.2); font-weight: bold; font-size: 18px; color: inherit;'>Caracter\u00edsticas principales<\/div>\n<div style='padding: 15px; color: inherit;'>\n<ul style='padding-left: 20px; margin: 0; font-size: 14px; list-style-type: disc;'>\n<li style='margin-bottom: 5px;'>Resoluci\u00f3n m\u00e1xima: 8 Megapixel (3840 x 2160)<\/li>\n<li style='margin-bottom: 5px;'>Lente 2.8 mm (\u00e1ngulo de apertura 111\u00b0)<\/li>\n<li style='margin-bottom: 5px;'>60 mts IR EXIR (visi\u00f3n nocturna)<\/li>\n<li style='margin-bottom: 5px;'>Compresi\u00f3n: H.265+ \/ H.265 \/ H.264<\/li>\n<li style='margin-bottom: 5px;'>WDR 120 dB \/ BLC \/ HLC \/ 3D DNR<\/li>\n<li style='margin-bottom: 5px;'>Compatible con plataforma Hik-Connect (P2P)<\/li>\n<li style='margin-bottom: 5px;'>Entrada de audio: 1<\/li>\n<li style='margin-bottom: 5px;'>Salida de audio: 1<\/li>\n<li style='margin-bottom: 5px;'>Entrada de alarma: 1<\/li>\n<li style='margin-bottom: 5px;'>Salida de alarma: 1 (max. 12 VDC&comma; 1A)<\/li>\n<li style='margin-bottom: 5px;'>Micr\u00f3fono integrado<\/li>\n<li style='margin-bottom: 5px;'>Luz blanca estrobosc\u00f3pica<\/li>\n<li style='margin-bottom: 5px;'>Sirena audible<\/li>\n<\/ul><\/div>\n<\/p><\/div>\n<\/p><\/div>\n<p> <!-- Caracter\u00edsticas F\u00edsicas y El\u00e9ctricas --> <\/p>\n<div style='flex: 1 1 300px; min-width: 280px;'>\n<div style='border: 1px solid rgba(150&comma; 150&comma; 150&comma; 0.4); border-radius: 8px; overflow: hidden;'>\n<div style='padding: 15px; border-bottom: 1px solid rgba(150&comma; 150&comma; 150&comma; 0.2); font-weight: bold; font-size: 18px; color: inherit;'>Caracter\u00edsticas F\u00edsicas y El\u00e9ctricas<\/div>\n<div style='padding: 15px; color: inherit;'>\n<ul style='padding-left: 20px; margin: 0; font-size: 14px; list-style-type: disc;'>\n<li style='margin-bottom: 5px;'>Alimentaci\u00f3n \/ consumo: 12 Vcc \/ PoE (802.3 af) \/ 12.5 Watts<\/li>\n<li style='margin-bottom: 5px;'>Protecci\u00f3n: IP67 (interior \/ exterior)<\/li>\n<li style='margin-bottom: 5px;'>Soporta memoria microSD de m\u00e1ximo 256 GB (No incluida)<\/li>\n<li style='margin-bottom: 5px;'>Material: Metal<\/li>\n<li style='margin-bottom: 5px;'>Dimensiones: 105 x 287.6 mm<\/li>\n<li style='margin-bottom: 5px;'>Peso: 1130 gramos<\/li>\n<\/ul><\/div>\n<\/p><\/div>\n<p> <!-- Accesorios Opcionales --> <\/p>\n<div style='margin-top: 20px;'>\n<div style='border: 1px solid rgba(150&comma; 150&comma; 150&comma; 0.4); border-radius: 8px; overflow: hidden;'>\n<div style='padding: 15px; border-bottom: 1px solid rgba(150&comma; 150&comma; 150&comma; 0.2); font-weight: bold; font-size: 18px; color: inherit;'>Accesorios Opcionales<\/div>\n<div style='padding: 15px; color: inherit;'>\n<ul style='padding-left: 20px; margin: 0; font-size: 14px; list-style-type: disc;'>\n<li style='margin-bottom: 5px;'>Montaje de esquina&comma; modelo: <a href='https:\/\/www.syscom.mx\/producto\/DS-1276ZJ-SUS-HIKVISION-156173.html' target='_blank' rel='noopener' style='color: inherit; text-decoration: underline;'>DS-1276ZJ-SUS<\/a><\/li>\n<li style='margin-bottom: 5px;'>Caja de conexiones&comma; modelo: <a href='https:\/\/www.syscom.mx\/producto\/DS-1280ZJ-S-HIKVISION-84927.html' target='_blank' rel='noopener' style='color: inherit; text-decoration: underline;'>DS-1280ZJ-S<\/a><\/li>\n<li style='margin-bottom: 5px;'>Montaje de poste vertical&comma; modelo: <a href='https:\/\/www.syscom.mx\/producto\/DS-1275ZJ-S-SUS-HIKVISION-170377.html' target='_blank' rel='noopener' style='color: inherit; text-decoration: underline;'>DS-1275ZJ-S-SUS<\/a><\/li>\n<li style='margin-bottom: 5px;'>Montaje de poste vertical&comma; modelo: <a href='https:\/\/www.syscom.mx\/producto\/DS-1275ZJ-SUS-HIKVISION-156172.html' target='_blank' rel='noopener' style='color: inherit; text-decoration: underline;'>DS-1275ZJ-SUS<\/a><\/li>\n<li style='margin-bottom: 5px;'>Caja de conexiones&comma; modelo: <a href='https:\/\/www.syscom.mx\/producto\/DS-1260ZJ-HIKVISION-72308.html' target='_blank' rel='noopener' style='color: inherit; text-decoration: underline;'>DS-1260ZJ<\/a><\/li>\n<\/ul><\/div>\n<\/p><\/div>\n<\/p><\/div>\n<\/p><\/div>\n<p> <!-- Caracter\u00edsticas Destacadas --> <\/p>\n<div style='flex: 1 1 300px; min-width: 280px;'>\n<div style='border: 1px solid rgba(150&comma; 150&comma; 150&comma; 0.4); border-radius: 8px; overflow: hidden;'>\n<div style='padding: 15px; border-bottom: 1px solid rgba(150&comma; 150&comma; 150&comma; 0.2); font-weight: bold; font-size: 18px; color: inherit;'>Caracter\u00edsticas Destacadas<\/div>\n<div style='padding: 15px; color: inherit;'>\n<ul style='padding-left: 20px; margin: 0; font-size: 14px; list-style-type: disc;'>\n<li style='margin-bottom: 5px;'>Soporta: Captura Facial \/ Cruce de l\u00ednea \/ Detecci\u00f3n de intrusi\u00f3n \/ Salida y Entrada de Regi\u00f3n<\/li>\n<\/ul>\n<p style='margin-top: 15px; margin-bottom: 10px; font-size: 14px;'>ACUSENSE: soporta videoanal\u00edtico con activaci\u00f3n de detecci\u00f3n de cuerpo humano o detecci\u00f3n de veh\u00edculos (evita falsas alarmas)&comma; esto nos permite ser m\u00e1s precisos al momento de tener alguna grabaci\u00f3n de poder descargar cualquier otro tipo de movimientos.<\/p>\n<p style='margin-top: 15px; margin-bottom: 0; font-size: 14px;'>El videoanal\u00edtico de ACUSENSE funciona con NVR\u00b4s serie NI-K y NI-I.<\/p>\n<\/p><\/div>\n<\/p><\/div>\n<\/p><\/div>\n<\/p><\/div>\n<p> <!-- Separador --> <\/p>\n<hr style='border: 0; border-top: 1px solid rgba(150&comma; 150&comma; 150&comma; 0.3); margin: 30px 0;'> <\/div>\n","protected":false},"excerpt":{"rendered":"<p>Bala IP 8 Megapixel \/ Filtro de Falsas Alarmas \/ Lente 2.8 mm \/ 60 mts IR EXIR \/ Exterior IP67 \/ Sirena y Luz Integrado \/ Micr\u00f3fono Integrado \/ Entrada y Salida de Audio y Alarmas \/ MicroSD \/ ACUSEARCH<\/p>\n","protected":false},"featured_media":105312,"comment_status":"open","ping_status":"closed","template":"","meta":[],"product_brand":[],"product_cat":[438],"product_tag":[439,122,54],"class_list":{"0":"post-105313","1":"product","2":"type-product","3":"status-publish","4":"has-post-thumbnail","6":"product_cat-bala","7":"product_tag-bala","8":"product_tag-camaras-ip-y-nvrs","9":"product_tag-hikvision","11":"first","12":"outofstock","13":"sale","14":"shipping-taxable","15":"purchasable","16":"product-type-simple"},"_links":{"self":[{"href":"https:\/\/soydeaqui.ddns.net\/pachuca\/index.php\/wp-json\/wp\/v2\/product\/105313","targetHints":{"allow":["GET"]}}],"collection":[{"href":"https:\/\/soydeaqui.ddns.net\/pachuca\/index.php\/wp-json\/wp\/v2\/product"}],"about":[{"href":"https:\/\/soydeaqui.ddns.net\/pachuca\/index.php\/wp-json\/wp\/v2\/types\/product"}],"replies":[{"embeddable":true,"href":"https:\/\/soydeaqui.ddns.net\/pachuca\/index.php\/wp-json\/wp\/v2\/comments?post=105313"}],"wp:featuredmedia":[{"embeddable":true,"href":"https:\/\/soydeaqui.ddns.net\/pachuca\/index.php\/wp-json\/wp\/v2\/media\/105312"}],"wp:attachment":[{"href":"https:\/\/soydeaqui.ddns.net\/pachuca\/index.php\/wp-json\/wp\/v2\/media?parent=105313"}],"wp:term":[{"taxonomy":"product_brand","embeddable":true,"href":"https:\/\/soydeaqui.ddns.net\/pachuca\/index.php\/wp-json\/wp\/v2\/product_brand?post=105313"},{"taxonomy":"product_cat","embeddable":true,"href":"https:\/\/soydeaqui.ddns.net\/pachuca\/index.php\/wp-json\/wp\/v2\/product_cat?post=105313"},{"taxonomy":"product_tag","embeddable":true,"href":"https:\/\/soydeaqui.ddns.net\/pachuca\/index.php\/wp-json\/wp\/v2\/product_tag?post=105313"}],"curies":[{"name":"wp","href":"https:\/\/api.w.org\/{rel}","templated":true}]}}