{"id":105292,"date":"2026-03-20T15:17:04","date_gmt":"2026-03-20T15:17:04","guid":{"rendered":"https:\/\/soydeaqui.ddns.net\/pachuca\/index.php\/producto\/switch-industrial-4-puertos-fast-ethernetcon-poe-802-3af-at-2-puertos-uplink-gigabit\/"},"modified":"2026-03-20T15:17:20","modified_gmt":"2026-03-20T15:17:20","slug":"switch-industrial-4-puertos-fast-ethernetcon-poe-802-3af-at-2-puertos-uplink-gigabit","status":"publish","type":"product","link":"https:\/\/soydeaqui.ddns.net\/pachuca\/index.php\/producto\/switch-industrial-4-puertos-fast-ethernetcon-poe-802-3af-at-2-puertos-uplink-gigabit\/","title":{"rendered":"Switch industrial 4 puertos Fast Ethernetcon POE 802.3af\/at + 2 puertos UPLINK gigabit"},"content":{"rendered":"<div style='width: 100%; max-width: 1200px; margin: 0 auto; font-family: sans-serif; line-height: 1.6; color: inherit; background-color: transparent;'>\n<div style='display: flex; flex-wrap: wrap; gap: 30px; margin-bottom: 30px;'>\n<div style='flex: 1 1 300px; min-width: 280px;'>\n<h3 style='font-size: 22px; border-bottom: 2px solid currentColor; padding-bottom: 5px; margin-top: 0; color: inherit; opacity: 0.8;'>Descripci\u00f3n<\/h3>\n<p style='font-size: 14px; color: inherit;'>El switch PoE resistente de Wi-Tek est\u00e1 dise\u00f1ado para proporcionar una soluci\u00f3n de transporte de red para el mercado de CCTV. La funci\u00f3n inteligente de vigilancia PoE puede monitorear y recuperar de forma persistente y autom\u00e1tica el funcionamiento de las c\u00e1maras IP. El dise\u00f1o de modo de extensi\u00f3n de 250 metros es ideal para aplicaciones de transmisi\u00f3n de PoE a larga distancia. Soporta m\u00e9todos de instalaci\u00f3n flexibles y m\u00faltiples&comma; como montaje en pared y montaje en riel DIN. Un dise\u00f1o de fuente de alimentaci\u00f3n redundante garantiza su operaci\u00f3n estable y confiable.<\/p>\n<\/p><\/div>\n<div style='flex: 1 1 300px; min-width: 280px;'>\n<h3 style='font-size: 22px; border-bottom: 2px solid currentColor; padding-bottom: 5px; margin-top: 0; color: inherit; opacity: 0.8;'>Caracter\u00edsticas<\/h3>\n<ul style='padding-left: 20px; font-size: 14px; color: inherit;'>\n<li style='margin-bottom: 5px;'>Switch PoE no administrado<\/li>\n<li style='margin-bottom: 5px;'>4 puertos PoE 10\/100 Base-TX y 2 puertos de enlace ascendente 10\/100 Base-TX<\/li>\n<li style='margin-bottom: 5px;'>Abundantes puertos PoE:<\/li>\n<li style='margin-bottom: 5px;'>Puertos 1: 802.3 af\/at\/bt 90W<\/li>\n<li style='margin-bottom: 5px;'>Puertos 2-4: PoE 802.3 af\/at<\/li>\n<li style='margin-bottom: 5px;'>Modo m\u00faltiple DIP: Watchdog\/EX_1-2\/EX_1-4\/VLAN<\/li>\n<li style='margin-bottom: 5px;'>Temperatura de funcionamiento de -30\u00b0C a 65\u00b0C<\/li>\n<li style='margin-bottom: 5px;'>Inmunidad a sobretensiones de 6kV<\/li>\n<\/ul><\/div>\n<div style='flex: 1 1 300px; min-width: 280px;'>\n<h3 style='font-size: 22px; border-bottom: 2px solid currentColor; padding-bottom: 5px; margin-top: 0; color: inherit; opacity: 0.8;'>Especificaciones<\/h3>\n<ul style='padding-left: 20px; font-size: 14px; color: inherit;'>\n<li style='margin-bottom: 5px;'><strong style='color: inherit;'>Puertos:<\/strong> 8FE + 2GE + 2SFP<\/li>\n<li style='margin-bottom: 5px;'><strong style='color: inherit;'>Tabla MAX:<\/strong> 2K<\/li>\n<li style='margin-bottom: 5px;'><strong style='color: inherit;'>Capacidad de conmutaci\u00f3n:<\/strong> 1.2 Gbps \/ sin bloqueo<\/li>\n<li style='margin-bottom: 5px;'><strong style='color: inherit;'>Velocidad de reenv\u00edo de paquetes:<\/strong> 0.89Mpps<\/li>\n<li style='margin-bottom: 5px;'><strong style='color: inherit;'>Est\u00e1ndar PoE:<\/strong> Puertos 1-4: PoE 802.3af\/at<\/li>\n<li style='margin-bottom: 5px;'><strong style='color: inherit;'>Watchdog:<\/strong> S\u00ed<\/li>\n<li style='margin-bottom: 5px;'><strong style='color: inherit;'>PoE de 250m:<\/strong> S\u00ed<\/li>\n<li style='margin-bottom: 5px;'><strong style='color: inherit;'>VLAN:<\/strong> S\u00ed<\/li>\n<li style='margin-bottom: 5px;'><strong style='color: inherit;'>Temperatura de funcionamiento:<\/strong> -30 \u00baC ~ 65 \u00baC<\/li>\n<li style='margin-bottom: 5px;'><strong style='color: inherit;'>Dimensiones (AnxPxAl):<\/strong> 119 x 87 x 28 mm<\/li>\n<\/ul><\/div>\n<\/p><\/div>\n<hr style='border: 0; border-top: 1px solid rgba(150&comma; 150&comma; 150&comma; 0.3); margin: 30px 0;'> <\/div>\n","protected":false},"excerpt":{"rendered":"<p>Switch industrial 4 puertos Fast Ethernetcon POE 802.3af\/at + 2 puertos UPLINK gigabit<\/p>\n","protected":false},"featured_media":105291,"comment_status":"open","ping_status":"closed","template":"","meta":[],"product_brand":[],"product_cat":[1984],"product_tag":[1985,664,1262],"class_list":{"0":"post-105292","1":"product","2":"type-product","3":"status-publish","4":"has-post-thumbnail","6":"product_cat-industrial","7":"product_tag-industrial","8":"product_tag-networking","9":"product_tag-wi-tek","11":"first","12":"outofstock","13":"sale","14":"shipping-taxable","15":"purchasable","16":"product-type-simple"},"_links":{"self":[{"href":"https:\/\/soydeaqui.ddns.net\/pachuca\/index.php\/wp-json\/wp\/v2\/product\/105292","targetHints":{"allow":["GET"]}}],"collection":[{"href":"https:\/\/soydeaqui.ddns.net\/pachuca\/index.php\/wp-json\/wp\/v2\/product"}],"about":[{"href":"https:\/\/soydeaqui.ddns.net\/pachuca\/index.php\/wp-json\/wp\/v2\/types\/product"}],"replies":[{"embeddable":true,"href":"https:\/\/soydeaqui.ddns.net\/pachuca\/index.php\/wp-json\/wp\/v2\/comments?post=105292"}],"wp:featuredmedia":[{"embeddable":true,"href":"https:\/\/soydeaqui.ddns.net\/pachuca\/index.php\/wp-json\/wp\/v2\/media\/105291"}],"wp:attachment":[{"href":"https:\/\/soydeaqui.ddns.net\/pachuca\/index.php\/wp-json\/wp\/v2\/media?parent=105292"}],"wp:term":[{"taxonomy":"product_brand","embeddable":true,"href":"https:\/\/soydeaqui.ddns.net\/pachuca\/index.php\/wp-json\/wp\/v2\/product_brand?post=105292"},{"taxonomy":"product_cat","embeddable":true,"href":"https:\/\/soydeaqui.ddns.net\/pachuca\/index.php\/wp-json\/wp\/v2\/product_cat?post=105292"},{"taxonomy":"product_tag","embeddable":true,"href":"https:\/\/soydeaqui.ddns.net\/pachuca\/index.php\/wp-json\/wp\/v2\/product_tag?post=105292"}],"curies":[{"name":"wp","href":"https:\/\/api.w.org\/{rel}","templated":true}]}}