{"id":105261,"date":"2026-03-20T15:15:28","date_gmt":"2026-03-20T15:15:28","guid":{"rendered":"https:\/\/soydeaqui.ddns.net\/pachuca\/index.php\/producto\/unifi-protect-g4-ptz-camara-de-giro-inclinacion-y-zoom-de-alto-rendimiento-con-transmision-de-video-4k-24-fps-zoom-optico-22x-y-vision-nocturna-led-ir-adaptativa\/"},"modified":"2026-03-20T15:15:40","modified_gmt":"2026-03-20T15:15:40","slug":"unifi-protect-g4-ptz-camara-de-giro-inclinacion-y-zoom-de-alto-rendimiento-con-transmision-de-video-4k-24-fps-zoom-optico-22x-y-vision-nocturna-led-ir-adaptativa","status":"publish","type":"product","link":"https:\/\/soydeaqui.ddns.net\/pachuca\/index.php\/producto\/unifi-protect-g4-ptz-camara-de-giro-inclinacion-y-zoom-de-alto-rendimiento-con-transmision-de-video-4k-24-fps-zoom-optico-22x-y-vision-nocturna-led-ir-adaptativa\/","title":{"rendered":"UniFi Protect G4 PTZ c\u00e1mara de giro, inclinaci\u00f3n y zoom de alto rendimiento con transmisi\u00f3n de video 4K, 24 FPS, zoom \u00f3ptico 22x y visi\u00f3n nocturna LED IR adaptativa."},"content":{"rendered":"<div style='width: 100%; max-width: 1200px; margin: 0 auto; font-family: sans-serif; line-height: 1.6; color: inherit; background-color: transparent;'> <!-- Video secci\u00f3n --> <\/p>\n<div style='display: flex; flex-wrap: wrap; gap: 30px; margin-bottom: 30px;'>\n<div style='flex: 1 1 500px;'>\n<div style='position: relative; padding-bottom: 56.25%; height: 0; overflow: hidden;'>   <\/div>\n<\/p><\/div>\n<div style='flex: 1 1 500px;'>\n<h2 style='font-size: 20px; margin-top: 0; color: inherit;'> UniFi Protect G4 PTZ es una c\u00e1mara con giro&comma; inclinaci\u00f3n y zoom de alto rendimiento para transmisi\u00f3n de video 4K&comma; 24 FPS&comma; zoom \u00f3ptico 22x y visi\u00f3n nocturna LED IR adaptativa. <\/h2>\n<p style='color: inherit;'> La c\u00e1mara UniFi G4 PTZ es una c\u00e1mara superior de vigilancia para centros comerciales&comma; estacionamientos&comma; aeropuertos&comma; estaciones de tren y otros centros de transporte. La combinaci\u00f3n de las tecnolog\u00edas \u00f3pticas y de video avanzadas de G4 PTZ con la facilidad de uso de UniFi Protect crea una soluci\u00f3n \u00fanica para los entornos m\u00e1s exigentes. G4 PTZ viene con carcasa resistente a la intemperie IP66 y opciones de alimentaci\u00f3n flexibles. <\/p>\n<h3 style='font-size: 18px; color: inherit; margin-top: 20px;'>Caracter\u00edsticas principales:<\/h3>\n<ul style='padding-left: 20px; font-size: 15px; color: inherit;'>\n<li>Transmisi\u00f3n de video 4K&comma; 24 FPS<\/li>\n<li>Zoom \u00f3ptico 22x con lente F1.5<\/li>\n<li>Visi\u00f3n panor\u00e1mica e inclinaci\u00f3n a prueba de manipulaciones&comma; con servo retroalimentaci\u00f3n<\/li>\n<li>HDR de exposici\u00f3n m\u00faltiple<\/li>\n<li>LED IR adaptables&comma; distancia de visi\u00f3n nocturna de hasta 100 m<\/li>\n<li>Opciones de energ\u00eda flexibles: 802.3bt PoE ++<\/li>\n<li>Clasificaci\u00f3n de resistencia a la intemperie IP66<\/li>\n<li>Temperatura de funcionamiento -40\u00b0C a +50\u00b0C (-40\u00b0F a +122\u00b0F)<\/li>\n<li>Administrado con la aplicaci\u00f3n UniFi Protect y la aplicaci\u00f3n m\u00f3vil<\/li>\n<\/ul>\n<p style='margin-top: 20px; font-size: 14px; color: inherit;'> <strong>Nota:<\/strong> Se requiere UniFi Protect para ejecutar este producto con sus funcionalidades completas&comma; recomendamos usarlo con grabadores UniFi ( <a href='https:\/\/www.syscom.mx\/producto\/UNVR-UBIQUITI-NETWORKS-188480.html' style='color: inherit; text-decoration: underline;'>UNVR<\/a> \/ <a href='https:\/\/www.syscom.mx\/producto\/UNVR-PRO-UBIQUITI-NETWORKS-200341.html' style='color: inherit; text-decoration: underline;'>UNVR-PRO<\/a>) o Consolas con UniFi OS ( <a href='https:\/\/www.syscom.mx\/producto\/UDM-PRO-UBIQUITI-NETWORKS-177842.html' style='color: inherit; text-decoration: underline;'>UDM-PRO<\/a> \/ <a href='https:\/\/www.syscom.mx\/producto\/UDM-SE-UBIQUITI-NETWORKS-208007.html' style='color: inherit; text-decoration: underline;'>UDM-SE<\/a>) <\/p>\n<\/p><\/div>\n<\/p><\/div>\n<p> <!-- Secci\u00f3n de caracter\u00edsticas destacadas --> <\/p>\n<div style='margin: 40px 0;'>\n<div style='text-align: center; margin-bottom: 30px;'>\n<h2 style='font-size: 24px; color: inherit; margin: 0;'>Capture cada \u00e1ngulo y detalle<\/h2>\n<p style='font-size: 16px; color: inherit; opacity: 0.8;'>La G4 PTZ puede girar&comma; inclinarse y hacer zoom&comma; combinando un control vers\u00e1til y durabilidad de alta gama<\/p>\n<\/p><\/div>\n<div style='display: grid; grid-template-columns: repeat(auto-fill&comma; minmax(250px&comma; 1fr)); gap: 20px;'>\n<div style='border: 1px solid rgba(150&comma;150&comma;150&comma;0.3); border-radius: 8px; padding: 20px;'>\n<h3 style='text-align: center; font-size: 16px; color: inherit;'>Controles PTZ<\/h3>\n<p style='text-align: center;'> <img style='width: 100%; max-width: 77px; height: auto; border: 1px solid rgba(150&comma;150&comma;150&comma;0.3); border-radius: 8px;' src='https:\/\/ftp3.syscom.mx\/usuarios\/fotos\/UVCG4PTZ\/195663-ptz_controls.png' alt='Controles PTZ'> <\/p>\n<p style='text-align: center; font-size: 14px; color: inherit;'>Capacidad de giro panor\u00e1mico&comma; inclinaci\u00f3n y zoom<\/p>\n<\/p><\/div>\n<div style='border: 1px solid rgba(150&comma;150&comma;150&comma;0.3); border-radius: 8px; padding: 20px;'>\n<h3 style='text-align: center; font-size: 16px; color: inherit;'>Zoom \u00d3ptico 22x<\/h3>\n<p style='text-align: center;'> <img style='width: 100%; max-width: 76px; height: auto; border: 1px solid rgba(150&comma;150&comma;150&comma;0.3); border-radius: 8px;' src='https:\/\/ftp3.syscom.mx\/usuarios\/fotos\/UVCG4PTZ\/195663-optical_zoom.png' alt='Zoom \u00d3ptico 22x'> <\/p>\n<p style='text-align: center; font-size: 14px; color: inherit;'>Enfoque instant\u00e1neamente eventos importantes<\/p>\n<\/p><\/div>\n<div style='border: 1px solid rgba(150&comma;150&comma;150&comma;0.3); border-radius: 8px; padding: 20px;'>\n<h3 style='text-align: center; font-size: 16px; color: inherit;'>N\u00edtida resoluci\u00f3n 4K<\/h3>\n<p style='text-align: center;'> <img style='width: 100%; max-width: 73px; height: auto; border: 1px solid rgba(150&comma;150&comma;150&comma;0.3); border-radius: 8px;' src='https:\/\/ftp3.syscom.mx\/usuarios\/fotos\/UVCG4PTZ\/195663-4k.png' alt='Resoluci\u00f3n 4K'> <\/p>\n<p style='text-align: center; font-size: 14px; color: inherit;'>Captura videos 4K Ultra HD que brindan im\u00e1genes detalladas<\/p>\n<\/p><\/div>\n<div style='border: 1px solid rgba(150&comma;150&comma;150&comma;0.3); border-radius: 8px; padding: 20px;'>\n<h3 style='text-align: center; font-size: 16px; color: inherit;'>Carcasa con protecci\u00f3n IP66<\/h3>\n<p style='text-align: center;'> <img style='width: 100%; max-width: 74px; height: auto; border: 1px solid rgba(150&comma;150&comma;150&comma;0.3); border-radius: 8px;' src='https:\/\/ftp3.syscom.mx\/usuarios\/fotos\/UVCG4PTZ\/195663-ip66.png' alt='Carcasa IP66'> <\/p>\n<p style='text-align: center; font-size: 14px; color: inherit;'>Resistencia superior a la intemperie y a la manipulaci\u00f3n<\/p>\n<\/p><\/div>\n<div style='border: 1px solid rgba(150&comma;150&comma;150&comma;0.3); border-radius: 8px; padding: 20px;'>\n<h3 style='text-align: center; font-size: 16px; color: inherit;'>Visi\u00f3n nocturna LED IR<\/h3>\n<p style='text-align: center;'> <img style='width: 100%; max-width: 87px; height: auto; border: 1px solid rgba(150&comma;150&comma;150&comma;0.3); border-radius: 8px;' src='https:\/\/ftp3.syscom.mx\/usuarios\/fotos\/UVCG4PTZ\/195663-ir_led.png' alt='Visi\u00f3n nocturna LED IR'> <\/p>\n<p style='text-align: center; font-size: 14px; color: inherit;'>Captura objetos y movimiento claramente hasta a 100 mts. de distancia<\/p>\n<\/p><\/div>\n<\/p><\/div>\n<\/p><\/div>\n<p> <!-- Im\u00e1genes adicionales --> <\/p>\n<div style='margin: 40px 0;'>\n<h2 style='font-size: 20px; color: inherit; text-align: center; margin-bottom: 20px;'>Vea m\u00e1s en cada fotograma con resoluci\u00f3n 4K Ultra HD<\/h2>\n<p style='text-align: center; font-size: 16px; color: inherit;'>Identifique detalles finos incluso dentro de las escenas m\u00e1s anchas y saturadas.<\/p>\n<div style='margin: 20px 0;'> <img style='width: 100%; height: auto; border: 1px solid rgba(150&comma;150&comma;150&comma;0.3); border-radius: 8px;' src='https:\/\/cdn.shopify.com\/s\/files\/1\/1439\/1668\/files\/G4-PTZ-4k_resolution_graph.png?v=1615538094' alt='Resoluci\u00f3n 4K Ultra HD'> <\/div>\n<div style='display: grid; grid-template-columns: repeat(auto-fill&comma; minmax(300px&comma; 1fr)); gap: 20px; margin-top: 20px;'> <img style='width: 100%; height: auto; border: 1px solid rgba(150&comma;150&comma;150&comma;0.3); border-radius: 8px;' src='https:\/\/ftp3.syscom.mx\/usuarios\/fotos\/UVCG4PTZ\/195663-ptz1.png' alt='Vista frontal G4 PTZ'> <img style='width: 100%; height: auto; border: 1px solid rgba(150&comma;150&comma;150&comma;0.3); border-radius: 8px;' src='https:\/\/ftp3.syscom.mx\/usuarios\/fotos\/UVCG4PTZ\/195663-ptz2.png' alt='Vista lateral G4 PTZ'> <img style='width: 100%; height: auto; border: 1px solid rgba(150&comma;150&comma;150&comma;0.3); border-radius: 8px;' src='https:\/\/ftp3.syscom.mx\/usuarios\/fotos\/UVCG4PTZ\/195663-ptz3.png' alt='Instalaci\u00f3n G4 PTZ'> <img style='width: 100%; height: auto; border: 1px solid rgba(150&comma;150&comma;150&comma;0.3); border-radius: 8px;' src='https:\/\/ftp3.syscom.mx\/usuarios\/fotos\/UVCG4PTZ\/195663-ptz4.png' alt='Configuraci\u00f3n G4 PTZ'> <img style='width: 100%; height: auto; border: 1px solid rgba(150&comma;150&comma;150&comma;0.3); border-radius: 8px;' src='https:\/\/ftp3.syscom.mx\/usuarios\/fotos\/UVCG4PTZ\/195663-ptz5.png' alt='Escena capturada con G4 PTZ'> <\/div>\n<\/p><\/div>\n<p> <!-- Secci\u00f3n de UniFi Protect --> <\/p>\n<div style='margin: 40px 0;'>\n<div style='text-align: center; margin-bottom: 30px;'>\n<h2 style='font-size: 20px; color: inherit; margin: 0;'>Vigilancia simple&comma; comprensible y escalable<\/h2>\n<p style='font-size: 16px; color: inherit; opacity: 0.8;'>Cree su sistema de vigilancia ideal y monit\u00f3relo f\u00e1cilmente con UniFi Protect<\/p>\n<\/p><\/div>\n<div style='display: flex; flex-wrap: wrap; gap: 30px; align-items: center;'>\n<div style='flex: 1 1 400px;'> <img style='width: 100%; height: auto; border: 1px solid rgba(150&comma;150&comma;150&comma;0.3); border-radius: 8px;' src='https:\/\/ftp3.syscom.mx\/usuarios\/fotos\/UVCG4PTZ\/195663-unifi_protect.png' alt='UniFi Protect'> <\/div>\n<div style='flex: 1 1 400px;'>\n<ul style='padding-left: 20px; font-size: 15px; color: inherit;'>\n<li style='margin-bottom: 10px;'>Administre de manera centralizada sus dispositivos con una interfaz intuitiva<\/li>\n<li style='margin-bottom: 10px;'>Ampl\u00ede su implementaci\u00f3n con una plataforma f\u00e1cil de usar dise\u00f1ada para la escalabilidad<\/li>\n<li style='margin-bottom: 10px;'>Disfrute de completo y localizado acceso a sus c\u00e1maras y grabaciones sin necesidad de suscripci\u00f3n<\/li>\n<li style='margin-bottom: 10px;'>Optimice la seguridad de su edificio con una amplia variedad de productos plug-and-play<\/li>\n<li style='margin-bottom: 10px;'>Configure dispositivos r\u00e1pidamente y admin\u00edstrelos sobre la marcha con una potente aplicaci\u00f3n m\u00f3vil<\/li>\n<\/ul><\/div>\n<\/p><\/div>\n<\/p><\/div>\n<\/p><\/div>\n","protected":false},"excerpt":{"rendered":"<p>UniFi Protect G4 PTZ c\u00e1mara de giro, inclinaci\u00f3n y zoom de alto rendimiento con transmisi\u00f3n de video 4K, 24 FPS, zoom \u00f3ptico 22x y visi\u00f3n nocturna LED IR adaptativa.<\/p>\n","protected":false},"featured_media":105260,"comment_status":"open","ping_status":"closed","template":"","meta":[],"product_brand":[],"product_cat":[1224],"product_tag":[122,1225,166],"class_list":{"0":"post-105261","1":"product","2":"type-product","3":"status-publish","4":"has-post-thumbnail","6":"product_cat-ptz","7":"product_tag-camaras-ip-y-nvrs","8":"product_tag-ptz","9":"product_tag-ubiquiti","11":"first","12":"outofstock","13":"sale","14":"shipping-taxable","15":"purchasable","16":"product-type-simple"},"_links":{"self":[{"href":"https:\/\/soydeaqui.ddns.net\/pachuca\/index.php\/wp-json\/wp\/v2\/product\/105261","targetHints":{"allow":["GET"]}}],"collection":[{"href":"https:\/\/soydeaqui.ddns.net\/pachuca\/index.php\/wp-json\/wp\/v2\/product"}],"about":[{"href":"https:\/\/soydeaqui.ddns.net\/pachuca\/index.php\/wp-json\/wp\/v2\/types\/product"}],"replies":[{"embeddable":true,"href":"https:\/\/soydeaqui.ddns.net\/pachuca\/index.php\/wp-json\/wp\/v2\/comments?post=105261"}],"wp:featuredmedia":[{"embeddable":true,"href":"https:\/\/soydeaqui.ddns.net\/pachuca\/index.php\/wp-json\/wp\/v2\/media\/105260"}],"wp:attachment":[{"href":"https:\/\/soydeaqui.ddns.net\/pachuca\/index.php\/wp-json\/wp\/v2\/media?parent=105261"}],"wp:term":[{"taxonomy":"product_brand","embeddable":true,"href":"https:\/\/soydeaqui.ddns.net\/pachuca\/index.php\/wp-json\/wp\/v2\/product_brand?post=105261"},{"taxonomy":"product_cat","embeddable":true,"href":"https:\/\/soydeaqui.ddns.net\/pachuca\/index.php\/wp-json\/wp\/v2\/product_cat?post=105261"},{"taxonomy":"product_tag","embeddable":true,"href":"https:\/\/soydeaqui.ddns.net\/pachuca\/index.php\/wp-json\/wp\/v2\/product_tag?post=105261"}],"curies":[{"name":"wp","href":"https:\/\/api.w.org\/{rel}","templated":true}]}}