{"id":105256,"date":"2026-03-20T15:15:13","date_gmt":"2026-03-20T15:15:13","guid":{"rendered":"https:\/\/soydeaqui.ddns.net\/pachuca\/index.php\/producto\/pinza-ponchadora-para-cables-rg58-rg59-rg62-rg6-6q-rg7-rg11-y-conector-f-bnc-y-rca\/"},"modified":"2026-03-20T15:15:23","modified_gmt":"2026-03-20T15:15:23","slug":"pinza-ponchadora-para-cables-rg58-rg59-rg62-rg6-6q-rg7-rg11-y-conector-f-bnc-y-rca","status":"publish","type":"product","link":"https:\/\/soydeaqui.ddns.net\/pachuca\/index.php\/producto\/pinza-ponchadora-para-cables-rg58-rg59-rg62-rg6-6q-rg7-rg11-y-conector-f-bnc-y-rca\/","title":{"rendered":"Pinza Ponchadora para  Cables RG58, RG59, RG62, RG6\/6Q, RG7, RG11 y Conector F, BNC y RCA."},"content":{"rendered":"<div style='width: 100%; max-width: 1200px; margin: 0 auto; font-family: sans-serif; line-height: 1.6; color: inherit; background-color: transparent;'>\n<div style='display: flex; flex-wrap: wrap; gap: 30px; margin-bottom: 30px;'>\n<div style='flex: 1 1 300px; min-width: 280px;'>\n<h3 style='font-size: 22px; border-bottom: 2px solid currentColor; padding-bottom: 5px; margin-top: 0; color: inherit; opacity: 0.8;'>Caracter\u00edsticas<\/h3>\n<ul style='padding-left: 20px; font-size: 15px; color: inherit;'>\n<li style='margin-bottom: 5px;'>Una sola herramienta para ponchar la mayor\u00eda de tama\u00f1os de cable&comma; tanto para cableado interior (dependencias) como exterior (servicios)<\/li>\n<li style='margin-bottom: 5px;'>Poncha conectores de compresi\u00f3n F&comma; BNC y RCA en cables coaxiales: Minicoaxiales&comma; RG58&comma; RG59&comma; RG62&comma; RG6\/6Q&comma; RG7&comma; y RG11<\/li>\n<li style='margin-bottom: 5px;'>Estructura de fundici\u00f3n de zinc de alta resistencia que ofrece un desempe\u00f1o duradero y larga vida \u00fatil<\/li>\n<li style='margin-bottom: 5px;'>Marcas de calibre F\/BNC\/RCA en la herramienta para lograr un posicionamiento preciso y ajustes r\u00e1pidos del \u00e9mbolo<\/li>\n<li style='margin-bottom: 5px;'>Exclusiva rueda de selecci\u00f3n de cables que elimina la necesidad de cambiar las puntas del \u00e9mbolo&comma; lo que ahorra tiempo y evita que se pierdan piezas<\/li>\n<li style='margin-bottom: 5px;'>Dise\u00f1o abierto para una f\u00e1cil inserci\u00f3n&comma; completa compresi\u00f3n y simple extracci\u00f3n del conector<\/li>\n<li style='margin-bottom: 5px;'>Para brindar mayor comodidad&comma; la tuerca de bloqueo retiene la configuraci\u00f3n del \u00e9mbolo<\/li>\n<li style='margin-bottom: 5px;'>Retorno con resorte que ofrece al usuario mayor comodidad y facilita el uso<\/li>\n<li style='margin-bottom: 5px;'>\u00c9mbolo universal ajustable que garantiza el ponchado \u00f3ptimo de m\u00faltiples tipos de conectores<\/li>\n<li style='margin-bottom: 5px;'>Seguro integrado en el mango para guardar f\u00e1cilmente.<\/li>\n<\/ul><\/div>\n<\/p><\/div>\n<div style='display: flex; flex-wrap: wrap; gap: 20px; margin-bottom: 30px;'>\n<div style='flex: 1 1 250px; border: 1px solid rgba(150&comma; 150&comma; 150&comma; 0.4); border-radius: 8px; overflow: hidden; display: flex; flex-direction: column;'>\n<div style='padding: 15px; border-bottom: 1px solid rgba(150&comma; 150&comma; 150&comma; 0.2); font-weight: bold; font-size: 18px; color: inherit;'>Especificaciones<\/div>\n<div style='padding: 15px; color: inherit;'>\n<ul style='padding-left: 20px; margin: 0; font-size: 14px; list-style-type: disc;'>\n<li style='margin-bottom: 5px;'><strong style='color: inherit;'>Material:<\/strong> Fundici\u00f3n de Zinc<\/li>\n<li style='margin-bottom: 5px;'><strong style='color: inherit;'>Longitud total:<\/strong> 6.25&#8242; (15.9 cm)<\/li>\n<li style='margin-bottom: 5px;'><strong style='color: inherit;'>Color:<\/strong> Amarillo\/negro<\/li>\n<li style='margin-bottom: 5px;'><strong style='color: inherit;'>Tipo de Cable:<\/strong> Minicoaxiales<\/li>\n<li style='margin-bottom: 5px;'><strong style='color: inherit;'>Tipo de cable:<\/strong> RG58&comma; RG59&comma; RG62&comma; RG6\/6Q&comma; RG7 y RG11<\/li>\n<li style='margin-bottom: 5px;'><strong style='color: inherit;'>Tipo de conector:<\/strong> F&comma; BNC y RCA<\/li>\n<li style='margin-bottom: 5px;'><strong style='color: inherit;'>Peso:<\/strong> 0.5 kg (1.2 lb)<\/li>\n<\/ul><\/div>\n<\/p><\/div>\n<\/p><\/div>\n<div style='margin: 30px 0;'>\n<div style='position: relative; padding-bottom: 56.25%; height: 0; overflow: hidden; margin-bottom: 30px;'>   <\/div>\n<\/p><\/div>\n<\/p><\/div>\n","protected":false},"excerpt":{"rendered":"<p>Pinza Ponchadora para  Cables RG58, RG59, RG62, RG6\/6Q, RG7, RG11 y Conector F, BNC y RCA.<\/p>\n","protected":false},"featured_media":105255,"comment_status":"open","ping_status":"closed","template":"","meta":[],"product_brand":[],"product_cat":[130],"product_tag":[25,131,432],"class_list":{"0":"post-105256","1":"product","2":"type-product","3":"status-publish","4":"has-post-thumbnail","6":"product_cat-herramientas-electricas","7":"product_tag-herramientas","8":"product_tag-herramientas-electricas","9":"product_tag-klein-tools","11":"first","12":"instock","13":"sale","14":"shipping-taxable","15":"purchasable","16":"product-type-simple"},"_links":{"self":[{"href":"https:\/\/soydeaqui.ddns.net\/pachuca\/index.php\/wp-json\/wp\/v2\/product\/105256","targetHints":{"allow":["GET"]}}],"collection":[{"href":"https:\/\/soydeaqui.ddns.net\/pachuca\/index.php\/wp-json\/wp\/v2\/product"}],"about":[{"href":"https:\/\/soydeaqui.ddns.net\/pachuca\/index.php\/wp-json\/wp\/v2\/types\/product"}],"replies":[{"embeddable":true,"href":"https:\/\/soydeaqui.ddns.net\/pachuca\/index.php\/wp-json\/wp\/v2\/comments?post=105256"}],"wp:featuredmedia":[{"embeddable":true,"href":"https:\/\/soydeaqui.ddns.net\/pachuca\/index.php\/wp-json\/wp\/v2\/media\/105255"}],"wp:attachment":[{"href":"https:\/\/soydeaqui.ddns.net\/pachuca\/index.php\/wp-json\/wp\/v2\/media?parent=105256"}],"wp:term":[{"taxonomy":"product_brand","embeddable":true,"href":"https:\/\/soydeaqui.ddns.net\/pachuca\/index.php\/wp-json\/wp\/v2\/product_brand?post=105256"},{"taxonomy":"product_cat","embeddable":true,"href":"https:\/\/soydeaqui.ddns.net\/pachuca\/index.php\/wp-json\/wp\/v2\/product_cat?post=105256"},{"taxonomy":"product_tag","embeddable":true,"href":"https:\/\/soydeaqui.ddns.net\/pachuca\/index.php\/wp-json\/wp\/v2\/product_tag?post=105256"}],"curies":[{"name":"wp","href":"https:\/\/api.w.org\/{rel}","templated":true}]}}