{"id":105254,"date":"2026-03-20T15:15:07","date_gmt":"2026-03-20T15:15:07","guid":{"rendered":"https:\/\/soydeaqui.ddns.net\/pachuca\/index.php\/producto\/punta-de-poste-ip-dual-termica-50-mm-384-x-288-optico-40x-4-megapixel-800-mts-ir-ip66-deteccion-de-temperatura-microsd\/"},"modified":"2026-03-20T15:15:09","modified_gmt":"2026-03-20T15:15:09","slug":"punta-de-poste-ip-dual-termica-50-mm-384-x-288-optico-40x-4-megapixel-800-mts-ir-ip66-deteccion-de-temperatura-microsd","status":"publish","type":"product","link":"https:\/\/soydeaqui.ddns.net\/pachuca\/index.php\/producto\/punta-de-poste-ip-dual-termica-50-mm-384-x-288-optico-40x-4-megapixel-800-mts-ir-ip66-deteccion-de-temperatura-microsd\/","title":{"rendered":"Punta de Poste IP Dual \/ T\u00e9rmica 50 mm (384 X 288) + \u00d3ptico 40X (4 Megapixel) \/ 800 mts IR \/ IP66 \/ Detecci\u00f3n de Temperatura \/ microSD"},"content":{"rendered":"<div style='width: 100%; max-width: 1200px; margin: 0 auto; font-family: sans-serif; line-height: 1.6; color: inherit; background-color: transparent;'> <!-- Logo Hikvision --> <\/p>\n<p style='text-align: center; margin: 0 0 20px 0;'><img style='width: 45%; height: auto; border: 1px solid rgba(150&comma;150&comma;150&comma;0.3); border-radius: 8px;' src='https:\/\/ftp3.syscom.mx\/usuarios\/jsosa\/HIKVISION\/imagenes\/logo\/hikvision%20see%20far.png' alt='Logo Hikvision'><\/p>\n<p> <!-- Videos --> <\/p>\n<div style='display: flex; flex-wrap: wrap; gap: 20px; margin: 30px 0;'>\n<div style='flex: 1 1 400px; min-width: 300px; position: relative; padding-bottom: 56.25%; height: 0; overflow: hidden;'>   <\/div>\n<div style='flex: 1 1 400px; min-width: 300px; position: relative; padding-bottom: 56.25%; height: 0; overflow: hidden;'>   <\/div>\n<\/p><\/div>\n<p> <!-- Caracter\u00edsticas principales --> <\/p>\n<div style='display: flex; flex-wrap: wrap; gap: 30px; margin: 30px 0;'> <!-- Caracter\u00edsticas del lente t\u00e9rmico y \u00f3ptico --> <\/p>\n<div style='flex: 1 1 300px; min-width: 280px;'>\n<h3 style='font-size: 22px; border-bottom: 2px solid currentColor; padding-bottom: 5px; margin-top: 0; color: inherit; opacity: 0.8;'>Caracter\u00edsticas del lente t\u00e9rmico:<\/h3>\n<ul style='padding-left: 20px; font-size: 15px; color: inherit;'>\n<li style='margin-bottom: 5px;'>Lente fijo: 50 mm.<\/li>\n<li style='margin-bottom: 5px;'>Resoluci\u00f3n: 384 x 288.<\/li>\n<li style='margin-bottom: 5px;'>Sensor de imagen: oxido de vanadio&comma; detector de plano focal no refrigerado.<\/li>\n<li style='margin-bottom: 5px;'>Identificaci\u00f3n de personas: 184 mts aproximado.<\/li>\n<li style='margin-bottom: 5px;'>Identificaci\u00f3n de veh\u00edculos: 564 mts aproximado.<\/li>\n<\/ul>\n<h3 style='font-size: 22px; border-bottom: 2px solid currentColor; padding-bottom: 5px; margin-top: 25px; color: inherit; opacity: 0.8;'>Caracter\u00edsticas del lente \u00f3ptico:<\/h3>\n<ul style='padding-left: 20px; font-size: 15px; color: inherit;'>\n<li style='margin-bottom: 5px;'>Distancia focal: 6 &#8211; 240 mm \/ 40X \u00f3ptico \/ 16X digital.<\/li>\n<li style='margin-bottom: 5px;'>Resoluci\u00f3n: 4 Megapixel (2688 \u00d7 1520).<\/li>\n<li style='margin-bottom: 5px;'>Sensor de imagen: 1\/1.8 CMOS Scan Progresivo.<\/li>\n<li style='margin-bottom: 5px;'>Iluminaci\u00f3n m\u00ednima: Color: 0.005 Lux @ (F1.5&comma; AGC ON)&comma; B\/N: 0.0001 Lux @ (F1.5&comma; AGC ON).<\/li>\n<li style='margin-bottom: 5px;'>WDR real 120 dB \/ 3D-DNR.<\/li>\n<li style='margin-bottom: 5px;'>800 mts IR (visi\u00f3n nocturna).<\/li>\n<\/ul><\/div>\n<p> <!-- Caracter\u00edsticas f\u00edsicas y el\u00e9ctricas --> <\/p>\n<div style='flex: 1 1 300px; min-width: 280px;'>\n<h3 style='font-size: 22px; border-bottom: 2px solid currentColor; padding-bottom: 5px; margin-top: 0; color: inherit; opacity: 0.8;'>Caracter\u00edsticas F\u00edsicas y El\u00e9ctricas:<\/h3>\n<ul style='padding-left: 20px; font-size: 15px; color: inherit;'>\n<li style='margin-bottom: 5px;'>Alimentaci\u00f3n: 24 Vca \/ 120 watts.<\/li>\n<li style='margin-bottom: 5px;'>Temperatura de operaci\u00f3n: -40\u00baC a 60\u00baC.<\/li>\n<li style='margin-bottom: 5px;'>Protecci\u00f3n: IP66<\/li>\n<li style='margin-bottom: 5px;'>Dimensiones: 486.1 X 351.6 X 450.3 mm<\/li>\n<li style='margin-bottom: 5px;'>Peso: 20 Kg.<\/li>\n<\/ul>\n<h3 style='font-size: 22px; border-bottom: 2px solid currentColor; padding-bottom: 5px; margin-top: 25px; color: inherit; opacity: 0.8;'>Funciones avanzadas:<\/h3>\n<ul style='padding-left: 20px; font-size: 15px; color: inherit;'>\n<li style='margin-bottom: 5px;'>4 Videoanal\u00edticos integrados (Cruce de l\u00ednea&comma; Intrusi\u00f3n de \u00e1rea&comma; Regi\u00f3n de entrada \/ Regi\u00f3n de salida).<\/li>\n<li style='margin-bottom: 5px;'>Rango de temperatura: -20\u00baC a 150\u00baC (-4\u00baF a 302\u00baF).<\/li>\n<li style='margin-bottom: 5px;'>Eficiencia de rango: 8\u00baC.<\/li>\n<li style='margin-bottom: 5px;'>Detecci\u00f3n de fuego: Detecci\u00f3n din\u00e1mica de incendio&comma; hasta 10 puntos de incendio detectables.<\/li>\n<li style='margin-bottom: 5px;'>Muestra la temperatura del escenario a visualizar.<\/li>\n<\/ul><\/div>\n<p> <!-- Imagen y compresi\u00f3n e integraci\u00f3n --> <\/p>\n<div style='flex: 1 1 300px; min-width: 280px;'>\n<h3 style='font-size: 22px; border-bottom: 2px solid currentColor; padding-bottom: 5px; margin-top: 0; color: inherit; opacity: 0.8;'>Imagen y compresi\u00f3n:<\/h3>\n<ul style='padding-left: 20px; font-size: 15px; color: inherit;'>\n<li style='margin-bottom: 5px;'>Lente \u00f3ptico: 60Hz: 30 fps (2688 \u00d7 1520) \/ 30 fps (1920 x 1080) \/ 30fps (1280 x 960) \/ 30fps (1280 \u00d7 720).<\/li>\n<li style='margin-bottom: 5px;'>Lente t\u00e9rmico: 50fps (384 X 288).<\/li>\n<li style='margin-bottom: 5px;'>Compresi\u00f3n: H.265+\/ H.264+ \/ H.265 \/ H.264 \/ MJPEG.<\/li>\n<li style='margin-bottom: 5px;'>Soporta hasta 20 usuarios simult\u00e1neos.<\/li>\n<\/ul>\n<h3 style='font-size: 22px; border-bottom: 2px solid currentColor; padding-bottom: 5px; margin-top: 25px; color: inherit; opacity: 0.8;'>Integraci\u00f3n:<\/h3>\n<ul style='padding-left: 20px; font-size: 15px; color: inherit;'>\n<li style='margin-bottom: 5px;'>7 entradas de alarma (0 &#8211; 5 Vcc).<\/li>\n<li style='margin-bottom: 5px;'>2 salidas de alarma.<\/li>\n<li style='margin-bottom: 5px;'>1 entrada de audio.<\/li>\n<li style='margin-bottom: 5px;'>1 salida de audio.<\/li>\n<li style='margin-bottom: 5px;'>1 puerto de red (10 \/ 100 Mbps).<\/li>\n<li style='margin-bottom: 5px;'>Soporta memoria micro SD de hasta 64 Gb.<\/li>\n<li style='margin-bottom: 5px;'>Soporta salida de video anal\u00f3gica \/ 75 \u03a9.<\/li>\n<li style='margin-bottom: 5px;'>Cuenta con limpiaparabrisas.<\/li>\n<\/ul><\/div>\n<\/p><\/div>\n<p> <!-- Recursos --> <\/p>\n<div style='margin: 40px 0;'>\n<h2 style='text-align: center; font-size: 24px; margin-bottom: 30px; color: inherit; opacity: 0.9;'>Recursos<\/h2>\n<div style='display: flex; flex-wrap: wrap; gap: 20px; justify-content: center;'>\n<div style='flex: 1 1 300px; min-width: 250px;'> <a href='https:\/\/www.hikvision.com\/es-la\/support\/download\/software\/ivms4200-series\/?q=serie%20ivms4200&#038;position=1' target='_blank' rel='noopener' style='text-decoration: none; color: inherit;'> <img style='width: 100%; height: auto; border: 1px solid rgba(150&comma;150&comma;150&comma;0.3); border-radius: 8px; margin-bottom: 10px;' src='https:\/\/ftp3.syscom.mx\/usuarios\/gmagos\/HIK\/IP\/IPC\/Imagenes%20pagina\/Descargas%20IVMS4200.jpg' alt='IVMS4200 Software'> <\/a> <\/div>\n<div style='flex: 1 1 300px; min-width: 250px;'> <a href='https:\/\/appstore.hikvision.com\/' target='_blank' rel='noopener' style='text-decoration: none; color: inherit;'> <img style='width: 100%; height: auto; border: 1px solid rgba(150&comma;150&comma;150&comma;0.3); border-radius: 8px; margin-bottom: 10px;' src='https:\/\/ftp3.syscom.mx\/usuarios\/gmagos\/HIK\/IP\/IPC\/Imagenes%20pagina\/Descargas%20de%20app.jpg' alt='App Store Hikvision'> <\/a> <\/div>\n<div style='flex: 1 1 300px; min-width: 250px;'> <a href='https:\/\/ftp3.syscom.mx\/usuarios\/ftp\/2021\/04\/01\/633a9\/DS-2TD6237-50H4L_W_V5.5.25_20210104.pdf' target='_blank' rel='noopener' style='text-decoration: none; color: inherit;'> <img style='width: 100%; height: auto; border: 1px solid rgba(150&comma;150&comma;150&comma;0.3); border-radius: 8px; margin-bottom: 10px;' src='https:\/\/ftp3.syscom.mx\/usuarios\/gmagos\/HIK\/IP\/IPC\/Imagenes%20pagina\/Descarga%20de%20PDF.jpg' alt='Ficha t\u00e9cnica PDF'> <\/a> <\/div>\n<\/p><\/div>\n<\/p><\/div>\n<p> <!-- Banner soluci\u00f3n t\u00e9rmica --> <\/p>\n<div style='margin: 30px 0;'> <img style='width: 100%; height: auto; border: 1px solid rgba(150&comma;150&comma;150&comma;0.3); border-radius: 8px;' src='https:\/\/ftp3.syscom.mx\/usuarios\/jsosa\/banners\/solucion-termica.jpg' alt='Soluci\u00f3n t\u00e9rmica'> <\/div>\n<\/p><\/div>\n","protected":false},"excerpt":{"rendered":"<p>Punta de Poste IP Dual \/ T\u00e9rmica 50 mm (384 X 288) + \u00d3ptico 40X (4 Megapixel) \/ 800 mts IR \/ IP66 \/ Detecci\u00f3n de Temperatura \/ microSD<\/p>\n","protected":false},"featured_media":105253,"comment_status":"open","ping_status":"closed","template":"","meta":[],"product_brand":[],"product_cat":[1049],"product_tag":[122,54,1050],"class_list":{"0":"post-105254","1":"product","2":"type-product","3":"status-publish","4":"has-post-thumbnail","6":"product_cat-termicas","7":"product_tag-camaras-ip-y-nvrs","8":"product_tag-hikvision","9":"product_tag-termicas","11":"first","12":"outofstock","13":"sale","14":"shipping-taxable","15":"purchasable","16":"product-type-simple"},"_links":{"self":[{"href":"https:\/\/soydeaqui.ddns.net\/pachuca\/index.php\/wp-json\/wp\/v2\/product\/105254","targetHints":{"allow":["GET"]}}],"collection":[{"href":"https:\/\/soydeaqui.ddns.net\/pachuca\/index.php\/wp-json\/wp\/v2\/product"}],"about":[{"href":"https:\/\/soydeaqui.ddns.net\/pachuca\/index.php\/wp-json\/wp\/v2\/types\/product"}],"replies":[{"embeddable":true,"href":"https:\/\/soydeaqui.ddns.net\/pachuca\/index.php\/wp-json\/wp\/v2\/comments?post=105254"}],"wp:featuredmedia":[{"embeddable":true,"href":"https:\/\/soydeaqui.ddns.net\/pachuca\/index.php\/wp-json\/wp\/v2\/media\/105253"}],"wp:attachment":[{"href":"https:\/\/soydeaqui.ddns.net\/pachuca\/index.php\/wp-json\/wp\/v2\/media?parent=105254"}],"wp:term":[{"taxonomy":"product_brand","embeddable":true,"href":"https:\/\/soydeaqui.ddns.net\/pachuca\/index.php\/wp-json\/wp\/v2\/product_brand?post=105254"},{"taxonomy":"product_cat","embeddable":true,"href":"https:\/\/soydeaqui.ddns.net\/pachuca\/index.php\/wp-json\/wp\/v2\/product_cat?post=105254"},{"taxonomy":"product_tag","embeddable":true,"href":"https:\/\/soydeaqui.ddns.net\/pachuca\/index.php\/wp-json\/wp\/v2\/product_tag?post=105254"}],"curies":[{"name":"wp","href":"https:\/\/api.w.org\/{rel}","templated":true}]}}