{"id":105249,"date":"2026-03-20T15:14:54","date_gmt":"2026-03-20T15:14:54","guid":{"rendered":"https:\/\/soydeaqui.ddns.net\/pachuca\/index.php\/producto\/frente-de-calle-analogico-metalico-adicional-para-videoportero-ds-kis203-y-ds-kis303-p\/"},"modified":"2026-03-20T15:15:04","modified_gmt":"2026-03-20T15:15:04","slug":"frente-de-calle-analogico-metalico-adicional-para-videoportero-ds-kis203-y-ds-kis303-p","status":"publish","type":"product","link":"https:\/\/soydeaqui.ddns.net\/pachuca\/index.php\/producto\/frente-de-calle-analogico-metalico-adicional-para-videoportero-ds-kis203-y-ds-kis303-p\/","title":{"rendered":"Frente de Calle Anal\u00f3gico MET\u00c1LICO Adicional para Videoportero DS-KIS203 y DS-KIS303-P"},"content":{"rendered":"<div style='width: 100%; max-width: 1200px; margin: 0 auto; font-family: sans-serif; line-height: 1.6; color: inherit; background-color: transparent;'> <!-- Encabezado con logos --> <\/p>\n<div style='text-align: center; margin-bottom: 30px;'>\n<h3 style='margin: 0;'> <img style='width: 100%; max-width: 400px; height: auto; border: 1px solid rgba(150&comma;150&comma;150&comma;0.3); border-radius: 8px;' src='http:\/\/ftp3.syscom.mx\/usuarios\/jdelafuente\/HIKVISION\/hikvision%20logo%20complete.png' alt='Logo Hikvision' \/> <\/p>\n<p> <img style='width: 100%; max-width: 900px; height: auto; border: 1px solid rgba(150&comma;150&comma;150&comma;0.3); border-radius: 8px;' src='https:\/\/ftp3.syscom.mx\/usuarios\/jdelafuente\/HIKVISION\/Intercom\/tv-porteros_banner.jpg' alt='Banner TV Porteros' \/> <\/h3>\n<\/p><\/div>\n<p> <!-- Videos en 2 columnas responsive --> <\/p>\n<div style='display: flex; flex-wrap: wrap; gap: 30px; margin-bottom: 30px;'> <!-- Video izquierdo --> <\/p>\n<div style='flex: 1 1 45%; min-width: 300px;'>\n<div style='position: relative; padding-bottom: 56.25%; height: 0; overflow: hidden; margin-bottom: 30px;'>   <\/div>\n<\/p><\/div>\n<p> <!-- Video derecho --> <\/p>\n<div style='flex: 1 1 45%; min-width: 300px;'>\n<div style='position: relative; padding-bottom: 56.25%; height: 0; overflow: hidden; margin-bottom: 30px;'>   <\/div>\n<\/p><\/div>\n<\/p><\/div>\n<p> <!-- Caracter\u00edsticas --> <\/p>\n<div style='margin-bottom: 30px;'>\n<div style='display: flex; flex-wrap: wrap; gap: 30px;'>\n<div style='flex: 1 1 100%; min-width: 280px;'>\n<h3 style='font-size: 22px; border-bottom: 2px solid currentColor; padding-bottom: 5px; margin-top: 0; color: inherit; opacity: 0.8;'>Caracter\u00edsticas:<\/h3>\n<ul style='padding-left: 20px; font-size: 15px; color: inherit;'>\n<li style='margin-bottom: 5px;'>IR auto adaptable incluido para 2 mts de distancia.<\/li>\n<li style='margin-bottom: 5px;'>C\u00e1mara tipo pinhole de 720 x 576 @ 30 fps.<\/li>\n<li style='margin-bottom: 5px;'>Llamada de un solo toque.<\/li>\n<li style='margin-bottom: 5px;'>\u00c1ngulo de apertura: 98\u00b0.<\/li>\n<li style='margin-bottom: 5px;'>Salida de relevador de contacto seco para apertura.<\/li>\n<li style='margin-bottom: 5px;'>Audio:\n<ul style='padding-left: 20px; margin-top: 10px; color: inherit;'>\n<li style='margin-bottom: 5px;'>IN: Micr\u00f3fono omnidireccional intercontruido.<\/li>\n<li style='margin-bottom: 5px;'>OUT: Altavoz intercontruido.<\/li>\n<li style='margin-bottom: 5px;'>Calidad: Supresi\u00f3n de ruido y cancelaci\u00f3n de eco.<\/li>\n<\/ul>\n<\/li>\n<\/ul><\/div>\n<\/p><\/div>\n<\/p><\/div>\n<p> <!-- Separador --> <\/p>\n<hr style='border: 0; border-top: 1px solid rgba(150&comma; 150&comma; 150&comma; 0.3); margin: 30px 0;'> <!-- Especificaciones T\u00e9cnicas --> <\/p>\n<div style='margin-bottom: 30px;'>\n<div style='display: flex; flex-wrap: wrap; gap: 30px;'>\n<div style='flex: 1 1 100%; min-width: 280px;'>\n<h3 style='font-size: 22px; border-bottom: 2px solid currentColor; padding-bottom: 5px; margin-top: 0; color: inherit; opacity: 0.8;'>Especificaciones T\u00e9cnicas:<\/h3>\n<ul style='padding-left: 20px; font-size: 15px; color: inherit;'>\n<li style='margin-bottom: 5px;'>Material: Aleaci\u00f3n de zinc antioxidante.<\/li>\n<li style='margin-bottom: 5px;'>Protecci\u00f3n: IP65 (Nota: requiere protecci\u00f3n ya que no es para interperie)<\/li>\n<li style='margin-bottom: 5px;'>Consumo el\u00e9ctrico: 5 W.<\/li>\n<li style='margin-bottom: 5px;'>Temperatura de operaci\u00f3n: -30\u00b0 ~ 70\u00b0 C (-22\u00b0 ~ 158\u00b0 F)<\/li>\n<li style='margin-bottom: 5px;'>Dimensiones: 145 \u00d7 49.2 \u00d7 26.45 mm (5.7&#8242; \u00d7 1.9&#8242; \u00d7 1.0&#8242;)<\/li>\n<\/ul><\/div>\n<\/p><\/div>\n<\/p><\/div>\n<p> <!-- Separador --> <\/p>\n<hr style='border: 0; border-top: 1px solid rgba(150&comma; 150&comma; 150&comma; 0.3); margin: 30px 0;'> <!-- Compatibilidad --> <\/p>\n<div style='margin-bottom: 30px;'>\n<div style='display: flex; flex-wrap: wrap; gap: 30px;'>\n<div style='flex: 1 1 100%; min-width: 280px;'>\n<h3 style='font-size: 22px; border-bottom: 2px solid currentColor; padding-bottom: 5px; margin-top: 0; color: inherit; opacity: 0.8;'>Compatible con:<\/h3>\n<ul style='padding-left: 20px; font-size: 15px; color: inherit;'>\n<li style='margin-bottom: 5px;'>DS-KH2220<\/li>\n<li style='margin-bottom: 5px;'>DS-KIS203<\/li>\n<li style='margin-bottom: 5px;'>DS-KH6320WTDE1<\/li>\n<li style='margin-bottom: 5px;'>DSKIS203-T<\/li>\n<li style='margin-bottom: 5px;'>DS-KIS303-P<\/li>\n<\/ul><\/div>\n<\/p><\/div>\n<\/p><\/div>\n<p> <!-- Separador --> <\/p>\n<hr style='border: 0; border-top: 1px solid rgba(150&comma; 150&comma; 150&comma; 0.3); margin: 30px 0;'> <!-- Soporte T\u00e9cnico --> <\/p>\n<div style='margin-bottom: 30px;'>\n<div style='display: flex; flex-wrap: wrap; gap: 30px;'>\n<div style='flex: 1 1 100%; min-width: 280px;'>\n<h3 style='font-size: 22px; border-bottom: 2px solid currentColor; padding-bottom: 5px; margin-top: 0; color: inherit; opacity: 0.8;'>Soporte T\u00e9cnico:<\/h3>\n<ul style='padding-left: 20px; font-size: 15px; color: inherit;'>\n<li style='margin-bottom: 5px;'>Si requiere soporte t\u00e9cnico de clic <a href='https:\/\/soporte.syscom.mx\/es\/articles\/10706576-hikvision-repositorio-configuracion-videoporteros' target='_blank' rel='noopener' style='color: inherit; text-decoration: underline;'>aqui<\/a><\/li>\n<\/ul><\/div>\n<\/p><\/div>\n<\/p><\/div>\n<p> <!-- Separador --> <\/p>\n<hr style='border: 0; border-top: 1px solid rgba(150&comma; 150&comma; 150&comma; 0.3); margin: 30px 0;'> <!-- Diagramas --> <\/p>\n<div style='margin-bottom: 30px;'>\n<div style='display: flex; flex-wrap: wrap; gap: 30px;'>\n<div style='flex: 1 1 100%; min-width: 280px;'>\n<h3 style='font-size: 24px; margin-bottom: 15px; color: inherit;'>Ejemplo de conexi\u00f3n de una cerradura magnetica o electrica:<\/h3>\n<p> <img style='width: 100%; height: auto; border: 1px solid rgba(150&comma;150&comma;150&comma;0.3); border-radius: 8px;' src='https:\/\/downloads.intercomcdn.com\/i\/o\/qdpt3rxn\/1406813573\/860175acb5f95be60252993d75b3\/image.png?expires=1752080400&#038;signature=27edc3dee75a871f0dd65425269ed9992f69e6e3e1a6701ed28bfcac2c169da2&#038;req=dSQnEMF%2FnoRYWvMW1HO4zSURLQ4hXpQst7i8qmEq%2FHDYAfu5VRhXYXJzQfnW%0AeASlY20DYzgAEJFzTD8%3D%0A' alt='Diagrama t\u00e9cnico' \/> <\/div>\n<\/p><\/div>\n<\/p><\/div>\n<p> <!-- Esquema de conexi\u00f3n --> <\/p>\n<div style='margin-bottom: 30px;'>\n<div style='display: flex; flex-wrap: wrap; gap: 30px;'>\n<div style='flex: 1 1 100%; min-width: 280px;'>\n<h3 style='font-size: 22px; margin-bottom: 15px; color: inherit; font-style: italic;'>Esquema de conexi\u00f3n:<\/h3>\n<p> <img style='width: 100%; height: auto; border: 1px solid rgba(150&comma;150&comma;150&comma;0.3); border-radius: 8px;' src='https:\/\/ftp3.syscom.mx\/usuarios\/jdelafuente\/HIKVISION\/Intercom\/DSKB2421.png' alt='Esquema de conexi\u00f3n DSKB2421' \/> <\/div>\n<\/p><\/div>\n<\/p><\/div>\n<\/p><\/div>\n","protected":false},"excerpt":{"rendered":"<p>Frente de Calle Anal\u00f3gico MET\u00c1LICO Adicional para Videoportero DS-KIS203 y DS-KIS303-P<\/p>\n","protected":false},"featured_media":105248,"comment_status":"open","ping_status":"closed","template":"","meta":[],"product_brand":[],"product_cat":[974],"product_tag":[54,872,557],"class_list":{"0":"post-105249","1":"product","2":"type-product","3":"status-publish","4":"has-post-thumbnail","6":"product_cat-videoporteros-analogicos-videoporteros-e-interfonos","7":"product_tag-hikvision","8":"product_tag-videoporteros-analogicos","9":"product_tag-videoporteros-e-interfonos","11":"first","12":"instock","13":"sale","14":"shipping-taxable","15":"purchasable","16":"product-type-simple"},"_links":{"self":[{"href":"https:\/\/soydeaqui.ddns.net\/pachuca\/index.php\/wp-json\/wp\/v2\/product\/105249","targetHints":{"allow":["GET"]}}],"collection":[{"href":"https:\/\/soydeaqui.ddns.net\/pachuca\/index.php\/wp-json\/wp\/v2\/product"}],"about":[{"href":"https:\/\/soydeaqui.ddns.net\/pachuca\/index.php\/wp-json\/wp\/v2\/types\/product"}],"replies":[{"embeddable":true,"href":"https:\/\/soydeaqui.ddns.net\/pachuca\/index.php\/wp-json\/wp\/v2\/comments?post=105249"}],"wp:featuredmedia":[{"embeddable":true,"href":"https:\/\/soydeaqui.ddns.net\/pachuca\/index.php\/wp-json\/wp\/v2\/media\/105248"}],"wp:attachment":[{"href":"https:\/\/soydeaqui.ddns.net\/pachuca\/index.php\/wp-json\/wp\/v2\/media?parent=105249"}],"wp:term":[{"taxonomy":"product_brand","embeddable":true,"href":"https:\/\/soydeaqui.ddns.net\/pachuca\/index.php\/wp-json\/wp\/v2\/product_brand?post=105249"},{"taxonomy":"product_cat","embeddable":true,"href":"https:\/\/soydeaqui.ddns.net\/pachuca\/index.php\/wp-json\/wp\/v2\/product_cat?post=105249"},{"taxonomy":"product_tag","embeddable":true,"href":"https:\/\/soydeaqui.ddns.net\/pachuca\/index.php\/wp-json\/wp\/v2\/product_tag?post=105249"}],"curies":[{"name":"wp","href":"https:\/\/api.w.org\/{rel}","templated":true}]}}