{"id":105245,"date":"2026-03-20T15:14:42","date_gmt":"2026-03-20T15:14:42","guid":{"rendered":"https:\/\/soydeaqui.ddns.net\/pachuca\/index.php\/producto\/cable-hdmi-de-alta-resolucin-en-8k-versin-2-1-2-metros-de-longitud-6-56-pies-recomendado-para-audio-earc-dolby-atmos\/"},"modified":"2026-03-20T15:14:49","modified_gmt":"2026-03-20T15:14:49","slug":"cable-hdmi-de-alta-resolucin-en-8k-versin-2-1-2-metros-de-longitud-6-56-pies-recomendado-para-audio-earc-dolby-atmos","status":"publish","type":"product","link":"https:\/\/soydeaqui.ddns.net\/pachuca\/index.php\/producto\/cable-hdmi-de-alta-resolucin-en-8k-versin-2-1-2-metros-de-longitud-6-56-pies-recomendado-para-audio-earc-dolby-atmos\/","title":{"rendered":"Cable HDMI de Alta Resoluci?n en 8K \/ Versi?n 2.1 \/ 2 Metros de Longitud (6.56 Pies) \/ Recomendado para Audio eARC \/ Dolby Atmos"},"content":{"rendered":"<div style='width: 100%; max-width: 1200px; margin: 0 auto; font-family: sans-serif; line-height: 1.6; color: inherit; background-color: transparent;'>\n<div style='display: flex; flex-direction: column; align-items: center; text-align: center; margin-bottom: 30px;'>\n<h1 style='margin: 0; font-size: 24px; color: inherit;'><strong>HDMI2.1-2M<\/strong><\/h1>\n<h3 style='margin: 8px 0; font-size: 18px; color: inherit;'>CABLE HDMI D\/ALTA RESOLUCION EN 8K D\/2 M (6.56 FT)<\/h3>\n<\/p><\/div>\n<div style='display: flex; flex-direction: column; align-items: center; text-align: center; margin-bottom: 30px;'>\n<h2 style='font-size: 22px; color: inherit; opacity: 0.8; margin: 0 0 15px 0;'>La velocidad de transferencia de HDMI ha pasado de 18 Gbps de la versi\u00f3n 2.0 a nada menos que <span style='color: #2880b9;'>48 Gbps<\/span> en esta revisi\u00f3n 2.1<\/h2>\n<\/p><\/div>\n<div style='display: flex; flex-direction: column; align-items: center; text-align: center; margin-bottom: 30px;'>\n<ul style='padding-left: 20px; font-size: 15px; list-style-type: disc; color: inherit;'>\n<li style='margin-bottom: 8px;'><strong>M\u00e1s resoluci\u00f3n y mayores frecuencias de refresco<\/strong><\/li>\n<li style='margin-bottom: 8px;'><strong>Metadatos din\u00e1micos desde fuentes externas (Incorporar contenido HDR)<\/strong><\/li>\n<li style='margin-bottom: 8px;'><strong>eARC (Versi\u00f3n mejorada de ARC Audio return Channel)<\/strong><\/li>\n<li style='margin-bottom: 8px;'><strong>VRR (Variable Refresh Rate Innovaci\u00f3n de refresco adaptativo)<\/strong><\/li>\n<li style='margin-bottom: 8px;'><strong>ALLM (Auto Low Latency Mode. Reduce sensiblemente la latencia&comma; especial para Gamers)<\/strong><\/li>\n<li style='margin-bottom: 8px;'><strong>QFT (Quick Frame Transport. Menor tiempo en el transporte de la se\u00f1al de video)<\/strong><\/li>\n<li style='margin-bottom: 8px;'><strong>QMS (Quick Media Switching&comma; Mayor r\u00e1pidez de adaptaci\u00f3n en cambios de videos a diferente frecuencia)<\/strong><\/li>\n<\/ul><\/div>\n<div style='display: flex; flex-direction: column; align-items: center; text-align: center; margin-bottom: 30px;'>\n<p style='margin: 10px 70px 50px 70px; font-size: 15px; color: inherit;'>El cable HDMI2.1-2M de SYSCOM le ofrece una distancia de conexi\u00f3n de hasta 1 metro entre sus dispositivos HDMI. Est\u00e1 fabricado con especificaciones precisas y totalmente probado para garantizar el m\u00e1ximo rendimiento&comma; as\u00ed como compatibilidad con resoluciones <strong>8K<\/strong>&comma; con colores reales. El cable tiene <strong>conectores chapados en oro<\/strong>&comma; lo cual garantiza conexiones sin corrosiones y de la m\u00e1s alta calidad&comma; y el dise\u00f1o moldeado de PVC en cada extremo de los conectores&comma; reduce la tensi\u00f3n y evita la torsi\u00f3n del cable en \u00e1ngulos rectos&comma; a fin de evitar da\u00f1os.<\/p>\n<\/p><\/div>\n<div style='display: flex; flex-direction: column; align-items: center; text-align: center; margin-bottom: 30px;'>\n<h3 style='margin: 0 0 15px 0; font-size: 20px; color: inherit;'>Acerca de los cables HDMI de SYSCOM<\/h3>\n<p style='margin: 0 70px; font-size: 15px; color: inherit;'>Los cables HDMI de video y audio digital de SYSCOM han sido <strong>dise\u00f1ados por expertos y fabricados con solo materiales de alta calidad<\/strong>&comma; a fin de garantizar su alta calidad y rendimiento de alta definici\u00f3n. El cable HDMI est\u00e1ndar combina video de banda ancha y audio digital multicanal&comma; as\u00ed como una resoluci\u00f3n de imagen de claridad impecable&comma; todo ello en un solo cable. Los aparatos conectados por el cable HDMI podr\u00e1n intercambiar se\u00f1al digital permitiendo grabar&comma; almacenar y reproducir diferentes opciones a trav\u00e9s del sistema interconectando sin ninguna necesidad de un cable extra<\/p>\n<\/p><\/div>\n<div style='display: flex; flex-wrap: wrap; gap: 30px; justify-content: center; margin-bottom: 30px;'>\n<div style='flex: 1 1 300px; min-width: 280px; border: 1px solid rgba(150&comma; 150&comma; 150&comma; 0.3); border-radius: 8px; overflow: hidden; display: flex; flex-direction: column;'>\n<div style='padding: 15px; border-bottom: 1px solid rgba(150&comma; 150&comma; 150&comma; 0.2); font-weight: bold; font-size: 18px; color: inherit; background-color: #eee;'>Caracter\u00edsticas Principales:<\/div>\n<div style='padding: 15px; flex-grow: 1; display: flex; flex-direction: column; color: inherit;'> <img style='width: 100%; height: auto; border: 1px solid rgba(150&comma;150&comma;150&comma;0.3); border-radius: 8px;' src='https:\/\/ftp3.syscom.mx\/usuarios\/fotos\/BancoFotografiasSyscom\/EPCOMPOWERLINE\/HDMI2.12M\/HDMI2.12M-l.PNG' alt=''> <\/p>\n<ul style='padding-left: 20px; margin: 20px 0 0 0; font-size: 14px; list-style-type: disc; color: inherit;'>\n<li style='margin-bottom: 8px;'>Cable de 2 metros de longitud<\/li>\n<li style='margin-bottom: 8px;'><strong>Soporta video 3D y hasta las nuevas resoluciones HD 8K @ 60Hz x 4K @ 120Hz ( 7680 x 4320 &#038; 3840 x 2160 )<\/strong><\/li>\n<li style='margin-bottom: 8px;'>Los aparatos conectados por el cable HDMI podr\u00e1n intercambiar se\u00f1al digital permitiendo grabar&comma; almacenar y reproducir diferentes opciones a traves del sistema interconectando sin ninguna necesidad de un cable extra.<\/li>\n<li style='margin-bottom: 8px;'>Conexiones HDMI macho a macho de 19 pines <strong>ba\u00f1ado en oro de 24K<\/strong><\/li>\n<\/ul><\/div>\n<\/p><\/div>\n<div style='flex: 1 1 300px; min-width: 280px; border: 1px solid rgba(150&comma; 150&comma; 150&comma; 0.3); border-radius: 8px; overflow: hidden; display: flex; flex-direction: column;'>\n<div style='padding: 15px; border-bottom: 1px solid rgba(150&comma; 150&comma; 150&comma; 0.2); font-weight: bold; font-size: 18px; color: inherit; background-color: #eee;'>Caracter\u00edsticas F\u00edsicas y El\u00e9ctricas:<\/div>\n<div style='padding: 15px; flex-grow: 1; display: flex; flex-direction: column; color: inherit;'> <img style='width: 100%; height: auto; border: 1px solid rgba(150&comma;150&comma;150&comma;0.3); border-radius: 8px;' src='https:\/\/ftp3.syscom.mx\/usuarios\/fotos\/BancoFotografiasSyscom\/EPCOMPOWERLINE\/HDMI2.11M\/HDMI2.11M-l.PNG' alt=''> <\/p>\n<ul style='padding-left: 20px; margin: 20px 0 0 0; font-size: 14px; list-style-type: disc; color: inherit;'>\n<li style='margin-bottom: 8px;'>Soporta 8K@ 60Hz&comma; 4K @ 120Hz&comma; 2K @ 240Hz\/480Hz<\/li>\n<li style='margin-bottom: 8px;'>100 % compatible con: Dolby True HD&comma; DTS-HD Master<\/li>\n<li style='margin-bottom: 8px;'>Audio&comma; Sony Playstation 5&comma; Blu-Ray. <strong>8K ULTRA HD<\/strong><\/li>\n<li style='margin-bottom: 8px;'>Soporta las siguientes resoluciones: 480i&comma;480p&comma;720p&comma;1080p&comma;1600i&comma;1600p y ahora tambien soporta 8K x 4K x 2K<\/li>\n<\/ul><\/div>\n<\/p><\/div>\n<div style='flex: 1 1 300px; min-width: 280px; border: 1px solid rgba(150&comma; 150&comma; 150&comma; 0.3); border-radius: 8px; overflow: hidden; display: flex; flex-direction: column;'>\n<div style='padding: 15px; border-bottom: 1px solid rgba(150&comma; 150&comma; 150&comma; 0.2); font-weight: bold; font-size: 18px; color: inherit; background-color: #eee;'>Caracter\u00edsticas Destacadas:<\/div>\n<div style='padding: 15px; flex-grow: 1; display: flex; flex-direction: column; color: inherit;'> <img style='width: 100%; height: auto; border: 1px solid rgba(150&comma;150&comma;150&comma;0.3); border-radius: 8px;' src='https:\/\/ftp3.syscom.mx\/usuarios\/fotos\/BancoFotografiasSyscom\/EPCOMPOWERLINE\/HDMI2.12M\/HDMI2.12M-LAT-IZQ-l.PNG' alt=''> <\/p>\n<ul style='padding-left: 20px; margin: 20px 0 0 0; font-size: 14px; list-style-type: disc; color: inherit;'>\n<li style='margin-bottom: 8px;'>Ancho de banda de alta velocidad:48Gigabit\/sec&comma; 340 Mhz (probado a especificaciones de ATC y 1&comma;4a)<\/li>\n<li style='margin-bottom: 8px;'><strong>Trenzado de aluminio de triple blindaje (Ultra resistente)<\/strong><\/li>\n<li style='margin-bottom: 8px;'><strong>Garant\u00eda: 1 A\u00f1o<\/strong><\/li>\n<\/ul><\/div>\n<\/p><\/div>\n<\/p><\/div>\n<div style='display: flex; flex-direction: column; align-items: center; margin: 30px 0;'> <img style='width: 100%; height: auto; border: 1px solid rgba(150&comma;150&comma;150&comma;0.3); border-radius: 8px;' src='http:\/\/ftp3.syscom.mx\/usuarios\/maguilar\/Epcom%20Power%20Line\/HDMI2.1\/DiferenciasHDMI.png' alt=''> <img style='width: 100%; height: auto; border: 1px solid rgba(150&comma;150&comma;150&comma;0.3); border-radius: 8px;' src='http:\/\/ftp3.syscom.mx\/usuarios\/maguilar\/Epcom%20Power%20Line\/Cables8K.jpg' alt=''> <\/div>\n<\/p><\/div>\n","protected":false},"excerpt":{"rendered":"<p>Cable HDMI de Alta Resoluci?n en 8K \/ Versi?n 2.1 \/ 2 Metros de Longitud (6.56 Pies) \/ Recomendado para Audio eARC \/ Dolby Atmos<\/p>\n","protected":false},"featured_media":105244,"comment_status":"open","ping_status":"closed","template":"","meta":[],"product_brand":[],"product_cat":[2130],"product_tag":[488,454,2131],"class_list":{"0":"post-105245","1":"product","2":"type-product","3":"status-publish","4":"has-post-thumbnail","6":"product_cat-vga-dvi-hdmi","7":"product_tag-cables-y-conectores","8":"product_tag-epcom-powerline","9":"product_tag-vga-dvi-hdmi","11":"first","12":"instock","13":"sale","14":"shipping-taxable","15":"purchasable","16":"product-type-simple"},"_links":{"self":[{"href":"https:\/\/soydeaqui.ddns.net\/pachuca\/index.php\/wp-json\/wp\/v2\/product\/105245","targetHints":{"allow":["GET"]}}],"collection":[{"href":"https:\/\/soydeaqui.ddns.net\/pachuca\/index.php\/wp-json\/wp\/v2\/product"}],"about":[{"href":"https:\/\/soydeaqui.ddns.net\/pachuca\/index.php\/wp-json\/wp\/v2\/types\/product"}],"replies":[{"embeddable":true,"href":"https:\/\/soydeaqui.ddns.net\/pachuca\/index.php\/wp-json\/wp\/v2\/comments?post=105245"}],"wp:featuredmedia":[{"embeddable":true,"href":"https:\/\/soydeaqui.ddns.net\/pachuca\/index.php\/wp-json\/wp\/v2\/media\/105244"}],"wp:attachment":[{"href":"https:\/\/soydeaqui.ddns.net\/pachuca\/index.php\/wp-json\/wp\/v2\/media?parent=105245"}],"wp:term":[{"taxonomy":"product_brand","embeddable":true,"href":"https:\/\/soydeaqui.ddns.net\/pachuca\/index.php\/wp-json\/wp\/v2\/product_brand?post=105245"},{"taxonomy":"product_cat","embeddable":true,"href":"https:\/\/soydeaqui.ddns.net\/pachuca\/index.php\/wp-json\/wp\/v2\/product_cat?post=105245"},{"taxonomy":"product_tag","embeddable":true,"href":"https:\/\/soydeaqui.ddns.net\/pachuca\/index.php\/wp-json\/wp\/v2\/product_tag?post=105245"}],"curies":[{"name":"wp","href":"https:\/\/api.w.org\/{rel}","templated":true}]}}