{"id":10521,"date":"2026-03-18T07:37:12","date_gmt":"2026-03-18T07:37:12","guid":{"rendered":"https:\/\/soydeaqui.ddns.net\/pachuca\/index.php\/producto\/etiquetadora-de-escritorio-300-dpi-de-transferencia-trmica\/"},"modified":"2026-03-18T07:37:13","modified_gmt":"2026-03-18T07:37:13","slug":"etiquetadora-de-escritorio-300-dpi-de-transferencia-trmica","status":"publish","type":"product","link":"https:\/\/soydeaqui.ddns.net\/pachuca\/index.php\/producto\/etiquetadora-de-escritorio-300-dpi-de-transferencia-trmica\/","title":{"rendered":"Etiquetadora de Escritorio 300 DPI de Transferencia T?rmica"},"content":{"rendered":"<div style='width: 100%; max-width: 1200px; margin: 0 auto; font-family: sans-serif; line-height: 1.6; color: inherit; background-color: transparent;'>\n<div style='display: flex; flex-direction: column; gap: 20px;'>\n<div style='width: 100%;'> <img style='width: 100%; height: auto; border: 1px solid rgba(150&comma;150&comma;150&comma;0.3); border-radius: 8px; max-width: 300px;' src='https:\/\/ftp3.syscom.mx\/usuarios\/fotos\/TDP43ME\/159343-217843-panduit-logo-tm-negro-fondo_trans30-01_(002).png' alt=''> <\/div>\n<div style='width: 100%; font-size: 16px; color: #303030; font-family: museo-sans&comma; sans-serif; font-variant-ligatures: normal; orphans: 2; widows: 2; background-color: #ffffff; text-decoration-thickness: initial; text-decoration-style: initial; text-decoration-color: initial;'>\n<p style='margin: 0 0 15px 0; color: inherit;'>Impresora de escritorio TDP43ME para Am\u00e9rica del Norte&comma; 300 dpi y vel. m\u00e1x. de impresi\u00f3n de 4&#8217;\/s. Imprime etiquetas autolaminables&comma; de componentes&comma; no laminadas&comma; termorretr\u00e1ctiles&comma; placas para marcadores y cintas continuas de hasta 4&#8242; de ancho. Incluye software de etiquetado Easy-Mark Plus&comma; c\/cinta h\u00edbrida negra RMEH4BL&comma; cable USB&comma; manual para el usuario&comma; tarjeta de inicio r\u00e1pido&comma; disco de controladores y cable de alimentaci\u00f3n para EE. UU. 6.8&#8242; x 8.9&#8242; (173 mm x 226 mm). 6 libras. Negro\/gris.<\/p>\n<\/p><\/div>\n<div style='width: 100%;'> <img style='width: 100%; height: auto; border: 1px solid rgba(150&comma;150&comma;150&comma;0.3); border-radius: 8px; max-width: 850px;' src='https:\/\/ftp3.syscom.mx\/usuarios\/fotos\/TDP43ME\/159343-captura_de_pantalla_2023-04-25_a_la(s)_13.04.30.png' alt=''> <\/div>\n<\/p><\/div>\n<\/p><\/div>\n","protected":false},"excerpt":{"rendered":"<p>Etiquetadora de Escritorio 300 DPI de Transferencia T?rmica<\/p>\n","protected":false},"featured_media":10520,"comment_status":"open","ping_status":"closed","template":"","meta":[],"product_brand":[],"product_cat":[608],"product_tag":[586,25,445],"class_list":{"0":"post-10521","1":"product","2":"type-product","3":"status-publish","4":"has-post-thumbnail","6":"product_cat-herramientas-cableado-de-cobre","7":"product_tag-cableado-de-cobre","8":"product_tag-herramientas","9":"product_tag-panduit","11":"first","12":"outofstock","13":"sale","14":"shipping-taxable","15":"purchasable","16":"product-type-simple"},"_links":{"self":[{"href":"https:\/\/soydeaqui.ddns.net\/pachuca\/index.php\/wp-json\/wp\/v2\/product\/10521","targetHints":{"allow":["GET"]}}],"collection":[{"href":"https:\/\/soydeaqui.ddns.net\/pachuca\/index.php\/wp-json\/wp\/v2\/product"}],"about":[{"href":"https:\/\/soydeaqui.ddns.net\/pachuca\/index.php\/wp-json\/wp\/v2\/types\/product"}],"replies":[{"embeddable":true,"href":"https:\/\/soydeaqui.ddns.net\/pachuca\/index.php\/wp-json\/wp\/v2\/comments?post=10521"}],"wp:featuredmedia":[{"embeddable":true,"href":"https:\/\/soydeaqui.ddns.net\/pachuca\/index.php\/wp-json\/wp\/v2\/media\/10520"}],"wp:attachment":[{"href":"https:\/\/soydeaqui.ddns.net\/pachuca\/index.php\/wp-json\/wp\/v2\/media?parent=10521"}],"wp:term":[{"taxonomy":"product_brand","embeddable":true,"href":"https:\/\/soydeaqui.ddns.net\/pachuca\/index.php\/wp-json\/wp\/v2\/product_brand?post=10521"},{"taxonomy":"product_cat","embeddable":true,"href":"https:\/\/soydeaqui.ddns.net\/pachuca\/index.php\/wp-json\/wp\/v2\/product_cat?post=10521"},{"taxonomy":"product_tag","embeddable":true,"href":"https:\/\/soydeaqui.ddns.net\/pachuca\/index.php\/wp-json\/wp\/v2\/product_tag?post=10521"}],"curies":[{"name":"wp","href":"https:\/\/api.w.org\/{rel}","templated":true}]}}