{"id":105181,"date":"2026-03-20T15:11:37","date_gmt":"2026-03-20T15:11:37","guid":{"rendered":"https:\/\/soydeaqui.ddns.net\/pachuca\/index.php\/producto\/colorvu-bala-turbohd-3k-5-megapixel-lente-2-8-mm-microfono-integrado-luz-blanca-20-mts-exterior-ip67-dwdr-4-tecnologias\/"},"modified":"2026-03-20T15:11:50","modified_gmt":"2026-03-20T15:11:50","slug":"colorvu-bala-turbohd-3k-5-megapixel-lente-2-8-mm-microfono-integrado-luz-blanca-20-mts-exterior-ip67-dwdr-4-tecnologias","status":"publish","type":"product","link":"https:\/\/soydeaqui.ddns.net\/pachuca\/index.php\/producto\/colorvu-bala-turbohd-3k-5-megapixel-lente-2-8-mm-microfono-integrado-luz-blanca-20-mts-exterior-ip67-dwdr-4-tecnologias\/","title":{"rendered":"[ColorVu] Bala TURBOHD 3K (5 Megapixel) \/ Lente 2.8 mm \/ Micr\u00f3fono Integrado \/ Luz Blanca 20 mts \/ Exterior IP67 \/ dWDR \/ 4 Tecnolog\u00edas"},"content":{"rendered":"<div style='width: 100%; max-width: 1200px; margin: 0 auto; font-family: sans-serif; line-height: 1.6; color: inherit; background-color: transparent;'> <!-- Imagen principal --> <\/p>\n<div style='margin-bottom: 30px;'> <img style='width: 100%; height: auto; border: 1px solid rgba(150&comma;150&comma;150&comma;0.3); border-radius: 8px;' src='https:\/\/ftp3.syscom.mx\/usuarios\/xguereque\/Imagenes\/hikvision\/colorvu-2.jpg' alt=''> <\/div>\n<p> <!-- Secci\u00f3n audio\/video por mismo cable --> <\/p>\n<div style='margin-bottom: 30px; text-align: center;'>\n<p style='margin: 0; padding: 0; font-weight: bold; font-size: 14px; color: inherit;'> <span style='font-family: verdana&comma; geneva&comma; sans-serif;'>Audio&comma; Video y Datos por el Mismo Cable<\/span> <\/p>\n<p> <img style='width: 100%; height: auto; border: 1px solid rgba(150&comma;150&comma;150&comma;0.3); border-radius: 8px; margin-top: 15px;' src='https:\/\/ftp3.syscom.mx\/usuarios\/jsosa\/HIKVISION\/imagenes\/coaxitron\/coaxitron.jpg' alt=''> <\/div>\n<p> <!-- Comparaci\u00f3n 3K vs 5MP --> <\/p>\n<div style='margin-bottom: 30px;'>\n<h1 style='font-size: 22px; margin: 20px 0; font-weight: 500; color: #005cb9; text-align: center; border-bottom: 2px solid currentColor; padding-bottom: 10px;'> Las c\u00e1maras <strong style='font-weight: 600;'>3K<\/strong> Permiten tener una mejor imagen con un aspecto (16:9) <br \/><span style='color: #e74c3c;'><strong>VS<\/strong><\/span><br \/> Una c\u00e1mara tradicional de <strong style='font-weight: 600;'>5 MP<\/strong> (4:3) <\/h1>\n<div style='display: flex; flex-wrap: wrap; gap: 20px; margin-top: 20px;'>\n<div style='flex: 1 1 45%; min-width: 300px;'> <img style='width: 100%; height: auto; border: 1px solid rgba(150&comma;150&comma;150&comma;0.3); border-radius: 8px; margin-top: 20px;' src='http:\/\/ftp3.syscom.mx\/usuarios\/nicolas.jimenez\/3K.png' alt=''> <\/div>\n<div style='flex: 1 1 45%; min-width: 300px;'> <img style='width: 100%; height: auto; border: 1px solid rgba(150&comma;150&comma;150&comma;0.3); border-radius: 8px; margin-top: 20px;' src='http:\/\/ftp3.syscom.mx\/usuarios\/nicolas.jimenez\/5MP.png' alt=''> <\/div>\n<\/p><\/div>\n<\/p><\/div>\n<p> <!-- V\u00eddeo comparaci\u00f3n --> <\/p>\n<div style='margin-bottom: 30px;'>\n<h1 style='font-size: 22px; margin: 20px 0; font-weight: 500; color: #005cb9; text-align: center; border-bottom: 2px solid currentColor; padding-bottom: 10px;'> V\u00eddeo Comparaci\u00f3n <strong style='font-weight: 600;'>3K<\/strong> (16:9) <br \/><span style='color: #e74c3c;'><strong>VS<\/strong><\/span><br \/> <strong style='font-weight: 600;'>5 MP<\/strong> (4:3) <\/h1>\n<div style='display: flex; flex-wrap: wrap; gap: 20px; margin-top: 20px;'>\n<div style='flex: 1 1 45%; min-width: 300px;'>\n<div style='position: relative; padding-bottom: 56.25%; height: 0; overflow: hidden;'> <video style='position: absolute; top: 0; left: 0; width: 100%; height: 100%; border: none;' src='https:\/\/ftp3.syscom.mx\/usuarios\/nicolas.jimenez\/Video%203K.mp4' loop controls><\/video> <\/div>\n<\/p><\/div>\n<div style='flex: 1 1 45%; min-width: 300px;'>\n<div style='position: relative; padding-bottom: 56.25%; height: 0; overflow: hidden;'> <video style='position: absolute; top: 0; left: 0; width: 100%; height: 100%; border: none;' src='https:\/\/ftp3.syscom.mx\/usuarios\/nicolas.jimenez\/Video%205MP.mp4' loop controls><\/video> <\/div>\n<\/p><\/div>\n<\/p><\/div>\n<\/p><\/div>\n<p> <!-- Galer\u00eda de im\u00e1genes --> <\/p>\n<div style='margin-bottom: 30px;'>\n<div style='display: flex; flex-wrap: wrap; gap: 20px;'>\n<div style='flex: 1 1 30%; min-width: 250px;'> <a href='https:\/\/ftp3.syscom.mx\/usuarios\/jsosa\/HIKVISION\/imagenes\/colorvu\/1.png' target='_blank' rel='noopener'> <img style='width: 100%; height: auto; border: 1px solid rgba(150&comma;150&comma;150&comma;0.3); border-radius: 8px;' src='https:\/\/ftp3.syscom.mx\/usuarios\/jsosa\/HIKVISION\/imagenes\/colorvu\/1.png' alt=''> <\/a> <\/div>\n<div style='flex: 1 1 30%; min-width: 250px;'> <a href='https:\/\/ftp3.syscom.mx\/usuarios\/jsosa\/HIKVISION\/imagenes\/colorvu\/4.png' target='_blank' rel='noopener'> <img style='width: 100%; height: auto; border: 1px solid rgba(150&comma;150&comma;150&comma;0.3); border-radius: 8px;' src='https:\/\/ftp3.syscom.mx\/usuarios\/jsosa\/HIKVISION\/imagenes\/colorvu\/4.png' alt=''> <\/a> <\/div>\n<div style='flex: 1 1 30%; min-width: 250px;'> <a href='https:\/\/ftp3.syscom.mx\/usuarios\/jsosa\/HIKVISION\/imagenes\/colorvu\/3.png' target='_blank' rel='noopener'> <img style='width: 100%; height: auto; border: 1px solid rgba(150&comma;150&comma;150&comma;0.3); border-radius: 8px;' src='https:\/\/ftp3.syscom.mx\/usuarios\/jsosa\/HIKVISION\/imagenes\/colorvu\/3.png' alt=''> <\/a> <\/div>\n<div style='flex: 1 1 30%; min-width: 250px;'> <a href='https:\/\/ftp3.syscom.mx\/usuarios\/jsosa\/HIKVISION\/imagenes\/colorvu\/2.png' target='_blank' rel='noopener'> <img style='width: 100%; height: auto; border: 1px solid rgba(150&comma;150&comma;150&comma;0.3); border-radius: 8px;' src='https:\/\/ftp3.syscom.mx\/usuarios\/jsosa\/HIKVISION\/imagenes\/colorvu\/2.png' alt=''> <\/a> <\/div>\n<div style='flex: 1 1 30%; min-width: 250px;'> <a href='https:\/\/ftp3.syscom.mx\/usuarios\/jsosa\/HIKVISION\/imagenes\/colorvu\/5.png' target='_blank' rel='noopener'> <img style='width: 100%; height: auto; border: 1px solid rgba(150&comma;150&comma;150&comma;0.3); border-radius: 8px;' src='https:\/\/ftp3.syscom.mx\/usuarios\/jsosa\/HIKVISION\/imagenes\/colorvu\/5.png' alt=''> <\/a> <\/div>\n<div style='flex: 1 1 30%; min-width: 250px;'> <a href='https:\/\/ftp3.syscom.mx\/usuarios\/jsosa\/HIKVISION\/imagenes\/colorvu\/6.png' target='_blank' rel='noopener'> <img style='width: 100%; height: auto; border: 1px solid rgba(150&comma;150&comma;150&comma;0.3); border-radius: 8px;' src='https:\/\/ftp3.syscom.mx\/usuarios\/jsosa\/HIKVISION\/imagenes\/colorvu\/6.png' alt=''> <\/a> <\/div>\n<\/p><\/div>\n<\/p><\/div>\n<p> <!-- Secci\u00f3n de especificaciones --> <\/p>\n<div style='margin-bottom: 30px;'>\n<div style='display: flex; flex-wrap: wrap; gap: 20px;'> <!-- Caracter\u00edsticas principales --> <\/p>\n<div style='flex: 1 1 300px; min-width: 280px;'>\n<div style='border-left: 5px solid #ff0000; border-radius: 8px; padding: 15px; box-shadow: 0 2px 8px rgba(200&comma;200&comma;200&comma;0.2); background-color: rgba(255&comma;255&comma;255&comma;0.05);'>\n<h3 style='font-size: 18px; margin-top: 0; margin-bottom: 15px; font-weight: 600; color: inherit; border-bottom: 1px solid rgba(150&comma;150&comma;150&comma;0.3); padding-bottom: 8px;'>Caracter\u00edsticas principales:<\/h3>\n<ul style='padding-left: 20px; margin: 0; list-style-position: outside; list-style-image: none; color: inherit;'>\n<li style='margin-bottom: 8px; font-size: 14px;'>Resoluci\u00f3n M\u00e1xima: 3K (5 Megapixel) (2960 x 1665)<\/li>\n<li style='margin-bottom: 8px; font-size: 14px;'>Iluminaci\u00f3n m\u00ednima: 0.001 Lux @ (F1.0&comma; AGC ON)<\/li>\n<li style='margin-bottom: 8px; font-size: 14px;'>Lente fijo: 2.8mm (\u00c1ngulo de apertura 102\u00b0)<\/li>\n<li style='margin-bottom: 8px; font-size: 14px;'>20 Metros de luz blanca (Ayuda a iluminar el sitio para mantener la imagen siempre a color)<\/li>\n<li style='margin-bottom: 8px; font-size: 14px;'>Soporta 4 Tecnolog\u00edas&comma; seleccionable en el mazo de cables (HD-TVI&comma; HD-CVI&comma; AHD&comma; CVBS Anal\u00f3gico 1200TVL\u00b4s)<\/li>\n<li style='margin-bottom: 8px; font-size: 14px;'>dWDR<\/li>\n<li style='margin-bottom: 8px; font-size: 14px;'><strong>Micr\u00f3fono Integrado<\/strong><\/li>\n<\/ul><\/div>\n<\/p><\/div>\n<p> <!-- Caracter\u00edsticas f\u00edsicas y el\u00e9ctricas --> <\/p>\n<div style='flex: 1 1 300px; min-width: 280px;'>\n<div style='border-left: 5px solid #ff0000; border-radius: 8px; padding: 15px; box-shadow: 0 2px 8px rgba(200&comma;200&comma;200&comma;0.2); background-color: rgba(255&comma;255&comma;255&comma;0.05);'>\n<h3 style='font-size: 18px; margin-top: 0; margin-bottom: 15px; font-weight: 600; color: inherit; border-bottom: 1px solid rgba(150&comma;150&comma;150&comma;0.3); padding-bottom: 8px;'>Caracter\u00edsticas F\u00edsicas y El\u00e9ctricas:<\/h3>\n<ul style='padding-left: 20px; margin: 0; list-style-position: outside; list-style-image: none; color: inherit;'>\n<li style='margin-bottom: 8px; font-size: 14px;'>Temperatura de Operaci\u00f3n: -40\u00b0C a 60\u00b0C.<\/li>\n<li style='margin-bottom: 8px; font-size: 14px;'>Alimentaci\u00f3n: 12Vcc \/ 2.5 Watts.<\/li>\n<li style='margin-bottom: 8px; font-size: 14px;'>Protecci\u00f3n: Interior \/ Exterior IP67.<\/li>\n<li style='margin-bottom: 8px; font-size: 14px;'>Fabricado en material de metal.<\/li>\n<li style='margin-bottom: 8px; font-size: 14px;'>Dimensiones: 161.1 x 70 x 70 mm.<\/li>\n<li style='margin-bottom: 8px; font-size: 14px;'>Peso: 404 gramos.<\/li>\n<\/ul>\n<h4 style='font-size: 16px; margin-top: 20px; margin-bottom: 10px; font-weight: 600; color: inherit;'>Accesorios:<\/h4>\n<ul style='padding-left: 20px; margin: 0; list-style-position: outside; list-style-image: none; color: inherit;'>\n<li style='margin-bottom: 8px; font-size: 14px;'>Caja de conexiones&comma; modelo: <a href='https:\/\/www.syscom.mx\/producto\/DS-1280ZJ-XS-HIKVISION-84491.html' target='_blank' rel='noopener' style='color: #005cb9; text-decoration: none; font-weight: 500;'>DS-1280ZJ-XS<\/a> <\/li>\n<\/ul><\/div>\n<\/p><\/div>\n<p> <!-- Caracter\u00edsticas destacadas --> <\/p>\n<div style='flex: 1 1 300px; min-width: 280px;'>\n<div style='border-left: 5px solid #ff0000; border-radius: 8px; padding: 15px; box-shadow: 0 2px 8px rgba(200&comma;200&comma;200&comma;0.2); background-color: rgba(255&comma;255&comma;255&comma;0.05);'>\n<h3 style='font-size: 18px; margin-top: 0; margin-bottom: 15px; font-weight: 600; color: inherit; border-bottom: 1px solid rgba(150&comma;150&comma;150&comma;0.3); padding-bottom: 8px;'>Caracter\u00edsticas Destacadas:<\/h3>\n<p style='font-size: 14px; margin-top: 0; margin-bottom: 15px; color: inherit;'> Las c\u00e1maras ColorVu cuentan con F stop ajustado a 1.0&comma; lo que le permite una mayor captaci\u00f3n y aprovechamiento de la luz&comma; su luz blanca permite iluminar los ambientes muy oscuros para brindar una imagen a color 24\/7&comma; es por ello que ColorVu se encuentra entre las <strong>m\u00e1s seleccionadas por los clientes en ambientes como bares&comma; tiendas&comma; hogar&comma; oficina&comma; hospitales&comma; perimetrales&comma; Evidencias con m\u00e1s informaci\u00f3n&comma; son evidencias m\u00e1s utiles&comma; el color es una de ellas.<\/strong> <\/p>\n<\/p><\/div>\n<\/p><\/div>\n<\/p><\/div>\n<\/p><\/div>\n<p> <!-- Consideraciones y grabadores compatibles --> <\/p>\n<div style='margin-bottom: 30px;'>\n<div style='border-left: 5px solid #ff0000; border-radius: 8px; padding: 15px; box-shadow: 0 2px 8px rgba(200&comma;200&comma;200&comma;0.2); background-color: rgba(255&comma;255&comma;255&comma;0.05);'>\n<h3 style='font-size: 18px; margin-top: 0; margin-bottom: 15px; font-weight: 600; color: inherit; border-bottom: 1px solid rgba(150&comma;150&comma;150&comma;0.3); padding-bottom: 8px;'>Consideraciones:<\/h3>\n<ul style='padding-left: 20px; margin: 0 0 20px 0; list-style-position: outside; list-style-image: none; color: inherit;'>\n<li style='margin-bottom: 8px; font-size: 14px;'>El audio por coaxitron se env\u00eda \u00fanicamente por tecnolog\u00eda TVI.<\/li>\n<li style='margin-bottom: 8px; font-size: 14px;'>El cambio de tecnolog\u00eda (TVI-AHD-CVBS-CVI) se puede realizar \u00fanicamente cuando la c\u00e1mara est\u00e1 en su resoluci\u00f3n m\u00e1xima&comma; no se puede cambiar la tecnolog\u00eda si la c\u00e1mara no esta en su resoluci\u00f3n m\u00e1xima.<\/li>\n<\/ul>\n<h3 style='font-size: 18px; margin-top: 20px; margin-bottom: 15px; font-weight: 600; color: inherit; border-bottom: 1px solid rgba(150&comma;150&comma;150&comma;0.3); padding-bottom: 8px;'>Grabadores compatibles:<\/h3>\n<p style='margin-top: 0; margin-bottom: 10px; font-size: 14px; color: inherit;'><strong>Los grabadores compatibles a 3k lite con versi\u00f3n de firmware 4.71.001 son:<\/strong><\/p>\n<ul style='padding-left: 20px; margin: 0 0 20px 0; list-style-position: outside; list-style-image: none; color: inherit;'>\n<li style='margin-bottom: 8px; font-size: 14px;'><strong>IDS7204HQHIM1\/S(C)<\/strong><\/li>\n<li style='margin-bottom: 8px; font-size: 14px;'><strong>IDS7208HQHIM1\/S(C)<\/strong><\/li>\n<li style='margin-bottom: 8px; font-size: 14px;'><strong>IDS7216HQHIM1\/S(C)<\/strong><\/li>\n<\/ul>\n<p style='margin-top: 0; margin-bottom: 10px; font-size: 14px; color: inherit;'><strong>Los grabadores compatibles a 3k reales son:<\/strong><\/p>\n<ul style='padding-left: 20px; margin: 0 0 20px 0; list-style-position: outside; list-style-image: none; color: inherit;'>\n<li style='margin-bottom: 8px; font-size: 14px;'><strong>iDS-7204HUHI-M1\/S\/A(C)<\/strong><\/li>\n<li style='margin-bottom: 8px; font-size: 14px;'><strong>iDS-7208HUHI-M2\/S\/A<\/strong><\/li>\n<li style='margin-bottom: 8px; font-size: 14px;'><strong>iDS-7216HUHI-M2\/S(C)<\/strong><\/li>\n<li style='margin-bottom: 8px; font-size: 14px;'><strong>IDS-7216HUHI-M2\/S\/A(C)<\/strong><\/li>\n<li style='margin-bottom: 8px; font-size: 14px;'>iDS-7204HUHI-M1\/S(C)<\/li>\n<\/ul>\n<p style='margin-top: 0; margin-bottom: 10px; font-size: 14px; color: inherit;'><span style='color: #e74c3c;'><strong>Modelos epcom&comma; \u00fanicamente compatibles aquellos que se adquirieron como nuevos despu\u00e9s del 25\/10\/2021<\/strong><\/span><\/p>\n<ul style='padding-left: 20px; margin: 0; list-style-position: outside; list-style-image: none; color: inherit;'>\n<li style='margin-bottom: 8px; font-size: 14px;'><strong>EV-8008TURBO-D<\/strong><\/li>\n<li style='margin-bottom: 8px; font-size: 14px;'><strong>EV-8016TURBO-D<\/strong><\/li>\n<\/ul><\/div>\n<\/p><\/div>\n<p> <!-- Recursos --> <\/p>\n<div style='margin-bottom: 30px;'>\n<h2 style='font-size: 20px; margin: 0 0 20px 0; font-weight: 600; text-align: center; color: inherit;'>Recursos<\/h2>\n<div style='display: flex; flex-wrap: wrap; gap: 20px; justify-content: center;'>\n<div style='flex: 1 1 250px; min-width: 200px;'> <a href='https:\/\/www.hikvision.com\/es-la\/support\/download\/software\/ivms4200-series\/?q=serie%20ivms4200&#038;position=1' target='_blank' rel='noopener' style='text-decoration: none;'> <img style='width: 100%; height: auto; border: 1px solid rgba(150&comma;150&comma;150&comma;0.3); border-radius: 8px;' src='https:\/\/ftp3.syscom.mx\/usuarios\/gmagos\/HIK\/IP\/IPC\/Imagenes%20pagina\/Descargas%20IVMS4200.jpg' alt='Descargas IVMS4200'> <\/a> <\/div>\n<div style='flex: 1 1 250px; min-width: 200px;'> <a href='https:\/\/appstore.hikvision.com\/' target='_blank' rel='noopener' style='text-decoration: none;'> <img style='width: 100%; height: auto; border: 1px solid rgba(150&comma;150&comma;150&comma;0.3); border-radius: 8px;' src='https:\/\/ftp3.syscom.mx\/usuarios\/gmagos\/HIK\/IP\/IPC\/Imagenes%20pagina\/Descargas%20de%20app.jpg' alt='Descargas de App'> <\/a> <\/div>\n<div style='flex: 1 1 250px; min-width: 200px;'> <a href='https:\/\/ftp3.syscom.mx\/usuarios\/ftp\/2021\/05\/10\/1a994\/Especificaci%C3%B3nes%20T%C3%A9cnicas%20-%20DS-2CE10KF0T-FS_20210118.pdf' target='_blank' rel='noopener' style='text-decoration: none;'> <img style='width: 100%; height: auto; border: 1px solid rgba(150&comma;150&comma;150&comma;0.3); border-radius: 8px;' src='https:\/\/ftp3.syscom.mx\/usuarios\/gmagos\/HIK\/IP\/IPC\/Imagenes%20pagina\/Descarga%20de%20PDF.jpg' alt='Descarga de PDF'> <\/a> <\/div>\n<\/p><\/div>\n<\/p><\/div>\n<p> <!-- Imagen final --> <\/p>\n<div style='margin-bottom: 30px;'> <img style='width: 100%; height: auto; border: 1px solid rgba(150&comma;150&comma;150&comma;0.3); border-radius: 8px;' src='https:\/\/ftp3.syscom.mx\/usuarios\/gmagos\/HIK\/TURBO\/imagenes%20\/3k.1.png' alt=''> <\/div>\n<\/p><\/div>\n","protected":false},"excerpt":{"rendered":"<p>[ColorVu] Bala TURBOHD 3K (5 Megapixel) \/ Lente 2.8 mm \/ Micr\u00f3fono Integrado \/ Luz Blanca 20 mts \/ Exterior IP67 \/ dWDR \/ 4 Tecnolog\u00edas<\/p>\n","protected":false},"featured_media":105180,"comment_status":"open","ping_status":"closed","template":"","meta":[],"product_brand":[],"product_cat":[2268],"product_tag":[439,2255,54],"class_list":{"0":"post-105181","1":"product","2":"type-product","3":"status-publish","4":"has-post-thumbnail","6":"product_cat-bala-camaras-y-dvrs-hd-turbohd-ahd-hd-tvi","7":"product_tag-bala","8":"product_tag-camaras-y-dvrs-hd-turbohd-ahd-hd-tvi","9":"product_tag-hikvision","11":"first","12":"instock","13":"sale","14":"shipping-taxable","15":"purchasable","16":"product-type-simple"},"_links":{"self":[{"href":"https:\/\/soydeaqui.ddns.net\/pachuca\/index.php\/wp-json\/wp\/v2\/product\/105181","targetHints":{"allow":["GET"]}}],"collection":[{"href":"https:\/\/soydeaqui.ddns.net\/pachuca\/index.php\/wp-json\/wp\/v2\/product"}],"about":[{"href":"https:\/\/soydeaqui.ddns.net\/pachuca\/index.php\/wp-json\/wp\/v2\/types\/product"}],"replies":[{"embeddable":true,"href":"https:\/\/soydeaqui.ddns.net\/pachuca\/index.php\/wp-json\/wp\/v2\/comments?post=105181"}],"wp:featuredmedia":[{"embeddable":true,"href":"https:\/\/soydeaqui.ddns.net\/pachuca\/index.php\/wp-json\/wp\/v2\/media\/105180"}],"wp:attachment":[{"href":"https:\/\/soydeaqui.ddns.net\/pachuca\/index.php\/wp-json\/wp\/v2\/media?parent=105181"}],"wp:term":[{"taxonomy":"product_brand","embeddable":true,"href":"https:\/\/soydeaqui.ddns.net\/pachuca\/index.php\/wp-json\/wp\/v2\/product_brand?post=105181"},{"taxonomy":"product_cat","embeddable":true,"href":"https:\/\/soydeaqui.ddns.net\/pachuca\/index.php\/wp-json\/wp\/v2\/product_cat?post=105181"},{"taxonomy":"product_tag","embeddable":true,"href":"https:\/\/soydeaqui.ddns.net\/pachuca\/index.php\/wp-json\/wp\/v2\/product_tag?post=105181"}],"curies":[{"name":"wp","href":"https:\/\/api.w.org\/{rel}","templated":true}]}}