{"id":105170,"date":"2026-03-20T15:11:05","date_gmt":"2026-03-20T15:11:05","guid":{"rendered":"https:\/\/soydeaqui.ddns.net\/pachuca\/index.php\/producto\/atornillador-para-tablaroca-de-1-4-de-4500-rpm\/"},"modified":"2026-03-20T15:11:07","modified_gmt":"2026-03-20T15:11:07","slug":"atornillador-para-tablaroca-de-1-4-de-4500-rpm","status":"publish","type":"product","link":"https:\/\/soydeaqui.ddns.net\/pachuca\/index.php\/producto\/atornillador-para-tablaroca-de-1-4-de-4500-rpm\/","title":{"rendered":"Atornillador para tablaroca  de 1\/4&#8243;  de 4,500 rpm"},"content":{"rendered":"<div style='width: 100%; max-width: 1200px; margin: 0 auto; font-family: sans-serif; line-height: 1.6; color: inherit; background-color: transparent;'>\n<div style='display: flex; flex-wrap: wrap; gap: 30px; margin-bottom: 30px;'>\n<div style='flex: 1 1 300px; min-width: 280px;'>\n<h3 style='font-size: 22px; border-bottom: 2px solid currentColor; padding-bottom: 5px; margin-top: 0; color: inherit; opacity: 0.8;'>DESCRIPCION<\/h3>\n<ul style='padding-left: 20px; font-size: 15px; color: inherit;'>\n<li style='margin-bottom: 5px; color: #008290; font-weight: bold;'>POTENCIA<\/li>\n<li style='margin-bottom: 10px; padding-left: 20px;'>Potente motor de 6.0 amperes con 0-4&comma;000 RPM dise\u00f1ado para manejar aplicaciones de estructuras y colgantes<\/li>\n<li style='margin-bottom: 5px; color: #008290; font-weight: bold;'>INNOVACI\u00d3N<\/li>\n<li style='margin-bottom: 10px; padding-left: 20px;'>Mango tipo pistola con dise\u00f1o ergon\u00f3mico para incrementar la comodidad y control<\/li>\n<li style='margin-bottom: 5px; color: #008290; font-weight: bold;'>CONVENIENTE<\/li>\n<li style='margin-bottom: 10px; padding-left: 20px;'>Integrado con luz LED para iluminar la superficie de trabajo<\/li>\n<li style='margin-bottom: 5px; color: #008290; font-weight: bold;'>RENDIMIENTO<\/li>\n<li style='margin-bottom: 10px; padding-left: 20px;'>La pistola para tabla-roca m\u00e1s liviana en su clase con s\u00f3lo 3.0 lbs.<\/li>\n<li style='margin-bottom: 5px; color: #008290; font-weight: bold;'>INCLUYE<\/li>\n<li style='margin-bottom: 10px; padding-left: 20px;'>2 brocas de cruz y sujeta brocas magn\u00e9tico<\/li>\n<\/ul><\/div>\n<\/p><\/div>\n<div style='display: flex; flex-wrap: wrap; gap: 30px; margin-bottom: 30px;'>\n<div style='flex: 1 1 300px; min-width: 280px;'>\n<h3 style='font-size: 22px; border-bottom: 2px solid currentColor; padding-bottom: 5px; margin-top: 0; color: inherit; opacity: 0.8;'>CARACTERISTICAS PRINCIPALES<\/h3>\n<ul style='padding-left: 20px; font-size: 15px; color: inherit;'>\n<li style='margin-bottom: 10px;'>Potente motor de 6 amperes con 0-4&comma;000 RPM para soportar las aplicaciones m\u00e1s demandantes<\/li>\n<li style='margin-bottom: 10px;'>Menos peso (s\u00f3lo 3.0 lbs.) con balance de precisi\u00f3n para m\u00e1xima comodidad del usuario<\/li>\n<li style='margin-bottom: 10px;'>Luz L.E.D. integrada que ilumina el \u00e1rea de trabajo para mayor productividad en aplicaciones de poca luz<\/li>\n<li style='margin-bottom: 10px;'>Clip de cintur\u00f3n reforzado con acero para conveniencia del usuario e incrementar la durabilidad<\/li>\n<li style='margin-bottom: 10px;'>Conducto de flujo de aire direccional dirige el aire que produce la herramienta lejos de la cara del usuario<\/li>\n<li style='margin-bottom: 10px;'>Porta-cono de la punta posicionado debajo del gatillo para almacenamiento conveniente durante aplicaciones de enmarcado<\/li>\n<li style='margin-bottom: 10px;'>&#8216;Gatillo&#8217; ahulado de dise\u00f1o ergon\u00f3mico para incrementar comodidad y control<\/li>\n<li style='margin-bottom: 10px;'>Carcasa de engranaje con aleaci\u00f3n de aluminio para menos peso y mayor durabilidad<\/li>\n<li style='margin-bottom: 10px;'>Conveniente almacenamiento de broca en la base del mango que reduce el tiempo de inactividad<\/li>\n<li style='margin-bottom: 10px;'>Gatillo grande con fijador de encendido localizado a la mitad del mango para conveniencia del operador<\/li>\n<li style='margin-bottom: 10px;'>Ensamble ajustable de localizaci\u00f3n de profundidad con Sure-Lock\u2122 para profundidad consistente de los tornillos<\/li>\n<li style='margin-bottom: 10px;'>Velocidad variable de 0-4&comma;000 RPM con mayor torsi\u00f3n para aplicaciones de enmarcado de metal<\/li>\n<\/ul><\/div>\n<\/p><\/div>\n<div style='display: flex; flex-wrap: wrap; gap: 30px; margin-bottom: 30px;'>\n<div style='flex: 1 1 300px; min-width: 280px;'>\n<h3 style='font-size: 22px; border-bottom: 2px solid currentColor; padding-bottom: 5px; margin-top: 0; color: inherit; opacity: 0.8;'>INCLUYE<\/h3>\n<ul style='padding-left: 20px; font-size: 15px; color: inherit;'>\n<li style='margin-bottom: 10px;'><a style='color: #008290; text-decoration: none;' href='https:\/\/www.makitatools.com\/es\/products\/details\/784801-1'>(1) Portapuntas Magn\u00e9tico de 3&#8242; (784801-1)<\/a><\/li>\n<li style='margin-bottom: 10px;'><a style='color: #008290; text-decoration: none;' href='https:\/\/www.makitatools.com\/es\/products\/details\/784211-B'>(1) Punta de Cruz #2&comma; 1&#8217;&comma; 10 Pzas. (784211-B)<\/a><\/li>\n<\/ul><\/div>\n<\/p><\/div>\n<div style='display: flex; flex-wrap: wrap; gap: 20px; margin-bottom: 30px;'>\n<div style='flex: 1 1 250px; border: 1px solid rgba(150&comma; 150&comma; 150&comma; 0.4); border-radius: 8px; overflow: hidden; display: flex; flex-direction: column;'>\n<div style='padding: 15px; border-bottom: 1px solid rgba(150&comma; 150&comma; 150&comma; 0.2); font-weight: bold; font-size: 18px; color: inherit;'>ESPECIFICACIONES<\/div>\n<div style='padding: 15px; color: inherit;'>\n<ul style='padding-left: 20px; margin: 0; font-size: 14px; list-style-type: disc; color: inherit;'>\n<li style='margin-bottom: 8px;'><strong>Tipo de Broca:<\/strong> Hex de 1\/4&#8242;<\/li>\n<li style='margin-bottom: 8px;'><strong>Velocidad Sin Carga (velocidad variable):<\/strong> 0 &#8211; 4&comma;000 RPM<\/li>\n<li style='margin-bottom: 8px;'><strong>Amperaje (amperios):<\/strong> 6<\/li>\n<li style='margin-bottom: 8px;'><strong>Longitud Total:<\/strong> 11-1\/8&#8242;<\/li>\n<li style='margin-bottom: 8px;'><strong>Peso Neto:<\/strong> 3 lbs.<\/li>\n<li style='margin-bottom: 8px;'><strong>Longitud del Cable (ft.):<\/strong> 8.2&#8242;<\/li>\n<\/ul><\/div>\n<\/p><\/div>\n<div style='flex: 1 1 250px; border: 1px solid rgba(150&comma; 150&comma; 150&comma; 0.4); border-radius: 8px; overflow: hidden; display: flex; flex-direction: column;'>\n<div style='padding: 15px; border-bottom: 1px solid rgba(150&comma; 150&comma; 150&comma; 0.2); font-weight: bold; font-size: 18px; color: inherit;'>DETALLES ADICIONALES<\/div>\n<div style='padding: 15px; color: inherit;'>\n<ul style='padding-left: 20px; margin: 0; font-size: 14px; list-style-type: disc; color: inherit;'>\n<li style='margin-bottom: 8px;'><strong>Auto-Alimentaci\u00f3n:<\/strong> No<\/li>\n<li style='margin-bottom: 8px;'><strong>M\u00e1x. Velocidad Sin Carga:<\/strong> 4&comma;000 RPM<\/li>\n<li style='margin-bottom: 8px;'><strong>Tipo de Potencia:<\/strong> Con cable<\/li>\n<li style='margin-bottom: 8px;'><strong>Ajuste de Torsi\u00f3n:<\/strong> No<\/li>\n<li style='margin-bottom: 8px;'><strong>Peso del Env\u00edo:<\/strong> 4 lbs.<\/li>\n<\/ul><\/div>\n<\/p><\/div>\n<\/p><\/div>\n<hr style='border: 0; border-top: 1px solid rgba(150&comma; 150&comma; 150&comma; 0.3); margin: 30px 0;'> <\/div>\n","protected":false},"excerpt":{"rendered":"<p>Atornillador para tablaroca  de 1\/4&#8243;  de 4,500 rpm<\/p>\n","protected":false},"featured_media":105169,"comment_status":"open","ping_status":"closed","template":"","meta":[],"product_brand":[],"product_cat":[24],"product_tag":[26,25,252],"class_list":{"0":"post-105170","1":"product","2":"type-product","3":"status-publish","4":"has-post-thumbnail","6":"product_cat-accesorios-de-instalacion","7":"product_tag-accesorios-de-instalacion","8":"product_tag-herramientas","9":"product_tag-makita","11":"first","12":"outofstock","13":"sale","14":"shipping-taxable","15":"purchasable","16":"product-type-simple"},"_links":{"self":[{"href":"https:\/\/soydeaqui.ddns.net\/pachuca\/index.php\/wp-json\/wp\/v2\/product\/105170","targetHints":{"allow":["GET"]}}],"collection":[{"href":"https:\/\/soydeaqui.ddns.net\/pachuca\/index.php\/wp-json\/wp\/v2\/product"}],"about":[{"href":"https:\/\/soydeaqui.ddns.net\/pachuca\/index.php\/wp-json\/wp\/v2\/types\/product"}],"replies":[{"embeddable":true,"href":"https:\/\/soydeaqui.ddns.net\/pachuca\/index.php\/wp-json\/wp\/v2\/comments?post=105170"}],"wp:featuredmedia":[{"embeddable":true,"href":"https:\/\/soydeaqui.ddns.net\/pachuca\/index.php\/wp-json\/wp\/v2\/media\/105169"}],"wp:attachment":[{"href":"https:\/\/soydeaqui.ddns.net\/pachuca\/index.php\/wp-json\/wp\/v2\/media?parent=105170"}],"wp:term":[{"taxonomy":"product_brand","embeddable":true,"href":"https:\/\/soydeaqui.ddns.net\/pachuca\/index.php\/wp-json\/wp\/v2\/product_brand?post=105170"},{"taxonomy":"product_cat","embeddable":true,"href":"https:\/\/soydeaqui.ddns.net\/pachuca\/index.php\/wp-json\/wp\/v2\/product_cat?post=105170"},{"taxonomy":"product_tag","embeddable":true,"href":"https:\/\/soydeaqui.ddns.net\/pachuca\/index.php\/wp-json\/wp\/v2\/product_tag?post=105170"}],"curies":[{"name":"wp","href":"https:\/\/api.w.org\/{rel}","templated":true}]}}