{"id":105137,"date":"2026-03-20T15:09:10","date_gmt":"2026-03-20T15:09:10","guid":{"rendered":"https:\/\/soydeaqui.ddns.net\/pachuca\/index.php\/producto\/switch-poe-inteligente-cnmatrix-ex2052r-p-poe-48-puertos-x-1-gps-4-sfp-fuente-de-alimentacion-extraible\/"},"modified":"2026-03-20T15:09:10","modified_gmt":"2026-03-20T15:09:10","slug":"switch-poe-inteligente-cnmatrix-ex2052r-p-poe-48-puertos-x-1-gps-4-sfp-fuente-de-alimentacion-extraible","status":"publish","type":"product","link":"https:\/\/soydeaqui.ddns.net\/pachuca\/index.php\/producto\/switch-poe-inteligente-cnmatrix-ex2052r-p-poe-48-puertos-x-1-gps-4-sfp-fuente-de-alimentacion-extraible\/","title":{"rendered":"Switch PoE inteligente \/ cnMatrix EX2052R-P \/ PoE+ \/ 48 puertos x 1 Gps \/ 4 SFP+, fuente de alimentaci\u00f3n extra\u00edble"},"content":{"rendered":"<div style='width: 100%; max-width: 1200px; margin: 0 auto; font-family: sans-serif; line-height: 1.6; color: inherit; background-color: transparent;'>\n<h2 style='font-size: 22px; font-weight: 400; text-align: center; margin: 20px 0; color: inherit; border-bottom: 2px solid rgba(150&comma;150&comma;150&comma;0.3); padding-bottom: 5px;'>cnMatrix Enterprise Switch Highlights<\/h2>\n<div style='display: grid; grid-template-columns: repeat(auto-fill&comma; minmax(280px&comma; 1fr)); gap: 20px; margin: 30px 0;'> <!-- Feature 1 --> <\/p>\n<div style='border: 1px solid rgba(150&comma;150&comma;150&comma;0.3); border-radius: 8px; padding: 15px; display: flex; flex-direction: column; height: 100%;'> <img style='width: 100%; height: auto; border: 1px solid rgba(150&comma;150&comma;150&comma;0.3); border-radius: 8px;' src='data:image\/png;base64&comma;iVBORw0KGgoAAAANSUhEUgAAACoAAAA4CAYAAACL3WrLAAACNUlEQVRoBe2ZO0sDQRSF80v8A9rYqYUINooWVmvAIk1ABCHGRkHQoEUiSEStfEB8EoiFiIiIloGICNoEC7WQiIqFIoIBi4yckVl2kzXcWfdhwlwYJoGTvd+end0kcwKsRipQI5xMgTp9pWrb0fePIptfP2XayApr6Bj3ZKAXeqK3VVU4mr95ZG3BWU\/grExo6o0xMJRXBWhXeIFDNvbEWOboguUu7zwZ6NXan+C9AVvurAkUYpwlIAtPr+Un5fp7wKE3GNZ2s6Z+JtDY0gEXYfarkqkTzhCe2DQhmEC1yDIXQWynbu9fWDSeYcPTaXZ1XbBzCL7M4ChYjOUoaHd4kZ8oGrVoCWMf8mvcE66Cfha\/dEg0wnh4fiMDCqHroGg0OLmtwwajq6K31OwJKIjSh+dsa\/+MlUolKUAh9gxUNLQ71xdo+8AcX2OhsRTb2Mv5MsSzHCzGMj2emvtm9JtB3Ll+zfgaNZYlaGcoyYamdnwZWuTnFxtMM5YJ9K\/fTMYD231dXzeTclRiHahLL2EWSaocJdkkIVKOSphFkipHSTZJiJSjEmaRpMpRkk0SIuWohFkkqXKUZJOESDkqYRZJSnJUbUDYSFbUBgRpARJEpDWq\/tcTnBQSkqNiy+8\/xDdVUxERiFklZ+KM3ZwRiIl4s2ogBggR8+EDx9l8RdTnBigA0csYb1aNGAGBwFTEfH5s4qI3KbQFLHLQ0XhGd9cLYACi528ZrGkj143L6tQxFahTTorjfAOxp66hWsdfuAAAAABJRU5ErkJggg==' alt=''> <\/p>\n<h3 style='font-size: 16px; font-weight: 600; text-align: center; margin: 15px 0 10px; color: inherit; text-transform: uppercase; border-bottom: 1px solid rgba(150&comma;150&comma;150&comma;0.3); padding-bottom: 5px;'>AUTOMATIZACI\u00d3N BASADA EN POL\u00cdTICAS<\/h3>\n<p style='font-size: 14px; text-align: center; margin: 0;'>Capacidad para perfilar dispositivos y configurar autom\u00e1ticamente el switch proporcionando una experiencia de zero-touch incluso al implementar&comma; desconectar o mover dispositivos de red<\/p>\n<\/p><\/div>\n<p> <!-- Feature 2 --> <\/p>\n<div style='border: 1px solid rgba(150&comma;150&comma;150&comma;0.3); border-radius: 8px; padding: 15px; display: flex; flex-direction: column; height: 100%;'> <img style='width: 100%; height: auto; border: 1px solid rgba(150&comma;150&comma;150&comma;0.3); border-radius: 8px;' src='data:image\/png;base64&comma;iVBORw0KGgoAAAANSUhEUgAAADQAAAA2CAYAAACIsLrgAAACK0lEQVRoBe2aMUsDMRTH\/SR+AR1c3RwEBR2c6irYxUnRRVCw4mAna9FFEYqCSzsoVFDpIljoIihCBxF1ENRJEAfHJ\/\/THGlykeOaa0J9gcflzrs0v\/d\/Lznb10Nd1nq6jIf+D9Dz6zutblcpM7dLvUOLXthotkgL+QphbqYWqVDz\/oX6x3NeQEQ5E3Mrn15FMmlAH59fIczgZD54sHH9QD7Y2WWTRqaLgaMBFaWUBrRRqgUPAAZwPjYBlduqatPTgDKzOwHQXqWu3ezLBSiFUMRc1WYEQoj52jA3kVvqHBlI9YiLcysKLW8ek0uTHWcNSMRtp48zK4cyT7CFiDm0\/IFIf\/URq5y6KEAdDFIo1Tpq+MzUgVSvpHW+f9QInMhAsofjhJx8f5p9VijpopCmKvLYrBAr9LsPyWEh+ndPb9SOiXHko9OQk19HxC4e93hycStzhH3nQAMTa5TEvAQK3Wqx41QhixzhUAzEy\/Yfy3YYJxY7HHI2Qw770PBUIZF5uWx35cYKqKQWlXqcQzZzKMrD7V5jhVgh3ljbyyLOoaQ5BM91ylL\/Kjjuv9U270vtq2AM7MrkbJRfs+Tr6PMveKpHXJyzQkhoU6WGC0XUzxQ\/66NeQW1aDqGYAUCoq\/G1ifqj+fWyNkUNCOUmfWM\/dT6AOq83vakoadw8thRTxSqNATLCTUDZ3E9sjmVKCU0hoSHoIalPYJhLdumAUC1makYg0wO+X2cg3xX6BlUOJs9e2Lv4AAAAAElFTkSuQmCC' alt=''> <\/p>\n<h3 style='font-size: 16px; font-weight: 600; text-align: center; margin: 15px 0 10px; color: inherit; text-transform: uppercase; border-bottom: 1px solid rgba(150&comma;150&comma;150&comma;0.3); padding-bottom: 5px;'>SEGMENTACI\u00d3N AUTOM\u00c1TICA DE DISPOSITIVOS<\/h3>\n<p style='font-size: 14px; text-align: center; margin: 0;'>Proporciona un entorno seguro para los recursos cr\u00edticos de la red al colocar autom\u00e1ticamente los dispositivos en el segmento de red apropiado seg\u00fan su perfil<\/p>\n<\/p><\/div>\n<p> <!-- Feature 3 --> <\/p>\n<div style='border: 1px solid rgba(150&comma;150&comma;150&comma;0.3); border-radius: 8px; padding: 15px; display: flex; flex-direction: column; height: 100%;'> <img style='width: 100%; height: auto; border: 1px solid rgba(150&comma;150&comma;150&comma;0.3); border-radius: 8px;' src='data:image\/png;base64&comma;iVBORw0KGgoAAAANSUhEUgAAADcAAAAxCAYAAAB+gjFbAAADS0lEQVRoBe2av4pTQRTG90l8AX0BrSwCClqv9q61EhtBi1i5NopoowiaLTelhSvaubCNYppgYbRZWFMJEmSxGvkNfMv15sydG5JzSfAeGGbu\/Dvfd86ZmTCTjdCQjL4ehXtPX4fNm89jokydp2x4Tq65Xwz2w6nzt81Em5e4kzv4\/C2SOn2pFx6+fBf4JlGmDtJ8e4g7ubNXtiOBvQ+jGfy7bz7GtnNXH8y0LaPCldyv6XEEj3dSonBNtS9S70qODSMHXu0em4srOawu8HixLHU8Wx4zz7c7ua07O5EgW39Zuvd3Yxu5h7iTwzvaFdk4bm0PYqKMV2mzvLoMsu7kAMl6unDt8UmIKlSp81hrMkwj5KSM84xDm+R1tkkXeaPkioqbKLfkmrCyh47Wcx5WbWLORj33+\/hPGH45jImytzROTmdcS25B17aeW9CAJ8MJxZUNy263GzqdzkoksORkrrD8L8j1+\/2c0cz2ZYTlcDiOkePmuZac4bvWc4ZRilVuYTkej2OTTyaTor7aZTy36M+v6XQaMQAlp3PtlrnJVq29JbdqHqmLp\/VcXUutWr\/anuN+cbD3KTx69T483R+Fwx8\/5+bCdR7jSQfD73OPRye6GQ+W3J1nlhy3wVyF69e88jOXe8F6lrIQA+Li1uylLHU5gJqP5y50Sr9ysKVurLPkdNfPtTdiHg03bzw7UZIjiLUFire63gVIvrejLQWuSExk0A0GsOia3rrunrn8SoszOJ1E5AhnpMkUjy8BHD8nYElGrZtZJZqOWOQT39s5BmEm2tDKqLhFVlyVakQMi2lIjLUSlVq3Tb97dS6u6RJSahGTU1dQm6YBjnK\/4XL++W8WB8mClVmvWI6qFLCY1SobKjHPRAbPGuihD\/vWTwcIaCVPD0iOqJoRSnim1s\/WLT3VwRf\/Ri7epTBAeUtQz4YkykLU9oqqNiITUzKij9NMae6f+amnPuNZ4c3Wugj2yIlEiWTI5JV1qJjXIDr6wZDQwfd1EAdV8BctrfOq+tTrtEVX0PKcCnwEoMpakwCtg7Fcz7ekFn\/XCHfkqEvUaUWZTNrMNy9tcgfD20jrtGdXgqSIaZdFoRKMuKOWkWKkMVFcA9JqM\/OjM\/q+pq8L3nArghWsPhMO9K+VoEvaMw4eOm0glORamU8CYI0wELbJejep48YjiSEpxoEeGUgIJCMiJIL8Zq6lpa92bq8bWdLxIhegbExUAunHzacRzMQY4zWeNLt55wK1TrY1KRakdNSt89hS1n13eBwEApapNSQuw9EyKcWUIst6mJM+eDfoExJlIeDXBHP3FQirWUtgDGL3Hp9I8UsoKE\/ljrKcoL5QuUfraebXaqAEojatX1OpYWLnXbImobQCRqjimprOpWANix\/EJ+Mi3xemVmfW5RJRBFXjmGLHOjvNZqmfUBFeRKJFUrUY1cpzE7F5kmjp4Rk2XKAPWWS2FLYixn203bsFVVFRgda6O1V21T\/Zuu3E2ZeU7JMok\/QHFeRU1Bzkc8666pBu3WpWoOuAY52UrWGEZEvAq0VYwU50\/E52qMkNxzYoOjdxU182KTlWZobhmRYdGbqrrVkbRP\/h4SrBiNsJHAAAAAElFTkSuQmCC' alt=''> <\/p>\n<h3 style='font-size: 16px; font-weight: 600; text-align: center; margin: 15px 0 10px; color: inherit; text-transform: uppercase; border-bottom: 1px solid rgba(150&comma;150&comma;150&comma;0.3); padding-bottom: 5px;'>AUTO POLICY Wipe<\/h3>\n<p style='font-size: 14px; text-align: center; margin: 0;'>Mejora la seguridad al eliminar autom\u00e1ticamente toda la configuraci\u00f3n din\u00e1mica asociada cuando un dispositivo se desconecta<\/p>\n<\/p><\/div>\n<p> <!-- Feature 4 --> <\/p>\n<div style='border: 1px solid rgba(150&comma;150&comma;150&comma;0.3); border-radius: 8px; padding: 15px; display: flex; flex-direction: column; height: 100%;'> <img style='width: 100%; height: auto; border: 1px solid rgba(150&comma;150&comma;150&comma;0.3); border-radius: 8px;' src='data:image\/png;base64&comma;iVBORw0KGgoAAAANSUhEUgAAADoAAAAuCAYAAAB5\/AqlAAADUUlEQVRoBe2YMWsVURCF80v8A\/oHtLKLoHW0N6kVbQQt0hkbJVgpgpIyKS0UtFOwEaxSiZWgnSAWlivfkxNmfXfmzl3cZMnbgWX37b137jlzZuYub61bEbvbER7fTPS0KT0rupKKPnz+pvv56\/cmuA\/FUk3dW\/f3uzMX73SXNndPnOj245cLLFv39pqxhESfHbxfOIYokTxpO\/z8rTt7eXuBCdIt5hL98OnLEcmNG09afI469\/W7wyNc+68+pvcqEqUez135G7nzV3cmU59iRXaRZWD8+v2HXof3IlE5whnpMkUjy8BHD8nYElGrZtZJZqOWOQT39s5BmEm2tDKqLhFVlyVakQMi2lIjLUSlVq3Tb97dS6u6RJSahGTU1dSm6YBjnK\/4XL++W8WB8mClVmvWI6qFLCY1SobKjHPRAbPGuihD\/vWTwcIaCVPD0iOqJoRSnim1s\/WLT3VwRf\/Ri7epTBAeUtQz4YkykLU9oqqNiITUzKij9NMae6f+amnPuNZ4c3Wugj2yIlEiWTI5JV1qJjXIDr6wZDQwfd1EAdV8BctrfOq+tTrtEVX0PKcCnwEoMpakwCtg7Fcz7ekFn\/XCHfkqEvUaUWZTNrMNy9tcgfD20jrtGdXgqSIaZdFoRKMuKOWkWKkMVFcA9JqM\/OjM\/q+pq8L3nArghWsPhMO9K+VoEvaMw4eOm0glORamUsCYI0wELbJejep48YjiSEpxoEeGUgIJCMiJIL8Zq6lpa92bq8bWdLxIhegbExUAunHzacRzMQY4zWeNLt55wK1TrY1KRakdNSt89hS1n13eBwEApapNSQuw9EyKcWUIst6mJM+eDfoExJlIeDXBHP3FQirWUtgDGL3Hp9I8UsoKE\/ljrKcoLpQuUvraebXaqAEojatX1OpYWLnXbImobQCRqjimprOpWANix\/EJ+Mi3xemVmfW5RJRBFXjmGLHOjvNZqmfUBFeRKJFUrUY1cpzE7F5kmjp4Rk2XKAPWWS2FLYixn203bsFVVFRgda6O1V21T\/Zuu3E2ZeU7JMok\/QHFeRU1Bzkc8666pBu3WpWoOuAY52UrWGEZEvAq0VYwU50\/E52qMkNxzYoOjdxU182KTlWZobhmRYdGbqrrVkbRP\/h4SrBiNsJHAAAAAElFTkSuQmCC' alt=''> <\/p>\n<h3 style='font-size: 16px; font-weight: 600; text-align: center; margin: 15px 0 10px; color: inherit; text-transform: uppercase; border-bottom: 1px solid rgba(150&comma;150&comma;150&comma;0.3); padding-bottom: 5px;'>SUPERVIVENCIA DEL SITIO<\/h3>\n<p style='font-size: 14px; text-align: center; margin: 0;'>Operaci\u00f3n ininterrumpida incluso cuando se pierde la conectividad a la nube<\/p>\n<\/p><\/div>\n<p> <!-- Feature 5 --> <\/p>\n<div style='border: 1px solid rgba(150&comma;150&comma;150&comma;0.3); border-radius: 8px; padding: 15px; display: flex; flex-direction: column; height: 100%;'> <img style='width: 100%; height: auto; border: 1px solid rgba(150&comma;150&comma;150&comma;0.3); border-radius: 8px;' src='data:image\/png;base64&comma;iVBORw0KGgoAAAANSUhEUgAAAD4AAAAuCAYAAABwF6rfAAAFNklEQVRoBe1a\/2uXRRz3L6l+isgw\/CWoH8QktFBikGlWRPgFwWiJ+kO6XMv8ysizlsN0YbMmuUm6jcytnLMJc6ZsKRt+Sa0FrrVYbtPpVHjL69ZrnLfnnnvuns8DMz14uLfn3fv9uvfr3neXbJM8P02TQnEPDN2UmsOnZeXmGkH5QUve4A+3dMrSD3vlkZnfj30VNSc4aLjFG\/j89z5XgFdsqhaMwLPzN8uLi0v\/+8CLyuoV8M6LVxVY1v\/46c8cfE\/fwJhNrkIwcNLrNvWu2rJfAb40rygF79dI4ad1Un+0U44vXy\/5H5fK1DcLVuySP\/sGxmxyFYKAE95Z031p4dcKVEHJQbk+PGzFsr3qqJKD9\/8ZHLbK6R1BwLHfM6Z7yZc\/Kh3FFQ26vdby\/obTSn5ZUZVVRu8IAo4JZi0qzYzuf\/UPyaPPr5bXV9botjrLH302Gnh\/+vmCUzYYOIIZvG7SnXWn5hiBnfta1NzNJ8\/HSI3v6v17UI1bvmHf+E6jJRi4je6M9oYer+rCNZUy5eV1XmMoDJY88+omVq15MHDMGEV3PdpbtTo6Xni7RPKWlTukorvXbqtVXr81cida4N\/WVMCzovuMtz6RV97dEWu4rZMnzvBN+ymAsamAm3Q36zbjXO1vrEpG16h5sE2eTrBNUgGHYtAdlwsmk\/5s98m37v5B0bW9q9tnmIzcviOPz1oriwv2OMelBk6648GCxHqa6H7ht14FPH\/9N04AusD2qmY1rvZIh94cWU4NnPTGaw2J9bTRfc3WAQrE3vq2SMPNxtaOy0p+bn6y2JAaOAzIgu4jt+\/KnKVlCsyu6hYT5311PGKeeKlQnpz9oXT92nNfn62SE+DV359SBuaS7jAYj465+aPv\/7x3yqWqrk0u\/t4r1waHpesXn1Qc3gAAAP\/\/AwBQswVH3RZ7jAAAAABJRU5ErkJggg==' alt=''> <\/p>\n<h3 style='font-size: 16px; font-weight: 600; text-align: center; margin: 15px 0 10px; color: inherit; text-transform: uppercase; border-bottom: 1px solid rgba(150&comma;150&comma;150&comma;0.3); padding-bottom: 5px;'>GESTI\u00d3N DE LA NUBE<\/h3>\n<p style='font-size: 14px; text-align: center; margin: 0;'>La plataforma de gesti\u00f3n gratuita basada en la nube de cnMaestro proporciona una rica gesti\u00f3n del ciclo de vida&comma; configuraci\u00f3n y control&comma; y servicios de seguridad; que tambi\u00e9n puede estar disponible con opciones de implementaci\u00f3n en las instalaciones<\/p>\n<\/p><\/div>\n<\/p><\/div>\n<hr style='border: 0; border-top: 1px solid rgba(150&comma;150&comma;150&comma;0.3); margin: 30px 0;'>\n<h2 style='font-size: 22px; text-align: center; margin: 30px 0 15px; color: inherit;'>Especificaciones<\/h2>\n<p> <!-- Features Specifications --> <\/p>\n<div style='display: flex; flex-direction: column; gap: 15px; margin-bottom: 30px;'>\n<div style='border: 1px solid rgba(150&comma;150&comma;150&comma;0.4); border-radius: 8px; overflow: hidden;'>\n<div style='background-color: #51a4f5; color: #fff; padding: 12px 15px; font-weight: 600;'>CARACTER\u00cdSTICAS<\/div>\n<div style='padding: 15px;'>\n<div style='display: grid; grid-template-columns: repeat(2&comma; 1fr); gap: 15px; font-size: 14px;'>\n<div style='display: flex; justify-content: space-between; padding: 5px 0; border-bottom: 1px solid rgba(150&comma;150&comma;150&comma;0.2);'> <strong style='color: inherit;'>Throughput<\/strong> <span style='color: inherit;'>176 Gbps<\/span> <\/div>\n<div style='display: flex; justify-content: space-between; padding: 5px 0; border-bottom: 1px solid rgba(150&comma;150&comma;150&comma;0.2);'> <strong style='color: inherit;'>10\/100\/1000 Ports<\/strong> <span style='color: inherit;'>48 PoE<\/span> <\/div>\n<div style='display: flex; justify-content: space-between; padding: 5px 0; border-bottom: 1px solid rgba(150&comma;150&comma;150&comma;0.2);'> <strong style='color: inherit;'>Uplink Ports<\/strong> <span style='color: inherit;'>4 SFP+<\/span> <\/div>\n<div style='display: flex; justify-content: space-between; padding: 5px 0; border-bottom: 1px solid rgba(150&comma;150&comma;150&comma;0.2);'> <strong style='color: inherit;'>Flash Storage<\/strong> <span style='color: inherit;'>128MB<\/span> <\/div>\n<div style='display: flex; justify-content: space-between; padding: 5px 0;'> <strong style='color: inherit;'>Policy Based Automation<\/strong> <span style='color: inherit;'>Yes<\/span> <\/div>\n<\/p><\/div>\n<\/p><\/div>\n<\/p><\/div>\n<p> <!-- Software Specifications --> <\/p>\n<div style='border: 1px solid rgba(150&comma;150&comma;150&comma;0.4); border-radius: 8px; overflow: hidden;'>\n<div style='background-color: #51a4f5; color: #fff; padding: 12px 15px; font-weight: 600;'>SOFTWARE<\/div>\n<div style='padding: 15px;'>\n<div style='display: grid; grid-template-columns: 1fr; gap: 15px; font-size: 14px;'>\n<div>\n<div style='font-weight: 600; margin-bottom: 8px;'>Quality of Service<\/div>\n<ul style='margin: 0; padding-left: 20px;'>\n<li style='margin-bottom: 5px;'>ACL mapping and marking of ToS\/DSCP (COS)<\/li>\n<li style='margin-bottom: 5px;'>ACL mapping to priority queue<\/li>\n<li>Honoring DSCP and 802.1p(CoS)<\/li>\n<\/ul><\/div>\n<div>\n<div style='font-weight: 600; margin-bottom: 8px;'>Security<\/div>\n<ul style='margin: 0; padding-left: 20px;'>\n<li style='margin-bottom: 5px;'>802.1x authentication<\/li>\n<li style='margin-bottom: 5px;'>DHCP snooping<\/li>\n<li>Radius\/Tacacs\/Tacacs+<\/li>\n<\/ul><\/div>\n<div>\n<div style='font-weight: 600; margin-bottom: 8px;'>Management<\/div>\n<ul style='margin: 0; padding-left: 20px;'>\n<li style='margin-bottom: 5px;'>cnMaestro (cloud management)<\/li>\n<li style='margin-bottom: 5px;'>DHCP Client<\/li>\n<li style='margin-bottom: 5px;'>Embedded DHCP server<\/li>\n<li style='margin-bottom: 5px;'>TFTP\/SFTP<\/li>\n<li>USB file management and storage<\/li>\n<\/ul><\/div>\n<\/p><\/div>\n<\/p><\/div>\n<\/p><\/div>\n<p> <!-- Hardware Specifications --> <\/p>\n<div style='border: 1px solid rgba(150&comma;150&comma;150&comma;0.4); border-radius: 8px; overflow: hidden;'>\n<div style='background-color: #51a4f5; color: #fff; padding: 12px 15px; font-weight: 600;'>HARDWARE<\/div>\n<div style='padding: 15px;'>\n<div style='display: grid; grid-template-columns: 1fr; gap: 15px; font-size: 14px;'>\n<div style='display: flex; justify-content: space-between; padding: 5px 0; border-bottom: 1px solid rgba(150&comma;150&comma;150&comma;0.2);'> <strong style='color: inherit;'>Power Supply<\/strong> <span style='color: inherit;'>Depende de la fuente de alimentaci\u00f3n<\/span> <\/div>\n<div style='display: flex; justify-content: space-between; padding: 5px 0; border-bottom: 1px solid rgba(150&comma;150&comma;150&comma;0.2);'> <strong style='color: inherit;'>MTBF (Hours)<\/strong> <span style='color: inherit;'>202&comma;977<\/span> <\/div>\n<div style='display: flex; justify-content: space-between; padding: 5px 0;'> <strong style='color: inherit;'>Max PoE+ Power Per Port<\/strong> <span style='color: inherit;'>30W<\/span> <\/div>\n<\/p><\/div>\n<\/p><\/div>\n<\/p><\/div>\n<\/p><\/div>\n<\/p><\/div>\n","protected":false},"excerpt":{"rendered":"<p>Switch PoE inteligente \/ cnMatrix EX2052R-P \/ PoE+ \/ 48 puertos x 1 Gps \/ 4 SFP+, fuente de alimentaci\u00f3n extra\u00edble<\/p>\n","protected":false},"featured_media":105136,"comment_status":"open","ping_status":"closed","template":"","meta":[],"product_brand":[],"product_cat":[1986],"product_tag":[1316,664,1987],"class_list":{"0":"post-105137","1":"product","2":"type-product","3":"status-publish","4":"has-post-thumbnail","6":"product_cat-switches-poe","7":"product_tag-cambium-networks","8":"product_tag-networking","9":"product_tag-switches-poe","11":"first","12":"outofstock","13":"sale","14":"shipping-taxable","15":"purchasable","16":"product-type-simple"},"_links":{"self":[{"href":"https:\/\/soydeaqui.ddns.net\/pachuca\/index.php\/wp-json\/wp\/v2\/product\/105137","targetHints":{"allow":["GET"]}}],"collection":[{"href":"https:\/\/soydeaqui.ddns.net\/pachuca\/index.php\/wp-json\/wp\/v2\/product"}],"about":[{"href":"https:\/\/soydeaqui.ddns.net\/pachuca\/index.php\/wp-json\/wp\/v2\/types\/product"}],"replies":[{"embeddable":true,"href":"https:\/\/soydeaqui.ddns.net\/pachuca\/index.php\/wp-json\/wp\/v2\/comments?post=105137"}],"wp:featuredmedia":[{"embeddable":true,"href":"https:\/\/soydeaqui.ddns.net\/pachuca\/index.php\/wp-json\/wp\/v2\/media\/105136"}],"wp:attachment":[{"href":"https:\/\/soydeaqui.ddns.net\/pachuca\/index.php\/wp-json\/wp\/v2\/media?parent=105137"}],"wp:term":[{"taxonomy":"product_brand","embeddable":true,"href":"https:\/\/soydeaqui.ddns.net\/pachuca\/index.php\/wp-json\/wp\/v2\/product_brand?post=105137"},{"taxonomy":"product_cat","embeddable":true,"href":"https:\/\/soydeaqui.ddns.net\/pachuca\/index.php\/wp-json\/wp\/v2\/product_cat?post=105137"},{"taxonomy":"product_tag","embeddable":true,"href":"https:\/\/soydeaqui.ddns.net\/pachuca\/index.php\/wp-json\/wp\/v2\/product_tag?post=105137"}],"curies":[{"name":"wp","href":"https:\/\/api.w.org\/{rel}","templated":true}]}}