{"id":105129,"date":"2026-03-20T15:08:43","date_gmt":"2026-03-20T15:08:43","guid":{"rendered":"https:\/\/soydeaqui.ddns.net\/pachuca\/index.php\/producto\/camara-dual-4gwifi-1080p-boton-de-panico-acceso-a-memoria-microsd-protegido-acelerometro-android-i-o\/"},"modified":"2026-03-20T15:09:05","modified_gmt":"2026-03-20T15:09:05","slug":"camara-dual-4gwifi-1080p-boton-de-panico-acceso-a-memoria-microsd-protegido-acelerometro-android-i-o","status":"publish","type":"product","link":"https:\/\/soydeaqui.ddns.net\/pachuca\/index.php\/producto\/camara-dual-4gwifi-1080p-boton-de-panico-acceso-a-memoria-microsd-protegido-acelerometro-android-i-o\/","title":{"rendered":"C\u00e1mara Dual 4G+WIFI, 1080P, Bot\u00f3n de P\u00e1nico, Acceso a Memoria MicroSD Protegido, Aceler\u00f3metro Android, I\/O"},"content":{"rendered":"<div style='width: 100%; max-width: 1200px; margin: 0 auto; font-family: sans-serif; line-height: 1.6; color: inherit; background-color: transparent;'> <!-- Secci\u00f3n de enlace importante --> <\/p>\n<div style='margin-bottom: 30px;'> <a style='font-size: 16px; color: #0070c0; text-decoration: none; display: inline-block; padding: 10px 15px; border: 1px solid rgba(150&comma;150&comma;150&comma;0.3); border-radius: 6px;' href='https:\/\/www.syscom.mx\/singlepage\/CamaraJC300'> <strong>Pagina de ayuda JC400 y JC400D (Dar clic aqui)<\/strong> <\/a> <\/div>\n<p> <!-- Secci\u00f3n de descripci\u00f3n --> <\/p>\n<div style='display: flex; flex-wrap: wrap; gap: 30px; margin-bottom: 30px;'>\n<div style='flex: 1 1 300px; min-width: 280px;'>\n<h3 style='font-size: 22px; border-bottom: 2px solid currentColor; padding-bottom: 5px; margin-top: 0; color: inherit; opacity: 0.8;'>C\u00e1mara de tablero con doble lente<\/h3>\n<p style='font-size: 15px; color: inherit; margin-bottom: 20px;'> La c\u00e1mara de tablero de doble cara tiene una c\u00e1mara integrada que mira hacia la carretera y una c\u00e1mara independiente que graba dentro de la cabina&comma; lo que le permite monitorear simult\u00e1neamente la carretera y el interior del vehiculo. <\/p>\n<p style='font-size: 15px; color: inherit; margin-bottom: 20px; background-color: rgba(255&comma; 0&comma; 0&comma; 0.1); padding: 10px; border-left: 4px solid #ff0000;'> <strong>Nota:<\/strong> No se recomiendan SIM de prepago (recargas) para estos equipos <\/p>\n<\/p><\/div>\n<\/p><\/div>\n<p> <!-- Secci\u00f3n de alertas --> <\/p>\n<div style='display: flex; flex-wrap: wrap; gap: 30px; margin-bottom: 30px;'>\n<div style='flex: 1 1 300px; min-width: 280px;'>\n<h3 style='font-size: 22px; border-bottom: 2px solid currentColor; padding-bottom: 5px; margin-top: 0; color: inherit; opacity: 0.8;'>Monitoreo de manera de conducci\u00f3n<\/h3>\n<ul style='padding-left: 20px; font-size: 15px; color: inherit; list-style-position: outside; margin: 15px 0;'>\n<li style='margin-bottom: 8px;'>Alerta por aceleraci\u00f3n brusca<\/li>\n<li style='margin-bottom: 8px;'>Alerta por bater\u00eda baja<\/li>\n<li style='margin-bottom: 8px;'>Alerta por choque<\/li>\n<li style='margin-bottom: 8px;'>Alerta por corte de energ\u00eda<\/li>\n<li style='margin-bottom: 8px;'>Alerta por exceso de velocidad<\/li>\n<li style='margin-bottom: 8px;'>Alerta por giro brusco<\/li>\n<li style='margin-bottom: 8px;'>Alerta por vibraci\u00f3n<\/li>\n<li style='margin-bottom: 8px;'>Alerta por SOS<\/li>\n<li style='margin-bottom: 8px;'>Alerta por no reconocer la memoria SD<\/li>\n<\/ul>\n<p style='font-size: 15px; color: inherit; margin-top: 20px;'> Aprovechar los datos sobre su comportamiento de conducci\u00f3n&comma; incluida la aceleraci\u00f3n brusca&comma; el frenado brusco y las curvas extremas&comma; ayudar\u00e1 a reducir la tasa de accidentes de su flota y mejorar\u00e1 el ahorro de combustible. <\/p>\n<\/p><\/div>\n<\/p><\/div>\n<p> <!-- Secci\u00f3n de video en la nube --> <\/p>\n<div style='display: flex; flex-wrap: wrap; gap: 30px; margin-bottom: 30px;'>\n<div style='flex: 1 1 300px; min-width: 280px;'>\n<h3 style='font-size: 22px; border-bottom: 2px solid currentColor; padding-bottom: 5px; margin-top: 0; color: inherit; opacity: 0.8;'>Video de eventos a la nube<\/h3>\n<p style='font-size: 15px; color: inherit; margin-bottom: 20px;'> En caso de accidente grave&comma; colisi\u00f3n o comportamiento de conducci\u00f3n inadecuado&comma; el video se enviar\u00e1 autom\u00e1ticamente a la nube. Con una conexi\u00f3n 4G&comma; puede obtener velocidades de datos m\u00e1s r\u00e1pidas y una mayor cobertura de red&comma; lo que le permite responder o tomar medidas de inmediato. <\/p>\n<\/p><\/div>\n<\/p><\/div>\n<p> <!-- Secci\u00f3n de especificaciones --> <\/p>\n<div style='display: flex; flex-wrap: wrap; gap: 20px; margin-bottom: 30px;'>\n<div style='flex: 1 1 250px; border: 1px solid rgba(150&comma; 150&comma; 150&comma; 0.4); border-radius: 8px; overflow: hidden; display: flex; flex-direction: column;'>\n<div style='padding: 15px; border-bottom: 1px solid rgba(150&comma; 150&comma; 150&comma; 0.2); font-weight: bold; font-size: 18px; color: inherit;'>Caracter\u00edsticas<\/div>\n<div style='padding: 15px; color: inherit;'>\n<ul style='padding-left: 20px; margin: 0; font-size: 14px; list-style-type: disc; list-style-position: outside;'>\n<li style='margin-bottom: 8px;'>Red soportada: 4G + 3G + 2G<\/li>\n<li style='margin-bottom: 8px;'>Resoluci\u00f3n 1080p consume 6 GB por hora<\/li>\n<li style='margin-bottom: 8px;'>Resoluci\u00f3n 720p consume 3 GB por hora<\/li>\n<li style='margin-bottom: 8px;'>WiFi para conexi\u00f3n con smartphone<\/li>\n<li style='margin-bottom: 8px;'>Resoluci\u00f3n de video en 1080p con una imagen super clara<\/li>\n<li style='margin-bottom: 8px;'>Resoluci\u00f3n 1080p: 130 MB por minuto \/ 7&comma;8 GB por hora<\/li>\n<li style='margin-bottom: 8px;'>Bot\u00f3n de p\u00e1nico<\/li>\n<li style='margin-bottom: 8px;'>Bloque de acceso a Sim de datos<\/li>\n<li style='margin-bottom: 8px;'>Posicionamiento GPS para localizaci\u00f3n del veh\u00edculo en todo momento<\/li>\n<li style='margin-bottom: 8px;'>C\u00e1maras para visualizar el camino y el exterior del veh\u00edculo<\/li>\n<li style='margin-bottom: 8px;'>Sensor G de seis ejes<\/li>\n<\/ul><\/div>\n<\/p><\/div>\n<div style='flex: 1 1 250px; border: 1px solid rgba(150&comma; 150&comma; 150&comma; 0.4); border-radius: 8px; overflow: hidden; display: flex; flex-direction: column;'>\n<div style='padding: 15px; border-bottom: 1px solid rgba(150&comma; 150&comma; 150&comma; 0.2); font-weight: bold; font-size: 18px; color: inherit;'>Especificaciones<\/div>\n<div style='padding: 15px; color: inherit;'>\n<ul style='padding-left: 20px; margin: 0; font-size: 14px; list-style-type: disc; list-style-position: outside;'>\n<li style='margin-bottom: 8px;'>Procesador: ARM Cortex A53 a 1&comma;4 GHz<\/li>\n<li style='margin-bottom: 8px;'>Sistema operativo: Android 8.1 GO<\/li>\n<li style='margin-bottom: 8px;'>Memoria flash: RAM + ROM LPDDR3 16GB<\/li>\n<li style='margin-bottom: 8px;'>Ranura para MicroSD m\u00e1ximo 128Gb (no incluida)<\/li>\n<li style='margin-bottom: 8px;'>C\u00e1mara frontal: grabaci\u00f3n hacia adelante incorporada&comma; AHD&comma; 1080P con 120\u00b0 de visi\u00f3n<\/li>\n<li style='margin-bottom: 8px;'>C\u00e1mara a conductor: AHD&comma; 720P con 100\u00b0 de visi\u00f3n<\/li>\n<li style='margin-bottom: 8px;'>GPS: GPS + BDS Antena de cer\u00e1mica incorporada<\/li>\n<li style='margin-bottom: 8px;'>Sensor G: aceler\u00f3metro&comma; giroscopio de 6 ejes<\/li>\n<li style='margin-bottom: 8px;'>Micr\u00f3fono y altavoz: incorporado<\/li>\n<li style='margin-bottom: 8px;'>Bot\u00f3n de p\u00e1nico incorporado<\/li>\n<li style='margin-bottom: 8px;'>Voltaje de alimentaci\u00f3n de 12-24Vcc (cableado incluido 3mts)<\/li>\n<\/ul><\/div>\n<\/p><\/div>\n<\/p><\/div>\n<p> <!-- Secci\u00f3n de licencias --> <\/p>\n<div style='margin-bottom: 30px;'>\n<div style='padding: 15px; border-left: 4px solid #ff0000; margin-bottom: 15px; background-color: rgba(255&comma; 0&comma; 0&comma; 0.05);'> <strong style='color: inherit; font-size: 15px;'>Nota:<\/strong> <\/p>\n<p style='margin: 8px 0 0 0; color: inherit; font-size: 14px;'> Puede seleccionar algunas de estas licencias para visualizaci\u00f3n en tiempo real. <\/p>\n<\/p><\/div>\n<div style='border: 1px solid rgba(150&comma;150&comma;150&comma;0.3); border-radius: 6px; padding: 15px; margin-bottom: 10px;'>\n<p style='margin: 0 0 8px 0; font-weight: bold; color: inherit;'>PTSCXVIDEO<\/p>\n<p style='margin: 0; color: inherit; font-size: 14px;'>Primer a\u00f1o de licencia de video en plataforma Tracksolid<\/p>\n<\/p><\/div>\n<div style='border: 1px solid rgba(150&comma;150&comma;150&comma;0.3); border-radius: 6px; padding: 15px; margin-bottom: 10px;'>\n<p style='margin: 0 0 8px 0; font-weight: bold; color: inherit;'>RTSCXVIDEO<\/p>\n<p style='margin: 0; color: inherit; font-size: 14px;'>Renovaci\u00f3n de licencia de video para plataforma Tracksolid<\/p>\n<\/p><\/div>\n<div style='border: 1px solid rgba(150&comma;150&comma;150&comma;0.3); border-radius: 6px; padding: 15px;'>\n<p style='margin: 0 0 8px 0; font-weight: bold; color: inherit;'>VTSCXVIDEO<\/p>\n<p style='margin: 0; color: inherit; font-size: 14px;'>Licencia vitalicia para plataforma Tracksolid<\/p>\n<\/p><\/div>\n<\/p><\/div>\n<p> <!-- Separador final --> <\/p>\n<hr style='border: 0; border-top: 1px solid rgba(150&comma; 150&comma; 150&comma; 0.3); margin: 30px 0;'> <\/div>\n","protected":false},"excerpt":{"rendered":"<p>C\u00e1mara Dual 4G+WIFI, 1080P, Bot\u00f3n de P\u00e1nico, Acceso a Memoria MicroSD Protegido, Aceler\u00f3metro Android, I\/O<\/p>\n","protected":false},"featured_media":105128,"comment_status":"open","ping_status":"closed","template":"","meta":[],"product_brand":[],"product_cat":[2244,1406],"product_tag":[1409,1420,2245,1345],"class_list":{"0":"post-105129","1":"product","2":"type-product","3":"status-publish","4":"has-post-thumbnail","6":"product_cat-mdvr-mnvr","7":"product_cat-videograbadoras-moviles-videovigilancia","8":"product_tag-dash-cams-y-body-cams","9":"product_tag-jimiiot","10":"product_tag-mdvr-mnvr","11":"product_tag-videograbadoras-moviles","13":"first","14":"outofstock","15":"sale","16":"shipping-taxable","17":"purchasable","18":"product-type-simple"},"_links":{"self":[{"href":"https:\/\/soydeaqui.ddns.net\/pachuca\/index.php\/wp-json\/wp\/v2\/product\/105129","targetHints":{"allow":["GET"]}}],"collection":[{"href":"https:\/\/soydeaqui.ddns.net\/pachuca\/index.php\/wp-json\/wp\/v2\/product"}],"about":[{"href":"https:\/\/soydeaqui.ddns.net\/pachuca\/index.php\/wp-json\/wp\/v2\/types\/product"}],"replies":[{"embeddable":true,"href":"https:\/\/soydeaqui.ddns.net\/pachuca\/index.php\/wp-json\/wp\/v2\/comments?post=105129"}],"wp:featuredmedia":[{"embeddable":true,"href":"https:\/\/soydeaqui.ddns.net\/pachuca\/index.php\/wp-json\/wp\/v2\/media\/105128"}],"wp:attachment":[{"href":"https:\/\/soydeaqui.ddns.net\/pachuca\/index.php\/wp-json\/wp\/v2\/media?parent=105129"}],"wp:term":[{"taxonomy":"product_brand","embeddable":true,"href":"https:\/\/soydeaqui.ddns.net\/pachuca\/index.php\/wp-json\/wp\/v2\/product_brand?post=105129"},{"taxonomy":"product_cat","embeddable":true,"href":"https:\/\/soydeaqui.ddns.net\/pachuca\/index.php\/wp-json\/wp\/v2\/product_cat?post=105129"},{"taxonomy":"product_tag","embeddable":true,"href":"https:\/\/soydeaqui.ddns.net\/pachuca\/index.php\/wp-json\/wp\/v2\/product_tag?post=105129"}],"curies":[{"name":"wp","href":"https:\/\/api.w.org\/{rel}","templated":true}]}}