{"id":105127,"date":"2026-03-20T15:08:37","date_gmt":"2026-03-20T15:08:37","guid":{"rendered":"https:\/\/soydeaqui.ddns.net\/pachuca\/index.php\/producto\/switch-poe-300-metros-poe-larga-distancia-8-puertos-10-100-mbps-802-3af-at-30w-2-puerto-10-100-1000-mbps-uplink\/"},"modified":"2026-03-20T15:08:40","modified_gmt":"2026-03-20T15:08:40","slug":"switch-poe-300-metros-poe-larga-distancia-8-puertos-10-100-mbps-802-3af-at-30w-2-puerto-10-100-1000-mbps-uplink","status":"publish","type":"product","link":"https:\/\/soydeaqui.ddns.net\/pachuca\/index.php\/producto\/switch-poe-300-metros-poe-larga-distancia-8-puertos-10-100-mbps-802-3af-at-30w-2-puerto-10-100-1000-mbps-uplink\/","title":{"rendered":"Switch PoE+ \/ 300 Metros PoE Larga Distancia \/ 8 Puertos 10\/100 Mbps 802.3af\/at (30W) +2 Puerto 10\/100\/1000 Mbps Uplink"},"content":{"rendered":"<div style='width: 100%; max-width: 1200px; margin: 0 auto; font-family: sans-serif; line-height: 1.6; color: inherit; background-color: transparent;'>\n<p style='text-align: center; margin: 0; padding: 15px 0;'><img style='width: 100%; max-width: 300px; height: auto; border: 1px solid rgba(150&comma;150&comma;150&comma;0.3); border-radius: 8px;' src='https:\/\/ftp3.syscom.mx\/usuarios\/jsosa\/HIKVISION\/imagenes\/logo\/hikvision%20see%20far.png' alt='Logo Hikvision' \/><\/p>\n<div style='position: relative; padding-bottom: 56.25%; height: 0; overflow: hidden; margin: 30px 0;'>   <\/div>\n<div style='display: flex; flex-wrap: wrap; gap: 30px; margin-bottom: 30px;'>\n<div style='flex: 1 1 300px; min-width: 280px;'>\n<h3 style='font-size: 22px; border-bottom: 2px solid currentColor; padding-bottom: 5px; margin-top: 0; color: inherit; opacity: 0.8;'>Caracter\u00edsticas principales<\/h3>\n<ul style='padding-left: 20px; font-size: 15px; color: inherit;'>\n<li style='margin-bottom: 5px;'>Monitoreo y control de datos en puertos importantes<\/li>\n<li style='margin-bottom: 5px;'><strong>Modo extendido disponible para alcanzar una transmisi\u00f3n por cable de hasta 300 metros<\/strong><\/li>\n<li style='margin-bottom: 5px;'><strong>Al momento de habilitar el modo EXTEND el ancho de banda sera de 10Mbps y la alimentaci\u00f3n no deber\u00e1 exceder de 8W m\u00e1ximo por puerto<\/strong><\/li>\n<li style='margin-bottom: 5px;'><strong>Se recomienda utilizar cableado cat 6 100% cobre para el modo extendido<\/strong><\/li>\n<li style='margin-bottom: 5px;'>Optimizaci\u00f3n de buffer para garantizar la transmisi\u00f3n de video<\/li>\n<\/ul><\/div>\n<div style='flex: 1 1 300px; min-width: 280px;'>\n<h3 style='font-size: 22px; border-bottom: 2px solid currentColor; padding-bottom: 5px; margin-top: 0; color: inherit; opacity: 0.8;'>Caracter\u00edsticas F\u00edsicas y El\u00e9ctricas<\/h3>\n<ul style='padding-left: 20px; font-size: 15px; color: inherit;'>\n<li style='margin-bottom: 5px;'>Capacidad m\u00e1xima de Watts: 60 W<\/li>\n<li style='margin-bottom: 5px;'>Administraci\u00f3n m\u00e1xima de Watts por puerto: 30 W<\/li>\n<li style='margin-bottom: 5px;'>8 puerto PoE 802.3af\/at que soportan modo EXTEND<\/li>\n<li style='margin-bottom: 5px;'>Alimentaci\u00f3n: 48 Vcc \/ 1.35 A<\/li>\n<li style='margin-bottom: 5px;'>Dimensiones: 217.6 mm x 27.8 mm x 103.35 mm<\/li>\n<li style='margin-bottom: 5px;'>Peso: 1.2 Kg<\/li>\n<li style='margin-bottom: 5px;'>Garant\u00eda: 2 a\u00f1os<\/li>\n<\/ul><\/div>\n<\/p><\/div>\n<hr style='border: 0; border-top: 1px solid rgba(150&comma;150&comma;150&comma;0.3); margin: 30px 0;'>\n<div style='display: flex; flex-wrap: wrap; gap: 30px; margin-bottom: 30px;'>\n<div style='flex: 1 1 300px; min-width: 280px;'> <img style='width: 100%; height: auto; border: 1px solid rgba(150&comma;150&comma;150&comma;0.3); border-radius: 8px;' src='http:\/\/ftp3.syscom.mx\/usuarios\/emendoza\/elesbanmch\/HIKVISON\/IMAGENES\/SWITCH%20MODO%20EXTENDIDO1.png' alt='Modo de Manejo 1' \/> <\/div>\n<div style='flex: 1 1 300px; min-width: 280px;'>\n<h3 style='font-size: 18px; margin-top: 0; color: inherit;'>Modo de Manejo 1<\/h3>\n<p style='font-size: 15px; color: inherit;'>El switch PoE de HIKVISION permite al momento de utilizar un extensor PoE HIKVISION modelo <a href='https:\/\/www.syscom.mx\/producto\/DS-1H340101P-HIKVISION-88603.html' style='color: #0066cc; text-decoration: underline;'>DS-1H340101P<\/a> nos permite alcanzar distancias de hasta 500 metros en total.<\/p>\n<p style='font-size: 15px; color: inherit;'>Las c\u00e1maras IP compatibles en modo extendido pueden ser cualquier c\u00e1mara HIKVISION que no rebasen los 8 watts en consumo total.<\/p>\n<\/p><\/div>\n<\/p><\/div>\n<div style='display: flex; flex-wrap: wrap; gap: 30px; margin-bottom: 30px;'>\n<div style='flex: 1 1 300px; min-width: 280px;'>\n<h3 style='font-size: 18px; margin-top: 0; color: inherit;'>Modo de Manejo 2<\/h3>\n<p style='font-size: 15px; color: inherit;'>Al momento de habilitar el modo extendido nos permite por puerto llegar a distancias de hasta 250 metros.<\/p>\n<p style='font-size: 15px; color: inherit;'>Las c\u00e1maras IP compatibles en modo extendido pueden ser cualquier c\u00e1mara HIKVISION que no rebasen los 8 watts en consumo total.<\/p>\n<\/p><\/div>\n<div style='flex: 1 1 300px; min-width: 280px;'> <img style='width: 100%; height: auto; border: 1px solid rgba(150&comma;150&comma;150&comma;0.3); border-radius: 8px;' src='http:\/\/ftp3.syscom.mx\/usuarios\/emendoza\/elesbanmch\/HIKVISON\/IMAGENES\/SWITCH%20MODO%20EXTENDIDO%2022.jpg' alt='Modo de Manejo 2' \/> <\/div>\n<\/p><\/div>\n<hr style='border: 0; border-top: 1px solid rgba(150&comma;150&comma;150&comma;0.3); margin: 30px 0;'>\n<div style='text-align: center; margin: 30px 0;'> <img style='width: 100%; max-width: 1200px; height: auto; border: 1px solid rgba(150&comma;150&comma;150&comma;0.3); border-radius: 8px;' src='https:\/\/ftp3.syscom.mx\/usuarios\/jsosa\/HIKVISION\/imagenes\/banners\/solution%20complete.png' alt='Soluci\u00f3n completa Hikvision' \/> <\/div>\n<\/p><\/div>\n","protected":false},"excerpt":{"rendered":"<p>Switch PoE+ \/ 300 Metros PoE Larga Distancia \/ 8 Puertos 10\/100 Mbps 802.3af\/at (30W) +2 Puerto 10\/100\/1000 Mbps Uplink<\/p>\n","protected":false},"featured_media":32,"comment_status":"open","ping_status":"closed","template":"","meta":[],"product_brand":[],"product_cat":[1986],"product_tag":[54,664,1987],"class_list":{"0":"post-105127","1":"product","2":"type-product","3":"status-publish","4":"has-post-thumbnail","6":"product_cat-switches-poe","7":"product_tag-hikvision","8":"product_tag-networking","9":"product_tag-switches-poe","11":"first","12":"outofstock","13":"sale","14":"shipping-taxable","15":"purchasable","16":"product-type-simple"},"_links":{"self":[{"href":"https:\/\/soydeaqui.ddns.net\/pachuca\/index.php\/wp-json\/wp\/v2\/product\/105127","targetHints":{"allow":["GET"]}}],"collection":[{"href":"https:\/\/soydeaqui.ddns.net\/pachuca\/index.php\/wp-json\/wp\/v2\/product"}],"about":[{"href":"https:\/\/soydeaqui.ddns.net\/pachuca\/index.php\/wp-json\/wp\/v2\/types\/product"}],"replies":[{"embeddable":true,"href":"https:\/\/soydeaqui.ddns.net\/pachuca\/index.php\/wp-json\/wp\/v2\/comments?post=105127"}],"wp:featuredmedia":[{"embeddable":true,"href":"https:\/\/soydeaqui.ddns.net\/pachuca\/index.php\/wp-json\/wp\/v2\/media\/32"}],"wp:attachment":[{"href":"https:\/\/soydeaqui.ddns.net\/pachuca\/index.php\/wp-json\/wp\/v2\/media?parent=105127"}],"wp:term":[{"taxonomy":"product_brand","embeddable":true,"href":"https:\/\/soydeaqui.ddns.net\/pachuca\/index.php\/wp-json\/wp\/v2\/product_brand?post=105127"},{"taxonomy":"product_cat","embeddable":true,"href":"https:\/\/soydeaqui.ddns.net\/pachuca\/index.php\/wp-json\/wp\/v2\/product_cat?post=105127"},{"taxonomy":"product_tag","embeddable":true,"href":"https:\/\/soydeaqui.ddns.net\/pachuca\/index.php\/wp-json\/wp\/v2\/product_tag?post=105127"}],"curies":[{"name":"wp","href":"https:\/\/api.w.org\/{rel}","templated":true}]}}