{"id":105116,"date":"2026-03-20T15:08:00","date_gmt":"2026-03-20T15:08:00","guid":{"rendered":"https:\/\/soydeaqui.ddns.net\/pachuca\/index.php\/producto\/bateria-12-vcc-18-ah-ul-agm-vrla-retardante-a-la-flama-para-uso-en-equipo-electronicoalarmas-de-intrusion-incendio-control-de-acceso-video-vigilancia-terminales-tipo-m5-hex-car\/"},"modified":"2026-03-20T15:08:14","modified_gmt":"2026-03-20T15:08:14","slug":"bateria-12-vcc-18-ah-ul-agm-vrla-retardante-a-la-flama-para-uso-en-equipo-electronicoalarmas-de-intrusion-incendio-control-de-acceso-video-vigilancia-terminales-tipo-m5-hex-car","status":"publish","type":"product","link":"https:\/\/soydeaqui.ddns.net\/pachuca\/index.php\/producto\/bateria-12-vcc-18-ah-ul-agm-vrla-retardante-a-la-flama-para-uso-en-equipo-electronicoalarmas-de-intrusion-incendio-control-de-acceso-video-vigilancia-terminales-tipo-m5-hex-car\/","title":{"rendered":"Bater\u00eda 12 Vcc \/ 18 Ah \/ UL \/ AGM-VRLA \/ Retardante a la flama \/ Para uso en equipo electr\u00f3nico,Alarmas de intrusi\u00f3n \/ Incendio\/ Control de acceso \/ Video Vigilancia \/ Terminales tipo M5 ( HEX ) \/ Cargador recomendado CHR-80."},"content":{"rendered":"<div style='width: 100%; max-width: 1200px; margin: 0 auto; font-family: sans-serif; line-height: 1.6; color: inherit; background-color: transparent;'>\n<div style='display: flex; flex-wrap: wrap; gap: 30px; margin-bottom: 30px;'>\n<div style='flex: 1 1 300px; min-width: 280px;'>\n<h3 style='font-size: 22px; border-bottom: 2px solid currentColor; padding-bottom: 5px; margin-top: 0; color: inherit; opacity: 0.8;'>Descripci\u00f3n<\/h3>\n<p style='text-align: justify; color: inherit; font-size: 14px; margin-bottom: 15px;'>La serie de bater\u00edas EPCOM POWERLINE&comma; est\u00e1n dise\u00f1adas con tecnolog\u00eda AGM-VRLA (Fibra de vidrio absorbente&comma; con v\u00e1lvulas de regulaci\u00f3n)&comma; placas de alto rendimiento y electr\u00f3lito para proporcionar una salida de energ\u00eda adicional. Las bater\u00edas de la serie EPCOM POWERLINE son bater\u00edas de respaldo para equipos electr\u00f3nicos&comma; con una vida \u00fatil de dise\u00f1o flotante de 5 a\u00f1os a 25\u00b0C&comma; aprobado por UL (MH64542).<\/p>\n<p style='text-align: center; color: inherit; font-size: 14px; margin: 0;'><strong>Sistemas de alimentaci\u00f3n Emergencia<\/strong><\/p>\n<\/p><\/div>\n<\/p><\/div>\n<div style='display: flex; flex-wrap: wrap; gap: 20px; margin-bottom: 30px;'>\n<div style='flex: 1 1 250px; border: 1px solid rgba(150&comma; 150&comma; 150&comma; 0.4); border-radius: 8px; overflow: hidden; display: flex; flex-direction: column;'>\n<div style='padding: 15px; border-bottom: 1px solid rgba(150&comma; 150&comma; 150&comma; 0.2); font-weight: bold; font-size: 18px; color: inherit;'>Caracter\u00edsticas<\/div>\n<div style='padding: 15px; color: inherit;'>\n<ul style='padding-left: 20px; margin: 0; font-size: 14px; list-style-type: disc;'>\n<li style='margin-bottom: 5px;'><strong>Bater\u00eda AGM-VRLA<\/strong><\/li>\n<li style='margin-bottom: 5px;'><strong>Voltaje: 12Vcc<\/strong><\/li>\n<li style='margin-bottom: 5px;'><strong>Capacidad: 18 Ah<\/strong><\/li>\n<li style='margin-bottom: 5px;'>Dise\u00f1adas para aplicaciones de alta confiabilidad<\/li>\n<li style='margin-bottom: 5px;'>Fabricadas bajo los m\u00e1s altos est\u00e1ndares de calidad<\/li>\n<li style='margin-bottom: 5px;'>Sellado y libre de mantenimiento<\/li>\n<li style='margin-bottom: 5px;'><strong>Certificado UL (MH64542)<\/strong><\/li>\n<li style='margin-bottom: 5px;'>Certificaci\u00f3n de Seguridad y Calidad<\/li>\n<li style='margin-bottom: 5px;'>Dise\u00f1o de mayor vida \u00fatil y baja autodescarga<\/li>\n<\/ul><\/div>\n<\/p><\/div>\n<div style='flex: 1 1 250px; border: 1px solid rgba(150&comma; 150&comma; 150&comma; 0.4); border-radius: 8px; overflow: hidden; display: flex; flex-direction: column;'>\n<div style='padding: 15px; border-bottom: 1px solid rgba(150&comma; 150&comma; 150&comma; 0.2); font-weight: bold; font-size: 18px; color: inherit;'>Especificaciones F\u00edsicas<\/div>\n<div style='padding: 15px; color: inherit;'>\n<ul style='padding-left: 20px; margin: 0; font-size: 14px; list-style-type: disc;'>\n<li style='margin-bottom: 5px;'><strong>Tipo de Terminales: FI<\/strong><\/li>\n<li style='margin-bottom: 5px;'>Positivo: di\u00f3xido de plomo<\/li>\n<li style='margin-bottom: 5px;'>Negativo: plomo<\/li>\n<li style='margin-bottom: 5px;'>Electr\u00f3lito: gel de \u00e1cido sulf\u00farico<\/li>\n<li style='margin-bottom: 5px;'>V\u00e1lvula de seguridad: EPDR<\/li>\n<li style='margin-bottom: 5px;'>Terminal: Cobre<\/li>\n<li style='margin-bottom: 5px;'><strong>Retardante a la flama: (UL94-V0)<\/strong><\/li>\n<li style='margin-bottom: 5px;'><strong>Material: pl\u00e1stico ABS<\/strong><\/li>\n<li style='margin-bottom: 5px;'>Gris &#8211; Az\u00fal<\/li>\n<li style='margin-bottom: 5px;'>Temperatura de funcionamiento: 25\u00b0C<\/li>\n<li style='margin-bottom: 5px;'>Dimensiones (largo x ancho x alto): 181 x 77 x 165 mm<\/li>\n<li style='margin-bottom: 5px;'>Peso: 5.0 Kgs<\/li>\n<\/ul><\/div>\n<\/p><\/div>\n<div style='flex: 1 1 250px; border: 1px solid rgba(150&comma; 150&comma; 150&comma; 0.4); border-radius: 8px; overflow: hidden; display: flex; flex-direction: column;'>\n<div style='padding: 15px; border-bottom: 1px solid rgba(150&comma; 150&comma; 150&comma; 0.2); font-weight: bold; font-size: 18px; color: inherit;'>Productos relacionados<\/div>\n<div style='padding: 15px; color: inherit;'>\n<ul style='padding-left: 20px; margin: 0; font-size: 14px; list-style-type: disc;'>\n<li style='margin-bottom: 5px;'><span style='color: #3598db;'><strong>PL-1.2-12 \/\/\/ PL-4.56 \/\/\/ PL-4.5-12<\/strong><\/span><\/li>\n<li style='margin-bottom: 5px;'><span style='color: #3598db;'><strong>PL-5-12 \/\/\/ PL-7-12 \/\/\/ PL-9-12<\/strong><\/span><\/li>\n<li style='margin-bottom: 5px;'><span style='color: #3598db;'><strong>PL-12-12 \/\/\/ PL-18-12 \/\/\/ PL-26-12<\/strong><\/span><\/li>\n<li style='margin-bottom: 5px;'><span style='color: #3598db;'><strong>PL-40-12 \/\/\/ PL-18-12 \/\/\/ PL-26-12<\/strong><\/span><\/li>\n<\/ul>\n<ul style='padding-left: 20px; margin: 0; font-size: 14px; list-style-type: disc;'>\n<li style='margin-bottom: 5px;'><span style='color: #3598db;'><strong>PL-100-12 \/\/\/ PL-110-12 \/\/\/ PL-110D-12<\/strong><\/span><\/li>\n<li style='margin-bottom: 5px;'><span style='color: #3598db;'><strong>PL-200-12<\/strong><\/span><\/li>\n<\/ul>\n<ul style='padding-left: 20px; margin: 0; font-size: 14px; list-style-type: disc;'>\n<li style='margin-bottom: 5px;'><span style='color: #3598db;'><strong>PL-9-12-FR \/\/\/ PL-12-12-FR \/\/\/ PL-18-12-FR<\/strong><\/span><\/li>\n<li style='margin-bottom: 5px;'><span style='color: #3598db;'><strong>PL-55-12-FR \/\/\/ PL-75-12-FR<\/strong><\/span><\/li>\n<\/ul><\/div>\n<\/p><\/div>\n<\/p><\/div>\n<div style='display: flex; flex-wrap: wrap; gap: 20px; margin-bottom: 30px;'>\n<div style='flex: 1 1 250px; min-width: 280px;'> <img style='width: 100%; height: auto; border: 1px solid rgba(150&comma;150&comma;150&comma;0.3); border-radius: 8px;' src='https:\/\/ftp3.syscom.mx\/usuarios\/fotos\/BancoFotografiasSyscom\/EPCOMPOWERLINE\/PL1812FR\/PL1812FR-p.PNG' alt=''> <\/div>\n<div style='flex: 1 1 250px; min-width: 280px;'> <img style='width: 100%; height: auto; border: 1px solid rgba(150&comma;150&comma;150&comma;0.3); border-radius: 8px;' src='https:\/\/ftp3.syscom.mx\/usuarios\/fotos\/BancoFotografiasSyscom\/EPCOMPOWERLINE\/PL1812FR\/PL1812FR-p.PNG' alt=''> <\/div>\n<div style='flex: 1 1 250px; min-width: 280px;'> <img style='width: 100%; height: auto; border: 1px solid rgba(150&comma;150&comma;150&comma;0.3); border-radius: 8px;' src='https:\/\/ftp3.syscom.mx\/usuarios\/fotos\/BancoFotografiasSyscom\/EPCOMPOWERLINE\/PL1812FR\/PL1812FR-p.PNG' alt=''> <\/div>\n<\/p><\/div>\n<hr style='border: 0; border-top: 1px solid rgba(150&comma; 150&comma; 150&comma; 0.3); margin: 30px 0;'> <\/div>\n","protected":false},"excerpt":{"rendered":"<p>Bater\u00eda 12 Vcc \/ 18 Ah \/ UL \/ AGM-VRLA \/ Retardante a la flama \/ Para uso en equipo electr\u00f3nico,Alarmas de intrusi\u00f3n \/ Incendio\/ Control de acceso \/ Video Vigilancia \/ Terminales tipo M5 ( HEX ) \/ Cargador recomendado CHR-80.<\/p>\n","protected":false},"featured_media":105115,"comment_status":"open","ping_status":"closed","template":"","meta":[],"product_brand":[],"product_cat":[1160],"product_tag":[143,142,454],"class_list":{"0":"post-105116","1":"product","2":"type-product","3":"status-publish","4":"has-post-thumbnail","6":"product_cat-baterias-energia-videovigilancia","7":"product_tag-baterias","8":"product_tag-energia","9":"product_tag-epcom-powerline","11":"first","12":"outofstock","13":"sale","14":"shipping-taxable","15":"purchasable","16":"product-type-simple"},"_links":{"self":[{"href":"https:\/\/soydeaqui.ddns.net\/pachuca\/index.php\/wp-json\/wp\/v2\/product\/105116","targetHints":{"allow":["GET"]}}],"collection":[{"href":"https:\/\/soydeaqui.ddns.net\/pachuca\/index.php\/wp-json\/wp\/v2\/product"}],"about":[{"href":"https:\/\/soydeaqui.ddns.net\/pachuca\/index.php\/wp-json\/wp\/v2\/types\/product"}],"replies":[{"embeddable":true,"href":"https:\/\/soydeaqui.ddns.net\/pachuca\/index.php\/wp-json\/wp\/v2\/comments?post=105116"}],"wp:featuredmedia":[{"embeddable":true,"href":"https:\/\/soydeaqui.ddns.net\/pachuca\/index.php\/wp-json\/wp\/v2\/media\/105115"}],"wp:attachment":[{"href":"https:\/\/soydeaqui.ddns.net\/pachuca\/index.php\/wp-json\/wp\/v2\/media?parent=105116"}],"wp:term":[{"taxonomy":"product_brand","embeddable":true,"href":"https:\/\/soydeaqui.ddns.net\/pachuca\/index.php\/wp-json\/wp\/v2\/product_brand?post=105116"},{"taxonomy":"product_cat","embeddable":true,"href":"https:\/\/soydeaqui.ddns.net\/pachuca\/index.php\/wp-json\/wp\/v2\/product_cat?post=105116"},{"taxonomy":"product_tag","embeddable":true,"href":"https:\/\/soydeaqui.ddns.net\/pachuca\/index.php\/wp-json\/wp\/v2\/product_tag?post=105116"}],"curies":[{"name":"wp","href":"https:\/\/api.w.org\/{rel}","templated":true}]}}