{"id":105105,"date":"2026-03-20T15:07:26","date_gmt":"2026-03-20T15:07:26","guid":{"rendered":"https:\/\/soydeaqui.ddns.net\/pachuca\/index.php\/producto\/camara-ip-tipo-bala-antivandalica-2-megapixel-lente-varifocal-3-2-10mm-ir-30m-wdr-120db-ip66-h-265-wisestream\/"},"modified":"2026-03-20T15:07:33","modified_gmt":"2026-03-20T15:07:33","slug":"camara-ip-tipo-bala-antivandalica-2-megapixel-lente-varifocal-3-2-10mm-ir-30m-wdr-120db-ip66-h-265-wisestream","status":"publish","type":"product","link":"https:\/\/soydeaqui.ddns.net\/pachuca\/index.php\/producto\/camara-ip-tipo-bala-antivandalica-2-megapixel-lente-varifocal-3-2-10mm-ir-30m-wdr-120db-ip66-h-265-wisestream\/","title":{"rendered":"C\u00e1mara IP Tipo Bala Antivand\u00e1lica 2 Megap\u00edxel \/ Lente Varifocal 3.2 &#8211; 10mm \/ IR 30M \/ WDR 120db \/ IP66 \/ H.265 &#038; WiseStream"},"content":{"rendered":"<div style='width: 100%; max-width: 1200px; margin: 0 auto; font-family: sans-serif; line-height: 1.6; color: inherit; background-color: transparent;'> <!-- Imagen principal --> <\/p>\n<div style='text-align: center; margin-bottom: 30px;'> <a href='https:\/\/www.syscom.mx\/principal\/consultarproductosazul?global_search=htasq&#038;ordenar=Relevancia&#038;pag=1' target='_blank' rel='noopener' style='display: inline-block;'> <img style='width: 100%; max-width: 560px; height: auto; border: 1px solid rgba(150&comma;150&comma;150&comma;0.3); border-radius: 8px;' src='https:\/\/ftp3.syscom.mx\/usuarios\/gmagos\/Hanwha\/fotos\/Wisenet%20Q.png' alt='Imagen principal'> <\/a> <\/div>\n<p> <!-- Secci\u00f3n de video y texto --> <\/p>\n<div style='display: flex; flex-wrap: wrap; gap: 30px; margin-bottom: 30px;'>\n<div style='flex: 1 1 300px; min-width: 280px;'>\n<div style='position: relative; padding-bottom: 56.25%; height: 0; overflow: hidden;'>   <\/div>\n<\/p><\/div>\n<div style='flex: 1 1 300px; min-width: 280px;'>\n<h3 style='font-size: 22px; border-bottom: 2px solid currentColor; padding-bottom: 5px; margin-top: 0; color: inherit; opacity: 0.8;'>H.265 + <span style='color: #f37934;'>WiseStream<\/span><\/h3>\n<p style='font-size: 15px; color: inherit;'> Mediante WiseStream&comma; la tecnolog\u00eda de compresi\u00f3n de v\u00eddeo de Hanwha Techwin&comma; la serie Wisenet X reduce el almacenamiento de datos <span style='color: #f37934; font-weight: bold;'>hasta un 75%<\/span> en comparaci\u00f3n con la actual tecnolog\u00eda H.264&comma; cuando se combina con la compresi\u00f3n H.265. Los costes del sistema se reducen enormemente sin comprometer la calidad de las im\u00e1genes. <\/p>\n<\/p><\/div>\n<\/p><\/div>\n<p> <!-- Secci\u00f3n lente varifocal --> <\/p>\n<div style='display: flex; flex-wrap: wrap; gap: 30px; margin-bottom: 30px;'>\n<div style='flex: 1 1 300px; min-width: 280px;'>\n<h3 style='font-size: 22px; border-bottom: 2px solid currentColor; padding-bottom: 5px; margin-top: 0; color: inherit; opacity: 0.8;'>Lente Varifocal para mejor visualizaci\u00f3n a mayor distancia<\/h3>\n<p style='font-size: 15px; color: inherit;'> La serie Q de Wisenet&comma; le ofrece <span style='font-weight: bold; color: #f37934;'>lentes varifocales<\/span> de <span style='font-weight: bold; color: #f37934;'>3.2 &#8211; 10 mm<\/span> para tener un mayor alcance de visualizaci\u00f3n cuando se requiere distinguir objetos a distancia. <\/p>\n<p style='font-size: 15px; color: inherit;'> El alcance del lente se puede apreciar en el video. <\/p>\n<\/p><\/div>\n<div style='flex: 1 1 300px; min-width: 280px;'>\n<div style='position: relative; padding-bottom: 56.25%; height: 0; overflow: hidden;'>   <\/div>\n<\/p><\/div>\n<\/p><\/div>\n<p> <!-- Secci\u00f3n de detecciones --> <\/p>\n<div style='display: grid; grid-template-columns: repeat(auto-fill&comma; minmax(280px&comma; 1fr)); gap: 30px; margin-bottom: 30px;'>\n<div style='text-align: center;'>\n<h4 style='font-size: 18px; color: #f37934; font-weight: bold; margin: 0 0 15px 0;'>Detecci\u00f3n de Movimiento<\/h4>\n<div style='position: relative; padding-bottom: 56.25%; height: 0; overflow: hidden; border: 1px solid rgba(150&comma;150&comma;150&comma;0.3); border-radius: 8px;'> <img style='position: absolute; top: 0; left: 0; width: 100%; height: 100%; object-fit: contain;' src='https:\/\/ftp3.syscom.mx\/usuarios\/fotos\/QNO6010R\/88479-detecci\u00f3n_de_movimiento.jpg' alt='Detecci\u00f3n de Movimiento'> <\/div>\n<\/p><\/div>\n<div style='text-align: center;'>\n<h4 style='font-size: 18px; color: #f37934; font-weight: bold; margin: 0 0 15px 0;'>Detecci\u00f3n de Sabotaje<\/h4>\n<div style='position: relative; padding-bottom: 56.25%; height: 0; overflow: hidden; border: 1px solid rgba(150&comma;150&comma;150&comma;0.3); border-radius: 8px;'> <img style='position: absolute; top: 0; left: 0; width: 100%; height: 100%; object-fit: contain;' src='https:\/\/ftp3.syscom.mx\/usuarios\/fotos\/LNV6010R\/157854-sabotaje.jpg' alt='Detecci\u00f3n de Sabotaje'> <\/div>\n<\/p><\/div>\n<div style='text-align: center;'>\n<h4 style='font-size: 18px; color: #f37934; font-weight: bold; margin: 0 0 15px 0;'>Detecci\u00f3n de Desenfoque<\/h4>\n<div style='position: relative; padding-bottom: 56.25%; height: 0; overflow: hidden; border: 1px solid rgba(150&comma;150&comma;150&comma;0.3); border-radius: 8px;'> <img style='position: absolute; top: 0; left: 0; width: 100%; height: 100%; object-fit: contain;' src='https:\/\/ftp3.syscom.mx\/usuarios\/fotos\/LNO6070R\/157853-imagen-desenfocada_1286-72.jpg' alt='Detecci\u00f3n de Desenfoque'> <\/div>\n<\/p><\/div>\n<div style='text-align: center;'>\n<h4 style='font-size: 18px; color: #f37934; font-weight: bold; margin: 0 0 15px 0;'>Detecci\u00f3n de Direcci\u00f3n<\/h4>\n<div style='position: relative; padding-bottom: 56.25%; height: 0; overflow: hidden; border: 1px solid rgba(150&comma;150&comma;150&comma;0.3); border-radius: 8px;'> <img style='position: absolute; top: 0; left: 0; width: 100%; height: 100%; object-fit: contain;' src='https:\/\/ftp3.syscom.mx\/usuarios\/fotos\/QND6012R\/171514-direccion.png' alt='Detecci\u00f3n de Direcci\u00f3n'> <\/div>\n<\/p><\/div>\n<div style='text-align: center;'>\n<h4 style='font-size: 18px; color: #f37934; font-weight: bold; margin: 0 0 15px 0;'>Linea Virtual<\/h4>\n<div style='position: relative; padding-bottom: 56.25%; height: 0; overflow: hidden; border: 1px solid rgba(150&comma;150&comma;150&comma;0.3); border-radius: 8px;'> <img style='position: absolute; top: 0; left: 0; width: 100%; height: 100%; object-fit: contain;' src='https:\/\/ftp3.syscom.mx\/usuarios\/fotos\/QND6012R\/171514-linea_virtual.png' alt='Linea Virtual'> <\/div>\n<\/p><\/div>\n<div style='text-align: center;'>\n<h4 style='font-size: 18px; color: #f37934; font-weight: bold; margin: 0 0 15px 0;'>Entrada \/ Salida<\/h4>\n<div style='position: relative; padding-bottom: 56.25%; height: 0; overflow: hidden; border: 1px solid rgba(150&comma;150&comma;150&comma;0.3); border-radius: 8px;'> <img style='position: absolute; top: 0; left: 0; width: 100%; height: 100%; object-fit: contain;' src='https:\/\/ftp3.syscom.mx\/usuarios\/fotos\/QND6012R\/171514-entrada_salida.png' alt='Entrada \/ Salida'> <\/div>\n<\/p><\/div>\n<\/p><\/div>\n<p> <!-- Secci\u00f3n de especificaciones --> <\/p>\n<div style='display: grid; grid-template-columns: repeat(auto-fill&comma; minmax(280px&comma; 1fr)); gap: 20px; margin-bottom: 30px;'>\n<div style='border: 1px solid rgba(150&comma;150&comma;150&comma;0.4); border-radius: 8px; overflow: hidden; display: flex; flex-direction: column;'>\n<div style='padding: 15px; border-bottom: 1px solid rgba(150&comma;150&comma;150&comma;0.2); font-weight: bold; font-size: 18px; color: inherit;'>Caracter\u00edsticas principales<\/div>\n<div style='padding: 15px; color: inherit;'>\n<ul style='padding-left: 20px; margin: 0; font-size: 14px; list-style-type: disc;'>\n<li style='margin-bottom: 5px;'>Sensor de imagen: 1\/2.8 CMOS Scan Progresivo<\/li>\n<li style='margin-bottom: 5px;'>Iluminaci\u00f3n m\u00ednima: Color: 0.095Lux&comma; B\/N: 0Lux con IR encendido<\/li>\n<li style='margin-bottom: 5px;'>D\u00eda \/ Noche real con filtro ICR<\/li>\n<li style='margin-bottom: 5px;'>Lente motorizado: 3.2 &#8211; 10 mm<\/li>\n<li style='margin-bottom: 5px;'>Distancia de IR: 30 m IR inteligente<\/li>\n<li style='margin-bottom: 5px;'>Funciones: WDR real (120dB)<\/li>\n<\/ul><\/div>\n<\/p><\/div>\n<div style='border: 1px solid rgba(150&comma;150&comma;150&comma;0.4); border-radius: 8px; overflow: hidden; display: flex; flex-direction: column;'>\n<div style='padding: 15px; border-bottom: 1px solid rgba(150&comma;150&comma;150&comma;0.2); font-weight: bold; font-size: 18px; color: inherit;'>Compresi\u00f3n de v\u00eddeo y resoluci\u00f3n m\u00e1xima<\/div>\n<div style='padding: 15px; color: inherit;'>\n<ul style='padding-left: 20px; margin: 0; font-size: 14px; list-style-type: disc;'>\n<li style='margin-bottom: 5px;'>Resoluci\u00f3n m\u00e1xima: 2 Megap\u00edxel (1920 x 1080) a 30FPS<\/li>\n<li style='margin-bottom: 5px;'>Compresi\u00f3n: H.265&comma; H.264&comma; MJPEG<\/li>\n<\/ul>\n<h4 style='margin-top: 15px; margin-bottom: 10px; font-size: 16px; font-weight: bold; color: inherit;'>Funciones de red y almacenamiento<\/h4>\n<ul style='padding-left: 20px; margin: 0; font-size: 14px; list-style-type: disc;'>\n<li style='margin-bottom: 5px;'>Almacenamiento: Soporta microSD de hasta 128GB (no incluida)<\/li>\n<li style='margin-bottom: 5px;'>ONVIF: Profile S\/G&comma; SUNAPI (HTTP API)<\/li>\n<\/ul><\/div>\n<\/p><\/div>\n<div style='border: 1px solid rgba(150&comma;150&comma;150&comma;0.4); border-radius: 8px; overflow: hidden; display: flex; flex-direction: column;'>\n<div style='padding: 15px; border-bottom: 1px solid rgba(150&comma;150&comma;150&comma;0.2); font-weight: bold; font-size: 18px; color: inherit;'>Caracter\u00edsticas f\u00edsicas y el\u00e9ctricas<\/div>\n<div style='padding: 15px; color: inherit;'>\n<ul style='padding-left: 20px; margin: 0; font-size: 14px; list-style-type: disc;'>\n<li style='margin-bottom: 5px;'>Temperatura de operaci\u00f3n: -10 a 55 \u00b0C&comma; humedad menor a 90%<\/li>\n<li style='margin-bottom: 5px;'>Alimentaci\u00f3n: 12 Vcc \/ PoE (802.3af) \/ 7.4W<\/li>\n<li style='margin-bottom: 5px;'>Tipo de uso: Exterior \/ IP66 \/ IK10<\/li>\n<li style='margin-bottom: 5px;'>Dimensiones: \u00d878 x 259.8 mm<\/li>\n<li style='margin-bottom: 5px;'>Peso: 900 g<\/li>\n<\/ul>\n<p style='margin-top: 15px; font-size: 14px; color: inherit;'> Para m\u00e1s informaci\u00f3n&comma; ingrese <a href='http:\/\/soporte.syscom.mx\/es\/articles\/2629283-hanwha-lista-de-tips-tecnicos' style='color: #f37934; text-decoration: underline;'>aqu\u00ed<\/a> <\/p>\n<\/p><\/div>\n<\/p><\/div>\n<\/p><\/div>\n<p> <!-- Nota final --> <\/p>\n<div style='margin-top: 30px; padding: 15px; border-left: 5px solid #f37934; background-color: rgba(243&comma;121&comma;52&comma;0.05);'>\n<p style='margin: 0; font-size: 15px; color: inherit;'> <strong>Nota:<\/strong> En condiciones de alta humedad agregar la tira absorbente que se incluye como accesorio en el equipo. <\/p>\n<p style='margin: 8px 0 0 0; font-size: 14px; color: inherit;'> Para referencia <a href='http:\/\/soporte.syscom.mx\/es\/articles\/3864506-hanwha-uso-de-secante-en-camaras-wisenet-para-evitar-humedad-en-instalaciones-en-exterior' style='color: #f37934; text-decoration: underline;' target='_blank' rel='noopener'>ingrese aqu\u00ed<\/a> <\/p>\n<\/p><\/div>\n<\/p><\/div>\n","protected":false},"excerpt":{"rendered":"<p>C\u00e1mara IP Tipo Bala Antivand\u00e1lica 2 Megap\u00edxel \/ Lente Varifocal 3.2 &#8211; 10mm \/ IR 30M \/ WDR 120db \/ IP66 \/ H.265 &#038; WiseStream<\/p>\n","protected":false},"featured_media":105104,"comment_status":"open","ping_status":"closed","template":"","meta":[],"product_brand":[],"product_cat":[438],"product_tag":[439,122,1055],"class_list":{"0":"post-105105","1":"product","2":"type-product","3":"status-publish","4":"has-post-thumbnail","6":"product_cat-bala","7":"product_tag-bala","8":"product_tag-camaras-ip-y-nvrs","9":"product_tag-hanwha-vision","11":"first","12":"instock","13":"sale","14":"shipping-taxable","15":"purchasable","16":"product-type-simple"},"yoast_head":"<!-- This site is optimized with the Yoast SEO plugin v27.4 - https:\/\/yoast.com\/product\/yoast-seo-wordpress\/ -->\r\n<title>C\u00e1mara IP Tipo Bala Antivand\u00e1lica 2 Megap\u00edxel \/ Lente Varifocal 3.2 - 10mm \/ IR 30M \/ WDR 120db \/ IP66 \/ H.265 &amp; WiseStream - Instalaci\u00f3n de C\u00e1maras de Seguridad en Pachuca<\/title>\r\n<meta name=\"robots\" content=\"index, follow, max-snippet:-1, max-image-preview:large, max-video-preview:-1\" \/>\r\n<link rel=\"canonical\" href=\"https:\/\/soydeaqui.ddns.net\/pachuca\/index.php\/producto\/camara-ip-tipo-bala-antivandalica-2-megapixel-lente-varifocal-3-2-10mm-ir-30m-wdr-120db-ip66-h-265-wisestream\/\" \/>\r\n<meta property=\"og:locale\" content=\"es_MX\" \/>\r\n<meta property=\"og:type\" content=\"article\" \/>\r\n<meta property=\"og:title\" content=\"C\u00e1mara IP Tipo Bala Antivand\u00e1lica 2 Megap\u00edxel \/ Lente Varifocal 3.2 - 10mm \/ IR 30M \/ WDR 120db \/ IP66 \/ H.265 &amp; WiseStream - Instalaci\u00f3n de C\u00e1maras de Seguridad en Pachuca\" \/>\r\n<meta property=\"og:description\" content=\"C\u00e1mara IP Tipo Bala Antivand\u00e1lica 2 Megap\u00edxel \/ Lente Varifocal 3.2 - 10mm \/ IR 30M \/ WDR 120db \/ IP66 \/ H.265 &amp; WiseStream\" \/>\r\n<meta property=\"og:url\" content=\"https:\/\/soydeaqui.ddns.net\/pachuca\/index.php\/producto\/camara-ip-tipo-bala-antivandalica-2-megapixel-lente-varifocal-3-2-10mm-ir-30m-wdr-120db-ip66-h-265-wisestream\/\" \/>\r\n<meta property=\"og:site_name\" content=\"Instalaci\u00f3n de C\u00e1maras de Seguridad en Pachuca\" \/>\r\n<meta property=\"article:modified_time\" content=\"2026-03-20T15:07:33+00:00\" \/>\r\n<meta property=\"og:image\" content=\"https:\/\/soydeaqui.ddns.net\/pachuca\/wp-content\/uploads\/2026\/03\/QNO6082R1-l.png\" \/>\r\n\t<meta property=\"og:image:width\" content=\"1000\" \/>\r\n\t<meta property=\"og:image:height\" content=\"1000\" \/>\r\n\t<meta property=\"og:image:type\" content=\"image\/png\" \/>\r\n<meta name=\"twitter:card\" content=\"summary_large_image\" \/>\r\n<meta name=\"twitter:label1\" content=\"Tiempo de lectura\" \/>\n\t<meta name=\"twitter:data1\" content=\"1 minuto\" \/>\r\n<script type=\"application\/ld+json\" class=\"yoast-schema-graph\">{\"@context\":\"https:\\\/\\\/schema.org\",\"@graph\":[{\"@type\":\"WebPage\",\"@id\":\"https:\\\/\\\/soydeaqui.ddns.net\\\/pachuca\\\/index.php\\\/producto\\\/camara-ip-tipo-bala-antivandalica-2-megapixel-lente-varifocal-3-2-10mm-ir-30m-wdr-120db-ip66-h-265-wisestream\\\/\",\"url\":\"https:\\\/\\\/soydeaqui.ddns.net\\\/pachuca\\\/index.php\\\/producto\\\/camara-ip-tipo-bala-antivandalica-2-megapixel-lente-varifocal-3-2-10mm-ir-30m-wdr-120db-ip66-h-265-wisestream\\\/\",\"name\":\"C\u00e1mara IP Tipo Bala Antivand\u00e1lica 2 Megap\u00edxel \\\/ Lente Varifocal 3.2 - 10mm \\\/ IR 30M \\\/ WDR 120db \\\/ IP66 \\\/ H.265 & WiseStream - Instalaci\u00f3n de C\u00e1maras de Seguridad en Pachuca\",\"isPartOf\":{\"@id\":\"https:\\\/\\\/soydeaqui.ddns.net\\\/pachuca\\\/#website\"},\"primaryImageOfPage\":{\"@id\":\"https:\\\/\\\/soydeaqui.ddns.net\\\/pachuca\\\/index.php\\\/producto\\\/camara-ip-tipo-bala-antivandalica-2-megapixel-lente-varifocal-3-2-10mm-ir-30m-wdr-120db-ip66-h-265-wisestream\\\/#primaryimage\"},\"image\":{\"@id\":\"https:\\\/\\\/soydeaqui.ddns.net\\\/pachuca\\\/index.php\\\/producto\\\/camara-ip-tipo-bala-antivandalica-2-megapixel-lente-varifocal-3-2-10mm-ir-30m-wdr-120db-ip66-h-265-wisestream\\\/#primaryimage\"},\"thumbnailUrl\":\"https:\\\/\\\/soydeaqui.ddns.net\\\/pachuca\\\/wp-content\\\/uploads\\\/2026\\\/03\\\/QNO6082R1-l.png\",\"datePublished\":\"2026-03-20T15:07:26+00:00\",\"dateModified\":\"2026-03-20T15:07:33+00:00\",\"breadcrumb\":{\"@id\":\"https:\\\/\\\/soydeaqui.ddns.net\\\/pachuca\\\/index.php\\\/producto\\\/camara-ip-tipo-bala-antivandalica-2-megapixel-lente-varifocal-3-2-10mm-ir-30m-wdr-120db-ip66-h-265-wisestream\\\/#breadcrumb\"},\"inLanguage\":\"es\",\"potentialAction\":[{\"@type\":\"ReadAction\",\"target\":[\"https:\\\/\\\/soydeaqui.ddns.net\\\/pachuca\\\/index.php\\\/producto\\\/camara-ip-tipo-bala-antivandalica-2-megapixel-lente-varifocal-3-2-10mm-ir-30m-wdr-120db-ip66-h-265-wisestream\\\/\"]}]},{\"@type\":\"ImageObject\",\"inLanguage\":\"es\",\"@id\":\"https:\\\/\\\/soydeaqui.ddns.net\\\/pachuca\\\/index.php\\\/producto\\\/camara-ip-tipo-bala-antivandalica-2-megapixel-lente-varifocal-3-2-10mm-ir-30m-wdr-120db-ip66-h-265-wisestream\\\/#primaryimage\",\"url\":\"https:\\\/\\\/soydeaqui.ddns.net\\\/pachuca\\\/wp-content\\\/uploads\\\/2026\\\/03\\\/QNO6082R1-l.png\",\"contentUrl\":\"https:\\\/\\\/soydeaqui.ddns.net\\\/pachuca\\\/wp-content\\\/uploads\\\/2026\\\/03\\\/QNO6082R1-l.png\",\"width\":1000,\"height\":1000},{\"@type\":\"BreadcrumbList\",\"@id\":\"https:\\\/\\\/soydeaqui.ddns.net\\\/pachuca\\\/index.php\\\/producto\\\/camara-ip-tipo-bala-antivandalica-2-megapixel-lente-varifocal-3-2-10mm-ir-30m-wdr-120db-ip66-h-265-wisestream\\\/#breadcrumb\",\"itemListElement\":[{\"@type\":\"ListItem\",\"position\":1,\"name\":\"Inicio\",\"item\":\"https:\\\/\\\/soydeaqui.ddns.net\\\/pachuca\\\/\"},{\"@type\":\"ListItem\",\"position\":2,\"name\":\"Shop\",\"item\":\"https:\\\/\\\/soydeaqui.ddns.net\\\/pachuca\\\/index.php\\\/shop\\\/\"},{\"@type\":\"ListItem\",\"position\":3,\"name\":\"C\u00e1mara IP Tipo Bala Antivand\u00e1lica 2 Megap\u00edxel \\\/ Lente Varifocal 3.2 &#8211; 10mm \\\/ IR 30M \\\/ WDR 120db \\\/ IP66 \\\/ H.265 &#038; WiseStream\"}]},{\"@type\":\"WebSite\",\"@id\":\"https:\\\/\\\/soydeaqui.ddns.net\\\/pachuca\\\/#website\",\"url\":\"https:\\\/\\\/soydeaqui.ddns.net\\\/pachuca\\\/\",\"name\":\"Instalaci\u00f3n de C\u00e1maras de Seguridad en Pachuca\",\"description\":\"Instalaci\u00f3n de CCTV en Pachuca\",\"potentialAction\":[{\"@type\":\"SearchAction\",\"target\":{\"@type\":\"EntryPoint\",\"urlTemplate\":\"https:\\\/\\\/soydeaqui.ddns.net\\\/pachuca\\\/?s={search_term_string}\"},\"query-input\":{\"@type\":\"PropertyValueSpecification\",\"valueRequired\":true,\"valueName\":\"search_term_string\"}}],\"inLanguage\":\"es\"}]}<\/script>\r\n<!-- \/ Yoast SEO plugin. -->","yoast_head_json":{"title":"C\u00e1mara IP Tipo Bala Antivand\u00e1lica 2 Megap\u00edxel \/ Lente Varifocal 3.2 - 10mm \/ IR 30M \/ WDR 120db \/ IP66 \/ H.265 & WiseStream - Instalaci\u00f3n de C\u00e1maras de Seguridad en Pachuca","robots":{"index":"index","follow":"follow","max-snippet":"max-snippet:-1","max-image-preview":"max-image-preview:large","max-video-preview":"max-video-preview:-1"},"canonical":"https:\/\/soydeaqui.ddns.net\/pachuca\/index.php\/producto\/camara-ip-tipo-bala-antivandalica-2-megapixel-lente-varifocal-3-2-10mm-ir-30m-wdr-120db-ip66-h-265-wisestream\/","og_locale":"es_MX","og_type":"article","og_title":"C\u00e1mara IP Tipo Bala Antivand\u00e1lica 2 Megap\u00edxel \/ Lente Varifocal 3.2 - 10mm \/ IR 30M \/ WDR 120db \/ IP66 \/ H.265 & WiseStream - Instalaci\u00f3n de C\u00e1maras de Seguridad en Pachuca","og_description":"C\u00e1mara IP Tipo Bala Antivand\u00e1lica 2 Megap\u00edxel \/ Lente Varifocal 3.2 - 10mm \/ IR 30M \/ WDR 120db \/ IP66 \/ H.265 & WiseStream","og_url":"https:\/\/soydeaqui.ddns.net\/pachuca\/index.php\/producto\/camara-ip-tipo-bala-antivandalica-2-megapixel-lente-varifocal-3-2-10mm-ir-30m-wdr-120db-ip66-h-265-wisestream\/","og_site_name":"Instalaci\u00f3n de C\u00e1maras de Seguridad en Pachuca","article_modified_time":"2026-03-20T15:07:33+00:00","og_image":[{"width":1000,"height":1000,"url":"https:\/\/soydeaqui.ddns.net\/pachuca\/wp-content\/uploads\/2026\/03\/QNO6082R1-l.png","type":"image\/png"}],"twitter_card":"summary_large_image","twitter_misc":{"Tiempo de lectura":"1 minuto"},"schema":{"@context":"https:\/\/schema.org","@graph":[{"@type":"WebPage","@id":"https:\/\/soydeaqui.ddns.net\/pachuca\/index.php\/producto\/camara-ip-tipo-bala-antivandalica-2-megapixel-lente-varifocal-3-2-10mm-ir-30m-wdr-120db-ip66-h-265-wisestream\/","url":"https:\/\/soydeaqui.ddns.net\/pachuca\/index.php\/producto\/camara-ip-tipo-bala-antivandalica-2-megapixel-lente-varifocal-3-2-10mm-ir-30m-wdr-120db-ip66-h-265-wisestream\/","name":"C\u00e1mara IP Tipo Bala Antivand\u00e1lica 2 Megap\u00edxel \/ Lente Varifocal 3.2 - 10mm \/ IR 30M \/ WDR 120db \/ IP66 \/ H.265 & WiseStream - Instalaci\u00f3n de C\u00e1maras de Seguridad en Pachuca","isPartOf":{"@id":"https:\/\/soydeaqui.ddns.net\/pachuca\/#website"},"primaryImageOfPage":{"@id":"https:\/\/soydeaqui.ddns.net\/pachuca\/index.php\/producto\/camara-ip-tipo-bala-antivandalica-2-megapixel-lente-varifocal-3-2-10mm-ir-30m-wdr-120db-ip66-h-265-wisestream\/#primaryimage"},"image":{"@id":"https:\/\/soydeaqui.ddns.net\/pachuca\/index.php\/producto\/camara-ip-tipo-bala-antivandalica-2-megapixel-lente-varifocal-3-2-10mm-ir-30m-wdr-120db-ip66-h-265-wisestream\/#primaryimage"},"thumbnailUrl":"https:\/\/soydeaqui.ddns.net\/pachuca\/wp-content\/uploads\/2026\/03\/QNO6082R1-l.png","datePublished":"2026-03-20T15:07:26+00:00","dateModified":"2026-03-20T15:07:33+00:00","breadcrumb":{"@id":"https:\/\/soydeaqui.ddns.net\/pachuca\/index.php\/producto\/camara-ip-tipo-bala-antivandalica-2-megapixel-lente-varifocal-3-2-10mm-ir-30m-wdr-120db-ip66-h-265-wisestream\/#breadcrumb"},"inLanguage":"es","potentialAction":[{"@type":"ReadAction","target":["https:\/\/soydeaqui.ddns.net\/pachuca\/index.php\/producto\/camara-ip-tipo-bala-antivandalica-2-megapixel-lente-varifocal-3-2-10mm-ir-30m-wdr-120db-ip66-h-265-wisestream\/"]}]},{"@type":"ImageObject","inLanguage":"es","@id":"https:\/\/soydeaqui.ddns.net\/pachuca\/index.php\/producto\/camara-ip-tipo-bala-antivandalica-2-megapixel-lente-varifocal-3-2-10mm-ir-30m-wdr-120db-ip66-h-265-wisestream\/#primaryimage","url":"https:\/\/soydeaqui.ddns.net\/pachuca\/wp-content\/uploads\/2026\/03\/QNO6082R1-l.png","contentUrl":"https:\/\/soydeaqui.ddns.net\/pachuca\/wp-content\/uploads\/2026\/03\/QNO6082R1-l.png","width":1000,"height":1000},{"@type":"BreadcrumbList","@id":"https:\/\/soydeaqui.ddns.net\/pachuca\/index.php\/producto\/camara-ip-tipo-bala-antivandalica-2-megapixel-lente-varifocal-3-2-10mm-ir-30m-wdr-120db-ip66-h-265-wisestream\/#breadcrumb","itemListElement":[{"@type":"ListItem","position":1,"name":"Inicio","item":"https:\/\/soydeaqui.ddns.net\/pachuca\/"},{"@type":"ListItem","position":2,"name":"Shop","item":"https:\/\/soydeaqui.ddns.net\/pachuca\/index.php\/shop\/"},{"@type":"ListItem","position":3,"name":"C\u00e1mara IP Tipo Bala Antivand\u00e1lica 2 Megap\u00edxel \/ Lente Varifocal 3.2 &#8211; 10mm \/ IR 30M \/ WDR 120db \/ IP66 \/ H.265 &#038; WiseStream"}]},{"@type":"WebSite","@id":"https:\/\/soydeaqui.ddns.net\/pachuca\/#website","url":"https:\/\/soydeaqui.ddns.net\/pachuca\/","name":"Instalaci\u00f3n de C\u00e1maras de Seguridad en Pachuca","description":"Instalaci\u00f3n de CCTV en Pachuca","potentialAction":[{"@type":"SearchAction","target":{"@type":"EntryPoint","urlTemplate":"https:\/\/soydeaqui.ddns.net\/pachuca\/?s={search_term_string}"},"query-input":{"@type":"PropertyValueSpecification","valueRequired":true,"valueName":"search_term_string"}}],"inLanguage":"es"}]}},"_links":{"self":[{"href":"https:\/\/soydeaqui.ddns.net\/pachuca\/index.php\/wp-json\/wp\/v2\/product\/105105","targetHints":{"allow":["GET"]}}],"collection":[{"href":"https:\/\/soydeaqui.ddns.net\/pachuca\/index.php\/wp-json\/wp\/v2\/product"}],"about":[{"href":"https:\/\/soydeaqui.ddns.net\/pachuca\/index.php\/wp-json\/wp\/v2\/types\/product"}],"replies":[{"embeddable":true,"href":"https:\/\/soydeaqui.ddns.net\/pachuca\/index.php\/wp-json\/wp\/v2\/comments?post=105105"}],"wp:featuredmedia":[{"embeddable":true,"href":"https:\/\/soydeaqui.ddns.net\/pachuca\/index.php\/wp-json\/wp\/v2\/media\/105104"}],"wp:attachment":[{"href":"https:\/\/soydeaqui.ddns.net\/pachuca\/index.php\/wp-json\/wp\/v2\/media?parent=105105"}],"wp:term":[{"taxonomy":"product_brand","embeddable":true,"href":"https:\/\/soydeaqui.ddns.net\/pachuca\/index.php\/wp-json\/wp\/v2\/product_brand?post=105105"},{"taxonomy":"product_cat","embeddable":true,"href":"https:\/\/soydeaqui.ddns.net\/pachuca\/index.php\/wp-json\/wp\/v2\/product_cat?post=105105"},{"taxonomy":"product_tag","embeddable":true,"href":"https:\/\/soydeaqui.ddns.net\/pachuca\/index.php\/wp-json\/wp\/v2\/product_tag?post=105105"}],"curies":[{"name":"wp","href":"https:\/\/api.w.org\/{rel}","templated":true}]}}