{"id":105101,"date":"2026-03-20T15:07:13","date_gmt":"2026-03-20T15:07:13","guid":{"rendered":"https:\/\/soydeaqui.ddns.net\/pachuca\/index.php\/producto\/camara-web-4k-para-salas-de-juntas-medianas-gran-angular-microfono-integrado-facil-de-instalar-reduccion-de-ruido-inteligente\/"},"modified":"2026-03-20T15:07:22","modified_gmt":"2026-03-20T15:07:22","slug":"camara-web-4k-para-salas-de-juntas-medianas-gran-angular-microfono-integrado-facil-de-instalar-reduccion-de-ruido-inteligente","status":"publish","type":"product","link":"https:\/\/soydeaqui.ddns.net\/pachuca\/index.php\/producto\/camara-web-4k-para-salas-de-juntas-medianas-gran-angular-microfono-integrado-facil-de-instalar-reduccion-de-ruido-inteligente\/","title":{"rendered":"C\u00e1mara Web 4K Para Salas de Juntas Medianas \/ Gran Angular \/ Micr\u00f3fono Integrado \/  F\u00e1cil de Instalar \/ Reducci\u00f3n de Ruido Inteligente"},"content":{"rendered":"<div style='width: 100%; max-width: 1200px; margin: 0 auto; font-family: sans-serif; line-height: 1.6; color: inherit; background-color: transparent;'>\n<p style='text-align: center;'><img style='width: 45%; height: auto; border: 1px solid rgba(150&comma;150&comma;150&comma;0.3); border-radius: 8px;' src='https:\/\/ftp3.syscom.mx\/usuarios\/jsosa\/HIKVISION\/imagenes\/logo\/hikvision%20see%20far.png' alt='Logo Hikvision'><\/p>\n<div style='display: flex; flex-wrap: wrap; gap: 30px; margin-bottom: 30px;'>\n<div style='flex: 1 1 300px; min-width: 280px;'>\n<h3 style='font-size: 22px; border-bottom: 2px solid currentColor; padding-bottom: 5px; margin-top: 0; color: inherit; opacity: 0.8;'>Caracter\u00edsticas principales<\/h3>\n<ul style='padding-left: 20px; font-size: 15px; color: inherit;'>\n<li style='margin-bottom: 5px;'>Im\u00e1genes de alta calidad con resoluci\u00f3n de 8 Megapixel (3840 \u00d7 2160).<\/li>\n<li style='margin-bottom: 5px;'>Lente 3.6 mm.<\/li>\n<li style='margin-bottom: 5px;'><strong>Autoenfoque s\u00faper r\u00e1pido.<\/strong><\/li>\n<li style='margin-bottom: 5px;'>Iluminaci\u00f3n m\u00ednima: 0.1 Lux @ (F1.2&comma; AGC ON)<\/li>\n<li style='margin-bottom: 5px;'>Micr\u00f3fono doble incorporado con sonido claro (hasta 5 metros de alcance).<\/li>\n<li style='margin-bottom: 5px;'>\u00c1ngulo de visi\u00f3n: 83\u00b0 Horizontal \/ 53\u00b0 Vertical.<\/li>\n<li style='margin-bottom: 5px;'>\u00c1ngulo de movimiento: 360\u00b0 horizontal \/ 35\u00b0 Vertical.<\/li>\n<li style='margin-bottom: 5px;'><strong>Compatible con programas de videoconferencia.<\/strong><\/li>\n<li style='margin-bottom: 5px;'><strong>Especial para salas de juntas de tama\u00f1o mediano.<\/strong><\/li>\n<li style='margin-bottom: 5px;'>NO es compatible con los sistemas de grabaci\u00f3n \/ visualizaci\u00f3n Hikvision (DVR&comma;NVR&comma;app).<\/li>\n<li style='margin-bottom: 5px;'>Compatible con Windows \/ Mac OS \/ Linux \/ Android.<\/li>\n<\/ul><\/div>\n<div style='flex: 1 1 300px; min-width: 280px;'>\n<h3 style='font-size: 22px; border-bottom: 2px solid currentColor; padding-bottom: 5px; margin-top: 0; color: inherit; opacity: 0.8;'>Caracter\u00edsticas F\u00edsicas y El\u00e9ctricas<\/h3>\n<ul style='padding-left: 20px; font-size: 15px; color: inherit;'>\n<li style='margin-bottom: 5px;'>Conector: USB 3.0.<\/li>\n<li style='margin-bottom: 5px;'>Longitud del cable: 2 metros.<\/li>\n<li style='margin-bottom: 5px;'>Temperatura de operaci\u00f3n -10\u00b0C a 45\u00b0C (Humedad al 90%).<\/li>\n<li style='margin-bottom: 5px;'>Alimentaci\u00f3n 5 Vcc \/ 4.5 Watt.<\/li>\n<li style='margin-bottom: 5px;'>Dimensiones: 120 x 27.9 x 25.6 mm.<\/li>\n<li style='margin-bottom: 5px;'>Peso: 150 gramos.<\/li>\n<\/ul><\/div>\n<\/p><\/div>\n<hr style='border: 0; border-top: 1px solid rgba(150&comma; 150&comma; 150&comma; 0.3); margin: 30px 0;'>\n<div style='display: flex; flex-wrap: wrap; gap: 30px; margin-bottom: 30px; justify-content: center;'>\n<div style='flex: 1 1 300px; max-width: 500px;'> <img style='width: 100%; height: auto; border: 1px solid rgba(150&comma;150&comma;150&comma;0.3); border-radius: 8px;' src='https:\/\/ftp3.syscom.mx\/usuarios\/jsosa\/HIKVISION\/specs\/web\/DSU12\/web%20cam%20hikvision%203.png' alt=''> <\/div>\n<div style='flex: 1 1 300px; max-width: 500px;'> <img style='width: 100%; height: auto; border: 1px solid rgba(150&comma;150&comma;150&comma;0.3); border-radius: 8px;' src='https:\/\/ftp3.syscom.mx\/usuarios\/jsosa\/HIKVISION\/specs\/web\/DSU12\/web%20cam%20hikvision%204.png' alt=''> <\/div>\n<div style='flex: 1 1 300px; max-width: 500px;'> <img style='width: 100%; height: auto; border: 1px solid rgba(150&comma;150&comma;150&comma;0.3); border-radius: 8px;' src='https:\/\/ftp3.syscom.mx\/usuarios\/nortega\/hikvision\/interactiva\/PANTALLAS-INTERACTIVAS.jpg' alt=''> <\/div>\n<\/p><\/div>\n<\/p><\/div>\n","protected":false},"excerpt":{"rendered":"<p>C\u00e1mara Web 4K Para Salas de Juntas Medianas \/ Gran Angular \/ Micr\u00f3fono Integrado \/  F\u00e1cil de Instalar \/ Reducci\u00f3n de Ruido Inteligente<\/p>\n","protected":false},"featured_media":105100,"comment_status":"open","ping_status":"closed","template":"","meta":[],"product_brand":[],"product_cat":[2048],"product_tag":[2049,54,2004],"class_list":{"0":"post-105101","1":"product","2":"type-product","3":"status-publish","4":"has-post-thumbnail","6":"product_cat-audio-video-conferencia","7":"product_tag-audio-video-conferencia","8":"product_tag-hikvision","9":"product_tag-voip-telefonia-ip-videoconferencia","11":"first","12":"outofstock","13":"sale","14":"shipping-taxable","15":"purchasable","16":"product-type-simple"},"_links":{"self":[{"href":"https:\/\/soydeaqui.ddns.net\/pachuca\/index.php\/wp-json\/wp\/v2\/product\/105101","targetHints":{"allow":["GET"]}}],"collection":[{"href":"https:\/\/soydeaqui.ddns.net\/pachuca\/index.php\/wp-json\/wp\/v2\/product"}],"about":[{"href":"https:\/\/soydeaqui.ddns.net\/pachuca\/index.php\/wp-json\/wp\/v2\/types\/product"}],"replies":[{"embeddable":true,"href":"https:\/\/soydeaqui.ddns.net\/pachuca\/index.php\/wp-json\/wp\/v2\/comments?post=105101"}],"wp:featuredmedia":[{"embeddable":true,"href":"https:\/\/soydeaqui.ddns.net\/pachuca\/index.php\/wp-json\/wp\/v2\/media\/105100"}],"wp:attachment":[{"href":"https:\/\/soydeaqui.ddns.net\/pachuca\/index.php\/wp-json\/wp\/v2\/media?parent=105101"}],"wp:term":[{"taxonomy":"product_brand","embeddable":true,"href":"https:\/\/soydeaqui.ddns.net\/pachuca\/index.php\/wp-json\/wp\/v2\/product_brand?post=105101"},{"taxonomy":"product_cat","embeddable":true,"href":"https:\/\/soydeaqui.ddns.net\/pachuca\/index.php\/wp-json\/wp\/v2\/product_cat?post=105101"},{"taxonomy":"product_tag","embeddable":true,"href":"https:\/\/soydeaqui.ddns.net\/pachuca\/index.php\/wp-json\/wp\/v2\/product_tag?post=105101"}],"curies":[{"name":"wp","href":"https:\/\/api.w.org\/{rel}","templated":true}]}}