{"id":105096,"date":"2026-03-20T15:06:55","date_gmt":"2026-03-20T15:06:55","guid":{"rendered":"https:\/\/soydeaqui.ddns.net\/pachuca\/index.php\/producto\/camara-web-alta-denificion-1080p-con-autoenfoque-giro-360-gran-angular-microfono-integrado-conector-usb-facil-de-instalar-reduccion-de-ruido-inteligente\/"},"modified":"2026-03-20T15:07:07","modified_gmt":"2026-03-20T15:07:07","slug":"camara-web-alta-denificion-1080p-con-autoenfoque-giro-360-gran-angular-microfono-integrado-conector-usb-facil-de-instalar-reduccion-de-ruido-inteligente","status":"publish","type":"product","link":"https:\/\/soydeaqui.ddns.net\/pachuca\/index.php\/producto\/camara-web-alta-denificion-1080p-con-autoenfoque-giro-360-gran-angular-microfono-integrado-conector-usb-facil-de-instalar-reduccion-de-ruido-inteligente\/","title":{"rendered":"C\u00e1mara Web ALTA DENIFICI\u00d3N (1080p) con Autoenfoque \/ Giro 360\u00b0 \/ Gran Angular \/ Micr\u00f3fono Integrado \/ Conector USB \/ F\u00e1cil de Instalar \/ Reducci\u00f3n de Ruido Inteligente"},"content":{"rendered":"<div style='width: 100%; max-width: 1200px; margin: 0 auto; font-family: sans-serif; line-height: 1.6; color: inherit; background-color: transparent;'>\n<p style='text-align: center;'><img style='width: 100%; max-width: 400px; height: auto; border: 1px solid rgba(150&comma;150&comma;150&comma;0.3); border-radius: 8px;' src='https:\/\/ftp3.syscom.mx\/usuarios\/jsosa\/HIKVISION\/imagenes\/logo\/hikvision%20see%20far.png' alt='Logo Hikvision'><\/p>\n<div style='display: flex; flex-wrap: wrap; gap: 30px; margin-top: 30px;'>\n<div style='flex: 1 1 300px; min-width: 280px;'>\n<h3 style='font-size: 22px; border-bottom: 2px solid currentColor; padding-bottom: 5px; margin-top: 0; color: inherit; opacity: 0.8;'>Caracter\u00edsticas principales<\/h3>\n<ul style='padding-left: 20px; font-size: 15px; color: inherit;'>\n<li style='margin-bottom: 5px;'><span style='color: inherit;'>Im\u00e1genes de alta calidad con resoluci\u00f3n de 2 Megapixel (1920 \u00d7 1080).<\/span><\/li>\n<li style='margin-bottom: 5px;'><span style='color: inherit;'>Lente de baja distorsi\u00f3n<\/span><\/li>\n<li style='margin-bottom: 5px;'><strong style='color: inherit;'>Autoenfoque R\u00e1pido<\/strong><\/li>\n<li style='margin-bottom: 5px;'><span style='color: inherit;'>Iluminaci\u00f3n m\u00ednima: 0.1 Lux @ (F1.2&comma; AGC ON)<\/span><\/li>\n<li style='margin-bottom: 5px;'><span style='color: inherit;'>Micr\u00f3fono incorporado con sonido claro<\/span><\/li>\n<li style='margin-bottom: 5px;'><span style='color: inherit;'>\u00c1ngulo de visi\u00f3n: 80\u00b0 Horizontal \/ 50\u00b0 Vertical<\/span><\/li>\n<li style='margin-bottom: 5px;'><span style='color: inherit;'>Giro de la c\u00e1mara: 360\u00b0 Horizontal \/ -15\u00b0 a 15\u00b0 Vertical<\/span><\/li>\n<li style='margin-bottom: 5px;'><strong style='color: inherit;'>NO es compatible con los sistemas de grabaci\u00f3n \/ visualizaci\u00f3n Hikvision (DVR&comma;NVR&comma;app)<\/strong><\/li>\n<li style='margin-bottom: 5px;'><strong style='color: inherit;'>Compatible con sistemas de videoconferencia en Windows&comma; Mac y Android<\/strong><\/li>\n<\/ul><\/div>\n<div style='flex: 1 1 300px; min-width: 280px;'>\n<h3 style='font-size: 22px; border-bottom: 2px solid currentColor; padding-bottom: 5px; margin-top: 0; color: inherit; opacity: 0.8;'>Caracter\u00edsticas F\u00edsicas y El\u00e9ctricas<\/h3>\n<ul style='padding-left: 20px; font-size: 15px; color: inherit;'>\n<li style='margin-bottom: 5px;'><span style='color: inherit;'>Conector: USB 2.0 \/ Plug-and-play<\/span><\/li>\n<li style='margin-bottom: 5px;'><span style='color: inherit;'>Longitud del cable: 1.5 metros (interconstruido)<\/span><\/li>\n<li style='margin-bottom: 5px;'><span style='color: inherit;'>Temperatura de operaci\u00f3n -10\u00b0C a 40\u00b0C (Humedad al 90%)<\/span><\/li>\n<li style='margin-bottom: 5px;'><span style='color: inherit;'>Alimentaci\u00f3n 5 Vcc \/ 1.2 Watt (max.).<\/span><\/li>\n<li style='margin-bottom: 5px;'><span style='color: inherit;'>Dimensiones: 80.16 mm x 48.6 mm x 42.18 mm<\/span><\/li>\n<li style='margin-bottom: 5px;'><span style='color: inherit;'>Peso: 89 gramos.<\/span><\/li>\n<li style='margin-bottom: 5px;'><span style='color: inherit;'>Longitud del cable: 1.5 metros.<\/span><\/li>\n<\/ul><\/div>\n<\/p><\/div>\n<hr style='border: 0; border-top: 1px solid rgba(150&comma; 150&comma; 150&comma; 0.3); margin: 30px 0;'>\n<div style='margin-top: 30px;'>\n<p style='text-align: center;'><strong style='color: inherit;'>Movimientos posibles<\/strong><\/p>\n<p> <img style='width: 100%; height: auto; border: 1px solid rgba(150&comma;150&comma;150&comma;0.3); border-radius: 8px; margin: 15px auto; display: block;' src='https:\/\/ftp3.syscom.mx\/usuarios\/nortega\/hikvision\/web%20cam\/u02\/angulos.png' alt='Movimientos posibles'> <\/div>\n<div style='margin-top: 30px;'>\n<p style='text-align: center;'><strong style='color: inherit;'>Opciones de instalaci\u00f3n<\/strong><\/p>\n<div style='display: flex; flex-wrap: wrap; justify-content: center; gap: 30px; margin-top: 20px;'>\n<div style='flex: 1 1 250px; min-width: 200px; max-width: 300px; text-align: center;'>\n<p style='margin: 0 0 10px 0;'><strong style='color: inherit;'>Escritorio<\/strong><\/p>\n<p> <img style='width: 100%; height: auto; border: 1px solid rgba(150&comma;150&comma;150&comma;0.3); border-radius: 8px;' src='https:\/\/ftp3.syscom.mx\/usuarios\/nortega\/hikvision\/web%20cam\/u02\/escritorio.png' alt='Instalaci\u00f3n en escritorio'> <\/div>\n<div style='flex: 1 1 250px; min-width: 200px; max-width: 300px; text-align: center;'>\n<p style='margin: 0 0 10px 0;'><strong style='color: inherit;'>Monitor<\/strong><\/p>\n<p> <img style='width: 100%; height: auto; border: 1px solid rgba(150&comma;150&comma;150&comma;0.3); border-radius: 8px;' src='https:\/\/ftp3.syscom.mx\/usuarios\/nortega\/hikvision\/web%20cam\/u02\/monitor.png' alt='Instalaci\u00f3n en monitor'> <\/div>\n<div style='flex: 1 1 250px; min-width: 200px; max-width: 300px; text-align: center;'>\n<p style='margin: 0 0 10px 0;'><strong style='color: inherit;'>Tr\u00edpode (No incluido)<\/strong><\/p>\n<p> <img style='width: 100%; height: auto; border: 1px solid rgba(150&comma;150&comma;150&comma;0.3); border-radius: 8px;' src='https:\/\/ftp3.syscom.mx\/usuarios\/nortega\/hikvision\/web%20cam\/u02\/tripie.png' alt='Instalaci\u00f3n en tr\u00edpode'> <\/div>\n<\/p><\/div>\n<\/p><\/div>\n<div style='margin-top: 30px;'> <img style='width: 100%; height: auto; border: 1px solid rgba(150&comma;150&comma;150&comma;0.3); border-radius: 8px; margin: 15px 0;' src='https:\/\/ftp3.syscom.mx\/usuarios\/jsosa\/HIKVISION\/specs\/web\/DSU12\/web%20cam%20hikvision%201.png' alt='Vista frontal de la c\u00e1mara'> <img style='width: 100%; height: auto; border: 1px solid rgba(150&comma;150&comma;150&comma;0.3); border-radius: 8px; margin: 15px 0;' src='https:\/\/ftp3.syscom.mx\/usuarios\/jsosa\/HIKVISION\/specs\/web\/DSU12\/web%20cam%20hikvision%203.png' alt='Vista lateral de la c\u00e1mara'> <img style='width: 100%; height: auto; border: 1px solid rgba(150&comma;150&comma;150&comma;0.3); border-radius: 8px; margin: 15px 0;' src='https:\/\/ftp3.syscom.mx\/usuarios\/jsosa\/HIKVISION\/specs\/web\/DSU12\/web%20cam%20hikvision%204.png' alt='Vista posterior de la c\u00e1mara'> <img style='width: 100%; height: auto; border: 1px solid rgba(150&comma;150&comma;150&comma;0.3); border-radius: 8px; margin: 15px 0;' src='http:\/\/ftp3.syscom.mx\/usuarios\/nortega\/hikvision\/banners\/webcam.png' alt='Banner informativo de la c\u00e1mara'> <\/div>\n<\/p><\/div>\n","protected":false},"excerpt":{"rendered":"<p>C\u00e1mara Web ALTA DENIFICI\u00d3N (1080p) con Autoenfoque \/ Giro 360\u00b0 \/ Gran Angular \/ Micr\u00f3fono Integrado \/ Conector USB \/ F\u00e1cil de Instalar \/ Reducci\u00f3n de Ruido Inteligente<\/p>\n","protected":false},"featured_media":105095,"comment_status":"open","ping_status":"closed","template":"","meta":[],"product_brand":[],"product_cat":[2048],"product_tag":[2049,54,2004],"class_list":{"0":"post-105096","1":"product","2":"type-product","3":"status-publish","4":"has-post-thumbnail","6":"product_cat-audio-video-conferencia","7":"product_tag-audio-video-conferencia","8":"product_tag-hikvision","9":"product_tag-voip-telefonia-ip-videoconferencia","11":"first","12":"instock","13":"sale","14":"shipping-taxable","15":"purchasable","16":"product-type-simple"},"_links":{"self":[{"href":"https:\/\/soydeaqui.ddns.net\/pachuca\/index.php\/wp-json\/wp\/v2\/product\/105096","targetHints":{"allow":["GET"]}}],"collection":[{"href":"https:\/\/soydeaqui.ddns.net\/pachuca\/index.php\/wp-json\/wp\/v2\/product"}],"about":[{"href":"https:\/\/soydeaqui.ddns.net\/pachuca\/index.php\/wp-json\/wp\/v2\/types\/product"}],"replies":[{"embeddable":true,"href":"https:\/\/soydeaqui.ddns.net\/pachuca\/index.php\/wp-json\/wp\/v2\/comments?post=105096"}],"wp:featuredmedia":[{"embeddable":true,"href":"https:\/\/soydeaqui.ddns.net\/pachuca\/index.php\/wp-json\/wp\/v2\/media\/105095"}],"wp:attachment":[{"href":"https:\/\/soydeaqui.ddns.net\/pachuca\/index.php\/wp-json\/wp\/v2\/media?parent=105096"}],"wp:term":[{"taxonomy":"product_brand","embeddable":true,"href":"https:\/\/soydeaqui.ddns.net\/pachuca\/index.php\/wp-json\/wp\/v2\/product_brand?post=105096"},{"taxonomy":"product_cat","embeddable":true,"href":"https:\/\/soydeaqui.ddns.net\/pachuca\/index.php\/wp-json\/wp\/v2\/product_cat?post=105096"},{"taxonomy":"product_tag","embeddable":true,"href":"https:\/\/soydeaqui.ddns.net\/pachuca\/index.php\/wp-json\/wp\/v2\/product_tag?post=105096"}],"curies":[{"name":"wp","href":"https:\/\/api.w.org\/{rel}","templated":true}]}}