{"id":105090,"date":"2026-03-20T15:06:39","date_gmt":"2026-03-20T15:06:39","guid":{"rendered":"https:\/\/soydeaqui.ddns.net\/pachuca\/index.php\/producto\/ptz-ip-2-megapixel-25x-zoom-100-mts-ir-exterior-ip66-darkfighter-acusense-evita-falsas-alarmas-deteccion-facial-wdr-120-db-entrada-y-salida-de-audio-y-alarmas-eis-poe-micro-s-2\/"},"modified":"2026-03-20T15:06:52","modified_gmt":"2026-03-20T15:06:52","slug":"ptz-ip-2-megapixel-25x-zoom-100-mts-ir-exterior-ip66-darkfighter-acusense-evita-falsas-alarmas-deteccion-facial-wdr-120-db-entrada-y-salida-de-audio-y-alarmas-eis-poe-micro-s-2","status":"publish","type":"product","link":"https:\/\/soydeaqui.ddns.net\/pachuca\/index.php\/producto\/ptz-ip-2-megapixel-25x-zoom-100-mts-ir-exterior-ip66-darkfighter-acusense-evita-falsas-alarmas-deteccion-facial-wdr-120-db-entrada-y-salida-de-audio-y-alarmas-eis-poe-micro-s-2\/","title":{"rendered":"PTZ IP 2 Megapixel \/ 25X Zoom \/ 100 mts IR \/ Exterior IP66 \/ DARKFIGHTER \/ ACUSENSE (Evita Falsas Alarmas) \/ Detecci\u00f3n Facial \/ WDR 120 dB \/ Entrada y Salida de Audio y Alarmas  \/ EIS \/ PoE+ \/ Micro SD"},"content":{"rendered":"<div style='width: 100%; max-width: 1200px; margin: 0 auto; font-family: sans-serif; line-height: 1.6; color: inherit; background-color: transparent;'>\n<div style='display: flex; flex-wrap: wrap; gap: 30px; margin-bottom: 30px;'>\n<div style='flex: 1 1 300px; min-width: 280px;'>\n<h3 style='font-size: 22px; border-bottom: 2px solid currentColor; padding-bottom: 5px; margin-top: 0; color: inherit; opacity: 0.8;'>Caracter\u00edsticas Principales<\/h3>\n<ul style='padding-left: 20px; font-size: 15px; color: inherit;'>\n<li style='margin-bottom: 5px;'>Resoluci\u00f3n m\u00e1xima: <strong>2 Megapixel (1920 x 1080)<\/strong><\/li>\n<li style='margin-bottom: 5px;'>Sensor CMOS <strong>1\/2.8\u201d scan progresivo<\/strong> (High performance)<\/li>\n<li style='margin-bottom: 5px;'>Iluminaci\u00f3n m\u00ednima: color <strong>0.005 Lux @ (F1.6&comma; AGC ON)<\/strong><\/li>\n<li style='margin-bottom: 5px;'>D\u00eda \/ Noche <strong>Real (filtro ICR)<\/strong><\/li>\n<li style='margin-bottom: 5px;'>Distancia focal: <strong>4.8 a 120 mm<\/strong> (25X zoom \u00f3ptico \/ 16X zoom digital)<\/li>\n<li style='margin-bottom: 5px;'>Distancia de infrarrojo: <strong>100 mts Smart IR<\/strong><\/li>\n<li style='margin-bottom: 5px;'>Funciones normales: <strong>WDR 120 dB \/ HLC \/ BLC \/ 3D DNR \/ Defog \/ EIS<\/strong><\/li>\n<li style='margin-bottom: 5px;'>Funciones avanzadas: <strong>Detecci\u00f3n de rostro \/ Detecci\u00f3n de intrusi\u00f3n \/ Cruce de l\u00ednea \/ Entrada y Salida de regi\u00f3n \/ Objeto olvidado \/ Objeto removido<\/strong><\/li>\n<li style='margin-bottom: 5px;'>Compresi\u00f3n: <strong>H.265+ \/ H.265 \/ H.264+ \/ H.264<\/strong><\/li>\n<li style='margin-bottom: 5px;'>Compatible con la plataforma de Hik-Connect <a href='https:\/\/appstore.hikvision.com\/' target='_blank' rel='noopener' style='color: #007bff; text-decoration: underline; font-weight: normal;'>https:\/\/appstore.hikvision.com\/<\/a><\/li>\n<\/ul><\/div>\n<div style='flex: 1 1 300px; min-width: 280px;'>\n<h3 style='font-size: 22px; border-bottom: 2px solid currentColor; padding-bottom: 5px; margin-top: 0; color: inherit; opacity: 0.8;'>Funciones Generales<\/h3>\n<ul style='padding-left: 20px; font-size: 15px; color: inherit;'>\n<li style='margin-bottom: 5px;'>Paneo: <strong>360\u00b0<\/strong><\/li>\n<li style='margin-bottom: 5px;'>Tilt: <strong>-15\u00b0 a 90\u00ba<\/strong> (auto flip)<\/li>\n<li style='margin-bottom: 5px;'>Preset \/ Patrol \/ Pattern: <strong>300 \/ 8 \/ 4<\/strong><\/li>\n<li style='margin-bottom: 5px;'>Funci\u00f3n de <strong>PARK ACTION<\/strong> (funci\u00f3n de casa)<\/li>\n<li style='margin-bottom: 5px;'>Soporta <strong>tareas calendarizadas<\/strong><\/li>\n<li style='margin-bottom: 5px;'>Soporta hasta <strong>20 usuarios simult\u00e1neos<\/strong><\/li>\n<li style='margin-bottom: 5px;'>Entradas de alarma: <strong>1<\/strong><\/li>\n<li style='margin-bottom: 5px;'>Salidas de alarma: <strong>1<\/strong><\/li>\n<li style='margin-bottom: 5px;'>Entradas de audio: <strong>1<\/strong><\/li>\n<li style='margin-bottom: 5px;'>Salidas de audio: <strong>1<\/strong><\/li>\n<li style='margin-bottom: 5px;'>Puerto de red: <strong>1 (10 \/ 100 Mbps \/ PoE 802.3at)<\/strong><\/li>\n<li style='margin-bottom: 5px;'>Almacenamiento <strong>micro SD de hasta 256 GB<\/strong> \/ ANR (Automatic Network Recovery)<\/li>\n<li style='margin-bottom: 5px;'>Soporta <strong>ONVIF (Profile S&comma; Profile G&comma; Profile T) \/ ISUP<\/strong><\/li>\n<\/ul><\/div>\n<div style='flex: 1 1 300px; min-width: 280px;'>\n<h3 style='font-size: 22px; border-bottom: 2px solid currentColor; padding-bottom: 5px; margin-top: 0; color: inherit; opacity: 0.8;'>Caracter\u00edsticas F\u00edsicas y El\u00e9ctricas<\/h3>\n<ul style='padding-left: 20px; font-size: 15px; color: inherit;'>\n<li style='margin-bottom: 5px;'>Alimentaci\u00f3n: <strong>12 Vcc \/ PoE 802.3 at \/ 18 W<\/strong><\/li>\n<li style='margin-bottom: 5px;'>Temperatura de operaci\u00f3n: <strong>-30\u00b0C a 65\u00b0C<\/strong> \/ Humedad al 90% m\u00e1ximo<\/li>\n<li style='margin-bottom: 5px;'>Uso en exterior <strong>IP66<\/strong><\/li>\n<li style='margin-bottom: 5px;'>El PTZ incluye brazo de pared <strong><a href='https:\/\/www.syscom.mx\/producto\/DS-1618ZJ-HIKVISION-69383.html' target='_blank' rel='noopener' style='color: #007bff; text-decoration: underline; font-weight: normal;'>DS-1618ZJ<\/a><\/strong><\/li>\n<li style='margin-bottom: 5px;'>Protecci\u00f3n contra sobretensiones y protecci\u00f3n contra voltajes transistorios<\/li>\n<li style='margin-bottom: 5px;'>Dimensiones: <strong>164.5 x 290 mm<\/strong><\/li>\n<li style='margin-bottom: 5px;'>Peso: <strong>2 Kgs<\/strong><\/li>\n<li style='margin-bottom: 5px;'>No incluye fuente de alimentaci\u00f3n<\/li>\n<\/ul><\/div>\n<div style='flex: 1 1 300px; min-width: 280px;'>\n<h3 style='font-size: 22px; border-bottom: 2px solid currentColor; padding-bottom: 5px; margin-top: 0; color: inherit; opacity: 0.8;'>Accesorios Opcionales<\/h3>\n<ul style='padding-left: 20px; font-size: 15px; color: inherit;'>\n<li style='margin-bottom: 5px;'>Montaje de techo tipo tubo&comma; modelo: <a href='https:\/\/www.syscom.mx\/producto\/DS-1661ZJ-HIKVISION-69425.html' target='_blank' rel='noopener' style='color: #007bff; text-decoration: underline; font-weight: normal;'>DS-1661ZJ<\/a><\/li>\n<li style='margin-bottom: 5px;'>Joystick USB&comma; modelo: <a href='https:\/\/www.syscom.mx\/producto\/DS-1005KI-HIKVISION-74492.html' target='_blank' rel='noopener' style='color: #007bff; text-decoration: underline; font-weight: normal;'>DS-1005KI<\/a><\/li>\n<li style='margin-bottom: 5px;'>Montaje de techo sin tubo de extensi\u00f3n&comma; modelo: <a href='https:\/\/www.syscom.mx\/producto\/DS-1663ZJ-HIKVISION-75318.html' target='_blank' rel='noopener' style='color: #007bff; text-decoration: underline; font-weight: normal;'>DS-1663ZJ<\/a><\/li>\n<li style='margin-bottom: 5px;'>Montaje de techo tipo tubo&comma; modelo: <a href='https:\/\/www.syscom.mx\/producto\/DS-1662ZJ-HIKVISION-69426.html' target='_blank' rel='noopener' style='color: #007bff; text-decoration: underline; font-weight: normal;'>DS-1662ZJ<\/a><\/li>\n<li style='margin-bottom: 5px;'>Montaje de plaf\u00f3n&comma; modelo: <a href='https:\/\/www.syscom.mx\/producto\/DS-1671ZJ-SDM9-HIKVISION-162945.html' target='_blank' rel='noopener' style='color: #007bff; text-decoration: underline; font-weight: normal;'>DS-1671ZJ-SDM9<\/a><\/li>\n<li style='margin-bottom: 5px;'>Montaje de poste&comma; modelo: <a href='https:\/\/www.syscom.mx\/producto\/DS-1604ZJ-POLE-HIKVISION-175737.html' target='_blank' rel='noopener' style='color: #007bff; text-decoration: underline; font-weight: normal;'>DS-1604ZJ-POLE<\/a><\/li>\n<li style='margin-bottom: 5px;'>Montaje de esquina con caja de conexi\u00f3n&comma; modelo: <a href='https:\/\/www.syscom.mx\/producto\/DS-1604ZJ-BOX-CORNER-HIKVISION-201010.html' target='_blank' rel='noopener' style='color: #007bff; text-decoration: underline; font-weight: normal;'>DS-1604ZJ-BOX-CORNER<\/a><\/li>\n<li style='margin-bottom: 5px;'>Montaje de pared para exterior&comma; modelo: <a href='https:\/\/www.syscom.mx\/producto\/DS-1604ZJ-BOX-HIKVISION-190298.html' target='_blank' rel='noopener' style='color: #007bff; text-decoration: underline; font-weight: normal;'>DS-1604ZJ-BOX<\/a><\/li>\n<li style='margin-bottom: 5px;'>Montaje tipo ganzo&comma; modelo: <a href='https:\/\/www.syscom.mx\/producto\/DS-1619ZJ-HIKVISION-84690.html' target='_blank' rel='noopener' style='color: #007bff; text-decoration: underline; font-weight: normal;'>DS-1619ZJ<\/a><\/li>\n<li style='margin-bottom: 5px;'>Montaje de pared con caja de conexi\u00f3n&comma; modelo: <a href='https:\/\/www.syscom.mx\/producto\/DS-1604ZJ-BOX-POLE-HIKVISION-158618.html' target='_blank' rel='noopener' style='color: #007bff; text-decoration: underline; font-weight: normal;'>DS-1604ZJ-BOX-POLE<\/a><\/li>\n<li style='margin-bottom: 5px;'>Montaje de domo&comma; modelo: <a href='https:\/\/www.syscom.mx\/producto\/DS-1681ZJ-HIKVISION-205961.html' target='_blank' rel='noopener' style='color: #007bff; text-decoration: underline; font-weight: normal;'>DS-1681ZJ<\/a><\/li>\n<li style='margin-bottom: 5px;'>Montaje de pared para exterior&comma; modelo: <a href='https:\/\/www.syscom.mx\/producto\/DS-1604ZJ-HIKVISION-157288.html' target='_blank' rel='noopener' style='color: #007bff; text-decoration: underline; font-weight: normal;'>DS-1604ZJ<\/a><\/li>\n<li style='margin-bottom: 5px;'>Montaje parapeto sobre pared&comma; modelo: <a href='https:\/\/www.syscom.mx\/producto\/DS-1660ZJ-HIKVISION-82609.html' target='_blank' rel='noopener' style='color: #007bff; text-decoration: underline; font-weight: normal;'>DS-1660ZJ<\/a><\/li>\n<li style='margin-bottom: 5px;'>Montaje de pared para interior o exterior&comma; modelo: <a href='https:\/\/www.syscom.mx\/producto\/DS-1602ZJ-HIKVISION-77700.html' target='_blank' rel='noopener' style='color: #007bff; text-decoration: underline; font-weight: normal;'>DS-1602ZJ<\/a><\/li>\n<\/ul><\/div>\n<\/p><\/div>\n<hr style='border: 0; border-top: 1px solid rgba(150&comma; 150&comma; 150&comma; 0.3); margin: 30px 0;'>\n<div style='display: flex; flex-wrap: wrap; gap: 20px; margin-bottom: 30px;'>\n<div style='flex: 1 1 100%;'>\n<h3 style='font-size: 22px; border-bottom: 2px solid currentColor; padding-bottom: 5px; margin-top: 0; color: inherit; opacity: 0.8;'>Caracter\u00edsticas Destacadas<\/h3>\n<\/p><\/div>\n<\/p><\/div>\n<p> <img style='width: 100%; height: auto; border: 1px solid rgba(150&comma;150&comma;150&comma;0.3); border-radius: 8px;' src='https:\/\/ftp3.syscom.mx\/usuarios\/jsosa\/HIKVISION\/imagenes\/banners\/solution%20complete.png' alt='Soluci\u00f3n completa'> <\/div>\n","protected":false},"excerpt":{"rendered":"<p>PTZ IP 2 Megapixel \/ 25X Zoom \/ 100 mts IR \/ Exterior IP66 \/ DARKFIGHTER \/ ACUSENSE (Evita Falsas Alarmas) \/ Detecci\u00f3n Facial \/ WDR 120 dB \/ Entrada y Salida de Audio y Alarmas  \/ EIS \/ PoE+ \/ Micro SD<\/p>\n","protected":false},"featured_media":105089,"comment_status":"open","ping_status":"closed","template":"","meta":[],"product_brand":[],"product_cat":[1224],"product_tag":[122,54,1225],"class_list":{"0":"post-105090","1":"product","2":"type-product","3":"status-publish","4":"has-post-thumbnail","6":"product_cat-ptz","7":"product_tag-camaras-ip-y-nvrs","8":"product_tag-hikvision","9":"product_tag-ptz","11":"first","12":"instock","13":"sale","14":"shipping-taxable","15":"purchasable","16":"product-type-simple"},"_links":{"self":[{"href":"https:\/\/soydeaqui.ddns.net\/pachuca\/index.php\/wp-json\/wp\/v2\/product\/105090","targetHints":{"allow":["GET"]}}],"collection":[{"href":"https:\/\/soydeaqui.ddns.net\/pachuca\/index.php\/wp-json\/wp\/v2\/product"}],"about":[{"href":"https:\/\/soydeaqui.ddns.net\/pachuca\/index.php\/wp-json\/wp\/v2\/types\/product"}],"replies":[{"embeddable":true,"href":"https:\/\/soydeaqui.ddns.net\/pachuca\/index.php\/wp-json\/wp\/v2\/comments?post=105090"}],"wp:featuredmedia":[{"embeddable":true,"href":"https:\/\/soydeaqui.ddns.net\/pachuca\/index.php\/wp-json\/wp\/v2\/media\/105089"}],"wp:attachment":[{"href":"https:\/\/soydeaqui.ddns.net\/pachuca\/index.php\/wp-json\/wp\/v2\/media?parent=105090"}],"wp:term":[{"taxonomy":"product_brand","embeddable":true,"href":"https:\/\/soydeaqui.ddns.net\/pachuca\/index.php\/wp-json\/wp\/v2\/product_brand?post=105090"},{"taxonomy":"product_cat","embeddable":true,"href":"https:\/\/soydeaqui.ddns.net\/pachuca\/index.php\/wp-json\/wp\/v2\/product_cat?post=105090"},{"taxonomy":"product_tag","embeddable":true,"href":"https:\/\/soydeaqui.ddns.net\/pachuca\/index.php\/wp-json\/wp\/v2\/product_tag?post=105090"}],"curies":[{"name":"wp","href":"https:\/\/api.w.org\/{rel}","templated":true}]}}