{"id":105069,"date":"2026-03-20T15:05:33","date_gmt":"2026-03-20T15:05:33","guid":{"rendered":"https:\/\/soydeaqui.ddns.net\/pachuca\/index.php\/producto\/camara-termografica-fluke-ti401-pro\/"},"modified":"2026-03-20T15:05:38","modified_gmt":"2026-03-20T15:05:38","slug":"camara-termografica-fluke-ti401-pro","status":"publish","type":"product","link":"https:\/\/soydeaqui.ddns.net\/pachuca\/index.php\/producto\/camara-termografica-fluke-ti401-pro\/","title":{"rendered":"C\u00e1mara Termogr\u00e1fica Fluke Ti401 PRO"},"content":{"rendered":"<div style='width: 100%; max-width: 1200px; margin: 0 auto; font-family: sans-serif; line-height: 1.6; color: inherit; background-color: transparent;'>\n<div style='display: flex; flex-wrap: wrap; gap: 30px; margin-bottom: 30px;'>\n<div style='flex: 1 1 300px; min-width: 280px;'>\n<h3 style='font-size: 22px; border-bottom: 2px solid currentColor; padding-bottom: 5px; margin-top: 0; color: inherit; opacity: 0.8;'>Caracter\u00edsticas principales<\/h3>\n<ul style='padding-left: 20px; font-size: 15px; color: inherit;'>\n<li style='margin-bottom: 5px;'>Elija la c\u00e1mara t\u00e9rmica que le proporciona im\u00e1genes enfocadas en cuesti\u00f3n de segundos. El enfoque autom\u00e1tico LaserSharp\u2122 utiliza un medidor de distancia l\u00e1ser incorporado que calcula y muestra la distancia al objetivo deseado y ajusta inmediatamente el enfoque.<\/li>\n<li style='margin-bottom: 5px;'>Vea a\u00fan los m\u00e1s peque\u00f1os detalles en la imagen y descubra anomal\u00edas m\u00e1s r\u00e1pido con una resoluci\u00f3n de 640 x 480<\/li>\n<li style='margin-bottom: 5px;'>Ajuste la combinaci\u00f3n de luz visible e infrarroja en las im\u00e1genes con la tecnolog\u00eda IR-Fusion\u2122 patentada por Fluke<\/li>\n<li style='margin-bottom: 5px;'>Administre los datos&comma; capture m\u00faltiples mediciones (el\u00e9ctricas&comma; mec\u00e1nicas y t\u00e9rmicas) y organ\u00edcelas para cada pieza con el software Fluke Connect\u2122<\/li>\n<li style='margin-bottom: 5px;'>Simplemente la mejor \u00f3ptica para transmitir energ\u00eda y producir im\u00e1genes infrarrojas de alta calidad. Las c\u00e1maras t\u00e9rmicas de Fluke utilizan solo lentes 100 % germanio&comma; torneados con diamante y con recubrimiento especial.<\/li>\n<\/ul><\/div>\n<\/p><\/div>\n<div style='display: flex; flex-wrap: wrap; gap: 20px; margin-bottom: 30px;'>\n<div style='flex: 1 1 250px; border: 1px solid rgba(150&comma; 150&comma; 150&comma; 0.4); border-radius: 8px; overflow: hidden; display: flex; flex-direction: column;'>\n<div style='padding: 15px; border-bottom: 1px solid rgba(150&comma; 150&comma; 150&comma; 0.2); font-weight: bold; font-size: 18px; color: inherit;'>Incluye<\/div>\n<div style='padding: 15px; color: inherit;'>\n<ul style='padding-left: 20px; margin: 0; font-size: 14px; list-style-type: disc;'>\n<li style='margin-bottom: 5px;'>C\u00e1mara termogr\u00e1fica con lente est\u00e1ndar de infrarrojos<\/li>\n<li style='margin-bottom: 5px;'>Fuente de alimentaci\u00f3n CA y cargador de bater\u00edas (incluidos adaptadores universales CA)<\/li>\n<li style='margin-bottom: 5px;'>Dos paquetes de bater\u00edas robustas e inteligentes de i\u00f3n-litio<\/li>\n<li style='margin-bottom: 5px;'>Cable USB<\/li>\n<li style='margin-bottom: 5px;'>Cable de video HDMI<\/li>\n<li style='margin-bottom: 5px;'>Tarjeta micro SD de 4 GB<\/li>\n<li style='margin-bottom: 5px;'>Estuche r\u00edgido de transporte<\/li>\n<li style='margin-bottom: 5px;'>Estuche flexible de transporte<\/li>\n<li style='margin-bottom: 5px;'>Correa de mano ajustable<\/li>\n<li style='margin-bottom: 5px;'>Disponible por descarga gratuita: software Fluke Connect\u00ae SmartView\u00ae y manual de usuario.<\/li>\n<\/ul><\/div>\n<\/p><\/div>\n<\/p><\/div>\n<hr style='border: 0; border-top: 1px solid rgba(150&comma; 150&comma; 150&comma; 0.3); margin: 30px 0;'>\n<div style='display: flex; flex-wrap: wrap; gap: 30px;'>\n<div style='flex: 1 1 300px; min-width: 280px;'>\n<h3 style='font-size: 22px; border-bottom: 2px solid currentColor; padding-bottom: 5px; margin-top: 0; color: inherit; opacity: 0.8;'>Imagen del producto<\/h3>\n<p> <img style='width: 100%; height: auto; border: 1px solid rgba(150&comma;150&comma;150&comma;0.3); border-radius: 8px;' src='https:\/\/dam-assets.fluke.com\/s3fs-public\/styles\/product_slideshow_main\/public\/F-ti450-pro_15a_c.jpg' alt='Imagen de C\u00e1mara Termogr\u00e1fica Fluke Ti401 PRO'> <\/div>\n<\/p><\/div>\n<\/p><\/div>\n","protected":false},"excerpt":{"rendered":"<p>C\u00e1mara Termogr\u00e1fica Fluke Ti401 PRO<\/p>\n","protected":false},"featured_media":105068,"comment_status":"open","ping_status":"closed","template":"","meta":[],"product_brand":[],"product_cat":[2329],"product_tag":[2255,2330,393],"class_list":{"0":"post-105069","1":"product","2":"type-product","3":"status-publish","4":"has-post-thumbnail","6":"product_cat-especiales","7":"product_tag-camaras-y-dvrs-hd-turbohd-ahd-hd-tvi","8":"product_tag-especiales","9":"product_tag-fluke","11":"first","12":"outofstock","13":"sale","14":"shipping-taxable","15":"purchasable","16":"product-type-simple"},"_links":{"self":[{"href":"https:\/\/soydeaqui.ddns.net\/pachuca\/index.php\/wp-json\/wp\/v2\/product\/105069","targetHints":{"allow":["GET"]}}],"collection":[{"href":"https:\/\/soydeaqui.ddns.net\/pachuca\/index.php\/wp-json\/wp\/v2\/product"}],"about":[{"href":"https:\/\/soydeaqui.ddns.net\/pachuca\/index.php\/wp-json\/wp\/v2\/types\/product"}],"replies":[{"embeddable":true,"href":"https:\/\/soydeaqui.ddns.net\/pachuca\/index.php\/wp-json\/wp\/v2\/comments?post=105069"}],"wp:featuredmedia":[{"embeddable":true,"href":"https:\/\/soydeaqui.ddns.net\/pachuca\/index.php\/wp-json\/wp\/v2\/media\/105068"}],"wp:attachment":[{"href":"https:\/\/soydeaqui.ddns.net\/pachuca\/index.php\/wp-json\/wp\/v2\/media?parent=105069"}],"wp:term":[{"taxonomy":"product_brand","embeddable":true,"href":"https:\/\/soydeaqui.ddns.net\/pachuca\/index.php\/wp-json\/wp\/v2\/product_brand?post=105069"},{"taxonomy":"product_cat","embeddable":true,"href":"https:\/\/soydeaqui.ddns.net\/pachuca\/index.php\/wp-json\/wp\/v2\/product_cat?post=105069"},{"taxonomy":"product_tag","embeddable":true,"href":"https:\/\/soydeaqui.ddns.net\/pachuca\/index.php\/wp-json\/wp\/v2\/product_tag?post=105069"}],"curies":[{"name":"wp","href":"https:\/\/api.w.org\/{rel}","templated":true}]}}