{"id":105065,"date":"2026-03-20T15:05:21","date_gmt":"2026-03-20T15:05:21","guid":{"rendered":"https:\/\/soydeaqui.ddns.net\/pachuca\/index.php\/producto\/camara-ultrasonica-real-de-imagen-acustica-industrial-para-deteccion-de-fugas-neumaticas-en-ductos-mangueras-valvulas-etc-solo-fluke-lo-hace-posible-vea-lo-que-no-puede-oir\/"},"modified":"2026-03-20T15:05:26","modified_gmt":"2026-03-20T15:05:26","slug":"camara-ultrasonica-real-de-imagen-acustica-industrial-para-deteccion-de-fugas-neumaticas-en-ductos-mangueras-valvulas-etc-solo-fluke-lo-hace-posible-vea-lo-que-no-puede-oir","status":"publish","type":"product","link":"https:\/\/soydeaqui.ddns.net\/pachuca\/index.php\/producto\/camara-ultrasonica-real-de-imagen-acustica-industrial-para-deteccion-de-fugas-neumaticas-en-ductos-mangueras-valvulas-etc-solo-fluke-lo-hace-posible-vea-lo-que-no-puede-oir\/","title":{"rendered":"C\u00e1mara Ultras\u00f3nica Real de Imagen Ac\u00fastica Industrial, para Detecci\u00f3n de Fugas Neum\u00e1ticas en Ductos, Mangueras, V\u00e1lvulas, etc. \u00a1Solo FLUKE lo hace Posible: VEA LO QUE NO PUEDE OIR!"},"content":{"rendered":"<div style='width: 100%; max-width: 1200px; margin: 0 auto; font-family: sans-serif; line-height: 1.6; color: inherit; background-color: transparent;'>\n<div style='width: 100%; max-width: 1200px; margin: 0 auto; font-family: sans-serif; line-height: 1.6; color: inherit; background-color: transparent;'>\n<div style='text-align: center; margin: 30px 0;'> <img style='width: 100%; max-width: 500px; height: auto; border: 1px solid rgba(150&comma;150&comma;150&comma;0.3); border-radius: 8px;' src='https:\/\/www.risoul.com.mx\/hs-fs\/hubfs\/Fluke-Logo.png?width=1557&#038;name=Fluke-Logo.png' alt='Distribuidor productos Fluke'> <\/div>\n<div style='display: flex; flex-direction: column; gap: 15px; margin: 30px 0;'>\n<h1 style='font-size: 22px; margin: 0; color: inherit; opacity: 0.9;'>C\u00e1mara Ultras\u00f3nica de Imagen Ac\u00fastica de Alta Precisi\u00f3n con Pantalla LCD 7&#8242;<\/h1>\n<h2 style='font-size: 22px; margin: 0; color: inherit; opacity: 0.9;'>Fluke ii900<\/h2>\n<p style='margin: 0; color: inherit;'><strong><span style='color: #3598db;'>Un proceso r\u00e1pido&comma; seguro y eficiente.<\/span><\/strong><\/p>\n<\/p><\/div>\n<div style='margin: 30px 0;'>\n<p style='font-size: 15px; margin: 0 0 15px; color: inherit;'>La c\u00e1mara ac\u00fastica industrial Fluke ii900 es un equipo port\u00e1til que incorpora una matriz de micr\u00f3fonos que ampl\u00eda el campo de visi\u00f3n&comma; lo que permite a los equipos de mantenimiento localizar de manera r\u00e1pida y precisa fugas de aire&comma; gas y vac\u00edo en sistemas de aire comprimido&comma; incluso en entornos ruidosos. Dise\u00f1ada en especial para centros de producci\u00f3n con altos niveles de ruido&comma; la nueva tecnolog\u00eda SoundSight\u2122 es muy f\u00e1cil de manejar y de implementar. La pantalla t\u00e1ctil LCD de 7 pulgadas superpone un mapa SoundMap\u2122 sobre una imagen para identificar r\u00e1pidamente el punto donde se encuentra la fuga. La interfaz es sencilla e intuitiva&comma; y permite a los t\u00e9cnicos aislar la frecuencia sonora de la fuga para filtrar el ruido de fondo<\/p>\n<\/p><\/div>\n<div style='margin: 30px 0;'>\n<h3 style='font-size: 18px; margin: 0 0 15px; color: inherit; opacity: 0.8;'>Caracter\u00edsticas principales<\/h3>\n<ul style='font-size: 15px; padding-left: 20px; margin: 0; color: inherit;'>\n<li style='margin-bottom: 8px;'>Mejore la fiabilidad de la l\u00ednea de producci\u00f3n<\/li>\n<li style='margin-bottom: 8px;'>Aproveche al m\u00e1ximo sus compresores de aire y posponga la adquisici\u00f3n de un compresor adicional<\/li>\n<li style='margin-bottom: 8px;'>Garantice un nivel adecuado de presi\u00f3n de aire en su equipo neum\u00e1tico<\/li>\n<li style='margin-bottom: 8px;'>Distancia de funcionamiento 70 metros.<\/li>\n<li style='margin-bottom: 8px;'>Rango de frecuencia de 2 a 52 KHz<\/li>\n<li style='margin-bottom: 8px;'>Tecnolog\u00eda SoundSight\u2122<\/li>\n<li style='margin-bottom: 8px;'><span style='color: #333333; background-color: #f7f7f7;'>Duraci\u00f3n de la Bater\u00eda 6 horas.<\/span><\/li>\n<\/ul><\/div>\n<div style='margin: 30px 0;'>\n<p style='font-size: 15px; margin: 0; color: inherit;'><strong>Incluye:<\/strong> C\u00e1mara&comma; Fuente de alimentaci\u00f3n AC y Cargador de bater\u00eda&comma; Bater\u00eda de ION-Litio&comma; Cable USB&comma; Estuche r\u00edgido&comma; Correa ajustable para mano y cuello.<\/p>\n<\/p><\/div>\n<div style='margin: 30px 0;'>\n<h2 style='font-size: 20px; margin: 0 0 20px; color: inherit; opacity: 0.9;'>Preparese para mejorar su mantenimiento&#8230;<\/h2>\n<div style='margin: 20px 0;'> <a style='font-size: 18px; font-weight: bold; color: #3598db; text-decoration: none;' href='https:\/\/termografiaindustrial.fluke.com\/demo'>Fluke ii900 Demo click aqu\u00ed<\/a> <\/div>\n<\/p><\/div>\n<div style='margin: 30px 0;'>\n<div style='width: 100%; margin-bottom: 30px;'> <a style='text-decoration: none;' href='https:\/\/termografiaindustrial.fluke.com\/demo'> <img style='width: 100%; height: auto; border: 1px solid rgba(150&comma;150&comma;150&comma;0.3); border-radius: 8px;' src='https:\/\/ftp3.syscom.mx\/usuarios\/fotos\/FLKII910\/203466-captura_de_pantalla_2023-02-20_a_la(s)_17.43.32.png' alt=''> <\/a> <\/div>\n<div style='width: 100%; margin-bottom: 30px;'> <img style='width: 100%; height: auto; border: 1px solid rgba(150&comma;150&comma;150&comma;0.3); border-radius: 8px;' src='https:\/\/ftp3.syscom.mx\/usuarios\/fotos\/FLKII900\/203463-captura_de_pantalla_2023-04-27_a_la(s)_13.19.53.png' alt=''> <\/div>\n<div style='width: 100%; margin-bottom: 30px;'> <img style='width: 100%; height: auto; border: 1px solid rgba(150&comma;150&comma;150&comma;0.3); border-radius: 8px;' src='https:\/\/ftp3.syscom.mx\/usuarios\/fotos\/FLKII900\/203463-captura_de_pantalla_2023-04-27_a_la(s)_13.50.48.png' alt=''> <\/div>\n<div style='width: 100%; margin-bottom: 30px;'> <img style='width: 100%; height: auto; border: 1px solid rgba(150&comma;150&comma;150&comma;0.3); border-radius: 8px;' src='https:\/\/ftp3.syscom.mx\/usuarios\/fotos\/FLKII900\/203463-captura_de_pantalla_2023-04-27_a_la(s)_13.49.20.png' alt=''> <\/div>\n<div style='width: 100%; margin-bottom: 30px;'> <img style='width: 100%; height: auto; border: 1px solid rgba(150&comma;150&comma;150&comma;0.3); border-radius: 8px;' src='https:\/\/ftp3.syscom.mx\/usuarios\/fotos\/FLKII900\/203463-captura_de_pantalla_2023-04-27_a_la(s)_13.47.37.png' alt=''> <\/div>\n<div style='position: relative; padding-bottom: 56.25%; height: 0; overflow: hidden; margin-bottom: 30px;'>   <\/div>\n<\/p><\/div>\n<\/p><\/div>\n<\/p><\/div>\n","protected":false},"excerpt":{"rendered":"<p>C\u00e1mara Ultras\u00f3nica Real de Imagen Ac\u00fastica Industrial, para Detecci\u00f3n de Fugas Neum\u00e1ticas en Ductos, Mangueras, V\u00e1lvulas, etc. \u00a1Solo FLUKE lo hace Posible: VEA LO QUE NO PUEDE OIR!<\/p>\n","protected":false},"featured_media":105064,"comment_status":"open","ping_status":"closed","template":"","meta":[],"product_brand":[],"product_cat":[1049],"product_tag":[122,393,1050],"class_list":{"0":"post-105065","1":"product","2":"type-product","3":"status-publish","4":"has-post-thumbnail","6":"product_cat-termicas","7":"product_tag-camaras-ip-y-nvrs","8":"product_tag-fluke","9":"product_tag-termicas","11":"first","12":"outofstock","13":"sale","14":"shipping-taxable","15":"purchasable","16":"product-type-simple"},"_links":{"self":[{"href":"https:\/\/soydeaqui.ddns.net\/pachuca\/index.php\/wp-json\/wp\/v2\/product\/105065","targetHints":{"allow":["GET"]}}],"collection":[{"href":"https:\/\/soydeaqui.ddns.net\/pachuca\/index.php\/wp-json\/wp\/v2\/product"}],"about":[{"href":"https:\/\/soydeaqui.ddns.net\/pachuca\/index.php\/wp-json\/wp\/v2\/types\/product"}],"replies":[{"embeddable":true,"href":"https:\/\/soydeaqui.ddns.net\/pachuca\/index.php\/wp-json\/wp\/v2\/comments?post=105065"}],"wp:featuredmedia":[{"embeddable":true,"href":"https:\/\/soydeaqui.ddns.net\/pachuca\/index.php\/wp-json\/wp\/v2\/media\/105064"}],"wp:attachment":[{"href":"https:\/\/soydeaqui.ddns.net\/pachuca\/index.php\/wp-json\/wp\/v2\/media?parent=105065"}],"wp:term":[{"taxonomy":"product_brand","embeddable":true,"href":"https:\/\/soydeaqui.ddns.net\/pachuca\/index.php\/wp-json\/wp\/v2\/product_brand?post=105065"},{"taxonomy":"product_cat","embeddable":true,"href":"https:\/\/soydeaqui.ddns.net\/pachuca\/index.php\/wp-json\/wp\/v2\/product_cat?post=105065"},{"taxonomy":"product_tag","embeddable":true,"href":"https:\/\/soydeaqui.ddns.net\/pachuca\/index.php\/wp-json\/wp\/v2\/product_tag?post=105065"}],"curies":[{"name":"wp","href":"https:\/\/api.w.org\/{rel}","templated":true}]}}