{"id":105063,"date":"2026-03-20T15:05:14","date_gmt":"2026-03-20T15:05:14","guid":{"rendered":"https:\/\/soydeaqui.ddns.net\/pachuca\/index.php\/producto\/termometro-digital-ir-industrial-501-800-oc\/"},"modified":"2026-03-20T15:05:16","modified_gmt":"2026-03-20T15:05:16","slug":"termometro-digital-ir-industrial-501-800-oc","status":"publish","type":"product","link":"https:\/\/soydeaqui.ddns.net\/pachuca\/index.php\/producto\/termometro-digital-ir-industrial-501-800-oc\/","title":{"rendered":"Term\u00f3metro Digital IR Industrial, 50:1, 800 \u00baC"},"content":{"rendered":"<div style='width: 100%; max-width: 1200px; margin: 0 auto; font-family: sans-serif; line-height: 1.6; color: inherit; background-color: transparent;'> <!-- Imagen del producto --> <\/p>\n<div style='width: 100%; text-align: center; margin: 20px 0;'> <img style='width: 100%; max-width: 500px; height: auto; border: 1px solid rgba(150&comma;150&comma;150&comma;0.3); border-radius: 8px;' src='https:\/\/www.risoul.com.mx\/hs-fs\/hubfs\/Fluke-Logo.png?width=1557&#038;name=Fluke-Logo.png' alt='Distribuidor productos Fluke'> <\/div>\n<p> <!-- T\u00edtulo y descripci\u00f3n --> <\/p>\n<div style='margin: 30px 0;'>\n<h1 style='font-size: 27px; margin: 0 0 1rem; line-height: 1.2; color: inherit; opacity: 0.9; text-align: center;'>Term\u00f3metro IR y de contacto Fluke 568<\/h1>\n<h2 style='font-size: 18px; margin: 0 0 1.5rem; color: inherit; opacity: 0.7; text-align: center;'>Descripci\u00f3n general del producto: Term\u00f3metro IR y de contacto Fluke 568<\/h2>\n<p style='margin: 0 0 1.2rem; text-align: left;'>El term\u00f3metro Fluke 568 es un term\u00f3metro IR y de contacto dos en uno equipado con una innovadora pantalla de matriz de puntos.<\/p>\n<p style='margin: 0 0 1.2rem; text-align: left;'>Los term\u00f3metros por infrarrojos 568 y 566 de Fluke con puntero l\u00e1ser simplifican las mediciones m\u00e1s complejas gracias a su sencilla interfaz con men\u00fas en pantalla (disponibles en 6 idiomas) y tres botones de navegaci\u00f3n. Navegue r\u00e1pidamente por sus caracter\u00edsticas avanzadas y configure la emisividad&comma; inicie el registro de los datos o active y desactive las alarmas&comma; con solo pulsar un bot\u00f3n varias veces.<\/p>\n<p style='margin: 0 0 1.2rem; text-align: left;'>Con un dise\u00f1o ergon\u00f3mico&comma; de f\u00e1cil uso y resistente&comma; los term\u00f3metros dos en uno de contacto y sin contacto Fluke 568 y 566 pueden usarse en entornos industriales&comma; el\u00e9ctricos y mec\u00e1nicos. Estos instrumentos superan a cualquier otro term\u00f3metro IR (o pir\u00f3metro) ayud\u00e1ndole a trabajar de forma m\u00e1s eficiente en un mayor n\u00famero de aplicaciones.<\/p>\n<\/p><\/div>\n<p> <!-- Caracter\u00edsticas principales --> <\/p>\n<div style='margin-bottom: 30px;'>\n<h2 style='font-size: 22px; border-bottom: 2px solid currentColor; padding-bottom: 5px; margin-top: 0; color: inherit; opacity: 0.8; margin-bottom: 1.2rem;'>Caracter\u00edsticas principales<\/h2>\n<ul style='padding-left: 20px; margin: 0; font-size: 15px; color: inherit;'>\n<li style='margin-bottom: 5px;'>Analice los datos y determine tendencias de forma sencilla con el software integrado Formularios FlukeView\u00ae software<\/li>\n<li style='margin-bottom: 5px;'>Descargue con rapidez la informaci\u00f3n almacenada mediante una conexi\u00f3n USB<\/li>\n<li style='margin-bottom: 5px;'>Consulte sus datos directamente con un port\u00e1til a trav\u00e9s de su conexi\u00f3n USB&comma; sin tener que abandonar la instalaci\u00f3n<\/li>\n<li style='margin-bottom: 5px;'>Ampl\u00ede la duraci\u00f3n de la bater\u00eda alimentando el term\u00f3metro digital a trav\u00e9s de la conexi\u00f3n USB de un port\u00e1til<\/li>\n<\/ul><\/div>\n<p> <!-- Separador --> <\/p>\n<hr style='border: 0; border-top: 1px solid rgba(150&comma; 150&comma; 150&comma; 0.3); margin: 30px 0;'> <\/div>\n","protected":false},"excerpt":{"rendered":"<p>Term\u00f3metro Digital IR Industrial, 50:1, 800 \u00baC<\/p>\n","protected":false},"featured_media":105062,"comment_status":"open","ping_status":"closed","template":"","meta":[],"product_brand":[],"product_cat":[1125],"product_tag":[931,393,1126],"class_list":{"0":"post-105063","1":"product","2":"type-product","3":"status-publish","4":"has-post-thumbnail","6":"product_cat-para-instalacion-en-campo","7":"product_tag-equipo-de-laboratorio","8":"product_tag-fluke","9":"product_tag-para-instalacion-en-campo","11":"first","12":"outofstock","13":"sale","14":"shipping-taxable","15":"purchasable","16":"product-type-simple"},"_links":{"self":[{"href":"https:\/\/soydeaqui.ddns.net\/pachuca\/index.php\/wp-json\/wp\/v2\/product\/105063","targetHints":{"allow":["GET"]}}],"collection":[{"href":"https:\/\/soydeaqui.ddns.net\/pachuca\/index.php\/wp-json\/wp\/v2\/product"}],"about":[{"href":"https:\/\/soydeaqui.ddns.net\/pachuca\/index.php\/wp-json\/wp\/v2\/types\/product"}],"replies":[{"embeddable":true,"href":"https:\/\/soydeaqui.ddns.net\/pachuca\/index.php\/wp-json\/wp\/v2\/comments?post=105063"}],"wp:featuredmedia":[{"embeddable":true,"href":"https:\/\/soydeaqui.ddns.net\/pachuca\/index.php\/wp-json\/wp\/v2\/media\/105062"}],"wp:attachment":[{"href":"https:\/\/soydeaqui.ddns.net\/pachuca\/index.php\/wp-json\/wp\/v2\/media?parent=105063"}],"wp:term":[{"taxonomy":"product_brand","embeddable":true,"href":"https:\/\/soydeaqui.ddns.net\/pachuca\/index.php\/wp-json\/wp\/v2\/product_brand?post=105063"},{"taxonomy":"product_cat","embeddable":true,"href":"https:\/\/soydeaqui.ddns.net\/pachuca\/index.php\/wp-json\/wp\/v2\/product_cat?post=105063"},{"taxonomy":"product_tag","embeddable":true,"href":"https:\/\/soydeaqui.ddns.net\/pachuca\/index.php\/wp-json\/wp\/v2\/product_tag?post=105063"}],"curies":[{"name":"wp","href":"https:\/\/api.w.org\/{rel}","templated":true}]}}