{"id":105057,"date":"2026-03-20T15:04:57","date_gmt":"2026-03-20T15:04:57","guid":{"rendered":"https:\/\/soydeaqui.ddns.net\/pachuca\/index.php\/producto\/dvr-4-canales-turbohd-2-canales-ip-4-megapixel-lite-audio-por-coaxitron-1-bahia-de-disco-duro-h-265-salida-de-video-en-full-hd\/"},"modified":"2026-03-20T15:05:11","modified_gmt":"2026-03-20T15:05:11","slug":"dvr-4-canales-turbohd-2-canales-ip-4-megapixel-lite-audio-por-coaxitron-1-bahia-de-disco-duro-h-265-salida-de-video-en-full-hd","status":"publish","type":"product","link":"https:\/\/soydeaqui.ddns.net\/pachuca\/index.php\/producto\/dvr-4-canales-turbohd-2-canales-ip-4-megapixel-lite-audio-por-coaxitron-1-bahia-de-disco-duro-h-265-salida-de-video-en-full-hd\/","title":{"rendered":"DVR 4 Canales TurboHD + 2 Canales IP \/ 4 Megap\u00edxel Lite \/ Audio por Coaxitron \/ 1 Bah\u00eda de Disco Duro \/ H.265+ \/ Salida de Video en Full HD"},"content":{"rendered":"<div style='width: 100%; max-width: 1200px; margin: 0 auto; font-family: sans-serif; line-height: 1.6; color: inherit; background-color: transparent;'> <!-- Imagen principal --> <\/p>\n<div style='width: 100%; display: flex; justify-content: center; margin: 30px 0;'> <img style='width: 45%; height: auto; border: 1px solid rgba(150&comma;150&comma;150&comma;0.3); border-radius: 8px;' src='https:\/\/ftp3.syscom.mx\/usuarios\/fotos\/IPCB120\/143291-hilook.png' alt=''> <\/div>\n<p> <!-- Secci\u00f3n con video e info --> <\/p>\n<div style='display: flex; flex-wrap: wrap; gap: 30px; margin-bottom: 30px;'>\n<div style='flex: 1 1 48%; min-width: 300px;'>\n<div style='position: relative; padding-bottom: 56.25%; height: 0; overflow: hidden; margin-bottom: 30px;'>   <\/div>\n<\/p><\/div>\n<div style='flex: 1 1 48%; min-width: 300px;'>\n<h3 style='font-size: 22px; border-bottom: 2px solid currentColor; padding-bottom: 5px; margin-top: 0; color: inherit; opacity: 0.8;'>Visualizaci\u00f3n F\u00e1cil&comma; R\u00e1pida y Segura desde Hik-Connect<\/h3>\n<p style='font-size: 15px; color: inherit; margin-bottom: 15px;'>Hik-Connect es la aplicaci\u00f3n para dispositivos m\u00f3viles tabletas y smartphones en los cu\u00e1les usted puede visualizar sus c\u00e1maras en vivo&comma; grabaciones&comma; grabar eventos de p\u00e1nico&comma; tomar fotograf\u00edas.<\/p>\n<p style='font-size: 15px; color: inherit; margin-bottom: 15px;'>Adem\u00e1s&comma; si lo combina con las otras soluciones de Hikvision como lo son control de acceso&comma; videoporteros y alarmas podr\u00e1 tener el control en una misma aplicaci\u00f3n y lo mejor es que la aplicaci\u00f3n es y seguir\u00e1 siendo gratuita. Dadas las actualizaciones constantes que realiza Hikvision&comma; la app la puede descargar <a style='color: inherit; text-decoration: underline;' href='https:\/\/appstore.hikvision.com\/' target='_blank' rel='noopener'>aqu\u00ed<\/a>.<\/p>\n<\/p><\/div>\n<\/p><\/div>\n<p> <!-- Secci\u00f3n con info y video --> <\/p>\n<div style='display: flex; flex-wrap: wrap; gap: 30px; margin-bottom: 30px;'>\n<div style='flex: 1 1 48%; min-width: 300px;'>\n<h3 style='font-size: 22px; border-bottom: 2px solid currentColor; padding-bottom: 5px; margin-top: 0; color: inherit; opacity: 0.8;'>Audio por Coaxitron en Todos los Canales<\/h3>\n<p style='font-size: 15px; color: inherit; margin-bottom: 15px;'>Una de las m\u00faltiples ventajas de los nuevos sistemas de videovigilancia es el audio por coaxitron. Al realizar la combinaci\u00f3n de una c\u00e1mara con micr\u00f3fono interconstruido y un videograbador con audio por coaxitron usted podr\u00e1 almacenar video y audio sin tener que a\u00f1adir componentes extras&comma; ya que la instalaci\u00f3n de una c\u00e1mara con micr\u00f3fono interconstruido es exactamente igual a una que no tenga micr\u00f3fono interconstruido y si&#8230;as\u00ed es usted puede a\u00f1adir c\u00e1maras con micr\u00f3fono interconstruido en todos los canales TurboHD (la funci\u00f3n de audio por coaxitron \u00fanicamente funciona en TVI\/TurboHD).<\/p>\n<p style='font-size: 15px; color: inherit; margin-bottom: 15px;'>Clic aqu\u00ed para <a style='color: inherit; text-decoration: underline;' href='https:\/\/www.syscom.mx\/principal\/promociones\/camaras_con_audio_por_coaxitron_2_mp-5477.html?ordenar=Relevancia&#038;pag=1' target='_blank' rel='noopener'>Ver modelos compatibles con Audio por Coaxitron en C\u00e1maras TurboHD<\/a>.<\/p>\n<\/p><\/div>\n<div style='flex: 1 1 48%; min-width: 300px;'>\n<div style='position: relative; padding-bottom: 56.25%; height: 0; overflow: hidden; margin-bottom: 30px;'>   <\/div>\n<\/p><\/div>\n<\/p><\/div>\n<p> <!-- Secci\u00f3n de caracter\u00edsticas --> <\/p>\n<div style='display: flex; flex-wrap: wrap; gap: 20px; margin-bottom: 30px;'>\n<div style='flex: 1 1 300px; border: 1px solid rgba(150&comma; 150&comma; 150&comma; 0.4); border-radius: 8px; overflow: hidden; display: flex; flex-direction: column;'>\n<div style='padding: 15px; border-bottom: 1px solid rgba(150&comma; 150&comma; 150&comma; 0.2); font-weight: bold; font-size: 18px; color: inherit;'>Caracter\u00edsticas principales<\/div>\n<div style='padding: 15px; color: inherit;'>\n<ul style='padding-left: 20px; margin: 0; font-size: 14px; list-style-type: disc;'>\n<li style='margin-bottom: 5px;'>Tecnolog\u00eda TurboHD 4 Megap\u00edxel Lite<\/li>\n<li style='margin-bottom: 5px;'>Soporte de tecnolog\u00edas: HD-TVI \/ HD-CVI \/ AHD \/ Anal\u00f3gico (CVBS)<\/li>\n<li style='margin-bottom: 5px;'>Software cliente iVMS-4200<\/li>\n<li style='margin-bottom: 5px;'>Compatible con Hik-Connect P2P<\/li>\n<li style='margin-bottom: 5px;'>Soporta servicio Hik-connect Domain \/ DynDNS \/ NO-IP<\/li>\n<li style='margin-bottom: 5px;'>Soporta 4 canales TURBOHD \/ anal\u00f3gicos + 2 canal IP = 6 canales en total<\/li>\n<li style='margin-bottom: 5px;'>H.265 Pro+ \/ H.264+ \/ H.264<\/li>\n<li style='margin-bottom: 5px;'>HD-TVI: 4 Megap\u00edxel Lite @ 25 IPS<\/li>\n<li style='margin-bottom: 5px;'>HD-CVI: 4 Megap\u00edxel Lite @ 25 IPS<\/li>\n<li style='margin-bottom: 5px;'>AHD: 4 Megap\u00edxel Lite @ 25 IPS<\/li>\n<li style='margin-bottom: 5px;'>IP: 6 Megap\u00edxel<\/li>\n<li style='margin-bottom: 5px;'>No soporta canal cero<\/li>\n<\/ul>\n<p style='margin-top: 15px; font-size: 14px; color: inherit;'><strong>NOTA:<\/strong> Permite apagar canales an\u00e1logos para agregar canales IP<\/p>\n<p style='margin-top: 15px; font-size: 14px; color: inherit;'><strong>Para conectar los canales IP requiere utilizar un switch\/switch poe (no incluido)<\/strong><\/p>\n<\/p><\/div>\n<\/p><\/div>\n<\/p><\/div>\n<p> <!-- Separador --> <\/p>\n<hr style='border: 0; border-top: 1px solid rgba(150&comma; 150&comma; 150&comma; 0.3); margin: 30px 0;'> <\/div>\n","protected":false},"excerpt":{"rendered":"<p>DVR 4 Canales TurboHD + 2 Canales IP \/ 4 Megap\u00edxel Lite \/ Audio por Coaxitron \/ 1 Bah\u00eda de Disco Duro \/ H.265+ \/ Salida de Video en Full HD<\/p>\n","protected":false},"featured_media":105056,"comment_status":"open","ping_status":"closed","template":"","meta":[],"product_brand":[],"product_cat":[2254],"product_tag":[2255,715,2256],"class_list":{"0":"post-105057","1":"product","2":"type-product","3":"status-publish","4":"has-post-thumbnail","6":"product_cat-videograbadoras-analogicas-turbohd-tvi-ahd-cvi","7":"product_tag-camaras-y-dvrs-hd-turbohd-ahd-hd-tvi","8":"product_tag-hilook-by-hikvision","9":"product_tag-videograbadoras-analogicas-turbohd-tvi-ahd-cvi","11":"first","12":"instock","13":"sale","14":"shipping-taxable","15":"purchasable","16":"product-type-simple"},"_links":{"self":[{"href":"https:\/\/soydeaqui.ddns.net\/pachuca\/index.php\/wp-json\/wp\/v2\/product\/105057","targetHints":{"allow":["GET"]}}],"collection":[{"href":"https:\/\/soydeaqui.ddns.net\/pachuca\/index.php\/wp-json\/wp\/v2\/product"}],"about":[{"href":"https:\/\/soydeaqui.ddns.net\/pachuca\/index.php\/wp-json\/wp\/v2\/types\/product"}],"replies":[{"embeddable":true,"href":"https:\/\/soydeaqui.ddns.net\/pachuca\/index.php\/wp-json\/wp\/v2\/comments?post=105057"}],"wp:featuredmedia":[{"embeddable":true,"href":"https:\/\/soydeaqui.ddns.net\/pachuca\/index.php\/wp-json\/wp\/v2\/media\/105056"}],"wp:attachment":[{"href":"https:\/\/soydeaqui.ddns.net\/pachuca\/index.php\/wp-json\/wp\/v2\/media?parent=105057"}],"wp:term":[{"taxonomy":"product_brand","embeddable":true,"href":"https:\/\/soydeaqui.ddns.net\/pachuca\/index.php\/wp-json\/wp\/v2\/product_brand?post=105057"},{"taxonomy":"product_cat","embeddable":true,"href":"https:\/\/soydeaqui.ddns.net\/pachuca\/index.php\/wp-json\/wp\/v2\/product_cat?post=105057"},{"taxonomy":"product_tag","embeddable":true,"href":"https:\/\/soydeaqui.ddns.net\/pachuca\/index.php\/wp-json\/wp\/v2\/product_tag?post=105057"}],"curies":[{"name":"wp","href":"https:\/\/api.w.org\/{rel}","templated":true}]}}