{"id":105023,"date":"2026-03-20T15:03:13","date_gmt":"2026-03-20T15:03:13","guid":{"rendered":"https:\/\/soydeaqui.ddns.net\/pachuca\/index.php\/producto\/transceptor-transmisor-activo-para-kits-kittt4pvturbox-kittt8pvturbox-kittt16pvturbox-y-kit-tt16pvturbox-rx-regula-el-voltaje-de-36-vcc-a-12vcc-hd-tvi-cvi-ahd-cvbs-se-instala-del-lado-de-la\/"},"modified":"2026-03-20T15:03:21","modified_gmt":"2026-03-20T15:03:21","slug":"transceptor-transmisor-activo-para-kits-kittt4pvturbox-kittt8pvturbox-kittt16pvturbox-y-kit-tt16pvturbox-rx-regula-el-voltaje-de-36-vcc-a-12vcc-hd-tvi-cvi-ahd-cvbs-se-instala-del-lado-de-la","status":"publish","type":"product","link":"https:\/\/soydeaqui.ddns.net\/pachuca\/index.php\/producto\/transceptor-transmisor-activo-para-kits-kittt4pvturbox-kittt8pvturbox-kittt16pvturbox-y-kit-tt16pvturbox-rx-regula-el-voltaje-de-36-vcc-a-12vcc-hd-tvi-cvi-ahd-cvbs-se-instala-del-lado-de-la\/","title":{"rendered":"(TRANSCEPTOR) TRANSMISOR ACTIVO para Kits KITTT4PVTURBOX, KITTT8PVTURBOX, KITTT16PVTURBOX y KIT-TT16PVTURBOX-RX \/ Regula el voltaje de 36 Vcc a 12Vcc \/ HD-TVI\/CVI\/AHD\/CVBS \/ Se instala del lado de la c\u00e1mara."},"content":{"rendered":"<div style='width: 100%; max-width: 1200px; margin: 0 auto; font-family: sans-serif; line-height: 1.6; color: inherit; background-color: transparent;'>\n<div style='width: 100%; text-align: center; margin: 30px 0;'>\n<h1 style='font-size: 28px; color: inherit; margin-bottom: 10px;'><strong>TT-4816PV-TURBO-RX<\/strong><\/h1>\n<h3 style='color: rgba(150&comma;150&comma;150&comma;0.8); font-size: 18px; margin-bottom: 20px;'>Transceptor (Balum) activos Turbo HD&comma; regula voltaje de hasta 36 Vcc a 12 Vcc<\/h3>\n<p style='font-size: 15px; color: inherit; margin: 0 10% 30px 10%;'>El TT-4816-PVTURBO-RX es un transmisor que permite la transmisi\u00f3n de voltaje y la se\u00f1al de video HD en tiempo real suministrado por el Receptor. El equipo receptor se puede alimentar con voltajes de 24\/36&comma; esto nos permite alcanzar grandes distancias que pueden ser hasta 200 metros en 4k&comma; el equipo permite regular el voltaje a 12 Vcc&comma; voltaje de operaci\u00f3n muy com\u00fan en las c\u00e1maras de CCTV. Es ampliamente utilizado para los kits KITTT4PVTURBOX&comma; KITTT8PVTURBOX&comma; KITTT16PVTURBOX.<\/p>\n<\/p><\/div>\n<div style='display: flex; flex-wrap: wrap; gap: 30px; margin-bottom: 30px;'>\n<div style='flex: 1 1 300px; min-width: 280px;'>\n<div style='border: 1px solid rgba(150&comma;150&comma;150&comma;0.3); border-radius: 8px; overflow: hidden; margin-bottom: 20px;'>\n<div style='background-color: rgba(238&comma;238&comma;238&comma;0.5); padding: 15px; border-bottom: 1px solid rgba(150&comma;150&comma;150&comma;0.3);'> <img style='width: 100%; height: auto; border: 1px solid rgba(150&comma;150&comma;150&comma;0.3); border-radius: 8px;' src='http:\/\/ftp3.syscom.mx\/usuarios\/hallende\/FolkTitanium\/TT-4816PVTURBO-RX\/TT4816PVTURBORX1.jpg' alt=''> <\/div>\n<div style='padding: 20px; background-color: rgba(230&comma;11&comma;7&comma;0.1);'>\n<h3 style='font-size: 22px; border-bottom: 2px solid currentColor; padding-bottom: 5px; margin-top: 0; color: inherit; opacity: 0.8;'>Caracter\u00edsticas Principales<\/h3>\n<ul style='padding-left: 20px; font-size: 15px; color: inherit;'>\n<li style='margin-bottom: 5px;'><strong>Transmisor Activo<\/strong><\/li>\n<li style='margin-bottom: 5px;'><strong>Alimentaci\u00f3n de hasta 36 Vcc<\/strong><\/li>\n<li style='margin-bottom: 5px;'><strong>Regulador de voltaje en el transmisor a 12 Vcc.<\/strong><\/li>\n<li style='margin-bottom: 5px;'><strong>Compatible con c\u00e1maras con tecnolog\u00eda HD-TVI \/ HD-CVI \/ AHD \/ CVBS<\/strong><\/li>\n<li style='margin-bottom: 5px;'>Compatibles con c\u00e1maras an\u00e1logas (CVBS)<\/li>\n<li style='margin-bottom: 5px;'>Transmisi\u00f3n en tiempo real por cable UTP Cat 5e\/6\/6A<\/li>\n<li style='margin-bottom: 5px;'><strong>Protecci\u00f3n interconstruida contra sobretensi\u00f3n<\/strong><\/li>\n<li style='margin-bottom: 5px;'>Impedancia 75 ohms<\/li>\n<li style='margin-bottom: 5px;'>Conector macho en BNC<\/li>\n<\/ul><\/div>\n<\/p><\/div>\n<\/p><\/div>\n<div style='flex: 1 1 300px; min-width: 280px;'>\n<div style='border: 1px solid rgba(150&comma;150&comma;150&comma;0.3); border-radius: 8px; overflow: hidden; margin-bottom: 20px;'>\n<div style='background-color: rgba(238&comma;238&comma;238&comma;0.5); padding: 15px; border-bottom: 1px solid rgba(150&comma;150&comma;150&comma;0.3);'> <img style='width: 100%; height: auto; border: 1px solid rgba(150&comma;150&comma;150&comma;0.3); border-radius: 8px;' src='http:\/\/ftp3.syscom.mx\/usuarios\/hallende\/FolkTitanium\/TT-4816PVTURBO-RX\/TT4816PVTURBORX1.jpg' alt=''> <\/div>\n<div style='padding: 20px; background-color: rgba(230&comma;11&comma;7&comma;0.1);'>\n<h3 style='font-size: 22px; border-bottom: 2px solid currentColor; padding-bottom: 5px; margin-top: 0; color: inherit; opacity: 0.8;'>Caracter\u00edsticas F\u00edsicas y El\u00e9ctricas<\/h3>\n<ul style='padding-left: 20px; font-size: 15px; color: inherit;'>\n<li style='margin-bottom: 5px;'><strong>Puede ser alimentado por fuentes de 24\/36 Vcc<\/strong> <span style='color: #0000FF;'> (Fuente de alimentaci\u00f3n NO incluida)<\/span><\/li>\n<li style='margin-bottom: 5px;'>Dimensiones 60.4(L) x 29.0(W) x 20.4(H) mm (conector BNC y cable excluidos)<\/li>\n<li style='margin-bottom: 5px;'>Peso: 60 gramos.<\/li>\n<li style='margin-bottom: 5px;'>Temperatura de operaci\u00f3n: -20\u00b0C a 70\u00b0C<\/li>\n<li style='margin-bottom: 5px;'>Temperatura de almacenamiento: -40\u00b0 ~ 150\u00b0C<\/li>\n<li style='margin-bottom: 5px;'>Humedad Relativa: 0~95% (sin condensar)<\/li>\n<li style='margin-bottom: 5px;'>Carcasa ABS<\/li>\n<li style='margin-bottom: 5px;'>Color Negro.<\/li>\n<li style='margin-bottom: 5px;'><strong>por defectos de fabricaci\u00f3n<\/strong><\/li>\n<\/ul><\/div>\n<\/p><\/div>\n<\/p><\/div>\n<div style='flex: 1 1 300px; min-width: 280px;'>\n<div style='border: 1px solid rgba(150&comma;150&comma;150&comma;0.3); border-radius: 8px; overflow: hidden; margin-bottom: 20px;'>\n<div style='background-color: rgba(238&comma;238&comma;238&comma;0.5); padding: 15px; border-bottom: 1px solid rgba(150&comma;150&comma;150&comma;0.3);'> <img style='width: 100%; height: auto; border: 1px solid rgba(150&comma;150&comma;150&comma;0.3); border-radius: 8px;' src='http:\/\/ftp3.syscom.mx\/usuarios\/hallende\/FolkTitanium\/TT-4816PVTURBO-RX\/TT4816PVTURBORX1.jpg' alt=''> <\/div>\n<div style='padding: 20px; background-color: rgba(230&comma;11&comma;7&comma;0.1);'>\n<h3 style='font-size: 22px; border-bottom: 2px solid currentColor; padding-bottom: 5px; margin-top: 0; color: inherit; opacity: 0.8;'>Caracter\u00edsticas Destacadas<\/h3>\n<ul style='padding-left: 20px; font-size: 15px; color: inherit;'>\n<li style='margin-bottom: 5px;'><strong>Dise\u00f1o de filtro de onda anti-est\u00e1tico<\/strong><\/li>\n<li style='margin-bottom: 5px;'><strong>Inmunidad al ruido y diafon\u00eda de 60 dB.<\/strong><\/li>\n<li style='margin-bottom: 5px;'><strong>Rechazo excepcional de interferencias<\/strong><\/li>\n<li style='margin-bottom: 5px;'>TVS (supresor de voltaje transitorio) de estado s\u00f3lido incorporado.<\/li>\n<li style='margin-bottom: 5px;'>Transmisi\u00f3n de 150 metros (492 ft) para TurboHD en 4K<\/li>\n<li style='margin-bottom: 5px;'>Transmisi\u00f3n de 200 metros (656 ft) para TurboHD hasta 5 MP<\/li>\n<li style='margin-bottom: 5px;'>Transmisi\u00f3n de 250 metros (820 ft) para TurboHD hasta 2 MP<\/li>\n<li style='margin-bottom: 5px;'><strong>El transmisor es compatible con los kits: KIT-TT4PVTURBOX&comma; KIT-TT8PVTURBOX&comma; KIT-TT16PVTURBOX<\/strong><\/li>\n<li style='margin-bottom: 5px;'><span style='color: #E60B07;'>Precio por Kit.<\/span><\/li>\n<\/ul><\/div>\n<\/p><\/div>\n<\/p><\/div>\n<\/p><\/div>\n<div style='width: 100%; margin: 40px 0;'> <img style='width: 100%; height: auto; border: 1px solid rgba(150&comma;150&comma;150&comma;0.3); border-radius: 8px;' src='https:\/\/ftp3.syscom.mx\/usuarios\/ccasares\/CCTVS\/DISTANCIA%20DE%20TRANSCEPTORES-3.jpg' alt=''> <\/div>\n<\/p><\/div>\n","protected":false},"excerpt":{"rendered":"<p>(TRANSCEPTOR) TRANSMISOR ACTIVO para Kits KITTT4PVTURBOX, KITTT8PVTURBOX, KITTT16PVTURBOX y KIT-TT16PVTURBOX-RX \/ Regula el voltaje de 36 Vcc a 12Vcc \/ HD-TVI\/CVI\/AHD\/CVBS \/ Se instala del lado de la c\u00e1mara.<\/p>\n","protected":false},"featured_media":105022,"comment_status":"open","ping_status":"closed","template":"","meta":[],"product_brand":[],"product_cat":[2327],"product_tag":[417,454,2328],"class_list":{"0":"post-105023","1":"product","2":"type-product","3":"status-publish","4":"has-post-thumbnail","6":"product_cat-transceptores-de-video","7":"product_tag-accesorios-generales","8":"product_tag-epcom-powerline","9":"product_tag-transceptores-de-video","11":"first","12":"outofstock","13":"sale","14":"shipping-taxable","15":"purchasable","16":"product-type-simple"},"_links":{"self":[{"href":"https:\/\/soydeaqui.ddns.net\/pachuca\/index.php\/wp-json\/wp\/v2\/product\/105023","targetHints":{"allow":["GET"]}}],"collection":[{"href":"https:\/\/soydeaqui.ddns.net\/pachuca\/index.php\/wp-json\/wp\/v2\/product"}],"about":[{"href":"https:\/\/soydeaqui.ddns.net\/pachuca\/index.php\/wp-json\/wp\/v2\/types\/product"}],"replies":[{"embeddable":true,"href":"https:\/\/soydeaqui.ddns.net\/pachuca\/index.php\/wp-json\/wp\/v2\/comments?post=105023"}],"wp:featuredmedia":[{"embeddable":true,"href":"https:\/\/soydeaqui.ddns.net\/pachuca\/index.php\/wp-json\/wp\/v2\/media\/105022"}],"wp:attachment":[{"href":"https:\/\/soydeaqui.ddns.net\/pachuca\/index.php\/wp-json\/wp\/v2\/media?parent=105023"}],"wp:term":[{"taxonomy":"product_brand","embeddable":true,"href":"https:\/\/soydeaqui.ddns.net\/pachuca\/index.php\/wp-json\/wp\/v2\/product_brand?post=105023"},{"taxonomy":"product_cat","embeddable":true,"href":"https:\/\/soydeaqui.ddns.net\/pachuca\/index.php\/wp-json\/wp\/v2\/product_cat?post=105023"},{"taxonomy":"product_tag","embeddable":true,"href":"https:\/\/soydeaqui.ddns.net\/pachuca\/index.php\/wp-json\/wp\/v2\/product_tag?post=105023"}],"curies":[{"name":"wp","href":"https:\/\/api.w.org\/{rel}","templated":true}]}}