{"id":104991,"date":"2026-03-20T15:01:38","date_gmt":"2026-03-20T15:01:38","guid":{"rendered":"https:\/\/soydeaqui.ddns.net\/pachuca\/index.php\/producto\/detector-de-voltaje-sin-contacto-rango-de-90-a-600-vca-con-linterna-led-de-100-mil-horas-de-vida-util\/"},"modified":"2026-03-20T15:01:39","modified_gmt":"2026-03-20T15:01:39","slug":"detector-de-voltaje-sin-contacto-rango-de-90-a-600-vca-con-linterna-led-de-100-mil-horas-de-vida-util","status":"publish","type":"product","link":"https:\/\/soydeaqui.ddns.net\/pachuca\/index.php\/producto\/detector-de-voltaje-sin-contacto-rango-de-90-a-600-vca-con-linterna-led-de-100-mil-horas-de-vida-util\/","title":{"rendered":"Detector de Voltaje Sin Contacto, Rango de 90 a 600 Vca, Con Linterna LED de 100 mil Horas de Vida \u00datil"},"content":{"rendered":"<div style='width: 100%; max-width: 1200px; margin: 0 auto; font-family: sans-serif; line-height: 1.6; color: inherit; background-color: transparent;'>\n<div style='display: flex; flex-wrap: wrap; gap: 30px; margin-bottom: 30px;'>\n<div style='flex: 1 1 300px; min-width: 280px;'> <img style='width: 100%; height: auto; border: 1px solid rgba(150&comma;150&comma;150&comma;0.3); border-radius: 8px;' src='https:\/\/www.risoul.com.mx\/hs-fs\/hubfs\/Fluke-Logo.png?width=1557&#038;name=Fluke-Logo.png' alt='Distribuidor productos Fluke' \/> <\/p>\n<p style='font-size: 15px; color: inherit; margin-top: 20px;'>El detector de voltaje sin contacto y linterna LED combinados un dise\u00f1o con forma de l\u00e1piz muy f\u00e1cil de usar. El LVD2 es un detector sin contacto de categor\u00eda CAT IV 600 V adecuado para aplicaciones comerciales e industriales. El LVD2 es un detector de dos niveles que se vuelve azul cuando se encuentra a una distancia de la fuente de 1 a 5 (de 2.54 cm a 12.7 cm)&comma; y rojo cuando est\u00e1 sobre la propia fuente.<\/p>\n<\/p><\/div>\n<div style='flex: 1 1 300px; min-width: 280px;'>\n<h3 style='font-size: 22px; border-bottom: 2px solid currentColor; padding-bottom: 5px; margin-top: 0; color: inherit; opacity: 0.8;'>Caracter\u00edsticas<\/h3>\n<ul style='padding-left: 20px; font-size: 15px; color: inherit;'>\n<li style='margin-bottom: 5px;'>Sensibilidad doble<\/li>\n<li style='margin-bottom: 5px;'>Linterna LED con 100&comma;000 horas de vida \u00fatil<\/li>\n<li style='margin-bottom: 5px;'>Detecta entre 90 y 600 V CA<\/li>\n<li style='margin-bottom: 5px;'>Clasificado como CAT IV 600 V<\/li>\n<li style='margin-bottom: 5px;'>Niveles dobles de detecci\u00f3n<\/li>\n<li style='margin-bottom: 5px;'>El azul indica proximidad a una fuente de voltaje de CA<\/li>\n<li style='margin-bottom: 5px;'>El rojo indica que usted est\u00e1 en la fuente<\/li>\n<li style='margin-bottom: 5px;'>Temperatura de trabajo de 0 \u00b0C a 50 \u00b0C<\/li>\n<li style='margin-bottom: 5px;'>LED blanco ultra brillante<\/li>\n<li style='margin-bottom: 5px;'>Bombilla de 100&comma;000 horas de duraci\u00f3n<\/li>\n<li style='margin-bottom: 5px;'><strong>Incluye:<\/strong> Bater\u00eda AAA<\/li>\n<\/ul><\/div>\n<\/p><\/div>\n<\/p><\/div>\n","protected":false},"excerpt":{"rendered":"<p>Detector de Voltaje Sin Contacto, Rango de 90 a 600 Vca, Con Linterna LED de 100 mil Horas de Vida \u00datil<\/p>\n","protected":false},"featured_media":104990,"comment_status":"open","ping_status":"closed","template":"","meta":[],"product_brand":[],"product_cat":[462],"product_tag":[393,25,131],"class_list":{"0":"post-104991","1":"product","2":"type-product","3":"status-publish","4":"has-post-thumbnail","6":"product_cat-herramientas-electricas-herramientas","7":"product_tag-fluke","8":"product_tag-herramientas","9":"product_tag-herramientas-electricas","11":"first","12":"instock","13":"sale","14":"shipping-taxable","15":"purchasable","16":"product-type-simple"},"_links":{"self":[{"href":"https:\/\/soydeaqui.ddns.net\/pachuca\/index.php\/wp-json\/wp\/v2\/product\/104991","targetHints":{"allow":["GET"]}}],"collection":[{"href":"https:\/\/soydeaqui.ddns.net\/pachuca\/index.php\/wp-json\/wp\/v2\/product"}],"about":[{"href":"https:\/\/soydeaqui.ddns.net\/pachuca\/index.php\/wp-json\/wp\/v2\/types\/product"}],"replies":[{"embeddable":true,"href":"https:\/\/soydeaqui.ddns.net\/pachuca\/index.php\/wp-json\/wp\/v2\/comments?post=104991"}],"wp:featuredmedia":[{"embeddable":true,"href":"https:\/\/soydeaqui.ddns.net\/pachuca\/index.php\/wp-json\/wp\/v2\/media\/104990"}],"wp:attachment":[{"href":"https:\/\/soydeaqui.ddns.net\/pachuca\/index.php\/wp-json\/wp\/v2\/media?parent=104991"}],"wp:term":[{"taxonomy":"product_brand","embeddable":true,"href":"https:\/\/soydeaqui.ddns.net\/pachuca\/index.php\/wp-json\/wp\/v2\/product_brand?post=104991"},{"taxonomy":"product_cat","embeddable":true,"href":"https:\/\/soydeaqui.ddns.net\/pachuca\/index.php\/wp-json\/wp\/v2\/product_cat?post=104991"},{"taxonomy":"product_tag","embeddable":true,"href":"https:\/\/soydeaqui.ddns.net\/pachuca\/index.php\/wp-json\/wp\/v2\/product_tag?post=104991"}],"curies":[{"name":"wp","href":"https:\/\/api.w.org\/{rel}","templated":true}]}}