{"id":104984,"date":"2026-03-20T15:01:19","date_gmt":"2026-03-20T15:01:19","guid":{"rendered":"https:\/\/soydeaqui.ddns.net\/pachuca\/index.php\/producto\/kit-extensor-hdmi-para-distancias-de-70-metros-resolucion-4k-x-2k-60-hz-cat-6-6a-y-7-ipcolor-cero-latencia-sin-comprimir-salida-loop-control-ir-salida-de-audio-de-3-5mm-poc\/"},"modified":"2026-03-20T15:01:27","modified_gmt":"2026-03-20T15:01:27","slug":"kit-extensor-hdmi-para-distancias-de-70-metros-resolucion-4k-x-2k-60-hz-cat-6-6a-y-7-ipcolor-cero-latencia-sin-comprimir-salida-loop-control-ir-salida-de-audio-de-3-5mm-poc","status":"publish","type":"product","link":"https:\/\/soydeaqui.ddns.net\/pachuca\/index.php\/producto\/kit-extensor-hdmi-para-distancias-de-70-metros-resolucion-4k-x-2k-60-hz-cat-6-6a-y-7-ipcolor-cero-latencia-sin-comprimir-salida-loop-control-ir-salida-de-audio-de-3-5mm-poc\/","title":{"rendered":"Kit Extensor HDMI para distancias de 70 metros \/ Resoluci\u00f3n 4K x 2K@ 60 Hz\/ Cat 6, 6a y 7 \/ IPCOLOR \/ CERO LATENCIA \/ SIN COMPRIMIR \/ Salida Loop \/ Control IR  \/ Salida de audio de 3.5mm \/ PoC"},"content":{"rendered":"<div style='width: 100%; max-width: 1200px; margin: 0 auto; font-family: sans-serif; line-height: 1.6; color: inherit; background-color: transparent;'>\n<div style='text-align: center; margin-bottom: 30px;'>\n<h1 style='font-size: 28px; color: inherit; margin: 0 0 10px;'><strong>TT672PRO<\/strong><\/h1>\n<h3 style='color: inherit; opacity: 0.7; margin: 0 0 20px; font-size: 18px;'>Kit extensor HDMI ipcolor @ 70 Metros&comma; <a href='mailto:4K@60' style='color: inherit; text-decoration: underline;'>4K@60<\/a> Hz&comma; Cero latencia<\/h3>\n<p style='margin: 0 auto; max-width: 800px; font-size: 15px; color: inherit;'> El kit TT672PRO es un extensor HDMI que adopta la tecnolog\u00eda ipcolor&comma; la cual es una tecnolog\u00eda innovadora y l\u00edder mundial para transmisi\u00f3n digital de video de ultra alta definici\u00f3n&comma; se centra en la transmisi\u00f3n 4K SIN COMPRIMIR Y CON CERO LATENCIA&comma; en comparaci\u00f3n con otros los productos ipcolor tienen una mayor calidad en v\u00eddeo y mayor distancia. La se\u00f1al HDMI se puede extender hasta 70 metros a trav\u00e9s de un cable de red CAT6\/6A\/7. Admite transferencia de infrarrojos para el control de su dispositivo fuente si esta cuenta con control remoto. Es perfecto para la aplicaci\u00f3n de publicidad exterior&comma; videoclips&comma; sistema de monitoreo&comma; entretenimiento en el hogar y conferencias. <\/p>\n<\/p><\/div>\n<div style='display: flex; flex-wrap: wrap; gap: 30px; margin-bottom: 30px;'>\n<div style='flex: 1 1 300px; min-width: 280px;'>\n<h3 style='font-size: 22px; border-bottom: 2px solid currentColor; padding-bottom: 5px; margin-top: 0; color: inherit; opacity: 0.8;'>Caracter\u00edsticas<\/h3>\n<ul style='padding-left: 20px; font-size: 15px; color: inherit;'>\n<li style='margin-bottom: 5px;'><strong>Resoluci\u00f3n:<\/strong> 4K a 60 Hz (3840&#215;2160 a 24\/25\/30\/50\/60 Hz)<\/li>\n<li style='margin-bottom: 5px;'>Extiende la se\u00f1al HDMI hasta 70m\/229 pies usando un solo cable de red<\/li>\n<li style='margin-bottom: 5px;'>Compatible con cables de red UTP CAT6\/6A\/7<\/li>\n<li style='margin-bottom: 5px;'>Conformidad HDMI 1.4a y HDMI 2.0<\/li>\n<li style='margin-bottom: 5px;'>Cumplimiento de HDCP: 1.2a Y HDCP2.2<\/li>\n<li style='margin-bottom: 5px;'>Soporta HDR10<\/li>\n<li style='margin-bottom: 5px;'>Longitud del cable HDMI de entrada \u22645m (24AWG)<\/li>\n<li style='margin-bottom: 5px;'>Longitud del cable HDMI de salida \u22645m (24AWG)<\/li>\n<\/ul><\/div>\n<div style='flex: 1 1 300px; min-width: 280px;'>\n<h3 style='font-size: 22px; border-bottom: 2px solid currentColor; padding-bottom: 5px; margin-top: 0; color: inherit; opacity: 0.8;'>Especificaciones el\u00e9ctricas y f\u00edsicas<\/h3>\n<ul style='padding-left: 20px; font-size: 15px; color: inherit;'>\n<li style='margin-bottom: 5px;'><strong>Alimentaci\u00f3n: <\/strong>5 Vcc&comma; 2 A (Solo requiere ser alimentado el TX)<\/li>\n<li style='margin-bottom: 5px;'><strong>Potencia de consumo: <\/strong>TX:RX:3 W<\/li>\n<li style='margin-bottom: 5px;'><strong>Dimensiones TX;RX<\/strong> 85 (L) x 71.5 (W) x 16.5 (H) mm<\/li>\n<li style='margin-bottom: 5px;'><strong>Peso <\/strong>TX;RX: 140g<\/li>\n<li style='margin-bottom: 5px;'><strong>Temperatura de funcionamiento:<\/strong> -20~60\u00b0C<\/li>\n<li style='margin-bottom: 5px;'><strong>Temperatura de almacenamiento:<\/strong> -30~70\u00b0C<\/li>\n<li style='margin-bottom: 5px;'>Color Negro<\/li>\n<li style='margin-bottom: 5px;'>1 A\u00f1o de garantia por defectos de f\u00e1brica<\/li>\n<li style='margin-bottom: 5px;'>El transmisor admite una salida de bucle (Loop) HDMI.<\/li>\n<\/ul><\/div>\n<div style='flex: 1 1 300px; min-width: 280px;'>\n<h3 style='font-size: 22px; border-bottom: 2px solid currentColor; padding-bottom: 5px; margin-top: 0; color: inherit; opacity: 0.8;'>Caracter\u00edsticas adicionales<\/h3>\n<ul style='padding-left: 20px; font-size: 15px; color: inherit;'>\n<li style='margin-bottom: 5px;'>Carcasa de metal&comma; estable y duradero<\/li>\n<li style='margin-bottom: 5px;'>Protecci\u00f3n contra rayos&comma; sobretensiones y ESD<\/li>\n<li style='margin-bottom: 5px;'>Admite la funci\u00f3n de transferencia de infrarrojos bidireccional (20 &#8211; 60 KHz)<\/li>\n<li style='margin-bottom: 5px;'>El receptor puede extraer el audio por el puerto L\/R 3.5 mm<\/li>\n<li style='margin-bottom: 5px;'>Bajo consumo de energ\u00eda<\/li>\n<li style='margin-bottom: 5px;'>Admite EDID y reducci\u00f3n de escala autom\u00e1tica<\/li>\n<li style='margin-bottom: 5px;'>Bajo consumo de energ\u00eda<\/li>\n<li style='margin-bottom: 5px;'>Admite PoC&comma; solo requiere alimentaci\u00f3n el TX<span style='color: #e74c3c;'> (No soporta PoC bidireccional)<\/span><\/li>\n<\/ul><\/div>\n<\/p><\/div>\n<div style='width: 100%; margin-bottom: 30px;'> <img style='width: 100%; height: auto; border: 1px solid rgba(150&comma;150&comma;150&comma;0.3); border-radius: 8px;' src='http:\/\/ftp3.syscom.mx\/usuarios\/hallende\/EPCOM%20Titanium\/TT-672-PRO\/Poster%20TT-672PRO%20Esp..jpg' alt=''> <\/div>\n<div style='margin-bottom: 30px;'>   <\/div>\n<div style='display: grid; grid-template-columns: repeat(auto-fill&comma; minmax(300px&comma; 1fr)); gap: 30px; margin-bottom: 30px;'>\n<div style='border: 1px solid rgba(150&comma; 150&comma; 150&comma; 0.3); border-radius: 8px; overflow: hidden;'>\n<div style='padding: 15px; background-color: rgba(67&comma; 156&comma; 199&comma; 0.1); border-bottom: 1px solid rgba(150&comma; 150&comma; 150&comma; 0.2); font-weight: bold; font-size: 18px; color: inherit;'>ipcolor epcom TITANIUM<\/div>\n<div style='position: relative; padding-bottom: 56.25%; height: 0; overflow: hidden;'>   <\/div>\n<\/p><\/div>\n<div style='border: 1px solid rgba(150&comma; 150&comma; 150&comma; 0.3); border-radius: 8px; overflow: hidden;'>\n<div style='padding: 15px; background-color: rgba(67&comma; 156&comma; 199&comma; 0.1); border-bottom: 1px solid rgba(150&comma; 150&comma; 150&comma; 0.2); font-weight: bold; font-size: 18px; color: inherit;'>ipcolor Testing<\/div>\n<div style='position: relative; padding-bottom: 56.25%; height: 0; overflow: hidden;'>   <\/div>\n<\/p><\/div>\n<div style='border: 1px solid rgba(150&comma; 150&comma; 150&comma; 0.3); border-radius: 8px; overflow: hidden;'>\n<div style='padding: 15px; background-color: rgba(67&comma; 156&comma; 199&comma; 0.1); border-bottom: 1px solid rgba(150&comma; 150&comma; 150&comma; 0.2); font-weight: bold; font-size: 18px; color: inherit;'>ipcolor UHD<\/div>\n<div style='position: relative; padding-bottom: 56.25%; height: 0; overflow: hidden;'>   <\/div>\n<\/p><\/div>\n<\/p><\/div>\n<\/p><\/div>\n","protected":false},"excerpt":{"rendered":"<p>Kit Extensor HDMI para distancias de 70 metros \/ Resoluci\u00f3n 4K x 2K@ 60 Hz\/ Cat 6, 6a y 7 \/ IPCOLOR \/ CERO LATENCIA \/ SIN COMPRIMIR \/ Salida Loop \/ Control IR  \/ Salida de audio de 3.5mm \/ PoC<\/p>\n","protected":false},"featured_media":104983,"comment_status":"open","ping_status":"closed","template":"","meta":[],"product_brand":[],"product_cat":[2073,2074,2077,2075,2072,2076],"product_tag":[417,2079,2080,2083,507,2081,2078,2082],"class_list":{"0":"post-104984","1":"product","2":"type-product","3":"status-publish","4":"has-post-thumbnail","6":"product_cat-convertidores","7":"product_cat-divisores","8":"product_cat-dvi","9":"product_cat-hdmi","10":"product_cat-kits-extensores","11":"product_cat-vga","12":"product_tag-accesorios-generales","13":"product_tag-convertidores","14":"product_tag-divisores","15":"product_tag-dvi","16":"product_tag-epcom-titanium","17":"product_tag-hdmi","18":"product_tag-kits-extensores","19":"product_tag-vga","21":"first","22":"instock","23":"sale","24":"shipping-taxable","25":"purchasable","26":"product-type-simple"},"_links":{"self":[{"href":"https:\/\/soydeaqui.ddns.net\/pachuca\/index.php\/wp-json\/wp\/v2\/product\/104984","targetHints":{"allow":["GET"]}}],"collection":[{"href":"https:\/\/soydeaqui.ddns.net\/pachuca\/index.php\/wp-json\/wp\/v2\/product"}],"about":[{"href":"https:\/\/soydeaqui.ddns.net\/pachuca\/index.php\/wp-json\/wp\/v2\/types\/product"}],"replies":[{"embeddable":true,"href":"https:\/\/soydeaqui.ddns.net\/pachuca\/index.php\/wp-json\/wp\/v2\/comments?post=104984"}],"wp:featuredmedia":[{"embeddable":true,"href":"https:\/\/soydeaqui.ddns.net\/pachuca\/index.php\/wp-json\/wp\/v2\/media\/104983"}],"wp:attachment":[{"href":"https:\/\/soydeaqui.ddns.net\/pachuca\/index.php\/wp-json\/wp\/v2\/media?parent=104984"}],"wp:term":[{"taxonomy":"product_brand","embeddable":true,"href":"https:\/\/soydeaqui.ddns.net\/pachuca\/index.php\/wp-json\/wp\/v2\/product_brand?post=104984"},{"taxonomy":"product_cat","embeddable":true,"href":"https:\/\/soydeaqui.ddns.net\/pachuca\/index.php\/wp-json\/wp\/v2\/product_cat?post=104984"},{"taxonomy":"product_tag","embeddable":true,"href":"https:\/\/soydeaqui.ddns.net\/pachuca\/index.php\/wp-json\/wp\/v2\/product_tag?post=104984"}],"curies":[{"name":"wp","href":"https:\/\/api.w.org\/{rel}","templated":true}]}}