{"id":104949,"date":"2026-03-20T14:59:32","date_gmt":"2026-03-20T14:59:32","guid":{"rendered":"https:\/\/soydeaqui.ddns.net\/pachuca\/index.php\/producto\/dvr-4-canales-turbohd-4-canales-ip-8-megapixel-4k-acusense-evita-falsas-alarmas-audio-por-coaxitron-1-bahia-de-disco-duro-4-entradas-de-alarma-1-salida-de-alarma-deteccion-de-rostr\/"},"modified":"2026-03-20T14:59:50","modified_gmt":"2026-03-20T14:59:50","slug":"dvr-4-canales-turbohd-4-canales-ip-8-megapixel-4k-acusense-evita-falsas-alarmas-audio-por-coaxitron-1-bahia-de-disco-duro-4-entradas-de-alarma-1-salida-de-alarma-deteccion-de-rostr","status":"publish","type":"product","link":"https:\/\/soydeaqui.ddns.net\/pachuca\/index.php\/producto\/dvr-4-canales-turbohd-4-canales-ip-8-megapixel-4k-acusense-evita-falsas-alarmas-audio-por-coaxitron-1-bahia-de-disco-duro-4-entradas-de-alarma-1-salida-de-alarma-deteccion-de-rostr\/","title":{"rendered":"DVR 4 Canales TurboHD + 4 Canales IP \/ 8 Megapixel (4K) \/ Acusense (Evita Falsas Alarmas) \/ Audio por Coaxitron \/ 1 Bah\u00eda de Disco Duro \/ 4 Entradas de Alarma \/ 1 Salida de Alarma \/ Detecci\u00f3n de Rostros \/ H.265+"},"content":{"rendered":"<div style='width: 100%; max-width: 1200px; margin: 0 auto; font-family: sans-serif; line-height: 1.6; color: inherit; background-color: transparent;'> <!-- Imagen principal --> <\/p>\n<div style='margin-bottom: 30px;'> <img style='width: 100%; height: auto; border: 1px solid rgba(150&comma;150&comma;150&comma;0.3); border-radius: 8px;' src='https:\/\/ftp3.syscom.mx\/usuarios\/nicolas.jimenez\/epcom-2.png' alt=''> <\/div>\n<p> <!-- Videos --> <\/p>\n<div style='display: grid; grid-template-columns: repeat(auto-fit&comma; minmax(300px&comma; 1fr)); gap: 30px; margin-bottom: 30px;'>\n<div style='position: relative; padding-bottom: 56.25%; height: 0; overflow: hidden;'>   <\/div>\n<div style='position: relative; padding-bottom: 56.25%; height: 0; overflow: hidden;'>   <\/div>\n<div style='position: relative; padding-bottom: 56.25%; height: 0; overflow: hidden;'>   <\/div>\n<div style='position: relative; padding-bottom: 56.25%; height: 0; overflow: hidden;'>   <\/div>\n<div style='position: relative; padding-bottom: 56.25%; height: 0; overflow: hidden;'>   <\/div>\n<div style='position: relative; padding-bottom: 56.25%; height: 0; overflow: hidden;'>   <\/div>\n<\/p><\/div>\n<p> <!-- Im\u00e1genes adicionales --> <\/p>\n<div style='display: grid; grid-template-columns: repeat(auto-fit&comma; minmax(300px&comma; 1fr)); gap: 20px; margin-bottom: 30px;'> <img style='width: 100%; height: auto; border: 1px solid rgba(150&comma;150&comma;150&comma;0.3); border-radius: 8px;' src='https:\/\/ftp3.syscom.mx\/usuarios\/fotos\/IDS7208HQHIM1\/S(C)\/192927-untitled.png' alt=''> <img style='width: 100%; height: auto; border: 1px solid rgba(150&comma;150&comma;150&comma;0.3); border-radius: 8px;' src='https:\/\/ftp3.syscom.mx\/usuarios\/fotos\/IDS7208HQHIM1\/S(C)\/192927-untitled_(2).png' alt=''> <\/div>\n<p> <!-- Audio por coaxitron --> <\/p>\n<div style='margin-bottom: 30px;'>\n<p style='text-align: center; font-weight: bold; margin-bottom: 15px;'>Audio&comma; Video y Datos por el Mismo Cable<\/p>\n<p> <img style='width: 100%; height: auto; border: 1px solid rgba(150&comma;150&comma;150&comma;0.3); border-radius: 8px;' src='https:\/\/ftp3.syscom.mx\/usuarios\/jsosa\/HIKVISION\/imagenes\/coaxitron\/coaxitron.jpg' alt=''> <\/div>\n<p> <!-- Im\u00e1genes en grid --> <\/p>\n<div style='display: grid; grid-template-columns: repeat(auto-fit&comma; minmax(280px&comma; 1fr)); gap: 20px; margin-bottom: 30px;'> <img style='width: 100%; height: auto; border: 1px solid rgba(150&comma;150&comma;150&comma;0.3); border-radius: 8px;' src='https:\/\/ftp3.syscom.mx\/usuarios\/paginaweb\/Gifs\/primero.jpg' alt=''> <img style='width: 100%; height: auto; border: 1px solid rgba(150&comma;150&comma;150&comma;0.3); border-radius: 8px;' src='https:\/\/ftp3.syscom.mx\/usuarios\/paginaweb\/Gifs\/tercero.jpg' alt=''> <img style='width: 100%; height: auto; border: 1px solid rgba(150&comma;150&comma;150&comma;0.3); border-radius: 8px;' src='https:\/\/ftp3.syscom.mx\/usuarios\/jsosa\/GIF\/-H265%2B.gif' alt=''> <img style='width: 100%; height: auto; border: 1px solid rgba(150&comma;150&comma;150&comma;0.3); border-radius: 8px;' src='https:\/\/ftp3.syscom.mx\/usuarios\/paginaweb\/Gifs\/Zi7LTq5.gif' alt=''> <img style='width: 100%; height: auto; border: 1px solid rgba(150&comma;150&comma;150&comma;0.3); border-radius: 8px;' src='https:\/\/ftp3.syscom.mx\/usuarios\/paginaweb\/Gifs\/tq5yYz4.gif' alt=''> <img style='width: 100%; height: auto; border: 1px solid rgba(150&comma;150&comma;150&comma;0.3); border-radius: 8px;' src='https:\/\/s3-us-west-2.amazonaws.com\/syscomftp\/usuarios\/paginaweb\/Gifs\/HIK-CONNECT.gif' alt=''> <\/div>\n<p> <!-- Resoluciones --> <\/p>\n<div style='margin-bottom: 30px;'>\n<p style='color: #ff0000; margin-bottom: 5px;'><strong>8 Megapixel Real = 3264 x 2448<\/strong><\/p>\n<p style='color: #ff0000; margin-bottom: 5px;'><strong>8 Megapiexl Lite = 1632 x 2448<\/strong><\/p>\n<p style='color: #ff0000;'><strong>4 Megapixel Real = 2560 x 1440<\/strong><\/p>\n<\/p><\/div>\n<p> <!-- Caracter\u00edsticas principales --> <\/p>\n<div style='display: grid; grid-template-columns: repeat(auto-fit&comma; minmax(300px&comma; 1fr)); gap: 30px; margin-bottom: 30px;'>\n<div style='border-left: 5px solid #0091ff; border-radius: 5px; padding: 15px; box-shadow: 0 2px 10px rgba(216&comma;216&comma;216&comma;0.3);'>\n<h3 style='font-size: 18px; margin-top: 0; margin-bottom: 15px; color: inherit; font-family: sans-serif;'><strong>Caracter\u00edsticas principales:<\/strong><\/h3>\n<ul style='padding-left: 20px; font-size: 14px; margin: 0 0 20px 0;'>\n<li style='margin-bottom: 10px;'>Permite apagar canales anal\u00f3gicos TURBOHD y poder colocar c\u00e1maras IP en todos sus canales&comma; podemos colocar hasta 8 c\u00e1maras IP en total. Por cada canal anal\u00f3gico TURBOHD que se apague se genera una canal IP adicional.<\/li>\n<li style='margin-bottom: 10px;'>Grabador PENTAH\u00cdBRIDO: HD-TVI \/ HD-CVI \/ Anal\u00f3gico \/ IP \/ AHD.<\/li>\n<li style='margin-bottom: 10px;'>Software cliente multi sitio de hasta 256 canales (iVMS-4200).<\/li>\n<li style='margin-bottom: 10px;'>Compatible con Hik-Connect P2P \/ DynDNS \/ No-IP.<\/li>\n<li style='margin-bottom: 10px;'>Funciones Avanzadas: Detecci\u00f3n por cruce de l\u00ednea y detecci\u00f3n de intrusi\u00f3n.<\/li>\n<li style='margin-bottom: 10px;'>4 Entradas y 1 salida de alarma.<\/li>\n<\/ul>\n<h4 style='font-size: 16px; margin-top: 20px; margin-bottom: 10px; color: inherit; font-family: sans-serif;'><strong>Compresi\u00f3n y resoluci\u00f3n:<\/strong><\/h4>\n<ul style='padding-left: 20px; font-size: 14px; margin: 0 0 20px 0;'>\n<li style='margin-bottom: 10px;'>Compresi\u00f3n: H.265+ \/ H.265 \/ H.264+ \/ H.264.<\/li>\n<li style='margin-bottom: 10px;'>Soporta 4 canales TURBOHD \/ anal\u00f3gicos + 2 canal IP = 6 canales en total.<\/li>\n<\/ul>\n<h5 style='font-size: 15px; margin-top: 20px; margin-bottom: 10px; color: inherit; font-family: sans-serif;'><strong>Soporta 5 Tecnolog\u00edas:<\/strong><\/h5>\n<ul style='padding-left: 20px; font-size: 14px; margin: 0 0 20px 0;'>\n<li style='margin-bottom: 5px;'><strong>TVI:<\/strong> 8MP @ 8IPS \/ 5MP @ 10IPS \/ 4MP @ 12IPS \/ 1080P &#8211; 720P @30IPS<\/li>\n<li style='margin-bottom: 5px;'><strong>AHD:<\/strong> 5MP @ 10IPS \/ 4MP @ 12IPS \/ 1080P &#8211; 720P @30IPS<\/li>\n<li style='margin-bottom: 5px;'><strong>CVI:<\/strong> 4MP @ 12IPS \/ 1080P &#8211; 720P @30IPS<\/li>\n<li style='margin-bottom: 5px;'><strong>CVBS:<\/strong> 30IPS<\/li>\n<li style='margin-bottom: 5px;'><strong>IP hasta 8 Megapixel<\/strong><\/li>\n<\/ul>\n<p style='color: #ff0000; margin-bottom: 15px; font-size: 14px;'> <strong>Nota:<\/strong> La visualizaci\u00f3n en todos los canales sera de 8MP Reales&comma; pero la grabaci\u00f3n solamente en el canal 1 (puerto BNC) ser\u00e1 en 8MP Reales&comma; para los canales 2&comma; 3 y 4 la grabaci\u00f3n ser\u00e1 en 8MP Lite. <\/p>\n<p style='color: #ff0000; margin-bottom: 15px; font-size: 14px;'> <strong>El audio se recibe por la se\u00f1al TVI<\/strong> <\/p>\n<p style='margin-bottom: 15px; font-size: 14px; color: inherit;'> <span style='background-color: rgba(32&comma; 33&comma; 36&comma; 0.04); color: #202124; padding: 5px; border-radius: 4px;'> Para conectar los canales IP requiere utilizar un switch\/switch poe (no incluido) <\/span> <\/p>\n<\/p><\/div>\n<p> <!-- Caracter\u00edsticas F\u00edsicas y El\u00e9ctricas --> <\/p>\n<div style='border-left: 5px solid #0091ff; border-radius: 5px; padding: 15px; box-shadow: 0 2px 10px rgba(216&comma;216&comma;216&comma;0.3);'>\n<h3 style='font-size: 18px; margin-top: 0; margin-bottom: 15px; color: inherit; font-family: sans-serif;'><strong>Caracter\u00edsticas F\u00edsicas y El\u00e9ctricas:<\/strong><\/h3>\n<ul style='padding-left: 20px; font-size: 14px; margin: 0 0 20px 0;'>\n<li style='margin-bottom: 10px;'>Alimentaci\u00f3n: 12 Vcc (fuente incluida 4 pines)<\/li>\n<li style='margin-bottom: 10px;'>Consumo sin HDD: 10 watts.<\/li>\n<li style='margin-bottom: 10px;'>Temperatura de operaci\u00f3n: -10 \u00baC hasta 55 \u00baC<\/li>\n<li style='margin-bottom: 10px;'>Dimensiones: 315 \u00d7 242 \u00d7 45 mm (W \u00d7 D \u00d7 H)<\/li>\n<li style='margin-bottom: 10px;'>Peso: 1.16 Kg sin HDD.<\/li>\n<li style='margin-bottom: 10px;'>No incluye disco duro<\/li>\n<\/ul>\n<div style='margin-bottom: 20px;'> <img style='width: 50%; height: auto; border: 1px solid rgba(150&comma;150&comma;150&comma;0.3); border-radius: 8px; display: block; margin: 0 auto;' src='https:\/\/ftp3.syscom.mx\/usuarios\/fotos\/DS7208HQHIK1\/97560-pentahi.jpg' alt=''> <\/div>\n<p style='margin-bottom: 10px; font-size: 14px; color: inherit;'> El DVR soporta 4 canales de video con activaci\u00f3n de detecci\u00f3n de cuerpo humano o detecci\u00f3n de veh\u00edculos&comma; esto nos permite ser m\u00e1s precisos al momento de tener alguna grabaci\u00f3n de poder descargar cualquier otro tipo de movimientos. <\/p>\n<p style='margin-bottom: 10px; font-size: 14px; color: inherit;'> Es necesario contemplar cual de los anal\u00edticos se utilizaran ya que no es posible utilizar ambos al mismo tiempo. <\/p>\n<\/p><\/div>\n<p> <!-- Funciones de Grabaci\u00f3n --> <\/p>\n<div style='border-left: 5px solid #0091ff; border-radius: 5px; padding: 15px; box-shadow: 0 2px 10px rgba(216&comma;216&comma;216&comma;0.3);'>\n<h3 style='font-size: 18px; margin-top: 0; margin-bottom: 15px; color: inherit; font-family: sans-serif;'><strong>Funciones de Grabaci\u00f3n y visualizaci\u00f3n:<\/strong><\/h3>\n<ul style='padding-left: 20px; font-size: 14px; margin: 0 0 20px 0;'>\n<li style='margin-bottom: 10px;'>Detecci\u00f3n de movimiento multi zona.<\/li>\n<li style='margin-bottom: 10px;'>Zoom digital en visualizaci\u00f3n y grabaci\u00f3n.<\/li>\n<li style='margin-bottom: 10px;'>Soporta m\u00faltiples tipos de grabaci\u00f3n&comma; incluyendo tiempo real&comma; grabaci\u00f3n manual.<\/li>\n<li style='margin-bottom: 10px;'>B\u00fasqueda inteligente de grabaciones por detecci\u00f3n de movimiento.<\/li>\n<li style='margin-bottom: 10px;'>Se proporciona SDK y c\u00f3digos de demostraci\u00f3n para disminuir el tiempo de desarrollo de aplicaciones.<\/li>\n<li style='margin-bottom: 10px;'>Grabaci\u00f3n con Sobre-escritura autom\u00e1tica.<\/li>\n<\/ul>\n<h4 style='font-size: 16px; margin-top: 20px; margin-bottom: 10px; color: inherit; font-family: sans-serif;'><strong>Interfaces Entradas \/ Salidas:<\/strong><\/h4>\n<ul style='padding-left: 20px; font-size: 14px; margin: 0 0 20px 0;'>\n<li style='margin-bottom: 10px;'>Salida de video\n<ul style='padding-left: 20px; margin-top: 5px; margin-bottom: 5px;'>\n<li style='margin-bottom: 5px;'>HDMI: 2K (2560\u00d71440) \/ 1920\u00d71080 \/ 1280\u00d71024 \/ 1280\u00d7720 \/ 1024\u00d7768.<\/li>\n<li style='margin-bottom: 5px;'>VGA: 1920\u00d71080&comma; 1280\u00d71024&comma; 1280\u00d7720&comma; 1024\u00d7768.<\/li>\n<\/ul>\n<\/li>\n<li style='margin-bottom: 10px;'>Salida de video en BNC: 1 Canal (BNC&comma; 1.0Vp-p&comma; 75\u03a9)&comma; resoluci\u00f3n m\u00e1xima: 704 x 480.<\/li>\n<li style='margin-bottom: 10px;'>HDMI y VGA: salida simult\u00e1nea.<\/li>\n<li style='margin-bottom: 10px;'>4 Entradas de alarma \/ 1 Salida de alarma.<\/li>\n<li style='margin-bottom: 10px;'>Entrada audio: 1 (RCA&comma; 2.0 Vp-p&comma; 1K\u03a9).<\/li>\n<li style='margin-bottom: 10px;'>Salida audio: 1 (RCA&comma; 2.0 Vp-p&comma; 1K\u03a9).<\/li>\n<li style='margin-bottom: 10px;'>Interfaz serial: RS-485 (HIKVISION C&comma; COAXITRON&comma; PELCO D&comma; PELCO P&comma; etc).<\/li>\n<li style='margin-bottom: 10px;'>Interfaz USB: 2 puertos (2.0).<\/li>\n<li style='margin-bottom: 10px;'>Interfaz red: 1 puertos (RJ-45 10\/100 Mbps).<\/li>\n<li style='margin-bottom: 10px;'>Capacidad HDD: 1 @ 10 TB.<\/li>\n<li style='margin-bottom: 10px;'><strong>Soporta audio en todos sus canales por coaxitron utilizando c\u00e1maras con audio integrado <a style='color: #2baadf; text-decoration: none;' href='https:\/\/www.syscom.mx\/principal\/promociones\/camaras_con_audio_por_coaxitron_2_mp_y_5_mp-5478.html?ordenar=Relevancia&#038;pag=1' target='_blank' rel='noopener'>(ver modelos compatibles)<\/a>.<\/strong><\/li>\n<\/ul>\n<p style='margin-bottom: 10px; font-size: 14px; color: inherit;'> Para utilizar audio de 2 v\u00edas se recomienda colocar un micr\u00f3fono en la entrada de audio&comma; no se recomienda para audio de 2 v\u00edas una c\u00e1mara con audio por coaxitron. <\/p>\n<p style='margin-bottom: 10px; font-size: 14px; color: #333333; background-color: #ffffff;'> <strong>Los equipos con AcuSense pueden llegar a filtrar hasta el 95% de falsas alarmas&comma; la eficacia del filtrado depende de la distancia &#8211; \u00e1ngulo de visi\u00f3n del objetivo y la c\u00e1mara. Algunas mascotas&comma; insectos pueden generar alertamientos basados en lo anterior.<\/strong> <\/p>\n<\/p><\/div>\n<\/p><\/div>\n<p> <!-- Recursos --> <\/p>\n<div style='margin: 40px 0;'>\n<h2 style='text-align: center; font-size: 24px; margin-bottom: 30px; color: inherit; font-family: sans-serif;'><strong>Recursos<\/strong><\/h2>\n<div style='display: grid; grid-template-columns: repeat(auto-fit&comma; minmax(200px&comma; 1fr)); gap: 20px;'>\n<div style='text-align: center;'> <a style='display: block;' href='https:\/\/www.hikvision.com\/es-la\/support\/download\/software\/ivms4200-series\/?q=serie%20ivms4200&#038;position=1' target='_blank' rel='noopener'> <img style='width: 100%; height: auto; border: 1px solid rgba(150&comma;150&comma;150&comma;0.3); border-radius: 8px; max-width: 300px; margin: 0 auto;' src='https:\/\/ftp3.syscom.mx\/usuarios\/gmagos\/HIK\/IP\/IPC\/Imagenes%20pagina\/Descargas%20IVMS4200.jpg' alt='Descargas IVMS4200'> <\/a> <\/div>\n<div style='text-align: center;'> <a style='display: block;' href='https:\/\/appstore.hikvision.com\/' target='_blank' rel='noopener'> <img style='width: 100%; height: auto; border: 1px solid rgba(150&comma;150&comma;150&comma;0.3); border-radius: 8px; max-width: 300px; margin: 0 auto;' src='https:\/\/ftp3.syscom.mx\/usuarios\/gmagos\/HIK\/IP\/IPC\/Imagenes%20pagina\/Descargas%20de%20app.jpg' alt='Descargas de app'> <\/a> <\/div>\n<div style='text-align: center;'> <a style='display: block;' href='https:\/\/ftp3.syscom.mx\/usuarios\/jsosa\/epcom\/specs\/analogo\/dvr\/EV8000TURBOD\/EV-8000TURBO-D.pdf' target='_blank' rel='noopener'> <img style='width: 100%; height: auto; border: 1px solid rgba(150&comma;150&comma;150&comma;0.3); border-radius: 8px; max-width: 300px; margin: 0 auto;' src='https:\/\/ftp3.syscom.mx\/usuarios\/gmagos\/HIK\/IP\/IPC\/Imagenes%20pagina\/Descarga%20de%20PDF.jpg' alt='Descarga de PDF'> <\/a> <\/div>\n<\/p><\/div>\n<\/p><\/div>\n<p> <!-- Tecnolog\u00eda AcuSense --> <\/p>\n<div style='margin: 40px 0;'>\n<div style='text-align: center; margin-bottom: 20px;'> <img style='width: 50%; max-width: 300px; height: auto; border: 1px solid rgba(150&comma;150&comma;150&comma;0.3); border-radius: 8px;' src='https:\/\/ftp3.syscom.mx\/usuarios\/jsosa\/HIKVISION\/imagenes\/Acusense%20Icon.png' alt='Tecnolog\u00eda AcuSense'> <\/div>\n<h3 style='font-size: 20px; margin-bottom: 15px; color: inherit; font-family: sans-serif;'><strong>Tecnolog\u00eda AcuSense<\/strong><\/h3>\n<p style='margin-bottom: 15px; font-size: 14px; color: inherit;'> La tecnolog\u00eda AcuSense se basa en el algoritmo <em><strong>Deep Learning<\/strong><\/em> de Hikvision. Los algoritmos de <strong><em>Deep Learning<\/em><\/strong> son mucho m\u00e1s profundos que los algoritmos inteligentes convencionales&comma; que solo operan de forma superficial. Estos realizan aprendizaje de caracter\u00edsticas&comma; proporcionando un rendimiento de an\u00e1lisis de contenido de video (VCA) asombrosamente preciso y consistente. <\/p>\n<p style='margin-bottom: 15px; font-size: 14px; color: inherit;'> AcuSense es capaz de diferenciar&comma; con gran precisi\u00f3n&comma; un cuerpo humano y un veh\u00edculo en un escenario con una gran cantidad de objetos. No solo puede detectar la intrusi\u00f3n humana y del veh\u00edculo&comma; sino que tambi\u00e9n puede filtrar falsas alarmas que podr\u00edan haber sido disparadas por objetos en movimiento que no presentan un riesgo. <\/p>\n<p style='margin-bottom: 15px; font-size: 14px; color: inherit;'> La tecnolog\u00eda tambi\u00e9n brinda una funci\u00f3n de b\u00fasqueda de objetivos poderosa y r\u00e1pida que es capaz de analizar grabaciones y seleccionar todas las im\u00e1genes humanas o de veh\u00edculos que se vinculan al video clip relacionado. <\/p>\n<p style='margin-bottom: 15px; font-size: 14px; color: inherit;'> <a style='color: #2baadf; text-decoration: none;' href='https:\/\/ftp3.syscom.mx\/usuarios\/jsosa\/HIKVISION\/presentaciones\/Presentation%20Turbo%20HD%205.0.pdf' target='_blank' rel='noopener'>Ver presentaci\u00f3n AcuSense<\/a> <\/p>\n<\/p><\/div>\n<p> <!-- Im\u00e1genes AcuSense --> <\/p>\n<div style='display: grid; grid-template-columns: repeat(auto-fit&comma; minmax(280px&comma; 1fr)); gap: 20px; margin-bottom: 30px;'> <img style='width: 100%; height: auto; border: 1px solid rgba(150&comma;150&comma;150&comma;0.3); border-radius: 8px;' src='https:\/\/ftp3.syscom.mx\/usuarios\/jsosa\/epcom\/imagenes\/acusense\/acusense1.jpg' alt=''> <img style='width: 100%; height: auto; border: 1px solid rgba(150&comma;150&comma;150&comma;0.3); border-radius: 8px;' src='https:\/\/ftp3.syscom.mx\/usuarios\/jsosa\/epcom\/imagenes\/acusense\/acusense2.jpg' alt=''> <img style='width: 100%; height: auto; border: 1px solid rgba(150&comma;150&comma;150&comma;0.3); border-radius: 8px;' src='https:\/\/ftp3.syscom.mx\/usuarios\/jsosa\/epcom\/imagenes\/acusense\/acusense3.jpg' alt=''> <\/div>\n<p> <!-- H.265+ --> <\/p>\n<div style='margin: 40px 0;'>\n<h3 style='font-size: 18px; margin-bottom: 15px; color: inherit; font-family: sans-serif;'><strong>\u00bfQu\u00e9 es H.265+?<\/strong><\/h3>\n<p style='margin-bottom: 15px; font-size: 14px; color: inherit;'> H.265+ es el m\u00e9todo de compresi\u00f3n de DVRs&comma; C\u00e1maras IP y NVRs Hikvision \/ EPCOM&comma; permite ahorrar hasta 80% de almacenamiento y ancho de banda&comma; ver el siguiente comparativo. <\/p>\n<p style='text-align: center; margin-bottom: 20px;'> <a style='color: #2baadf; text-decoration: none;' href='http:\/\/syscom.us1.list-manage1.com\/track\/click?u=2b3e9128678b450bb748bf973&#038;id=963d566a70&#038;e=bc82a6439b' target='_blank' rel='noopener'>Ver presentaci\u00f3n de H.265+<\/a> <\/p>\n<\/p><\/div>\n<p> <!-- Administraci\u00f3n m\u00faltiples ubicaciones --> <\/p>\n<div style='display: grid; grid-template-columns: repeat(auto-fit&comma; minmax(300px&comma; 1fr)); gap: 30px; margin: 40px 0;'>\n<div>\n<h3 style='font-size: 18px; margin-top: 0; margin-bottom: 15px; color: inherit; font-family: sans-serif;'>Administraci\u00f3n r\u00e1pida de m\u00faltiples ubicaciones<\/h3>\n<p style='font-size: 14px; color: inherit;'> El <a style='color: #2baadf; text-decoration: none;' href='https:\/\/www.syscom.mx\/producto\/IVMS-4200-HIKVISION-76556.html' target='_blank' rel='noopener'>nuevo IVMS-4200 Lite<\/a> permite trabajar video Megapixel con mucho menores recursos&comma; video m\u00e1s fluido y operaci\u00f3n r\u00e1pida. <\/p>\n<\/p><\/div>\n<div style='text-align: center;'> <img style='width: 100%; max-width: 400px; height: auto; border: 1px solid rgba(150&comma;150&comma;150&comma;0.3); border-radius: 8px;' src='https:\/\/ftp3.syscom.mx\/usuarios\/fotos\/EV4016TURBO\/97555-ivms4200.jpg' alt=''> <\/div>\n<\/p><\/div>\n<p> <!-- Compresiones Inteligentes --> <\/p>\n<div style='display: grid; grid-template-columns: repeat(auto-fit&comma; minmax(300px&comma; 1fr)); gap: 30px; margin: 40px 0;'>\n<div style='text-align: center;'> <img style='width: 100%; max-width: 400px; height: auto; border: 1px solid rgba(150&comma;150&comma;150&comma;0.3); border-radius: 8px;' src='https:\/\/ftp3.syscom.mx\/usuarios\/fotos\/THCD320VF\/162360-epcom_08.jpg' alt='H.265+'> <\/div>\n<div>\n<h3 style='font-size: 18px; margin-top: 0; margin-bottom: 15px; color: inherit; font-family: sans-serif;'>Compresiones Inteligentes que le permitir\u00e1n Almacenar M\u00e1s tiempo por Menos Consumo de Disco Duro<\/h3>\n<p style='font-size: 14px; color: #202020; margin-bottom: 15px;'> Con el protocolo <strong style='color: #2880b9;'>H.265+<\/strong> podra <strong style='color: #2880b9;'>reducir<\/strong> el consumo de disco duro y ancho de banda de sus dispositivos <strong style='color: #2880b9;'>EPCOM<\/strong> para tener evidencia de sus eventos por mucho m\u00e1s tiempo <\/p>\n<\/p><\/div>\n<\/p><\/div>\n<p> <!-- Imagen final --> <\/p>\n<div style='margin: 40px 0;'> <img style='width: 100%; max-width: 600px; height: auto; border: 1px solid rgba(150&comma;150&comma;150&comma;0.3); border-radius: 8px; display: block; margin: 0 auto;' src='https:\/\/ftp3.syscom.mx\/usuarios\/fotos\/B8TURBOC\/189682-5-year-epcom-es_(2).png' alt=''> <\/div>\n<\/p><\/div>\n","protected":false},"excerpt":{"rendered":"<p>DVR 4 Canales TurboHD + 4 Canales IP \/ 8 Megapixel (4K) \/ Acusense (Evita Falsas Alarmas) \/ Audio por Coaxitron \/ 1 Bah\u00eda de Disco Duro \/ 4 Entradas de Alarma \/ 1 Salida de Alarma \/ Detecci\u00f3n de Rostros \/ H.265+<\/p>\n","protected":false},"featured_media":104948,"comment_status":"open","ping_status":"closed","template":"","meta":[],"product_brand":[],"product_cat":[2254],"product_tag":[2255,2257,2256],"class_list":{"0":"post-104949","1":"product","2":"type-product","3":"status-publish","4":"has-post-thumbnail","6":"product_cat-videograbadoras-analogicas-turbohd-tvi-ahd-cvi","7":"product_tag-camaras-y-dvrs-hd-turbohd-ahd-hd-tvi","8":"product_tag-epcom-professional","9":"product_tag-videograbadoras-analogicas-turbohd-tvi-ahd-cvi","11":"first","12":"outofstock","13":"sale","14":"shipping-taxable","15":"purchasable","16":"product-type-simple"},"_links":{"self":[{"href":"https:\/\/soydeaqui.ddns.net\/pachuca\/index.php\/wp-json\/wp\/v2\/product\/104949","targetHints":{"allow":["GET"]}}],"collection":[{"href":"https:\/\/soydeaqui.ddns.net\/pachuca\/index.php\/wp-json\/wp\/v2\/product"}],"about":[{"href":"https:\/\/soydeaqui.ddns.net\/pachuca\/index.php\/wp-json\/wp\/v2\/types\/product"}],"replies":[{"embeddable":true,"href":"https:\/\/soydeaqui.ddns.net\/pachuca\/index.php\/wp-json\/wp\/v2\/comments?post=104949"}],"wp:featuredmedia":[{"embeddable":true,"href":"https:\/\/soydeaqui.ddns.net\/pachuca\/index.php\/wp-json\/wp\/v2\/media\/104948"}],"wp:attachment":[{"href":"https:\/\/soydeaqui.ddns.net\/pachuca\/index.php\/wp-json\/wp\/v2\/media?parent=104949"}],"wp:term":[{"taxonomy":"product_brand","embeddable":true,"href":"https:\/\/soydeaqui.ddns.net\/pachuca\/index.php\/wp-json\/wp\/v2\/product_brand?post=104949"},{"taxonomy":"product_cat","embeddable":true,"href":"https:\/\/soydeaqui.ddns.net\/pachuca\/index.php\/wp-json\/wp\/v2\/product_cat?post=104949"},{"taxonomy":"product_tag","embeddable":true,"href":"https:\/\/soydeaqui.ddns.net\/pachuca\/index.php\/wp-json\/wp\/v2\/product_tag?post=104949"}],"curies":[{"name":"wp","href":"https:\/\/api.w.org\/{rel}","templated":true}]}}