{"id":104943,"date":"2026-03-20T14:59:13","date_gmt":"2026-03-20T14:59:13","guid":{"rendered":"https:\/\/soydeaqui.ddns.net\/pachuca\/index.php\/producto\/dvr-8-canales-turbohd-8-canales-ip-8-megapixel-4k-acusense-evita-falsas-alarmas-audio-por-coaxitron-1-bahia-de-disco-duro-8-entradas-de-alarma-4-salidad-de-alarma-h-265\/"},"modified":"2026-03-20T14:59:27","modified_gmt":"2026-03-20T14:59:27","slug":"dvr-8-canales-turbohd-8-canales-ip-8-megapixel-4k-acusense-evita-falsas-alarmas-audio-por-coaxitron-1-bahia-de-disco-duro-8-entradas-de-alarma-4-salidad-de-alarma-h-265","status":"publish","type":"product","link":"https:\/\/soydeaqui.ddns.net\/pachuca\/index.php\/producto\/dvr-8-canales-turbohd-8-canales-ip-8-megapixel-4k-acusense-evita-falsas-alarmas-audio-por-coaxitron-1-bahia-de-disco-duro-8-entradas-de-alarma-4-salidad-de-alarma-h-265\/","title":{"rendered":"DVR 8 Canales TurboHD + 8 Canales IP \/ 8 Megapixel (4K) \/ Acusense (Evita Falsas Alarmas) \/ Audio por Coaxitron \/ 1 Bah\u00eda de Disco Duro \/ 8 Entradas de Alarma \/ 4 Salidad de Alarma \/ H.265+"},"content":{"rendered":"<div style='width: 100%; max-width: 1200px; margin: 0 auto; font-family: sans-serif; line-height: 1.6; color: inherit; background-color: transparent;'> <!-- Logo Hikvision --> <\/p>\n<p style='text-align: center; margin: 20px 0;'> <img style='width: 45%; height: auto; border: 1px solid rgba(150&comma;150&comma;150&comma;0.3); border-radius: 8px;' src='https:\/\/ftp3.syscom.mx\/usuarios\/jsosa\/HIKVISION\/imagenes\/logo\/hikvision%20see%20far.png' alt='Logo Hikvision'> <\/p>\n<p> <!-- Imagen Acusense --> <\/p>\n<p style='margin: 20px 0;'> <img style='width: 100%; height: auto; border: 1px solid rgba(150&comma;150&comma;150&comma;0.3); border-radius: 8px;' src='https:\/\/ftp3.syscom.mx\/usuarios\/jsosa\/HIKVISION\/imagenes\/Acusense%20Hikvision.png' alt='Tecnolog\u00eda AcuSense'> <\/p>\n<p> <!-- Videos de caracteristicas --> <\/p>\n<div style='display: grid; grid-template-columns: repeat(auto-fill&comma; minmax(400px&comma; 1fr)); gap: 30px; margin: 30px 0;'>\n<div style='position: relative; padding-bottom: 56.25%; height: 0; overflow: hidden;'>   <\/div>\n<div style='position: relative; padding-bottom: 56.25%; height: 0; overflow: hidden;'>   <\/div>\n<div style='position: relative; padding-bottom: 56.25%; height: 0; overflow: hidden;'>   <\/div>\n<div style='position: relative; padding-bottom: 56.25%; height: 0; overflow: hidden;'>   <\/div>\n<div style='position: relative; padding-bottom: 56.25%; height: 0; overflow: hidden;'>   <\/div>\n<div style='position: relative; padding-bottom: 56.25%; height: 0; overflow: hidden;'>   <\/div>\n<\/p><\/div>\n<p> <!-- Audio por Coaxitron --> <\/p>\n<div style='margin: 30px 0;'>\n<p style='text-align: center; margin: 15px 0; font-weight: bold;'>Audio&comma; Video y Datos por el Mismo Cable<\/p>\n<p> <img style='width: 100%; height: auto; border: 1px solid rgba(150&comma;150&comma;150&comma;0.3); border-radius: 8px;' src='https:\/\/ftp3.syscom.mx\/usuarios\/jsosa\/HIKVISION\/imagenes\/coaxitron\/coaxitron.jpg' alt='Audio por Coaxitron'> <\/div>\n<p> <!-- Im\u00e1genes de compresi\u00f3n --> <\/p>\n<div style='display: grid; grid-template-columns: repeat(auto-fill&comma; minmax(250px&comma; 1fr)); gap: 20px; margin: 30px 0;'> <img style='width: 100%; height: auto; border: 1px solid rgba(150&comma;150&comma;150&comma;0.3); border-radius: 8px;' src='https:\/\/ftp3.syscom.mx\/usuarios\/paginaweb\/Gifs\/primero.jpg' alt='Compresi\u00f3n 1'> <img style='width: 100%; height: auto; border: 1px solid rgba(150&comma;150&comma;150&comma;0.3); border-radius: 8px;' src='https:\/\/ftp3.syscom.mx\/usuarios\/paginaweb\/Gifs\/tercero.jpg' alt='Compresi\u00f3n 2'> <img style='width: 100%; height: auto; border: 1px solid rgba(150&comma;150&comma;150&comma;0.3); border-radius: 8px;' src='https:\/\/ftp3.syscom.mx\/usuarios\/jsosa\/GIF\/-H265%2B.gif' alt='Compresi\u00f3n H.265+'> <\/div>\n<p> <!-- Im\u00e1genes adicionales --> <\/p>\n<div style='display: grid; grid-template-columns: repeat(auto-fill&comma; minmax(250px&comma; 1fr)); gap: 20px; margin: 30px 0;'> <img style='width: 100%; height: auto; border: 1px solid rgba(150&comma;150&comma;150&comma;0.3); border-radius: 8px;' src='https:\/\/ftp3.syscom.mx\/usuarios\/paginaweb\/Gifs\/Zi7LTq5.gif' alt='Imagen 1'> <img style='width: 100%; height: auto; border: 1px solid rgba(150&comma;150&comma;150&comma;0.3); border-radius: 8px;' src='https:\/\/ftp3.syscom.mx\/usuarios\/paginaweb\/Gifs\/tq5yYz4.gif' alt='Imagen 2'> <img style='width: 100%; height: auto; border: 1px solid rgba(150&comma;150&comma;150&comma;0.3); border-radius: 8px;' src='https:\/\/s3-us-west-2.amazonaws.com\/syscomftp\/usuarios\/paginaweb\/Gifs\/HIK-CONNECT.gif' alt='HIK-CONNECT'> <\/div>\n<p> <!-- Secci\u00f3n de especificaciones --> <\/p>\n<div style='display: flex; flex-wrap: wrap; gap: 20px; margin: 30px 0;'> <!-- Caracter\u00edsticas principales --> <\/p>\n<div style='flex: 1 1 300px; min-width: 280px; border: 1px solid rgba(150&comma; 150&comma; 150&comma; 0.4); border-radius: 8px; overflow: hidden;'>\n<div style='padding: 15px; border-bottom: 1px solid rgba(150&comma; 150&comma; 150&comma; 0.2); font-weight: bold; font-size: 18px; color: inherit;'>Caracter\u00edsticas principales<\/div>\n<div style='padding: 15px; color: inherit;'>\n<ul style='padding-left: 20px; margin: 0; font-size: 14px; list-style-type: disc;'>\n<li style='margin-bottom: 5px;'>Permite apagar canales anal\u00f3gicos TURBOHD y poder colocar c\u00e1maras IP en todos sus canales&comma; podemos colocar hasta 8 c\u00e1maras IP en total. Por cada canal anal\u00f3gico TURBOHD que se apague se genera una canal IP adicional.<\/li>\n<li style='margin-bottom: 5px;'>Grabador PENTAH\u00cdBRIDO: HD-TVI \/ HD-CVI \/ Anal\u00f3gico \/ IP \/ AHD.<\/li>\n<li style='margin-bottom: 5px;'>Compatible con Hik-Connect P2P \/ DynDNS \/ No-IP.<\/li>\n<li style='margin-bottom: 5px;'>Funciones Avanzadas: Detecci\u00f3n por cruce de l\u00ednea y detecci\u00f3n de intrusi\u00f3n.<\/li>\n<li style='margin-bottom: 5px;'>Soporta detecci\u00f3n de movimiento 2.0 (solo activa el evento cuando detecte humanos o veh\u00edculos).<\/li>\n<\/ul>\n<p style='margin-top: 15px; margin-bottom: 10px; font-weight: bold;'>Compresi\u00f3n y resoluci\u00f3n:<\/p>\n<ul style='padding-left: 20px; margin: 0; font-size: 14px; list-style-type: disc;'>\n<li style='margin-bottom: 5px;'>Compresi\u00f3n: H.265+ \/ H.265 \/ H.264+ \/ H.264.<\/li>\n<li style='margin-bottom: 5px;'>Soporta 8 canales TURBOHD \/ anal\u00f3gicos + 8 canal IP = 16 canales en total.<\/li>\n<\/ul>\n<p style='margin-top: 15px; margin-bottom: 10px; font-weight: bold;'>Soporta 5 Tecnolog\u00edas:<\/p>\n<ul style='padding-left: 20px; margin: 0; font-size: 14px; list-style-type: disc;'>\n<li style='margin-bottom: 5px;'>TVI: 8MP @ 8IPS \/ 5MP @ 10IPS \/ 4MP @ 12IPS \/ 1080P &#8211; 720P @30IPS<\/li>\n<li style='margin-bottom: 5px;'>AHD: 5MP @ 10IPS \/ 4MP @ 12IPS \/ 1080P &#8211; 720P @30IPS<\/li>\n<li style='margin-bottom: 5px;'>CVI: 4MP @ 12IPS \/ 1080P &#8211; 720P @30IPS<\/li>\n<li style='margin-bottom: 5px;'>CVBS: 30IPS<\/li>\n<li style='margin-bottom: 5px;'>IP hasta 8 Megapixel<\/li>\n<\/ul>\n<p style='margin-top: 15px; margin-bottom: 10px;'>El audio se recibe por la se\u00f1al TVI<\/p>\n<p style='margin-top: 15px; margin-bottom: 10px; font-size: 14px; color: rgba(0&comma;0&comma;0&comma;0.7);'>Para conectar los canales IP requiere utilizar un switch\/switch poe (no incluido)<\/p>\n<\/p><\/div>\n<\/p><\/div>\n<p> <!-- Caracter\u00edsticas F\u00edsicas y El\u00e9ctricas --> <\/p>\n<div style='flex: 1 1 300px; min-width: 280px; border: 1px solid rgba(150&comma; 150&comma; 150&comma; 0.4); border-radius: 8px; overflow: hidden;'>\n<div style='padding: 15px; border-bottom: 1px solid rgba(150&comma; 150&comma; 150&comma; 0.2); font-weight: bold; font-size: 18px; color: inherit;'>Caracter\u00edsticas F\u00edsicas y El\u00e9ctricas<\/div>\n<div style='padding: 15px; color: inherit;'>\n<ul style='padding-left: 20px; margin: 0; font-size: 14px; list-style-type: disc;'>\n<li style='margin-bottom: 5px;'>Alimentaci\u00f3n: 12 Vcc (fuente incluida 4 pines&comma; 2 A)<\/li>\n<li style='margin-bottom: 5px;'>Consumo sin HDD: 15 watts.<\/li>\n<li style='margin-bottom: 5px;'>Temperatura de operaci\u00f3n: -10 \u00baC hasta 55 \u00baC<\/li>\n<li style='margin-bottom: 5px;'>Dimensiones: 315 \u00d7 242 \u00d7 45 mm<\/li>\n<li style='margin-bottom: 5px;'>Peso: 2 Kg sin HDD.<\/li>\n<li style='margin-bottom: 5px;'>No incluye disco duro<\/li>\n<\/ul>\n<p style='text-align: center; margin: 20px 0 10px;'> <img style='width: 50%; height: auto; border: 1px solid rgba(150&comma;150&comma;150&comma;0.3); border-radius: 8px;' src='https:\/\/ftp3.syscom.mx\/usuarios\/fotos\/DS7208HQHIK1\/97560-pentahi.jpg' alt='DVR Pentah\u00edbrido'> <\/p>\n<p style='margin-bottom: 10px;'>El DVR soporta 4 canales de video con activacion de detecci\u00f3n de cuerpo humano o detecci\u00f3n de veh\u00edculos&comma; esto nos permite ser mas precisos al momento de tener alguna grabaci\u00f3n de poder descargar cualquier otro tipo de movimientos.<\/p>\n<p style='margin-bottom: 10px;'>Es necesario contemplar cu\u00e1l de los anal\u00edticos se utilizar\u00e1n ya que no es posible utilizar ambos al mismo tiempo. Al activar la detecci\u00f3n de cuerpo humano no es posible activar detecci\u00f3n de veh\u00edculos y viceversa.<\/p>\n<ul style='padding-left: 20px; margin: 15px 0; font-size: 14px; list-style-type: disc;'>\n<li><a style='color: inherit; text-decoration: underline;' href='https:\/\/soporte.syscom.mx\/es\/articles\/5388340-hikvision-acusense-guia-de-configuracion' target='_blank' rel='noopener'>Gu\u00eda de configuraci\u00f3n filtro de humanos y veh\u00edculos<\/a><\/li>\n<\/ul><\/div>\n<\/p><\/div>\n<p> <!-- Funciones de Grabaci\u00f3n y visualizaci\u00f3n --> <\/p>\n<div style='flex: 1 1 300px; min-width: 280px; border: 1px solid rgba(150&comma; 150&comma; 150&comma; 0.4); border-radius: 8px; overflow: hidden;'>\n<div style='padding: 15px; border-bottom: 1px solid rgba(150&comma; 150&comma; 150&comma; 0.2); font-weight: bold; font-size: 18px; color: inherit;'>Funciones de Grabaci\u00f3n y visualizaci\u00f3n<\/div>\n<div style='padding: 15px; color: inherit;'>\n<ul style='padding-left: 20px; margin: 0; font-size: 14px; list-style-type: disc;'>\n<li style='margin-bottom: 5px;'>Detecci\u00f3n de movimiento multi zona.<\/li>\n<li style='margin-bottom: 5px;'>Zoom digital en visualizaci\u00f3n y grabaci\u00f3n.<\/li>\n<li style='margin-bottom: 5px;'>Soporta m\u00faltiples tipos de grabaci\u00f3n&comma; incluyendo tiempo real&comma; grabaci\u00f3n manual.<\/li>\n<li style='margin-bottom: 5px;'>B\u00fasqueda inteligente de grabaciones por detecci\u00f3n de movimiento.<\/li>\n<li style='margin-bottom: 5px;'>Se proporciona SDK y c\u00f3digos de demostraci\u00f3n para disminuir el tiempo de desarrollo de aplicaciones.<\/li>\n<li style='margin-bottom: 5px;'>Grabaci\u00f3n con Sobre-escritura autom\u00e1tica.<\/li>\n<\/ul>\n<p style='margin-top: 15px; margin-bottom: 10px; font-weight: bold;'>Interfaces Entradas \/ Salidas:<\/p>\n<ul style='padding-left: 20px; margin: 0; font-size: 14px; list-style-type: disc;'>\n<li style='margin-bottom: 5px;'>Salida de video:\n<ul style='padding-left: 20px; margin-top: 5px; margin-bottom: 5px; font-size: 14px; list-style-type: circle;'>\n<li>HDMI: 4K (3840\u00d72160) \/ 2K (2560\u00d71440) \/ 1920\u00d71080 \/ 1280\u00d71024 \/ 1280\u00d7720 \/ 1024\u00d7768<\/li>\n<li>VGA: 1920\u00d71080&comma; 1280\u00d71024&comma; 1280\u00d7720&comma; 1024\u00d7768<\/li>\n<\/ul>\n<\/li>\n<li style='margin-bottom: 5px;'>Salida de v\u00eddeo en BNC: 1 Canal (BNC&comma; 1.0Vp-p&comma; 75\u03a9)&comma; resoluci\u00f3n m\u00e1xima: 704 x 480.<\/li>\n<li style='margin-bottom: 5px;'>HDMI y VGA: salida simult\u00e1nea.<\/li>\n<li style='margin-bottom: 5px;'>8 Entradas de alarma \/ 4 Salidas de alarma.<\/li>\n<li style='margin-bottom: 5px;'>Entrada audio: 4 (RCA&comma; 2.0 Vp-p&comma; 1K\u03a9).<\/li>\n<li style='margin-bottom: 5px;'>Salida audio: 1 (RCA&comma; 2.0 Vp-p&comma; 1K\u03a9).<\/li>\n<li style='margin-bottom: 5px;'>Interfaz serial: RS-485 (HIKVISION C&comma; COAXITRON&comma; PELCO D&comma; PELCO P&comma; etc).<\/li>\n<li style='margin-bottom: 5px;'>Interfaz USB: 1 x USB 2.0 \/ 1 x USB 3.0.<\/li>\n<li style='margin-bottom: 5px;'>Interfaz red: 1 puertos (RJ-45 10\/100\/1000 Mbps).<\/li>\n<li style='margin-bottom: 5px;'>Capacidad HDD: 1 @ 10 TB.<\/li>\n<li style='margin-bottom: 5px;'><strong>Soporta audio en todos sus canales por coaxitron utilizando c\u00e1maras con audio integrado (<a style='color: inherit; text-decoration: underline;' href='https:\/\/www.syscom.mx\/principal\/promociones\/camaras_con_audio_por_coaxitron_2_mp_y_5_mp-5478.html?ordenar=Relevancia&#038;pag=1' target='_blank' rel='noopener'>ver modelos compatibles<\/a>).<\/strong><\/li>\n<\/ul>\n<p style='margin-top: 15px; margin-bottom: 10px; font-size: 14px; color: rgba(0&comma;0&comma;0&comma;0.7);'>Para utilizar audio de 2 v\u00edas se recomienda colocar un micr\u00f3fono en la entrada de audio&comma; no se recomienda para audio de 2 v\u00edas una c\u00e1mara con audio por coaxitron.<\/p>\n<p style='margin-top: 15px; margin-bottom: 10px; font-size: 14px; color: rgba(0&comma;0&comma;0&comma;0.7);'>Los equipos con AcuSense pueden llegar a filtrar hasta el 95% de falsas alarmas&comma; la eficacia del filtrado depende de la distancia &#8211; \u00e1ngulo de visi\u00f3n del objetivo y la c\u00e1mara. Algunas mascotas&comma; insectos pueden generar alertamientos basados en lo anterior.<\/p>\n<\/p><\/div>\n<\/p><\/div>\n<\/p><\/div>\n<p> <!-- Consideraciones --> <\/p>\n<div style='border-left: 5px solid #ff0000; border-radius: 8px; padding: 15px; margin: 30px 0; background-color: rgba(255&comma;0&comma;0&comma;0.05);'>\n<h3 style='margin-top: 0; margin-bottom: 10px; font-size: 18px; font-weight: bold; color: inherit;'>Consideraciones<\/h3>\n<ul style='padding-left: 20px; margin: 10px 0; font-size: 14px; list-style-type: disc;'>\n<li>Para utilizar las funciones de AcuSense es necesario que las c\u00e1maras est\u00e9n configuradas en los canales que soportan esta tecnolog\u00eda<\/li>\n<li>La detecci\u00f3n de humanos y veh\u00edculos no puede activarse simult\u00e1neamente<\/li>\n<li>La eficacia del filtrado depende de la distancia y \u00e1ngulo de visi\u00f3n<\/li>\n<\/ul><\/div>\n<p> <!-- Recursos --> <\/p>\n<h2 style='text-align: center; margin: 30px 0 15px; font-size: 22px; color: inherit; opacity: 0.8; border-bottom: 2px solid currentColor; padding-bottom: 5px;'>Recursos<\/h2>\n<div style='display: grid; grid-template-columns: repeat(auto-fill&comma; minmax(250px&comma; 1fr)); gap: 20px; margin: 30px 0;'> <a style='text-decoration: none;' href='https:\/\/www.hikvision.com\/es-la\/support\/download\/software\/ivms4200-series\/?q=serie%20ivms4200&#038;position=1' target='_blank' rel='noopener'> <img style='width: 100%; height: auto; border: 1px solid rgba(150&comma;150&comma;150&comma;0.3); border-radius: 8px;' src='https:\/\/ftp3.syscom.mx\/usuarios\/gmagos\/HIK\/IP\/IPC\/Imagenes%20pagina\/Descargas%20IVMS4200.jpg' alt='IVMS4200'> <\/a> <a style='text-decoration: none;' href='https:\/\/appstore.hikvision.com\/' target='_blank' rel='noopener'> <img style='width: 100%; height: auto; border: 1px solid rgba(150&comma;150&comma;150&comma;0.3); border-radius: 8px;' src='https:\/\/ftp3.syscom.mx\/usuarios\/gmagos\/HIK\/IP\/IPC\/Imagenes%20pagina\/Descargas%20de%20app.jpg' alt='App Hikvision'> <\/a> <a style='text-decoration: none;' href='https:\/\/ftp3.syscom.mx\/usuarios\/jsosa\/HIKVISION\/specs\/DVR\/iDS7200HUHIM1SA\/iDS-7200HUHI-M1SA%20V4.26.010%2020201124.pdf' target='_blank' rel='noopener'> <img style='width: 100%; height: auto; border: 1px solid rgba(150&comma;150&comma;150&comma;0.3); border-radius: 8px;' src='https:\/\/ftp3.syscom.mx\/usuarios\/gmagos\/HIK\/IP\/IPC\/Imagenes%20pagina\/Descarga%20de%20PDF.jpg' alt='Especificaciones t\u00e9cnicas'> <\/a> <\/div>\n<p> <!-- Imagenes Acusense --> <img style='width: 100%; height: auto; border: 1px solid rgba(150&comma;150&comma;150&comma;0.3); border-radius: 8px; margin: 30px 0 15px;' src='https:\/\/ftp3.syscom.mx\/usuarios\/fotos\/S04TURBOG3\/195128-explicaci\u00f3n_acusense_turbohd.jpeg' alt='AcuSense Explicaci\u00f3n'> <\/p>\n<p style='text-align: center; margin: 15px 0;'> <img style='width: 50%; height: auto; border: 1px solid rgba(150&comma;150&comma;150&comma;0.3); border-radius: 8px;' src='https:\/\/ftp3.syscom.mx\/usuarios\/jsosa\/HIKVISION\/imagenes\/Acusense%20Icon.png' alt='Icono AcuSense'> <\/p>\n<h3 style='margin: 15px 0; font-size: 20px; color: inherit; opacity: 0.8; border-bottom: 2px solid currentColor; padding-bottom: 5px;'>Tecnolog\u00eda AcuSense<\/h3>\n<p>La tecnolog\u00eda AcuSense se basa en el algoritmo <em><strong>Deep Learning<\/strong><\/em> de Hikvision. Los algoritmos de <strong><em>Deep Learning<\/em><\/strong> son mucho m\u00e1s profundos que los algoritmos inteligentes convencionales&comma; que solo operan de forma superficial. Estos realizan aprendizaje de caracter\u00edsticas&comma; proporcionando un rendimiento de an\u00e1lisis de contenido de video (VCA) asombrosamente preciso y consistente.<\/p>\n<p>AcuSense es capaz de diferenciar&comma; con gran precisi\u00f3n&comma; un cuerpo humano y un veh\u00edculo en un escenario con una gran cantidad de objetos. No solo puede detectar la intrusi\u00f3n humana y del veh\u00edculo&comma; sino que tambi\u00e9n puede filtrar falsas alarmas que podr\u00edan haber sido disparadas por objetos en movimiento que no presentan un riesgo.<\/p>\n<p>La tecnolog\u00eda tambi\u00e9n brinda una funci\u00f3n de b\u00fasqueda de objetivos poderosa y r\u00e1pida que es capaz de analizar grabaciones y seleccionar todas las im\u00e1genes humanas o de veh\u00edculos que se vinculan al video clip relacionado.<\/p>\n<p><a style='color: inherit; text-decoration: underline;' href='https:\/\/ftp3.syscom.mx\/usuarios\/jsosa\/HIKVISION\/presentaciones\/Presentation%20Turbo%20HD%205.0.pdf' target='_blank' rel='noopener'>Ver presentaci\u00f3n AcuSense<\/a><\/p>\n<p> <!-- Im\u00e1genes adicionales Acusense --> <\/p>\n<div style='display: grid; grid-template-columns: repeat(auto-fill&comma; minmax(250px&comma; 1fr)); gap: 20px; margin: 30px 0;'> <img style='width: 100%; height: auto; border: 1px solid rgba(150&comma;150&comma;150&comma;0.3); border-radius: 8px;' src='https:\/\/ftp3.syscom.mx\/usuarios\/jsosa\/josesosa\/Imagenes\/acusense1.jpg' alt='AcuSense 1'> <img style='width: 100%; height: auto; border: 1px solid rgba(150&comma;150&comma;150&comma;0.3); border-radius: 8px;' src='https:\/\/ftp3.syscom.mx\/usuarios\/jsosa\/josesosa\/Imagenes\/acusense2.jpg' alt='AcuSense 2'> <img style='width: 100%; height: auto; border: 1px solid rgba(150&comma;150&comma;150&comma;0.3); border-radius: 8px;' src='https:\/\/ftp3.syscom.mx\/usuarios\/jsosa\/josesosa\/Imagenes\/acusense3.jpg' alt='AcuSense 3'> <\/div>\n<p> <!-- Videos adicionales --> <\/p>\n<div style='display: grid; grid-template-columns: repeat(auto-fill&comma; minmax(300px&comma; 1fr)); gap: 20px; margin: 30px 0;'>\n<div style='position: relative; padding-bottom: 56.25%; height: 0; overflow: hidden;'>   <\/div>\n<div style='position: relative; padding-bottom: 56.25%; height: 0; overflow: hidden;'> <img style='width: 100%; height: 100%; border: 1px solid rgba(150&comma;150&comma;150&comma;0.3); border-radius: 8px;' src='https:\/\/ftp3.syscom.mx\/usuarios\/fotos\/DS7208HQHIK1\/97560-pentahi.jpg' alt='DVR Pentah\u00edbrido'> <\/div>\n<div style='position: relative; padding-bottom: 56.25%; height: 0; overflow: hidden;'>   <\/div>\n<\/p><\/div>\n<p> <!-- H.265+ --> <\/p>\n<h3 style='margin: 30px 0 15px; font-size: 20px; color: inherit; opacity: 0.8; border-bottom: 2px solid currentColor; padding-bottom: 5px;'>\u00bfQue es H.265+?<\/h3>\n<p>Es un formato de compresi\u00f3n inteligente que <strong>permite ahorrar hasta 80% de almacenamiento y ancho de banda<\/strong>&comma; para que la compresi\u00f3n se pueda activa debemos de contar con c\u00e1mara IP y NVR que soporten el mismo formato de compresi\u00f3n.<\/p>\n<p> <!-- Comparativas H.265+ --> <\/p>\n<div style='display: grid; grid-template-columns: repeat(auto-fill&comma; minmax(250px&comma; 1fr)); gap: 20px; margin: 30px 0;'>\n<div style='text-align: center;'>\n<p style='margin: 10px 0;'><strong>80% menos consumo que H.264<\/strong><\/p>\n<p> <img style='width: 100%; height: auto; border: 1px solid rgba(150&comma;150&comma;150&comma;0.3); border-radius: 8px;' src='https:\/\/3.bp.blogspot.com\/-c6ufw54r2xk\/WW_f4nkqWQI\/AAAAAAAAKVY\/I0edD6XJMPM-KppoJFsy-aINcLNxg6opQCEwYBhgL\/s400\/primero.tiff' alt='Comparativa H.265+ 1'> <\/div>\n<div style='text-align: center;'>\n<p style='margin: 10px 0;'><strong>Mismo dias de almacenamiento pero con menos discos duros<\/strong><\/p>\n<p> <img style='width: 100%; height: auto; border: 1px solid rgba(150&comma;150&comma;150&comma;0.3); border-radius: 8px;' src='https:\/\/1.bp.blogspot.com\/-tJoVn4NunDQ\/WW_f4qn0b0I\/AAAAAAAAKVU\/8aiRMT3NK0wg2s2bSbQI7zAQrjGN0ZJ5wCEwYBhgL\/s400\/tercero.tiff' alt='Comparativa H.265+ 2'> <\/div>\n<div style='text-align: center;'>\n<p style='margin: 10px 0;'><strong>Hasta 20 c\u00e1maras Full HD tiempo real en un ancho de banda de 20Mbps<\/strong><\/p>\n<p> <img style='width: 100%; height: auto; border: 1px solid rgba(150&comma;150&comma;150&comma;0.3); border-radius: 8px;' src='https:\/\/2.bp.blogspot.com\/-4pPL-F39Ka4\/WW_f4Tqv-nI\/AAAAAAAAKVQ\/URQf8vDTvxM1pHB9hbg_DvHTemJ-B7isgCEwYBhgL\/s400\/segundo.tiff' alt='Comparativa H.265+ 3'> <\/div>\n<\/p><\/div>\n<p> <!-- Imagen consumo H.265+ --> <img style='width: 100%; height: auto; border: 1px solid rgba(150&comma;150&comma;150&comma;0.3); border-radius: 8px; margin: 30px 0;' src='https:\/\/ftp3.syscom.mx\/usuarios\/jsosa\/josesosa\/Imagenes\/menosconsumoh.jpg' alt='Menor consumo H.265+'> <!-- Banner soluci\u00f3n completa --> <img style='width: 100%; height: auto; border: 1px solid rgba(150&comma;150&comma;150&comma;0.3); border-radius: 8px; margin: 30px 0;' src='https:\/\/ftp3.syscom.mx\/usuarios\/jsosa\/HIKVISION\/imagenes\/banners\/solution%20complete.png' alt='Soluci\u00f3n completa Hikvision'> <\/div>\n","protected":false},"excerpt":{"rendered":"<p>DVR 8 Canales TurboHD + 8 Canales IP \/ 8 Megapixel (4K) \/ Acusense (Evita Falsas Alarmas) \/ Audio por Coaxitron \/ 1 Bah\u00eda de Disco Duro \/ 8 Entradas de Alarma \/ 4 Salidad de Alarma \/ H.265+<\/p>\n","protected":false},"featured_media":104942,"comment_status":"open","ping_status":"closed","template":"","meta":[],"product_brand":[],"product_cat":[2254],"product_tag":[2255,54,2256],"class_list":{"0":"post-104943","1":"product","2":"type-product","3":"status-publish","4":"has-post-thumbnail","6":"product_cat-videograbadoras-analogicas-turbohd-tvi-ahd-cvi","7":"product_tag-camaras-y-dvrs-hd-turbohd-ahd-hd-tvi","8":"product_tag-hikvision","9":"product_tag-videograbadoras-analogicas-turbohd-tvi-ahd-cvi","11":"first","12":"instock","13":"sale","14":"shipping-taxable","15":"purchasable","16":"product-type-simple"},"_links":{"self":[{"href":"https:\/\/soydeaqui.ddns.net\/pachuca\/index.php\/wp-json\/wp\/v2\/product\/104943","targetHints":{"allow":["GET"]}}],"collection":[{"href":"https:\/\/soydeaqui.ddns.net\/pachuca\/index.php\/wp-json\/wp\/v2\/product"}],"about":[{"href":"https:\/\/soydeaqui.ddns.net\/pachuca\/index.php\/wp-json\/wp\/v2\/types\/product"}],"replies":[{"embeddable":true,"href":"https:\/\/soydeaqui.ddns.net\/pachuca\/index.php\/wp-json\/wp\/v2\/comments?post=104943"}],"wp:featuredmedia":[{"embeddable":true,"href":"https:\/\/soydeaqui.ddns.net\/pachuca\/index.php\/wp-json\/wp\/v2\/media\/104942"}],"wp:attachment":[{"href":"https:\/\/soydeaqui.ddns.net\/pachuca\/index.php\/wp-json\/wp\/v2\/media?parent=104943"}],"wp:term":[{"taxonomy":"product_brand","embeddable":true,"href":"https:\/\/soydeaqui.ddns.net\/pachuca\/index.php\/wp-json\/wp\/v2\/product_brand?post=104943"},{"taxonomy":"product_cat","embeddable":true,"href":"https:\/\/soydeaqui.ddns.net\/pachuca\/index.php\/wp-json\/wp\/v2\/product_cat?post=104943"},{"taxonomy":"product_tag","embeddable":true,"href":"https:\/\/soydeaqui.ddns.net\/pachuca\/index.php\/wp-json\/wp\/v2\/product_tag?post=104943"}],"curies":[{"name":"wp","href":"https:\/\/api.w.org\/{rel}","templated":true}]}}