{"id":104928,"date":"2026-03-20T14:58:28","date_gmt":"2026-03-20T14:58:28","guid":{"rendered":"https:\/\/soydeaqui.ddns.net\/pachuca\/index.php\/producto\/hikcentral-professional-licencia-adicional-para-1-sitio-remoto-hikcentral-p-rsm-1site\/"},"modified":"2026-03-20T14:58:30","modified_gmt":"2026-03-20T14:58:30","slug":"hikcentral-professional-licencia-adicional-para-1-sitio-remoto-hikcentral-p-rsm-1site","status":"publish","type":"product","link":"https:\/\/soydeaqui.ddns.net\/pachuca\/index.php\/producto\/hikcentral-professional-licencia-adicional-para-1-sitio-remoto-hikcentral-p-rsm-1site\/","title":{"rendered":"HikCentral Professional \/ Licencia Adicional para 1 Sitio Remoto (HikCentral-P-RSM-1Site)"},"content":{"rendered":"<div style='width: 100%; max-width: 1200px; margin: 0 auto; font-family: sans-serif; line-height: 1.6; color: inherit; background-color: transparent;'> <!-- Logo Hikvision --> <\/p>\n<div style='text-align: center; margin: 20px 0;'> <img style='width: 45%; height: auto; border: 1px solid rgba(150&comma;150&comma;150&comma;0.3); border-radius: 8px;' src='https:\/\/ftp3.syscom.mx\/usuarios\/jsosa\/HIKVISION\/imagenes\/logo\/hikvision%20see%20far.png' alt='Logo Hikvision'> <\/div>\n<p> <!-- Secci\u00f3n de caracter\u00edsticas y consideraciones --> <\/p>\n<div style='display: flex; flex-wrap: wrap; gap: 30px; margin-top: 40px;'> <!-- Caracter\u00edsticas Principales --> <\/p>\n<div style='flex: 1 1 300px; min-width: 280px;'>\n<div style='border: 1px solid rgba(150&comma;150&comma;150&comma;0.4); border-radius: 8px; overflow: hidden;'>\n<div style='padding: 15px; background: #df001e; border-bottom: 1px solid #a80000; color: white; font-weight: bold;'>Caracter\u00edsticas Principales<\/div>\n<div style='padding: 15px;'>\n<ul style='padding-left: 20px; margin: 0; font-size: 14px; list-style-type: disc; color: inherit;'>\n<li style='margin-bottom: 8px;'>Esta licencia a\u00f1ade 1 sitio remoto RSM.<\/li>\n<li style='margin-bottom: 8px;'>Para a\u00f1adir esta licencia es necesario tener 1 licencia base activa RSM <a style='color: #005cb9; text-decoration: none; font-weight: 600; font-size: 12px;' href='https:\/\/www.syscom.mx\/principal\/searchcont?route=HC-P-RSM-B\/2S-HIKVISION-202181&#038;autodetect=hcprsm'>HC-P-RSM-B\/2S.<\/a> <\/li>\n<li style='margin-bottom: 8px;'>Licencia Vitalicia (Permanente).<\/li>\n<\/ul><\/div>\n<\/p><\/div>\n<\/p><\/div>\n<p> <!-- Consideraciones --> <\/p>\n<div style='flex: 1 1 300px; min-width: 280px;'>\n<div style='border: 1px solid rgba(150&comma;150&comma;150&comma;0.4); border-radius: 8px; overflow: hidden;'>\n<div style='padding: 15px; background: #df001e; border-bottom: 1px solid #a80000; color: white; font-weight: bold;'>Consideraciones<\/div>\n<div style='padding: 15px;'>\n<ul style='padding-left: 20px; margin: 0; font-size: 14px; list-style-type: disc; color: inherit;'>\n<li style='margin-bottom: 8px;'>Al comprar cualquier licencia de HikCentral Professional&comma; usted recibir\u00e1 un archivo PDF en donde obtendr\u00e1 un c\u00f3digo para poder activar \/ a\u00f1adir la licencia a la plataforma.<\/li>\n<li style='margin-bottom: 8px;'>Todas las licencias de HikCentral Professional&comma; tiene un tiempo estimado de entrega de 8 a 10 d\u00edas h\u00e1biles despu\u00e9s de generar la orden de compra.<\/li>\n<li style='margin-bottom: 8px;'>No hay devoluciones o reembolsos de la licencia adquirida. Tampoco aplica cancelaci\u00f3n si ya se dio un anticipo para poder procesar la compra.<\/li>\n<\/ul><\/div>\n<\/p><\/div>\n<\/p><\/div>\n<\/p><\/div>\n<p> <!-- Imagen introductoria --> <\/p>\n<div style='margin: 30px 0; text-align: center;'> <img style='width: 100%; max-width: 1000px; height: auto; border: 1px solid rgba(150&comma;150&comma;150&comma;0.3); border-radius: 8px;' src='https:\/\/ftp3.syscom.mx\/usuarios\/yalvarado\/hikvision\/HCP\/V2.6\/HCP%20v2.6_Landingpage_homepage%20banner.jpg' alt='HikCentral Professional'> <\/div>\n<p> <!-- Descripci\u00f3n general --> <\/p>\n<div style='margin: 30px 0;'>\n<p style='text-align: justify; font-size: 14px; color: inherit;'>HikCentral Professional&comma; es el software de Hikvision para integrar sistemas de seguridad&comma; est\u00e1 dise\u00f1ado para afrontar los diferentes retos de seguridad en una plataforma intuitiva. Desde la gesti\u00f3n de sistemas individuales&comma; como la videovigilancia&comma; el control de accesos&comma; las alarmas de seguridad&comma; etc.&comma; hasta la combinaci\u00f3n de varios sistemas en una \u00fanica estructura unificada. Consigue que las operaciones diarias sean m\u00e1s eficientes sin perder de vista la protecci\u00f3n de las personas y las propiedades&comma; adem\u00e1s de ayudar a todo tipo de usuarios a tomar decisiones m\u00e1s inteligentes.<\/p>\n<\/p><\/div>\n<p> <!-- Secci\u00f3n con videos y contenido --> <\/p>\n<div style='display: flex; flex-wrap: wrap; gap: 30px; margin-top: 40px;'> <!-- Columna 1 --> <\/p>\n<div style='flex: 1 1 300px; min-width: 280px;'>\n<h3 style='font-size: 18px; border-bottom: 2px solid currentColor; padding-bottom: 5px; margin-top: 0; color: inherit; opacity: 0.8;'>Una plataforma vers\u00e1til con operaciones de gesti\u00f3n diversas<\/h3>\n<ul style='padding-left: 20px; margin: 0; font-size: 14px; list-style-type: disc; color: inherit;'>\n<li style='margin-bottom: 8px;'>HikCentral Professional unifica una amplia gama de aplicaciones y proporciona una soluci\u00f3n perfecta para tu negocio&comma; desde necesidades b\u00e1sicas hasta avanzadas.<\/li>\n<li style='margin-bottom: 8px;'>La gesti\u00f3n centralizada de roles multinivel brinda a los usuarios una eficiencia optimizada<\/li>\n<\/ul><\/div>\n<p> <!-- Video 1 --> <\/p>\n<div style='flex: 1 1 300px; min-width: 280px;'>\n<div style='position: relative; padding-bottom: 56.25%; height: 0; overflow: hidden; margin-bottom: 30px;'> <video style='position: absolute; top: 0; left: 0; width: 100%; height: 100%; border: none;' src='https:\/\/ftp3.syscom.mx\/usuarios\/yalvarado\/hikvision\/HCP\/V2.6\/UNIDAD.mp4' loop muted controls><\/video> <\/div>\n<\/p><\/div>\n<\/p><\/div>\n<p> <!-- Secci\u00f3n con imagen y contenido --> <\/p>\n<div style='display: flex; flex-wrap: wrap; gap: 30px; margin-top: 40px;'> <!-- Imagen --> <\/p>\n<div style='flex: 1 1 300px; min-width: 280px;'> <a href='https:\/\/ftp3.syscom.mx\/usuarios\/yalvarado\/hikvision\/HCP\/V2.6\/flexibilidad.png'> <img style='width: 100%; height: auto; border: 1px solid rgba(150&comma;150&comma;150&comma;0.3); border-radius: 8px;' src='https:\/\/ftp3.syscom.mx\/usuarios\/yalvarado\/hikvision\/HCP\/V2.6\/flexibilidad.png' alt='Flexibilidad'> <\/a> <\/div>\n<p> <!-- Contenido --> <\/p>\n<div style='flex: 1 1 300px; min-width: 280px;'>\n<h3 style='font-size: 18px; border-bottom: 2px solid currentColor; padding-bottom: 5px; margin-top: 0; color: inherit; opacity: 0.8;'>Flexible y ampliable para una experiencia personalizada<\/h3>\n<ul style='padding-left: 20px; margin: 0; font-size: 14px; list-style-type: disc; color: inherit;'>\n<li style='margin-bottom: 8px;'>Los sistemas centrales&comma; incluidos v\u00eddeo&comma; control de acceso&comma; intercomunicador y mantenimiento&comma; ahora requieren un rendimiento m\u00ednimo del servidor.<\/li>\n<li style='margin-bottom: 8px;'>Ampl\u00eda f\u00e1cilmente las funcionalidades descargando aplicaciones para diversas empresas e industrias del mercado de aplicaciones en HikCentral Professional.<\/li>\n<\/ul><\/div>\n<\/p><\/div>\n<p> <!-- Secci\u00f3n con video y contenido --> <\/p>\n<div style='display: flex; flex-wrap: wrap; gap: 30px; margin-top: 40px;'> <!-- Contenido --> <\/p>\n<div style='flex: 1 1 300px; min-width: 280px;'>\n<h3 style='font-size: 18px; border-bottom: 2px solid currentColor; padding-bottom: 5px; margin-top: 0; color: inherit; opacity: 0.8;'>Dise\u00f1o pensando en la simplicidad<\/h3>\n<ul style='padding-left: 20px; margin: 0; font-size: 14px; list-style-type: disc; color: inherit;'>\n<li style='margin-bottom: 8px;'>Operaciones sencillas: Interfaz f\u00e1cil de usar con asistentes y dise\u00f1o visualizado.<\/li>\n<li style='margin-bottom: 8px;'>Configuraci\u00f3n y mantenimiento simplificados: Visualizaci\u00f3n del estado del sistema en tiempo real y registros hist\u00f3ricos rastreables<\/li>\n<li style='margin-bottom: 8px;'>Control de permisos basados en roles: La visualizaci\u00f3n de contenido personalizado seg\u00fan el rol te permite concentrarte en las aplicaciones m\u00e1s importantes.<\/li>\n<\/ul><\/div>\n<p> <!-- Video 2 --> <\/p>\n<div style='flex: 1 1 300px; min-width: 280px;'>\n<div style='position: relative; padding-bottom: 56.25%; height: 0; overflow: hidden; margin-bottom: 30px;'> <video style='position: absolute; top: 0; left: 0; width: 100%; height: 100%; border: none;' src='https:\/\/ftp3.syscom.mx\/usuarios\/yalvarado\/hikvision\/HCP\/V2.6\/Simplicidad.mp4' loop muted controls><\/video> <\/div>\n<\/p><\/div>\n<\/p><\/div>\n<p> <!-- Imagen --> <\/p>\n<div style='margin: 30px 0; text-align: center;'> <img style='width: 100%; max-width: 1000px; height: auto; border: 1px solid rgba(150&comma;150&comma;150&comma;0.3); border-radius: 8px;' src='http:\/\/ftp3.syscom.mx\/usuarios\/yalvarado\/hikvision\/HCP\/fotos\/Visualized-systems%2C-data%2C-and-maintenance.png' alt='Sistemas visualizados'> <\/div>\n<p> <!-- Secci\u00f3n de sistemas visualizados --> <\/p>\n<div style='display: flex; flex-wrap: wrap; gap: 30px; margin-top: 40px;'>\n<div style='flex: 1 1 300px; min-width: 280px;'>\n<h3 style='font-size: 18px; border-bottom: 2px solid currentColor; padding-bottom: 5px; margin-top: 0; color: inherit; opacity: 0.8;'>Sistemas visualizados con mejores conocimientos<\/h3>\n<ul style='padding-left: 20px; margin: 0; font-size: 14px; list-style-type: disc; color: inherit;'>\n<li style='margin-bottom: 8px;'>La gesti\u00f3n de alarmas&comma; el seguimiento de eventos y la interacci\u00f3n AR en vivo de forma visualizada facilitan la comprensi\u00f3n de los datos de diversas aplicaciones<\/li>\n<li style='margin-bottom: 8px;'>Conf\u00eda en el panel de gesti\u00f3n personalizado y el mapa electr\u00f3nico interactivo para una gesti\u00f3n r\u00e1pida de incidentes.<\/li>\n<\/ul><\/div>\n<\/p><\/div>\n<p> <!-- T\u00edtulo de aplicaciones avanzadas --> <\/p>\n<div style='text-align: center; margin: 40px 0;'>\n<h2 style='font-size: 36px; font-weight: bold; color: inherit;'>Aplicaciones Avanzadas<\/h2>\n<\/p><\/div>\n<p> <!-- Imagen aplicaciones avanzadas --> <\/p>\n<div style='margin: 30px 0; text-align: center;'> <img style='width: 100%; max-width: 1000px; height: auto; border: 1px solid rgba(150&comma;150&comma;150&comma;0.3); border-radius: 8px;' src='https:\/\/ftp3.syscom.mx\/usuarios\/yalvarado\/hikvision\/HCP\/V2.6\/AVANZADAS.JPG' alt='Aplicaciones Avanzadas'> <\/div>\n<p> <!-- Banner final --> <\/p>\n<div style='margin: 30px 0; text-align: center;'> <img style='width: 100%; height: auto; border: 1px solid rgba(150&comma;150&comma;150&comma;0.3); border-radius: 8px;' src='https:\/\/ftp3.syscom.mx\/usuarios\/fcarrillo\/Hikvision\/Imagenes\/solution-banner-2021.png' alt='Banner Hikvision'> <\/div>\n<\/p><\/div>\n","protected":false},"excerpt":{"rendered":"<p>HikCentral Professional \/ Licencia Adicional para 1 Sitio Remoto (HikCentral-P-RSM-1Site)<\/p>\n","protected":false},"featured_media":104927,"comment_status":"open","ping_status":"closed","template":"","meta":[],"product_brand":[],"product_cat":[2262],"product_tag":[54,2263],"class_list":{"0":"post-104928","1":"product","2":"type-product","3":"status-publish","4":"has-post-thumbnail","6":"product_cat-hikvision-software-vms-y-analiticas","7":"product_tag-hikvision","8":"product_tag-software-vms-y-analiticas","10":"first","11":"outofstock","12":"sale","13":"shipping-taxable","14":"purchasable","15":"product-type-simple"},"_links":{"self":[{"href":"https:\/\/soydeaqui.ddns.net\/pachuca\/index.php\/wp-json\/wp\/v2\/product\/104928","targetHints":{"allow":["GET"]}}],"collection":[{"href":"https:\/\/soydeaqui.ddns.net\/pachuca\/index.php\/wp-json\/wp\/v2\/product"}],"about":[{"href":"https:\/\/soydeaqui.ddns.net\/pachuca\/index.php\/wp-json\/wp\/v2\/types\/product"}],"replies":[{"embeddable":true,"href":"https:\/\/soydeaqui.ddns.net\/pachuca\/index.php\/wp-json\/wp\/v2\/comments?post=104928"}],"wp:featuredmedia":[{"embeddable":true,"href":"https:\/\/soydeaqui.ddns.net\/pachuca\/index.php\/wp-json\/wp\/v2\/media\/104927"}],"wp:attachment":[{"href":"https:\/\/soydeaqui.ddns.net\/pachuca\/index.php\/wp-json\/wp\/v2\/media?parent=104928"}],"wp:term":[{"taxonomy":"product_brand","embeddable":true,"href":"https:\/\/soydeaqui.ddns.net\/pachuca\/index.php\/wp-json\/wp\/v2\/product_brand?post=104928"},{"taxonomy":"product_cat","embeddable":true,"href":"https:\/\/soydeaqui.ddns.net\/pachuca\/index.php\/wp-json\/wp\/v2\/product_cat?post=104928"},{"taxonomy":"product_tag","embeddable":true,"href":"https:\/\/soydeaqui.ddns.net\/pachuca\/index.php\/wp-json\/wp\/v2\/product_tag?post=104928"}],"curies":[{"name":"wp","href":"https:\/\/api.w.org\/{rel}","templated":true}]}}