{"id":104917,"date":"2026-03-20T14:57:52","date_gmt":"2026-03-20T14:57:52","guid":{"rendered":"https:\/\/soydeaqui.ddns.net\/pachuca\/index.php\/producto\/pdu-basico-para-distribucion-de-energia-enchufe-de-entrada-nema-l6-30p-con-36-contactos-c13-y-6-c19-de-instalacion-vertical-30-amp-208-vca\/"},"modified":"2026-03-20T14:58:04","modified_gmt":"2026-03-20T14:58:04","slug":"pdu-basico-para-distribucion-de-energia-enchufe-de-entrada-nema-l6-30p-con-36-contactos-c13-y-6-c19-de-instalacion-vertical-30-amp-208-vca","status":"publish","type":"product","link":"https:\/\/soydeaqui.ddns.net\/pachuca\/index.php\/producto\/pdu-basico-para-distribucion-de-energia-enchufe-de-entrada-nema-l6-30p-con-36-contactos-c13-y-6-c19-de-instalacion-vertical-30-amp-208-vca\/","title":{"rendered":"PDU B\u00e1sico para Distribuci\u00f3n de Energ\u00eda, Enchufe de Entrada NEMA L6-30P, Con 36 Contactos C13 y 6 C19, de Instalaci\u00f3n Vertical, 30 Amp, 208 Vca"},"content":{"rendered":"<div style='width: 100%; max-width: 1200px; margin: 0 auto; font-family: sans-serif; line-height: 1.6; color: inherit; background-color: transparent;'> <!-- Descripci\u00f3n general --> <\/p>\n<div style='margin-bottom: 30px; font-size: 15px; color: inherit;'>\n<p style='margin: 0 0 15px; color: inherit;'>Los PDU Basicos para Rack de Panduit proporcionan una distribuci\u00f3n de energ\u00eda confiable y rentable en una variedad de entradas (monof\u00e1sicas o trif\u00e1sicas; Delta o WYE) y configuraciones de salida (IEC C13&comma; C19 o NEMA).<\/p>\n<p style='margin: 0 0 15px; color: inherit;'>Estos PDU de Rack tienen unas de las densidades de salida m\u00e1s altas y los factores de forma m\u00e1s peque\u00f1os disponibles en el mercado. Cuentan con hasta 48 salidas y vienen de serie con un cable de alimentaci\u00f3n de entrada de 10 pies (3 metros). Son capaces de instalarse verticalmente (0U) u horizontalmente (1U o 2U) en un centro de datos&comma; gabinetes empresariales o rack utilizando los soportes de montaje est\u00e1ndar o el hardware incluido.<\/p>\n<\/p><\/div>\n<p> <!-- Caracter\u00edsticas --> <\/p>\n<div style='display: flex; flex-wrap: wrap; gap: 30px; margin-bottom: 30px;'>\n<div style='flex: 1 1 300px; min-width: 280px;'>\n<h3 style='font-size: 22px; border-bottom: 2px solid currentColor; padding-bottom: 5px; margin-top: 0; color: inherit; opacity: 0.8;'>Caracter\u00edsticas<\/h3>\n<ul style='padding-left: 20px; font-size: 15px; color: inherit;'>\n<li style='margin-bottom: 5px;'><strong>Tipo de Plug:<\/strong> NEMA L6-30P<\/li>\n<li style='margin-bottom: 5px;'><strong>Recept\u00e1culos:<\/strong> 36 C13 y 6 C19<\/li>\n<li style='margin-bottom: 5px;'><strong>Corriente:<\/strong> 30 Amp<\/li>\n<li style='margin-bottom: 5px;'><strong>Voltaje de Entrada:<\/strong> 208 Vca<\/li>\n<li style='margin-bottom: 5px;'><strong>Voltaje de Salida:<\/strong> 208 Vca<\/li>\n<li style='margin-bottom: 5px;'><strong>Montaje:<\/strong> Vertical en gabinetes<\/li>\n<li style='margin-bottom: 5px;'><strong>Color:<\/strong> Negro<\/li>\n<\/ul><\/div>\n<\/p><\/div>\n<p> <!-- Separador --> <\/p>\n<hr style='border: 0; border-top: 1px solid rgba(150&comma; 150&comma; 150&comma; 0.3); margin: 30px 0;'> <\/div>\n","protected":false},"excerpt":{"rendered":"<p>PDU B\u00e1sico para Distribuci\u00f3n de Energ\u00eda, Enchufe de Entrada NEMA L6-30P, Con 36 Contactos C13 y 6 C19, de Instalaci\u00f3n Vertical, 30 Amp, 208 Vca<\/p>\n","protected":false},"featured_media":104916,"comment_status":"open","ping_status":"closed","template":"","meta":[],"product_brand":[],"product_cat":[604],"product_tag":[606,445,605],"class_list":{"0":"post-104917","1":"product","2":"type-product","3":"status-publish","4":"has-post-thumbnail","6":"product_cat-accesorios-para-racks-y-gabinetes","7":"product_tag-accesorios-para-racks-y-gabinetes","8":"product_tag-panduit","9":"product_tag-racks-y-gabinetes","11":"first","12":"instock","13":"sale","14":"shipping-taxable","15":"purchasable","16":"product-type-simple"},"_links":{"self":[{"href":"https:\/\/soydeaqui.ddns.net\/pachuca\/index.php\/wp-json\/wp\/v2\/product\/104917","targetHints":{"allow":["GET"]}}],"collection":[{"href":"https:\/\/soydeaqui.ddns.net\/pachuca\/index.php\/wp-json\/wp\/v2\/product"}],"about":[{"href":"https:\/\/soydeaqui.ddns.net\/pachuca\/index.php\/wp-json\/wp\/v2\/types\/product"}],"replies":[{"embeddable":true,"href":"https:\/\/soydeaqui.ddns.net\/pachuca\/index.php\/wp-json\/wp\/v2\/comments?post=104917"}],"wp:featuredmedia":[{"embeddable":true,"href":"https:\/\/soydeaqui.ddns.net\/pachuca\/index.php\/wp-json\/wp\/v2\/media\/104916"}],"wp:attachment":[{"href":"https:\/\/soydeaqui.ddns.net\/pachuca\/index.php\/wp-json\/wp\/v2\/media?parent=104917"}],"wp:term":[{"taxonomy":"product_brand","embeddable":true,"href":"https:\/\/soydeaqui.ddns.net\/pachuca\/index.php\/wp-json\/wp\/v2\/product_brand?post=104917"},{"taxonomy":"product_cat","embeddable":true,"href":"https:\/\/soydeaqui.ddns.net\/pachuca\/index.php\/wp-json\/wp\/v2\/product_cat?post=104917"},{"taxonomy":"product_tag","embeddable":true,"href":"https:\/\/soydeaqui.ddns.net\/pachuca\/index.php\/wp-json\/wp\/v2\/product_tag?post=104917"}],"curies":[{"name":"wp","href":"https:\/\/api.w.org\/{rel}","templated":true}]}}