{"id":104898,"date":"2026-03-20T14:56:50","date_gmt":"2026-03-20T14:56:50","guid":{"rendered":"https:\/\/soydeaqui.ddns.net\/pachuca\/index.php\/producto\/dvr-16-canales-turbohd-8-canales-ip-5-megapixel-lite-3k-lite-acusense-evita-falsas-alarmas-audio-por-coaxitron-1-bahia-de-disco-duro-h-265-salida-de-video-en-full-hd\/"},"modified":"2026-03-20T14:57:10","modified_gmt":"2026-03-20T14:57:10","slug":"dvr-16-canales-turbohd-8-canales-ip-5-megapixel-lite-3k-lite-acusense-evita-falsas-alarmas-audio-por-coaxitron-1-bahia-de-disco-duro-h-265-salida-de-video-en-full-hd","status":"publish","type":"product","link":"https:\/\/soydeaqui.ddns.net\/pachuca\/index.php\/producto\/dvr-16-canales-turbohd-8-canales-ip-5-megapixel-lite-3k-lite-acusense-evita-falsas-alarmas-audio-por-coaxitron-1-bahia-de-disco-duro-h-265-salida-de-video-en-full-hd\/","title":{"rendered":"DVR 16 Canales TurboHD + 8 Canales IP \/ 5 Megapixel Lite &#8211; 3K Lite \/ Acusense (Evita Falsas Alarmas) \/ Audio por Coaxitron \/ 1 Bah\u00eda de Disco Duro \/ H.265+ \/ Salida de Video en Full HD"},"content":{"rendered":"<div style='width: 100%; max-width: 1200px; margin: 0 auto; font-family: sans-serif; line-height: 1.6; color: inherit; background-color: transparent;'>\n<p style='text-align: center;'><img style='width: 100%; max-width: 450px; height: auto; border: 1px solid rgba(150&comma;150&comma;150&comma;0.3); border-radius: 8px;' src='https:\/\/ftp3.syscom.mx\/usuarios\/jsosa\/HIKVISION\/imagenes\/logo\/hikvision%20see%20far.png' alt='Logo Hikvision'><\/p>\n<div style='display: grid; grid-template-columns: repeat(auto-fill&comma; minmax(300px&comma; 1fr)); gap: 30px; margin: 30px 0;'>\n<div style='border: 1px solid rgba(150&comma;150&comma;150&comma;0.2); border-radius: 8px; overflow: hidden;'>\n<h3 style='font-size: 20px; padding: 15px; margin: 0; background-color: rgba(255&comma;255&comma;255&comma;0.05); border-bottom: 1px solid rgba(150&comma;150&comma;150&comma;0.2);'>Filtrado de Humanos y Vehiculos desde Hik-Connect<\/h3>\n<div style='position: relative; padding-bottom: 56.25%; height: 0; overflow: hidden;'>   <\/div>\n<\/p><\/div>\n<div style='border: 1px solid rgba(150&comma;150&comma;150&comma;0.2); border-radius: 8px; overflow: hidden;'>\n<h3 style='font-size: 20px; padding: 15px; margin: 0; background-color: rgba(255&comma;255&comma;255&comma;0.05); border-bottom: 1px solid rgba(150&comma;150&comma;150&comma;0.2);'>Agregar Equipo a Hik-Connect desde Grabador<\/h3>\n<div style='position: relative; padding-bottom: 56.25%; height: 0; overflow: hidden;'>   <\/div>\n<\/p><\/div>\n<\/p><\/div>\n<div style='display: grid; grid-template-columns: repeat(auto-fill&comma; minmax(300px&comma; 1fr)); gap: 30px; margin: 30px 0;'>\n<div style='border: 1px solid rgba(150&comma;150&comma;150&comma;0.2); border-radius: 8px; overflow: hidden;'>\n<h3 style='font-size: 20px; padding: 15px; margin: 0; background-color: rgba(255&comma;255&comma;255&comma;0.05); border-bottom: 1px solid rgba(150&comma;150&comma;150&comma;0.2);'>AcuSense vs Anal\u00edticos Tradicionales<\/h3>\n<div style='position: relative; padding-bottom: 56.25%; height: 0; overflow: hidden;'>   <\/div>\n<\/p><\/div>\n<div style='border: 1px solid rgba(150&comma;150&comma;150&comma;0.2); border-radius: 8px; overflow: hidden;'>\n<h3 style='font-size: 20px; padding: 15px; margin: 0; background-color: rgba(255&comma;255&comma;255&comma;0.05); border-bottom: 1px solid rgba(150&comma;150&comma;150&comma;0.2);'>Inteligencia Artificial con AcuSense<\/h3>\n<div style='position: relative; padding-bottom: 56.25%; height: 0; overflow: hidden;'>   <\/div>\n<\/p><\/div>\n<\/p><\/div>\n<div style='display: grid; grid-template-columns: repeat(auto-fill&comma; minmax(300px&comma; 1fr)); gap: 30px; margin: 30px 0;'>\n<div style='border: 1px solid rgba(150&comma;150&comma;150&comma;0.2); border-radius: 8px; overflow: hidden;'>\n<h3 style='font-size: 20px; padding: 15px; margin: 0; background-color: rgba(255&comma;255&comma;255&comma;0.05); border-bottom: 1px solid rgba(150&comma;150&comma;150&comma;0.2);'>Crear Cuenta Hik-Connect<\/h3>\n<div style='position: relative; padding-bottom: 56.25%; height: 0; overflow: hidden;'>   <\/div>\n<\/p><\/div>\n<div style='border: 1px solid rgba(150&comma;150&comma;150&comma;0.2); border-radius: 8px; overflow: hidden;'>\n<h3 style='font-size: 20px; padding: 15px; margin: 0; background-color: rgba(255&comma;255&comma;255&comma;0.05); border-bottom: 1px solid rgba(150&comma;150&comma;150&comma;0.2);'>Cruce de Linea en 90 Segundos<\/h3>\n<div style='position: relative; padding-bottom: 56.25%; height: 0; overflow: hidden;'>   <\/div>\n<\/p><\/div>\n<\/p><\/div>\n<div style='display: flex; flex-wrap: wrap; gap: 20px; margin: 30px 0;'> <img style='flex: 1 1 45%; min-width: 280px; height: auto; border: 1px solid rgba(150&comma;150&comma;150&comma;0.3); border-radius: 8px;' src='https:\/\/ftp3.syscom.mx\/usuarios\/fotos\/IDS7208HQHIM1\/S(C)\/192927-untitled.png' alt=''> <img style='flex: 1 1 45%; min-width: 280px; height: auto; border: 1px solid rgba(150&comma;150&comma;150&comma;0.3); border-radius: 8px;' src='https:\/\/ftp3.syscom.mx\/usuarios\/fotos\/IDS7208HQHIM1\/S(C)\/192927-untitled_(2).png' alt=''> <\/div>\n<div style='display: grid; grid-template-columns: repeat(auto-fill&comma; minmax(300px&comma; 1fr)); gap: 30px; margin: 30px 0;'>\n<div style='border: 1px solid rgba(150&comma;150&comma;150&comma;0.2); border-radius: 8px; overflow: hidden;'>\n<h4 style='font-size: 18px; padding: 15px; margin: 0; background-color: rgba(255&comma;255&comma;255&comma;0.05); border-bottom: 1px solid rgba(150&comma;150&comma;150&comma;0.2);'>AcuSense \u00c1reas Restringidas<\/h4>\n<div style='position: relative; padding-bottom: 56.25%; height: 0; overflow: hidden;'>   <\/div>\n<\/p><\/div>\n<div style='border: 1px solid rgba(150&comma;150&comma;150&comma;0.2); border-radius: 8px; overflow: hidden;'>\n<h4 style='font-size: 18px; padding: 15px; margin: 0; background-color: rgba(255&comma;255&comma;255&comma;0.05); border-bottom: 1px solid rgba(150&comma;150&comma;150&comma;0.2);'>AcuSense Almacenes<\/h4>\n<div style='position: relative; padding-bottom: 56.25%; height: 0; overflow: hidden;'>   <\/div>\n<\/p><\/div>\n<div style='border: 1px solid rgba(150&comma;150&comma;150&comma;0.2); border-radius: 8px; overflow: hidden;'>\n<h4 style='font-size: 18px; padding: 15px; margin: 0; background-color: rgba(255&comma;255&comma;255&comma;0.05); border-bottom: 1px solid rgba(150&comma;150&comma;150&comma;0.2);'>Evite Falsas Alarmas<\/h4>\n<div style='position: relative; padding-bottom: 56.25%; height: 0; overflow: hidden;'>   <\/div>\n<\/p><\/div>\n<\/p><\/div>\n<div style='text-align: center; margin: 30px 0;'>\n<p style='font-size: 18px; font-weight: bold; margin: 0;'><span style='font-family: inherit; color: inherit;'>Audio&comma; Video y Datos por el Mismo Cable<\/span><\/p>\n<\/p><\/div>\n<p> <img style='width: 100%; max-width: 1200px; height: auto; border: 1px solid rgba(150&comma;150&comma;150&comma;0.3); border-radius: 8px; margin: 20px 0;' src='https:\/\/ftp3.syscom.mx\/usuarios\/jsosa\/HIKVISION\/imagenes\/coaxitron\/coaxitron.jpg' alt=''> <\/p>\n<div style='margin: 30px 0; padding: 20px; border-left: 5px solid #ff0000; border-radius: 8px; background-color: rgba(255&comma; 0&comma; 0&comma; 0.05);'>\n<p style='margin: 0 0 15px 0; font-weight: bold; color: #ff0000;'><span style='font-family: inherit;'>Nota importante:<\/span><\/p>\n<p style='margin: 0 0 15px 0;'>Gracias a las nuevas actualizaciones (mejoras) ahora el DVR permite aceptar c\u00e1maras TURBOHD de 5 Megapixel que originalmente estaba dedicado a soportar 3 Megapixel&comma; el DVR podr\u00e1 grabar a 5 Megapixel Lite&comma; quiere decir que es un acoplamiento de se\u00f1al que permite aceptar c\u00e1maras de 5 Megapixel TURBOHD con grabaci\u00f3n Lite.<\/p>\n<ul style='padding-left: 20px; margin: 15px 0;'>\n<li style='margin-bottom: 5px; color: #ff0000;'><span style='font-family: inherit;'>5 Megapixel Real = 2560 X 1940.<\/span><\/li>\n<li style='color: #ff0000;'><span style='font-family: inherit;'>5 Megapixel Lite = 1280 X 1940.<\/span><\/li>\n<\/ul><\/div>\n<div style='display: grid; grid-template-columns: repeat(auto-fill&comma; minmax(300px&comma; 1fr)); gap: 30px; margin: 30px 0;'>\n<div style='border: 1px solid rgba(150&comma;150&comma;150&comma;0.2); border-radius: 8px; overflow: hidden;'>\n<div style='padding: 15px; border-bottom: 1px solid rgba(150&comma;150&comma;150&comma;0.2); font-weight: bold; font-size: 18px; color: inherit; background-color: rgba(255&comma;255&comma;255&comma;0.05);'>Caracter\u00edsticas principales<\/div>\n<div style='padding: 15px; color: inherit;'>\n<ul style='padding-left: 20px; margin: 0; font-size: 14px; list-style-type: disc;'>\n<li style='margin-bottom: 5px;'>Serie Turbo HD Versi\u00f3n 5.0<\/li>\n<li style='margin-bottom: 5px;'>Permite apagar canales anal\u00f3gicos TURBOHD y poder colocar c\u00e1maras IP en todos sus canales&comma; podemos colocar hasta 24 c\u00e1maras IP en total. Por cada canal anal\u00f3gico TURBOHD que se apague se genera una canal IP adicional.<\/li>\n<li style='margin-bottom: 5px;'>DVR pentah\u00edbrido: HD-TVI \/ HD-CVI \/ Anal\u00f3gico \/ IP \/ AHD.<\/li>\n<li style='margin-bottom: 5px;'>Acceso remoto: PC (WINDOWS \/ MAC)&comma; Smart Phone (iPhone&comma; iPad&comma; Android).<\/li>\n<li style='margin-bottom: 5px;'>Compatibilidad con navegador Internet Explorer.<\/li>\n<li style='margin-bottom: 5px;'>Software cliente multi sitio de hasta 64 canales (iVMS-4200).<\/li>\n<li style='margin-bottom: 5px;'>Compatible con Hik-Connect P2P.<\/li>\n<li style='margin-bottom: 5px;'>Soporta servicio DDNS Hik-Connect Domain \/ DynDNS.<\/li>\n<li style='margin-bottom: 5px;'>Funciones Avanzadas: Detecci\u00f3n por cruce de l\u00ednea &#038; detecci\u00f3n de instrusi\u00f3n.<\/li>\n<li style='margin-bottom: 5px;'>1 entrada y 1 salida de audio.<\/li>\n<li style='margin-bottom: 5px;'>Soporta 1 HDD de hasta 10 TB (no incluido).<\/li>\n<li>Interfaz serial: RS-485 (HIKVISION C&comma; COAXITRON&comma; PELCO D&comma; PELCO P&comma; etc).<\/li>\n<\/ul><\/div>\n<\/p><\/div>\n<div style='border: 1px solid rgba(150&comma;150&comma;150&comma;0.2); border-radius: 8px; overflow: hidden;'>\n<div style='padding: 15px; border-bottom: 1px solid rgba(150&comma;150&comma;150&comma;0.2); font-weight: bold; font-size: 18px; color: inherit; background-color: rgba(255&comma;255&comma;255&comma;0.05);'>Caracter\u00edsticas F\u00edsicas y El\u00e9ctricas<\/div>\n<div style='padding: 15px; color: inherit;'>\n<ul style='padding-left: 20px; margin: 0; font-size: 14px; list-style-type: disc;'>\n<li style='margin-bottom: 5px;'>Alimentaci\u00f3n: 12 Vcc (fuente incluida).<\/li>\n<li style='margin-bottom: 5px;'>Consumo sin HDD: 25 watts.<\/li>\n<li style='margin-bottom: 5px;'>Temperatura de operaci\u00f3n: -10 \u00baC hasta 55 \u00baC.<\/li>\n<li style='margin-bottom: 5px;'>Dimensiones: 315 x 242 x 45 mm (W \u00d7 D \u00d7 H)<\/li>\n<li style='margin-bottom: 5px;'>Peso: 1.78 Kg sin HDD.<\/li>\n<li style='margin-bottom: 5px;'>No compatible con control remoto.<\/li>\n<\/ul>\n<div style='margin-top: 20px;'>\n<div style='font-weight: bold; margin-bottom: 10px;'>Compresi\u00f3n y resoluci\u00f3n<\/div>\n<ul style='padding-left: 20px; margin: 0; font-size: 14px; list-style-type: disc;'>\n<li style='margin-bottom: 5px;'>Compresi\u00f3n: H.265+ \/ H.265 \/ H.264+ \/ H.264.<\/li>\n<li style='margin-bottom: 5px;'>Soporta 16 canales TURBOHD \/ anal\u00f3gicos + 8 canales IP = 24 canales en total.<\/li>\n<li style='margin-bottom: 5px;'>Soporta 5 Tecnolog\u00edas:<\/li>\n<ul style='padding-left: 30px; margin-top: 5px;'>\n<li style='margin-bottom: 5px;'>TVI:5MP lite &comma; 3MP&comma; 1080p @ 30IPS \/ 720p @60IPS<\/li>\n<li style='margin-bottom: 5px;'>AHD:5MP lite&comma; 1080p @ 30IPS&comma; 720p @30IPS<\/li>\n<li style='margin-bottom: 5px;'>CVI: 5MP lite&comma; 1080p @ 30IPS&comma; 720p @ 30IPS<\/li>\n<li style='margin-bottom: 5px;'>CVBS: 30 IPS<\/li>\n<li>IP: 6MP<\/li>\n<\/ul>\n<\/ul><\/div>\n<\/p><\/div>\n<\/p><\/div>\n<div style='border: 1px solid rgba(150&comma;150&comma;150&comma;0.2); border-radius: 8px; overflow: hidden;'>\n<div style='padding: 15px; border-bottom: 1px solid rgba(150&comma;150&comma;150&comma;0.2); font-weight: bold; font-size: 18px; color: inherit; background-color: rgba(255&comma;255&comma;255&comma;0.05);'>Caracter\u00edsticas Destacadas<\/div>\n<div style='padding: 15px; color: inherit;'>\n<p>El DVR soporta 4 canales de video con activaci\u00f3n de detecci\u00f3n de cuerpo humano o detecci\u00f3n de veh\u00edculos&comma; esto nos permite ser mas precisos al momento de tener alguna grabaci\u00f3n de poder descargar cualquier otro tipo de movimientos.<\/p>\n<p>Es necesario contemplar cu\u00e1l de los anal\u00edticos se utilizar\u00e1n ya que no es posible utilizar m\u00e1s de uno al mismo tiempo.<\/p>\n<ul style='padding-left: 20px; margin: 15px 0; font-size: 14px; list-style-type: disc;'>\n<li style='margin-bottom: 5px;'><a style='color: #005cb9; text-decoration: none;' href='https:\/\/soporte.syscom.mx\/es\/articles\/5388340-hikvision-acusense-guia-de-configuracion' target='_blank' rel='noopener'>Gu\u00eda de configuraci\u00f3n filtro de humanos y veh\u00edculos<\/a><\/li>\n<\/ul>\n<p style='margin-top: 15px; margin-bottom: 0;'>Soporta audio en todos sus canales por coaxitron utilizando c\u00e1maras con audio integrado (<a style='color: #005cb9; text-decoration: none;' href='https:\/\/www.syscom.mx\/principal\/promociones\/camaras_con_audio_por_coaxitron_2_mp-5477.html?ordenar=Relevancia&#038;pag=1' target='_blank' rel='noopener'>ver modelos compatibles<\/a>).<\/p>\n<\/p><\/div>\n<\/p><\/div>\n<\/p><\/div>\n<div style='margin: 30px 0; padding: 20px; border-left: 5px solid #ff0000; border-radius: 8px; background-color: rgba(255&comma; 0&comma; 0&comma; 0.05);'>\n<div style='font-weight: bold; margin-bottom: 15px;'>Consideraciones<\/div>\n<ul style='padding-left: 20px; margin: 0; font-size: 14px; list-style-type: disc;'>\n<li style='margin-bottom: 5px;'>El audio se recibepor la se\u00f1al TVI<\/li>\n<li style='margin-bottom: 5px;'>Para conectar los canales IP requiere utilizar un switch\/switch poe (no incluido)<\/li>\n<li style='margin-bottom: 5px;'>Soporta 5 Tecnolog\u00edas:<\/li>\n<ul style='padding-left: 30px; margin-top: 5px;'>\n<li style='margin-bottom: 5px;'>TVI:5MP lite\/3k lite&comma; 3MP&comma; 1080p @ 30IPS \/ 720p @60IPS<\/li>\n<li style='margin-bottom: 5px;'>AHD:5MP lite\/3k lite&comma; 1080p @ 30IPS&comma; 720p @30IPS<\/li>\n<li style='margin-bottom: 5px;'>CVI: 5MP lite\/3k lite&comma; 1080p @ 30IPS&comma; 720p @ 30IPS<\/li>\n<li style='margin-bottom: 5px;'>CVBS: 30 IPS<\/li>\n<li style='margin-bottom: 5px;'>IP: 6MP<\/li>\n<\/ul>\n<li style='margin-bottom: 5px; font-weight: bold;'>Nota: Acepta c\u00e1maras de 5MP&comma; 3k lite&comma; 4MP&comma; 2MP y 1MP en todos sus canales BNC (C\u00e1maras de 3MP solo en el canal 1&comma; 2&comma; 3 y 4).<\/li>\n<li style='margin-bottom: 5px; font-weight: bold; color: #333333; background-color: #ffffff10; padding: 8px; border-radius: 4px;'>Los equipos con AcuSense pueden llegar a filtrar hasta el 95% de falsas alarmas&comma; la eficacia del filtrado depende de la distancia &#8211; \u00e1ngulo de visi\u00f3n del objetivo y la c\u00e1mara. Algunas mascotas&comma; insectos pueden generar alertamientos basados en lo anterior.<\/li>\n<li style='font-weight: bold; color: #333333; background-color: #ffffff10; padding: 8px; border-radius: 4px;'>Para utilizar audio de 2 v\u00edas se recomienda colocar un micr\u00f3fono en la entrada de audio&comma; no se recomienda para audio de 2 v\u00edas una c\u00e1mara con audio por coaxitron.<\/li>\n<\/ul><\/div>\n<div style='text-align: center; margin: 40px 0 20px 0;'>\n<h2 style='font-size: 24px; margin: 0;'><strong><span style='font-family: inherit; color: inherit;'>Recursos<\/span><\/strong><\/h2>\n<\/p><\/div>\n<div style='display: grid; grid-template-columns: repeat(auto-fill&comma; minmax(250px&comma; 1fr)); gap: 20px; margin: 30px 0;'>\n<div style='text-align: center;'> <a style='display: inline-block;' href='https:\/\/www.hikvision.com\/es-la\/support\/download\/software\/ivms4200-series\/?q=serie%20ivms4200&#038;position=1' target='_blank' rel='noopener'> <img style='width: 100%; max-width: 300px; height: auto; border: 1px solid rgba(150&comma;150&comma;150&comma;0.3); border-radius: 8px;' src='https:\/\/ftp3.syscom.mx\/usuarios\/gmagos\/HIK\/IP\/IPC\/Imagenes%20pagina\/Descargas%20IVMS4200.jpg' alt='IVMS4200'> <\/a> <\/div>\n<div style='text-align: center;'> <a style='display: inline-block;' href='https:\/\/appstore.hikvision.com\/' target='_blank' rel='noopener'> <img style='width: 100%; max-width: 300px; height: auto; border: 1px solid rgba(150&comma;150&comma;150&comma;0.3); border-radius: 8px;' src='https:\/\/ftp3.syscom.mx\/usuarios\/gmagos\/HIK\/IP\/IPC\/Imagenes%20pagina\/Descargas%20de%20app.jpg' alt='App Store Hikvision'> <\/a> <\/div>\n<div style='text-align: center;'> <a style='display: inline-block;' href='https:\/\/ftp3.syscom.mx\/usuarios\/ftp\/2020\/04\/15\/eb10b\/Especificaciones%20iDS-7200HQHI-M1S.pdf' target='_blank' rel='noopener'> <img style='width: 100%; max-width: 300px; height: auto; border: 1px solid rgba(150&comma;150&comma;150&comma;0.3); border-radius: 8px;' src='https:\/\/ftp3.syscom.mx\/usuarios\/gmagos\/HIK\/IP\/IPC\/Imagenes%20pagina\/Descarga%20de%20PDF.jpg' alt='Especificaciones PDF'> <\/a> <\/div>\n<\/p><\/div>\n<p> <img style='width: 100%; max-width: 1200px; height: auto; border: 1px solid rgba(150&comma;150&comma;150&comma;0.3); border-radius: 8px; margin: 30px 0;' src='https:\/\/ftp3.syscom.mx\/usuarios\/fotos\/S04TURBOG3\/195128-explicaci\u00f3n_acusense_turbohd.jpeg' alt=''> <\/p>\n<div style='text-align: center; margin: 30px 0;'> <img style='width: 100%; max-width: 150px; height: auto; border: 1px solid rgba(150&comma;150&comma;150&comma;0.3); border-radius: 8px;' src='https:\/\/ftp3.syscom.mx\/usuarios\/jsosa\/HIKVISION\/imagenes\/Acusense%20Icon.png' alt=''> <\/div>\n<h3 style='text-align: center; margin: 20px 0;'>Tecnolog\u00eda AcuSense<\/h3>\n<p>La tecnolog\u00eda AcuSense se basa en el algoritmo <em><strong>Deep Learning<\/strong><\/em> de Hikvision. Los algoritmos de <strong><em>Deep Learning<\/em><\/strong> son mucho m\u00e1s profundos que los algoritmos inteligentes convencionales&comma; que solo operan de forma superficial. Estos realizan aprendizaje de caracter\u00edsticas&comma; proporcionando un rendimiento de an\u00e1lisis de contenido de v\u00eddeo (VCA) asombrosamente preciso y consistente.<\/p>\n<p>AcuSense es capaz de diferenciar&comma; con gran precisi\u00f3n&comma; un cuerpo humano y un veh\u00edculo en un escenario con una gran cantidad de objetos. No solo puede detectar la intrusi\u00f3n humana y del veh\u00edculo&comma; sino que tambi\u00e9n puede filtrar falsas alarmas que podr\u00edan haber sido disparadas por objetos en movimiento que no presentan un riesgo.<\/p>\n<p>La tecnolog\u00eda tambi\u00e9n brinda una funci\u00f3n de b\u00fasqueda de objetivos poderosa y r\u00e1pida que es capaz de analizar grabaciones y seleccionar todas las im\u00e1genes humanas o de veh\u00edculos que se vinculan al video clip relacionado.<\/p>\n<p style='text-align: center; margin: 20px 0;'><a style='color: #005cb9; text-decoration: none;' href='https:\/\/ftp3.syscom.mx\/usuarios\/jsosa\/HIKVISION\/presentaciones\/Presentation%20Turbo%20HD%205.0.pdf' target='_blank' rel='noopener'>Ver presentaci\u00f3n AcuSense<\/a><\/p>\n<div style='display: grid; grid-template-columns: repeat(auto-fill&comma; minmax(250px&comma; 1fr)); gap: 20px; margin: 30px 0;'> <img style='width: 100%; height: auto; border: 1px solid rgba(150&comma;150&comma;150&comma;0.3); border-radius: 8px;' src='https:\/\/ftp3.syscom.mx\/usuarios\/jsosa\/josesosa\/Imagenes\/acusense1.jpg' alt=''> <img style='width: 100%; height: auto; border: 1px solid rgba(150&comma;150&comma;150&comma;0.3); border-radius: 8px;' src='https:\/\/ftp3.syscom.mx\/usuarios\/jsosa\/josesosa\/Imagenes\/acusense2.jpg' alt=''> <img style='width: 100%; height: auto; border: 1px solid rgba(150&comma;150&comma;150&comma;0.3); border-radius: 8px;' src='https:\/\/ftp3.syscom.mx\/usuarios\/jsosa\/josesosa\/Imagenes\/acusense3.jpg' alt=''> <\/div>\n<div style='display: grid; grid-template-columns: repeat(auto-fill&comma; minmax(250px&comma; 1fr)); gap: 20px; margin: 30px 0;'>\n<div style='position: relative; padding-bottom: 56.25%; height: 0; overflow: hidden;'> <img style='position: absolute; top: 0; left: 0; width: 100%; height: 100%; border: 1px solid rgba(150&comma;150&comma;150&comma;0.3); border-radius: 8px; object-fit: contain;' src='https:\/\/ftp3.syscom.mx\/usuarios\/paginaweb\/Gifs\/Zi7LTq5.gif' alt=''> <\/div>\n<div style='position: relative; padding-bottom: 56.25%; height: 0; overflow: hidden;'> <img style='position: absolute; top: 0; left: 0; width: 100%; height: 100%; border: 1px solid rgba(150&comma;150&comma;150&comma;0.3); border-radius: 8px; object-fit: contain;' src='https:\/\/ftp3.syscom.mx\/usuarios\/fotos\/DS7208HQHIK1\/97560-pentahi.jpg' alt=''> <\/div>\n<div style='position: relative; padding-bottom: 56.25%; height: 0; overflow: hidden;'> <img style='position: absolute; top: 0; left: 0; width: 100%; height: 100%; border: 1px solid rgba(150&comma;150&comma;150&comma;0.3); border-radius: 8px; object-fit: contain;' src='https:\/\/ftp3.syscom.mx\/usuarios\/paginaweb\/Gifs\/tq5yYz4.gif' alt=''> <\/div>\n<\/p><\/div>\n<h3 style='margin: 40px 0 20px 0;'><strong><span style='font-family: inherit; color: inherit;'>\u00bfQue es H.265+?<\/span><\/strong><\/h3>\n<p>Es un formato de compresi\u00f3n inteligente que <strong>permite ahorrar hasta 80% de almacenamiento y ancho de banda<\/strong>&comma; para que la compresi\u00f3n se pueda activa debemos de contar con c\u00e1mara IP y NVR que soporten el mismo formato de compresi\u00f3n.<\/p>\n<div style='display: grid; grid-template-columns: repeat(auto-fill&comma; minmax(250px&comma; 1fr)); gap: 20px; margin: 30px 0;'>\n<div style='text-align: center;'>\n<p style='margin: 0 0 10px 0;'>80% menos consumo que H.264<\/p>\n<p> <img style='width: 100%; max-width: 300px; height: auto; border: 1px solid rgba(150&comma;150&comma;150&comma;0.3); border-radius: 8px;' src='https:\/\/3.bp.blogspot.com\/-c6ufw54r2xk\/WW_f4nkqWQI\/AAAAAAAAKVY\/I0edD6XJMPM-KppoJFsy-aINcLNxg6opQCEwYBhgL\/s400\/primero.tiff' alt=''> <\/div>\n<div style='text-align: center;'>\n<p style='margin: 0 0 10px 0;'>Mismo dias de almacenamiento pero con menos discos duros<\/p>\n<p> <img style='width: 100%; max-width: 300px; height: auto; border: 1px solid rgba(150&comma;150&comma;150&comma;0.3); border-radius: 8px;' src='https:\/\/1.bp.blogspot.com\/-tJoVn4NunDQ\/WW_f4qn0b0I\/AAAAAAAAKVU\/8aiRMT3NK0wg2s2bSbQI7zAQrjGN0ZJ5wCEwYBhgL\/s400\/tercero.tiff' alt=''> <\/div>\n<div style='text-align: center;'>\n<p style='margin: 0 0 10px 0;'>Hasta 20 c\u00e1maras Full HD tiempo real en un ancho de banda de 20Mbps<\/p>\n<p> <img style='width: 100%; max-width: 300px; height: auto; border: 1px solid rgba(150&comma;150&comma;150&comma;0.3); border-radius: 8px;' src='https:\/\/2.bp.blogspot.com\/-4pPL-F39Ka4\/WW_f4Tqv-nI\/AAAAAAAAKVQ\/URQf8vDTvxM1pHB9hbg_DvHTemJ-B7isgCEwYBhgL\/s400\/segundo.tiff' alt=''> <\/div>\n<\/p><\/div>\n<p> <img style='width: 100%; max-width: 1200px; height: auto; border: 1px solid rgba(150&comma;150&comma;150&comma;0.3); border-radius: 8px; margin: 30px 0;' src='https:\/\/ftp3.syscom.mx\/usuarios\/jsosa\/josesosa\/Imagenes\/menosconsumoh.jpg' alt=''> <img style='width: 100%; max-width: 1200px; height: auto; border: 1px solid rgba(150&comma;150&comma;150&comma;0.3); border-radius: 8px; margin: 30px 0;' src='https:\/\/ftp3.syscom.mx\/usuarios\/jsosa\/HIKVISION\/imagenes\/banners\/solution%20complete.png' alt=''> <\/div>\n","protected":false},"excerpt":{"rendered":"<p>DVR 16 Canales TurboHD + 8 Canales IP \/ 5 Megapixel Lite &#8211; 3K Lite \/ Acusense (Evita Falsas Alarmas) \/ Audio por Coaxitron \/ 1 Bah\u00eda de Disco Duro \/ H.265+ \/ Salida de Video en Full HD<\/p>\n","protected":false},"featured_media":104897,"comment_status":"open","ping_status":"closed","template":"","meta":[],"product_brand":[],"product_cat":[2254],"product_tag":[2255,54,2256],"class_list":{"0":"post-104898","1":"product","2":"type-product","3":"status-publish","4":"has-post-thumbnail","6":"product_cat-videograbadoras-analogicas-turbohd-tvi-ahd-cvi","7":"product_tag-camaras-y-dvrs-hd-turbohd-ahd-hd-tvi","8":"product_tag-hikvision","9":"product_tag-videograbadoras-analogicas-turbohd-tvi-ahd-cvi","11":"first","12":"outofstock","13":"sale","14":"shipping-taxable","15":"purchasable","16":"product-type-simple"},"_links":{"self":[{"href":"https:\/\/soydeaqui.ddns.net\/pachuca\/index.php\/wp-json\/wp\/v2\/product\/104898","targetHints":{"allow":["GET"]}}],"collection":[{"href":"https:\/\/soydeaqui.ddns.net\/pachuca\/index.php\/wp-json\/wp\/v2\/product"}],"about":[{"href":"https:\/\/soydeaqui.ddns.net\/pachuca\/index.php\/wp-json\/wp\/v2\/types\/product"}],"replies":[{"embeddable":true,"href":"https:\/\/soydeaqui.ddns.net\/pachuca\/index.php\/wp-json\/wp\/v2\/comments?post=104898"}],"wp:featuredmedia":[{"embeddable":true,"href":"https:\/\/soydeaqui.ddns.net\/pachuca\/index.php\/wp-json\/wp\/v2\/media\/104897"}],"wp:attachment":[{"href":"https:\/\/soydeaqui.ddns.net\/pachuca\/index.php\/wp-json\/wp\/v2\/media?parent=104898"}],"wp:term":[{"taxonomy":"product_brand","embeddable":true,"href":"https:\/\/soydeaqui.ddns.net\/pachuca\/index.php\/wp-json\/wp\/v2\/product_brand?post=104898"},{"taxonomy":"product_cat","embeddable":true,"href":"https:\/\/soydeaqui.ddns.net\/pachuca\/index.php\/wp-json\/wp\/v2\/product_cat?post=104898"},{"taxonomy":"product_tag","embeddable":true,"href":"https:\/\/soydeaqui.ddns.net\/pachuca\/index.php\/wp-json\/wp\/v2\/product_tag?post=104898"}],"curies":[{"name":"wp","href":"https:\/\/api.w.org\/{rel}","templated":true}]}}