{"id":104891,"date":"2026-03-20T14:56:29","date_gmt":"2026-03-20T14:56:29","guid":{"rendered":"https:\/\/soydeaqui.ddns.net\/pachuca\/index.php\/producto\/sonda-para-trazado-probe-pro\/"},"modified":"2026-03-20T14:56:46","modified_gmt":"2026-03-20T14:56:46","slug":"sonda-para-trazado-probe-pro","status":"publish","type":"product","link":"https:\/\/soydeaqui.ddns.net\/pachuca\/index.php\/producto\/sonda-para-trazado-probe-pro\/","title":{"rendered":"Sonda para trazado Probe-PRO"},"content":{"rendered":"<div style='width: 100%; max-width: 1200px; margin: 0 auto; font-family: sans-serif; line-height: 1.6; color: inherit;'>\n<div style='display: flex; flex-wrap: wrap; gap: 30px; margin-bottom: 30px;'>\n<div style='flex: 1 1 300px; min-width: 280px;'>\n<h3 style='font-size: 22px; border-bottom: 2px solid currentColor; padding-bottom: 5px; margin-top: 0; color: inherit; opacity: 0.8;'>Caracter\u00edsticas<\/h3>\n<ul style='padding-left: 20px; font-size: 15px; color: inherit;'>\n<li style='margin-bottom: 5px;'>Rastrea cables no energizados cuando se usa con un generador de tono Toner-PRO (<a href='https:\/\/www.syscom.mx\/producto\/VDV500063-KLEIN-TOOLS-201588.html' style='color: inherit; text-decoration: underline; opacity: 0.8;'>VDV500-063<\/a>&comma; se vende por separado).<\/li>\n<li style='margin-bottom: 5px;'>Punta no met\u00e1lica conductora&comma; reemplazable&comma; duradera y sensible.<\/li>\n<li style='margin-bottom: 5px;'>Luz de trabajo para uso en espacios oscuros.<\/li>\n<li style='margin-bottom: 5px;'>Conector de auriculares de 3&comma;5 mm para ambientes ruidosos (no se incluyen los auriculares).<\/li>\n<li style='margin-bottom: 5px;'>Bloque de terminales en la sonda para verificar que se localiz\u00f3 el tono del par.<\/li>\n<li style='margin-bottom: 5px;'>Se dispone de punta de repuesto de bloqueo por giro sin pinzas (VDV999-068).<\/li>\n<li style='margin-bottom: 5px;'>Bot\u00f3n de encendido de una sola pulsaci\u00f3n con indicador LED de encendido; no hay necesidad de mantener presionado el bot\u00f3n.<\/li>\n<li style='margin-bottom: 5px;'>Apagado autom\u00e1tico.<\/li>\n<li style='margin-bottom: 5px;'>Indicador de bater\u00eda baja.<\/li>\n<li style='margin-bottom: 5px;'>Se incluyen 4 bater\u00edas AAA.<\/li>\n<li style='margin-bottom: 5px;'>Incluye una presilla para cuerda.<\/li>\n<li style='margin-bottom: 5px;'>Funciona con probadores de las series Scout\u2122 Pro&comma; LAN Scout\u2122&comma; Jr. y Commander\u2122 de Klein.<\/li>\n<\/ul><\/div>\n<\/p><\/div>\n<\/p><\/div>\n","protected":false},"excerpt":{"rendered":"<p>Sonda para trazado Probe-PRO<\/p>\n","protected":false},"featured_media":104890,"comment_status":"open","ping_status":"closed","template":"","meta":[],"product_brand":[],"product_cat":[24],"product_tag":[26,25,432],"class_list":{"0":"post-104891","1":"product","2":"type-product","3":"status-publish","4":"has-post-thumbnail","6":"product_cat-accesorios-de-instalacion","7":"product_tag-accesorios-de-instalacion","8":"product_tag-herramientas","9":"product_tag-klein-tools","11":"first","12":"instock","13":"sale","14":"shipping-taxable","15":"purchasable","16":"product-type-simple"},"_links":{"self":[{"href":"https:\/\/soydeaqui.ddns.net\/pachuca\/index.php\/wp-json\/wp\/v2\/product\/104891","targetHints":{"allow":["GET"]}}],"collection":[{"href":"https:\/\/soydeaqui.ddns.net\/pachuca\/index.php\/wp-json\/wp\/v2\/product"}],"about":[{"href":"https:\/\/soydeaqui.ddns.net\/pachuca\/index.php\/wp-json\/wp\/v2\/types\/product"}],"replies":[{"embeddable":true,"href":"https:\/\/soydeaqui.ddns.net\/pachuca\/index.php\/wp-json\/wp\/v2\/comments?post=104891"}],"wp:featuredmedia":[{"embeddable":true,"href":"https:\/\/soydeaqui.ddns.net\/pachuca\/index.php\/wp-json\/wp\/v2\/media\/104890"}],"wp:attachment":[{"href":"https:\/\/soydeaqui.ddns.net\/pachuca\/index.php\/wp-json\/wp\/v2\/media?parent=104891"}],"wp:term":[{"taxonomy":"product_brand","embeddable":true,"href":"https:\/\/soydeaqui.ddns.net\/pachuca\/index.php\/wp-json\/wp\/v2\/product_brand?post=104891"},{"taxonomy":"product_cat","embeddable":true,"href":"https:\/\/soydeaqui.ddns.net\/pachuca\/index.php\/wp-json\/wp\/v2\/product_cat?post=104891"},{"taxonomy":"product_tag","embeddable":true,"href":"https:\/\/soydeaqui.ddns.net\/pachuca\/index.php\/wp-json\/wp\/v2\/product_tag?post=104891"}],"curies":[{"name":"wp","href":"https:\/\/api.w.org\/{rel}","templated":true}]}}