{"id":104881,"date":"2026-03-20T14:55:57","date_gmt":"2026-03-20T14:55:57","guid":{"rendered":"https:\/\/soydeaqui.ddns.net\/pachuca\/index.php\/producto\/bala-ip-4-megapixel-anti-explosion-lente-4-mm-30-mts-ir-nema-4x-c5-m-gabinete-anticorrosion-316l-ip68\/"},"modified":"2026-03-20T14:55:59","modified_gmt":"2026-03-20T14:55:59","slug":"bala-ip-4-megapixel-anti-explosion-lente-4-mm-30-mts-ir-nema-4x-c5-m-gabinete-anticorrosion-316l-ip68","status":"publish","type":"product","link":"https:\/\/soydeaqui.ddns.net\/pachuca\/index.php\/producto\/bala-ip-4-megapixel-anti-explosion-lente-4-mm-30-mts-ir-nema-4x-c5-m-gabinete-anticorrosion-316l-ip68\/","title":{"rendered":"Bala IP 4 Megapixel ANTI-EXPLOSION \/ Lente 4 mm \/ 30 Mts IR \/ NEMA 4X \/ C5-M \/ Gabinete Anticorrosi\u00f3n \/ 316L \/ IP68"},"content":{"rendered":"<div style='width: 100%; max-width: 1200px; margin: 0 auto; font-family: sans-serif; line-height: 1.6; color: inherit;'> <!-- Logo Hikvision --> <\/p>\n<div style='text-align: center; margin: 30px 0;'> <img style='width: 45%; height: auto; border: 1px solid rgba(150&comma;150&comma;150&comma;0.3); border-radius: 8px;' src='https:\/\/ftp3.syscom.mx\/usuarios\/jsosa\/HIKVISION\/imagenes\/logo\/hikvision%20see%20far.png' alt='Logo Hikvision'> <\/div>\n<p> <!-- Video principal --> <\/p>\n<div style='position: relative; padding-bottom: 56.25%; height: 0; overflow: hidden; margin: 30px 0;'>   <\/div>\n<p> <!-- Secci\u00f3n de videos secundarios --> <\/p>\n<div style='display: flex; flex-wrap: wrap; gap: 30px; margin: 30px 0;'>\n<div style='flex: 1 1 400px; min-width: 300px; position: relative; padding-bottom: 56.25%; height: 0; overflow: hidden;'>   <\/div>\n<div style='flex: 1 1 400px; min-width: 300px; position: relative; padding-bottom: 56.25%; height: 0; overflow: hidden;'>   <\/div>\n<\/p><\/div>\n<p> <!-- Secci\u00f3n de caracter\u00edsticas --> <\/p>\n<div style='display: flex; flex-wrap: wrap; gap: 30px; margin: 30px 0;'> <!-- Caracter\u00edsticas principales --> <\/p>\n<div style='flex: 1 1 300px; min-width: 280px;'>\n<h3 style='font-size: 22px; border-bottom: 2px solid currentColor; padding-bottom: 5px; margin-top: 0; color: inherit; opacity: 0.8;'>Caracter\u00edsticas principales<\/h3>\n<ul style='padding-left: 20px; font-size: 15px; color: inherit;'>\n<li style='margin-bottom: 5px;'>Sensor de imagen dual: 1\/3&#8242; CMOS Scan Progresivo.<\/li>\n<li style='margin-bottom: 5px;'>Iluminaci\u00f3n m\u00ednima: Color: 0.01 Lux @F1.2 AGC&comma;ON) B\/N:0.001 Lux @(F1.2&comma; AGC ON).<\/li>\n<li style='margin-bottom: 5px;'>Lente fijo: 4 mm&comma; angulo de vision 91\u00b0.<\/li>\n<li style='margin-bottom: 5px;'>Distancias de IR: 30 mts.<\/li>\n<li style='margin-bottom: 5px;'>Dia \/ Noche real (filtro ICR).<\/li>\n<li style='margin-bottom: 5px;'>Funciones: WDR 120 dB \/ 3D DNR.<\/li>\n<\/ul><\/div>\n<p> <!-- Caracter\u00edsticas f\u00edsicas y el\u00e9ctricas --> <\/p>\n<div style='flex: 1 1 300px; min-width: 280px;'>\n<h3 style='font-size: 22px; border-bottom: 2px solid currentColor; padding-bottom: 5px; margin-top: 0; color: inherit; opacity: 0.8;'>Caracter\u00edsticas F\u00edsicas y El\u00e9ctricas<\/h3>\n<ul style='padding-left: 20px; font-size: 15px; color: inherit;'>\n<li style='margin-bottom: 5px;'>Aplicaci\u00f3n: Interior \/ Exterior.<\/li>\n<li style='margin-bottom: 5px;'>Protecci\u00f3n: IP68 \/ IK10.<\/li>\n<li style='margin-bottom: 5px;'>Temperatura de operaci\u00f3n: -40\u00b0C a 70\u00b0C.<\/li>\n<li style='margin-bottom: 5px;'>Alimentaci\u00f3n: 100 VCA &#8211; 240 VCA \/ PoE (802.3af&comma; class 3)<\/li>\n<li style='margin-bottom: 5px;'>Consumo: 7 W<\/li>\n<li style='margin-bottom: 5px;'>Dimensiones: 202 \u00d7 174 \u00d7 172 mm.<\/li>\n<li style='margin-bottom: 5px;'>Peso: 5.99 kgs.<\/li>\n<li style='margin-bottom: 5px;'>No incluye fuente de alimentaci\u00f3n.<\/li>\n<\/ul>\n<h4 style='font-size: 18px; margin-top: 20px; margin-bottom: 10px; color: inherit; opacity: 0.9;'>Compresi\u00f3n y Resoluci\u00f3n<\/h4>\n<ul style='padding-left: 20px; font-size: 15px; color: inherit;'>\n<li style='margin-bottom: 5px;'>Formato de compresi\u00f3n: H.265+ \/ H.265 \/ H.264+ \/ H.264<\/li>\n<li style='margin-bottom: 5px;'>Resoluci\u00f3n m\u00e1xima: 4 Megapixel (2688 x 1512).<\/li>\n<\/ul><\/div>\n<p> <!-- Funciones de red y almacenamiento --> <\/p>\n<div style='flex: 1 1 300px; min-width: 280px;'>\n<h3 style='font-size: 22px; border-bottom: 2px solid currentColor; padding-bottom: 5px; margin-top: 0; color: inherit; opacity: 0.8;'>Funciones de red y almacenamiento<\/h3>\n<ul style='padding-left: 20px; font-size: 15px; color: inherit;'>\n<li style='margin-bottom: 5px;'>Protocolos: IPv4\/IPv6&comma; HTTP&comma; HTTPS&comma; 802.1X&comma; QoS&comma; FTP&comma; SMTP&comma; UPnP&comma; SNMP&comma; DNS&comma; DDNS&comma; NTP&comma; RTSP&comma; RTP&comma; TCP&comma; UDP&comma; IGMP&comma; ICMP&comma; DHCP&comma; PPPoE.<\/li>\n<li style='margin-bottom: 5px;'>Soporta ONVIF (Profile S&comma; Profile G&comma;) \/ ISAPI<\/li>\n<li style='margin-bottom: 5px;'>Soporta navegadores: IE 8 to 11&comma; Chrome 31.0+&comma; Firefox 30.0+&comma; Edge 16.16299+&comma; Safari 11+ .<\/li>\n<li style='margin-bottom: 5px;'>Soporta triple streaming.<\/li>\n<li style='margin-bottom: 5px;'>Soporta 20 usuarios simult\u00e1neos.<\/li>\n<\/ul>\n<h4 style='font-size: 18px; margin-top: 20px; margin-bottom: 10px; color: inherit; opacity: 0.9;'>Interfaces<\/h4>\n<ul style='padding-left: 20px; font-size: 15px; color: inherit;'>\n<li style='margin-bottom: 5px;'>Red: 1 puerto RJ45 (10 \/ 100 Mbps).<\/li>\n<li style='margin-bottom: 5px;'>2 entradas y 2 salidas de alarma.<\/li>\n<\/ul><\/div>\n<\/p><\/div>\n<p> <!-- Funciones especiales --> <\/p>\n<div style='margin: 30px 0;'>\n<h3 style='font-size: 22px; border-bottom: 2px solid currentColor; padding-bottom: 5px; margin-top: 0; color: inherit; opacity: 0.8;'>Funciones especiales<\/h3>\n<ul style='padding-left: 20px; font-size: 15px; color: inherit;'>\n<li style='margin-bottom: 5px;'>Dise\u00f1o a prueba de explosiones: la c\u00e1mara ha superado las certificaciones internacionales ATEX e IECEx&comma; y puede utilizarse en escenarios con riesgo de gas y polvo<\/li>\n<li style='margin-bottom: 5px;'>Carcasa de acero inoxidable 316L y tratamiento anticorrosi\u00f3n por pulverizaci\u00f3n&comma; que protege la c\u00e1mara de los da\u00f1os causados por chispas o materiales corrosivos<\/li>\n<li style='margin-bottom: 5px;'>Detecci\u00f3n De Rostro: La cara humana que aparece en la imagen puede ser detectada y activar el m\u00e9todo de vinculaci\u00f3n<\/li>\n<\/ul><\/div>\n<p> <!-- Recursos --> <\/p>\n<div style='margin: 30px 0;'>\n<h2 style='font-size: 24px; text-align: center; margin-bottom: 20px; color: inherit; opacity: 0.9;'>Recursos<\/h2>\n<div style='display: flex; flex-wrap: wrap; gap: 20px; justify-content: center;'>\n<div style='flex: 1 1 250px; min-width: 200px;'> <a href='https:\/\/www.hikvision.com\/es-la\/support\/download\/software\/ivms4200-series\/?q=serie%20ivms4200&#038;position=1' target='_blank' rel='noopener'> <img style='width: 100%; height: auto; border: 1px solid rgba(150&comma;150&comma;150&comma;0.3); border-radius: 8px;' src='https:\/\/ftp3.syscom.mx\/usuarios\/gmagos\/HIK\/IP\/IPC\/Imagenes%20pagina\/Descargas%20IVMS4200.jpg' alt='IVMS4200 Software'> <\/a> <\/div>\n<div style='flex: 1 1 250px; min-width: 200px;'> <a href='https:\/\/appstore.hikvision.com\/' target='_blank' rel='noopener'> <img style='width: 100%; height: auto; border: 1px solid rgba(150&comma;150&comma;150&comma;0.3); border-radius: 8px;' src='https:\/\/ftp3.syscom.mx\/usuarios\/gmagos\/HIK\/IP\/IPC\/Imagenes%20pagina\/Descargas%20de%20app.jpg' alt='App Store Hikvision'> <\/a> <\/div>\n<div style='flex: 1 1 250px; min-width: 200px;'> <a href='https:\/\/ftp3.syscom.mx\/usuarios\/gmagos\/HIK\/IP\/IPC\/Bala\/DS-2XE6242F-IS%28D%29316L\/Hoja%20de%20Especificaciones%20DS-2XE6242F-IS_316L%28D%29.pdf' target='_blank' rel='noopener'> <img style='width: 100%; height: auto; border: 1px solid rgba(150&comma;150&comma;150&comma;0.3); border-radius: 8px;' src='https:\/\/ftp3.syscom.mx\/usuarios\/gmagos\/HIK\/IP\/IPC\/Imagenes%20pagina\/Descarga%20de%20PDF.jpg' alt='Hoja de especificaciones PDF'> <\/a> <\/div>\n<\/p><\/div>\n<\/p><\/div>\n<p> <!-- Banner final --> <\/p>\n<div style='margin: 30px 0;'> <img style='width: 100%; height: auto; border: 1px solid rgba(150&comma;150&comma;150&comma;0.3); border-radius: 8px;' src='https:\/\/ftp3.syscom.mx\/usuarios\/jsosa\/HIKVISION\/imagenes\/banners\/solution%20complete.png' alt='Soluci\u00f3n completa Hikvision'> <\/div>\n<\/p><\/div>\n","protected":false},"excerpt":{"rendered":"<p>Bala IP 4 Megapixel ANTI-EXPLOSION \/ Lente 4 mm \/ 30 Mts IR \/ NEMA 4X \/ C5-M \/ Gabinete Anticorrosi\u00f3n \/ 316L \/ IP68<\/p>\n","protected":false},"featured_media":104880,"comment_status":"open","ping_status":"closed","template":"","meta":[],"product_brand":[],"product_cat":[2289],"product_tag":[2290,122,54],"class_list":{"0":"post-104881","1":"product","2":"type-product","3":"status-publish","4":"has-post-thumbnail","6":"product_cat-ambientes-salinos-anticorrosion","7":"product_tag-ambientes-salinos-anticorrosion","8":"product_tag-camaras-ip-y-nvrs","9":"product_tag-hikvision","11":"first","12":"outofstock","13":"sale","14":"shipping-taxable","15":"purchasable","16":"product-type-simple"},"_links":{"self":[{"href":"https:\/\/soydeaqui.ddns.net\/pachuca\/index.php\/wp-json\/wp\/v2\/product\/104881","targetHints":{"allow":["GET"]}}],"collection":[{"href":"https:\/\/soydeaqui.ddns.net\/pachuca\/index.php\/wp-json\/wp\/v2\/product"}],"about":[{"href":"https:\/\/soydeaqui.ddns.net\/pachuca\/index.php\/wp-json\/wp\/v2\/types\/product"}],"replies":[{"embeddable":true,"href":"https:\/\/soydeaqui.ddns.net\/pachuca\/index.php\/wp-json\/wp\/v2\/comments?post=104881"}],"wp:featuredmedia":[{"embeddable":true,"href":"https:\/\/soydeaqui.ddns.net\/pachuca\/index.php\/wp-json\/wp\/v2\/media\/104880"}],"wp:attachment":[{"href":"https:\/\/soydeaqui.ddns.net\/pachuca\/index.php\/wp-json\/wp\/v2\/media?parent=104881"}],"wp:term":[{"taxonomy":"product_brand","embeddable":true,"href":"https:\/\/soydeaqui.ddns.net\/pachuca\/index.php\/wp-json\/wp\/v2\/product_brand?post=104881"},{"taxonomy":"product_cat","embeddable":true,"href":"https:\/\/soydeaqui.ddns.net\/pachuca\/index.php\/wp-json\/wp\/v2\/product_cat?post=104881"},{"taxonomy":"product_tag","embeddable":true,"href":"https:\/\/soydeaqui.ddns.net\/pachuca\/index.php\/wp-json\/wp\/v2\/product_tag?post=104881"}],"curies":[{"name":"wp","href":"https:\/\/api.w.org\/{rel}","templated":true}]}}