{"id":104875,"date":"2026-03-20T14:55:39","date_gmt":"2026-03-20T14:55:39","guid":{"rendered":"https:\/\/soydeaqui.ddns.net\/pachuca\/index.php\/producto\/pinzas-multiusos-y-cortador-multicable-de-cables-bx\/"},"modified":"2026-03-20T14:55:54","modified_gmt":"2026-03-20T14:55:54","slug":"pinzas-multiusos-y-cortador-multicable-de-cables-bx","status":"publish","type":"product","link":"https:\/\/soydeaqui.ddns.net\/pachuca\/index.php\/producto\/pinzas-multiusos-y-cortador-multicable-de-cables-bx\/","title":{"rendered":"Pinzas multiusos y cortador multicable de cables BX."},"content":{"rendered":"<div style='width: 100%; max-width: 1200px; margin: 0 auto; font-family: sans-serif; line-height: 1.6; color: inherit; background-color: transparent;'>\n<div style='display: flex; flex-wrap: wrap; gap: 30px; margin-bottom: 30px;'>\n<div style='flex: 1 1 300px; min-width: 280px;'>\n<h3 style='font-size: 22px; border-bottom: 2px solid currentColor; padding-bottom: 5px; margin-top: 0; color: inherit; opacity: 0.8;'>Caracter\u00edsticas<\/h3>\n<ul style='padding-left: 20px; font-size: 15px; color: inherit;'>\n<li style='margin-bottom: 5px;'>Cortadores multicable que cortan cables BX&comma; hojas de metal&comma; flejes de acero y rollos de cable.<\/li>\n<li style='margin-bottom: 5px;'>Pinzas multiusos livianas y compactas con agujero pelacables en la punta para brindar mayor comodidad.<\/li>\n<li style='margin-bottom: 5px;'>Dise\u00f1o de tipo cizalla y alta palanca&comma; de accionamiento con una sola mano.<\/li>\n<li style='margin-bottom: 5px;'>La cavidad del mango est\u00e1 dise\u00f1ada para restaurar el cable BX a su forma original despu\u00e9s del corte.<\/li>\n<li style='margin-bottom: 5px;'>Hechas en EE. UU.<\/li>\n<li style='margin-bottom: 5px;'>Mangos ba\u00f1ados en pl\u00e1stico para brindar mayor comodidad.<\/li>\n<\/ul><\/div>\n<\/p><\/div>\n<div style='display: flex; flex-wrap: wrap; gap: 20px; margin-bottom: 30px;'>\n<div style='flex: 1 1 250px; border: 1px solid rgba(150&comma; 150&comma; 150&comma; 0.4); border-radius: 8px; overflow: hidden; display: flex; flex-direction: column;'>\n<div style='padding: 15px; border-bottom: 1px solid rgba(150&comma; 150&comma; 150&comma; 0.2); font-weight: bold; font-size: 18px; color: inherit;'>Especificaciones<\/div>\n<div style='padding: 15px; color: inherit;'>\n<ul style='padding-left: 20px; margin: 0; font-size: 14px; list-style-type: disc;'>\n<li style='margin-bottom: 5px;'><strong>Aplicaci\u00f3n:<\/strong> Corta cables BX&comma; hojas de metal&comma; flejes de acero y rollos de cable<\/li>\n<li style='margin-bottom: 5px;'><strong>Color del mango:<\/strong> Rojo<\/li>\n<li style='margin-bottom: 5px;'><strong>Longitud total:<\/strong> 7.625&#8242; (19.4 cm)<\/li>\n<li style='margin-bottom: 5px;'><strong>Peso:<\/strong> 272 g (9.6 oz)<\/li>\n<\/ul><\/div>\n<\/p><\/div>\n<\/p><\/div>\n<hr style='border: 0; border-top: 1px solid rgba(150&comma; 150&comma; 150&comma; 0.3); margin: 30px 0;'> <\/div>\n","protected":false},"excerpt":{"rendered":"<p>Pinzas multiusos y cortador multicable de cables BX.<\/p>\n","protected":false},"featured_media":104874,"comment_status":"open","ping_status":"closed","template":"","meta":[],"product_brand":[],"product_cat":[1138],"product_tag":[1058,1139,432],"class_list":{"0":"post-104875","1":"product","2":"type-product","3":"status-publish","4":"has-post-thumbnail","6":"product_cat-herramientas-mecanicas","7":"product_tag-ferreteria","8":"product_tag-herramientas-mecanicas","9":"product_tag-klein-tools","11":"first","12":"outofstock","13":"sale","14":"shipping-taxable","15":"purchasable","16":"product-type-simple"},"_links":{"self":[{"href":"https:\/\/soydeaqui.ddns.net\/pachuca\/index.php\/wp-json\/wp\/v2\/product\/104875","targetHints":{"allow":["GET"]}}],"collection":[{"href":"https:\/\/soydeaqui.ddns.net\/pachuca\/index.php\/wp-json\/wp\/v2\/product"}],"about":[{"href":"https:\/\/soydeaqui.ddns.net\/pachuca\/index.php\/wp-json\/wp\/v2\/types\/product"}],"replies":[{"embeddable":true,"href":"https:\/\/soydeaqui.ddns.net\/pachuca\/index.php\/wp-json\/wp\/v2\/comments?post=104875"}],"wp:featuredmedia":[{"embeddable":true,"href":"https:\/\/soydeaqui.ddns.net\/pachuca\/index.php\/wp-json\/wp\/v2\/media\/104874"}],"wp:attachment":[{"href":"https:\/\/soydeaqui.ddns.net\/pachuca\/index.php\/wp-json\/wp\/v2\/media?parent=104875"}],"wp:term":[{"taxonomy":"product_brand","embeddable":true,"href":"https:\/\/soydeaqui.ddns.net\/pachuca\/index.php\/wp-json\/wp\/v2\/product_brand?post=104875"},{"taxonomy":"product_cat","embeddable":true,"href":"https:\/\/soydeaqui.ddns.net\/pachuca\/index.php\/wp-json\/wp\/v2\/product_cat?post=104875"},{"taxonomy":"product_tag","embeddable":true,"href":"https:\/\/soydeaqui.ddns.net\/pachuca\/index.php\/wp-json\/wp\/v2\/product_tag?post=104875"}],"curies":[{"name":"wp","href":"https:\/\/api.w.org\/{rel}","templated":true}]}}