{"id":104840,"date":"2026-03-20T14:53:40","date_gmt":"2026-03-20T14:53:40","guid":{"rendered":"https:\/\/soydeaqui.ddns.net\/pachuca\/index.php\/producto\/bala-ip-4-megapixel-lente-mot-4-7-a-118-mm-25x-zoom-optico-wdr-140-db-ip67-ik10-200-mts-ir-exir-2-entradas-y-2-salidas-de-alarma-onvif-profile-s-g-t-m-micro-sd-hasta-1-tb\/"},"modified":"2026-03-20T14:53:56","modified_gmt":"2026-03-20T14:53:56","slug":"bala-ip-4-megapixel-lente-mot-4-7-a-118-mm-25x-zoom-optico-wdr-140-db-ip67-ik10-200-mts-ir-exir-2-entradas-y-2-salidas-de-alarma-onvif-profile-s-g-t-m-micro-sd-hasta-1-tb","status":"publish","type":"product","link":"https:\/\/soydeaqui.ddns.net\/pachuca\/index.php\/producto\/bala-ip-4-megapixel-lente-mot-4-7-a-118-mm-25x-zoom-optico-wdr-140-db-ip67-ik10-200-mts-ir-exir-2-entradas-y-2-salidas-de-alarma-onvif-profile-s-g-t-m-micro-sd-hasta-1-tb\/","title":{"rendered":"Bala IP 4 Megapixel \/ Lente Mot. 4.7 a 118 mm \/ 25X Zoom \u00d3ptico \/ WDR 140 dB \/ IP67 \/ IK10 \/ 200 mts IR EXIR \/ 2 Entradas y 2 Salidas de Alarma \/ ONVIF (Profile S\/G\/T\/M) \/ Micro SD hasta 1 TB"},"content":{"rendered":"<div style='width: 100%; max-width: 1200px; margin: 0 auto; font-family: sans-serif; line-height: 1.6; color: inherit; background-color: transparent;'>\n<p style='text-align: center; margin: 20px 0;'> <img style='width: 100%; max-width: 500px; height: auto; border: 1px solid rgba(150&comma;150&comma;150&comma;0.3); border-radius: 8px;' src='https:\/\/ftp3.syscom.mx\/usuarios\/jsosa\/HIKVISION\/imagenes\/logo\/hikvision%20see%20far.png' alt='Logo Hikvision'> <\/p>\n<div style='display: flex; flex-wrap: wrap; gap: 30px; margin-bottom: 30px;'>\n<div style='flex: 1 1 300px; min-width: 280px;'>\n<h3 style='font-size: 22px; border-bottom: 2px solid currentColor; padding-bottom: 5px; margin-top: 0; color: inherit; opacity: 0.8;'>Caracter\u00edsticas Principales<\/h3>\n<ul style='padding-left: 20px; font-size: 15px; color: inherit;'>\n<li style='margin-bottom: 5px;'>Compresi\u00f3n de video: H.265+\/H.265\/H.264+\/H.264. Sub-stream: H.265\/H.264\/MJPEG.<\/li>\n<li style='margin-bottom: 5px;'>Lente Motorizado: 4.7 a 118 mm (58\u00b0 a 2.8\u00b0).<\/li>\n<li style='margin-bottom: 5px;'>Velocidad del shutter: 1 s a 1\/30&comma;000 s.<\/li>\n<li style='margin-bottom: 5px;'>Iluminaci\u00f3n m\u00ednima: 0.009 Lux @(F1.6&comma;AGC ON).<\/li>\n<li style='margin-bottom: 5px;'>Distancia de IR: 200 mts IR EXIR.<\/li>\n<li style='margin-bottom: 5px;'>Resoluci\u00f3n m\u00e1xima: 60 Hz: 60 fps (2560 \u00d7 1440&comma; 1920 \u00d7 1080&comma; 1280 \u00d7 720).<\/li>\n<li style='margin-bottom: 5px;'>Funciones: WDR real 140 dB \/ BLC \/ HLC \/ 3D DNR \/ Defog \/ EIS.<\/li>\n<li style='margin-bottom: 5px;'>Protocolos: ONVIF (PROFILE S&comma; PROFILE G&comma; PROFILE T&comma; PROFILE M) \/ ISAPI \/ SDK \/ ISUP<\/li>\n<\/ul><\/div>\n<div style='flex: 1 1 300px; min-width: 280px;'>\n<h3 style='font-size: 22px; border-bottom: 2px solid currentColor; padding-bottom: 5px; margin-top: 0; color: inherit; opacity: 0.8;'>Entradas y Salidas de Audio \/ Alarmas \/ Red \/ Almacenamiento<\/h3>\n<ul style='padding-left: 20px; font-size: 15px; color: inherit;'>\n<li style='margin-bottom: 5px;'>Entradas de alarma: 2.<\/li>\n<li style='margin-bottom: 5px;'>Salidas de alarma: 2 (max. 24VDC&comma; 1 A).<\/li>\n<li style='margin-bottom: 5px;'>Entradas de audio: 1.<\/li>\n<li style='margin-bottom: 5px;'>Salidas de audio: 1.<\/li>\n<li style='margin-bottom: 5px;'>Soporta memoria micro SD hasta 1 TB (no incluida).<\/li>\n<li style='margin-bottom: 5px;'>Puerto de red: 1 (10 \/ 100 \/ 1000 Mbps \/ PoE 802.3at).<\/li>\n<\/ul>\n<h3 style='font-size: 22px; border-bottom: 2px solid currentColor; padding-bottom: 5px; margin-top: 25px; color: inherit; opacity: 0.8;'>Caracter\u00edsticas F\u00edsicas y El\u00e9ctricas<\/h3>\n<ul style='padding-left: 20px; font-size: 15px; color: inherit;'>\n<li style='margin-bottom: 5px;'>Dimensiones: \u00d8144.1 \u00d7 375.2 mm<\/li>\n<li style='margin-bottom: 5px;'>Consumo \/ alimentaci\u00f3n: 12 VDC \u00b1 20%&comma; 1.02 A&comma; max. 12.22 W. PoE: IEEE 802.3at&comma; max. 10.50 W.<\/li>\n<li style='margin-bottom: 5px;'>Protecci\u00f3n: IP67 (Interior \/ Exterior).<\/li>\n<li style='margin-bottom: 5px;'>Antivand\u00e1lico: IK10.<\/li>\n<li style='margin-bottom: 5px;'>Peso: 2130 gramos.<\/li>\n<\/ul>\n<h3 style='font-size: 22px; border-bottom: 2px solid currentColor; padding-bottom: 5px; margin-top: 25px; color: inherit; opacity: 0.8;'>Accesorios Compatibles<\/h3>\n<ul style='padding-left: 20px; font-size: 15px; color: inherit;'>\n<li style='margin-bottom: 5px;'>Consulte la ficha t\u00e9cnica para validar los accesorios compatibles&comma; de clic <a href='https:\/\/ftp3.syscom.mx\/usuarios\/roberto.espino\/Specs\/Modelos%2006-25%20-%2007-25\/Especificaciones%20Tecnicas%20iDS-2CD7A45G0-IZHSY_20231121.pdf?_gl=1*1tjoo48*_gcl_au*MTc3NjMxMDk4MS4xNzUwMTgxMDMx' target='_blank' rel='noopener' style='color: inherit; text-decoration: underline;'>Aqu\u00ed<\/a><\/li>\n<\/ul><\/div>\n<\/p><\/div>\n<div style='margin-bottom: 30px;'>\n<h3 style='font-size: 22px; border-bottom: 2px solid currentColor; padding-bottom: 5px; margin-top: 0; color: inherit; opacity: 0.8;'>Caracter\u00edsticas Destacadas<\/h3>\n<div style='display: flex; flex-direction: column; gap: 15px; font-size: 15px;'>\n<div style='border: 1px solid rgba(150&comma;150&comma;150&comma;0.4); border-radius: 8px; padding: 15px; color: inherit;'> <strong>Reconocimiento Facial.<\/strong> Con algoritmos integrados basados en aprendizaje profundo&comma; la c\u00e1mara puede detectar hasta 120 caras simult\u00e1neamente&comma; capturar hasta 40 caras por frame y extraer 7 caracter\u00edsticas faciales. Utiliza la funci\u00f3n de exposici\u00f3n de la cara para ajustar din\u00e1micamente la exposici\u00f3n del \u00e1rea de la cara de las capturas y garantiza una alta calidad de imagen de la cara. <\/div>\n<div style='border: 1px solid rgba(150&comma;150&comma;150&comma;0.4); border-radius: 8px; padding: 15px; color: inherit;'> <strong>Protecci\u00f3n Perimetral.<\/strong> Con algoritmos integrados de clasificaci\u00f3n y detecci\u00f3n de objetivos basados en aprendizaje profundo&comma; la c\u00e1mara lleva a cabo la funci\u00f3n de protecci\u00f3n del per\u00edmetro&comma; monitoreando las acciones de cruce de l\u00ednea&comma; intrusi\u00f3n&comma; entrada de regi\u00f3n y salida de regi\u00f3n. Los algoritmos filtran en gran medida la alarma err\u00f3nea causada por la interferencia de hojas&comma; luces&comma; animales&comma; banderas&comma; etc. <\/div>\n<div style='border: 1px solid rgba(150&comma;150&comma;150&comma;0.4); border-radius: 8px; padding: 15px; color: inherit;'> <strong>Reconocimiento de Multi-objetivos.<\/strong> Con los algoritmos de aprendizaje profundo integrados&comma; la c\u00e1mara detecta y captura el rostro (7 caracter\u00edsticas)&comma; el cuerpo humano (13 caracter\u00edsticas) y el veh\u00edculo (2 caracter\u00edsticas) en la regi\u00f3n especificada. <\/div>\n<\/p><\/div>\n<\/p><\/div>\n<hr style='border: 0; border-top: 1px solid rgba(150&comma;150&comma;150&comma;0.3); margin: 30px 0;'>\n<p style='text-align: center; margin: 20px 0;'> <img style='width: 100%; max-width: 1200px; height: auto; border: 1px solid rgba(150&comma;150&comma;150&comma;0.3); border-radius: 8px;' src='https:\/\/ftp3.syscom.mx\/usuarios\/jsosa\/HIKVISION\/imagenes\/banners\/solution%20complete.png' alt='Soluci\u00f3n Completa'> <\/p>\n<\/p><\/div>\n","protected":false},"excerpt":{"rendered":"<p>Bala IP 4 Megapixel \/ Lente Mot. 4.7 a 118 mm \/ 25X Zoom \u00d3ptico \/ WDR 140 dB \/ IP67 \/ IK10 \/ 200 mts IR EXIR \/ 2 Entradas y 2 Salidas de Alarma \/ ONVIF (Profile S\/G\/T\/M) \/ Micro SD hasta 1 TB<\/p>\n","protected":false},"featured_media":104839,"comment_status":"open","ping_status":"closed","template":"","meta":[],"product_brand":[],"product_cat":[438],"product_tag":[439,122,54],"class_list":{"0":"post-104840","1":"product","2":"type-product","3":"status-publish","4":"has-post-thumbnail","6":"product_cat-bala","7":"product_tag-bala","8":"product_tag-camaras-ip-y-nvrs","9":"product_tag-hikvision","11":"first","12":"outofstock","13":"sale","14":"shipping-taxable","15":"purchasable","16":"product-type-simple"},"_links":{"self":[{"href":"https:\/\/soydeaqui.ddns.net\/pachuca\/index.php\/wp-json\/wp\/v2\/product\/104840","targetHints":{"allow":["GET"]}}],"collection":[{"href":"https:\/\/soydeaqui.ddns.net\/pachuca\/index.php\/wp-json\/wp\/v2\/product"}],"about":[{"href":"https:\/\/soydeaqui.ddns.net\/pachuca\/index.php\/wp-json\/wp\/v2\/types\/product"}],"replies":[{"embeddable":true,"href":"https:\/\/soydeaqui.ddns.net\/pachuca\/index.php\/wp-json\/wp\/v2\/comments?post=104840"}],"wp:featuredmedia":[{"embeddable":true,"href":"https:\/\/soydeaqui.ddns.net\/pachuca\/index.php\/wp-json\/wp\/v2\/media\/104839"}],"wp:attachment":[{"href":"https:\/\/soydeaqui.ddns.net\/pachuca\/index.php\/wp-json\/wp\/v2\/media?parent=104840"}],"wp:term":[{"taxonomy":"product_brand","embeddable":true,"href":"https:\/\/soydeaqui.ddns.net\/pachuca\/index.php\/wp-json\/wp\/v2\/product_brand?post=104840"},{"taxonomy":"product_cat","embeddable":true,"href":"https:\/\/soydeaqui.ddns.net\/pachuca\/index.php\/wp-json\/wp\/v2\/product_cat?post=104840"},{"taxonomy":"product_tag","embeddable":true,"href":"https:\/\/soydeaqui.ddns.net\/pachuca\/index.php\/wp-json\/wp\/v2\/product_tag?post=104840"}],"curies":[{"name":"wp","href":"https:\/\/api.w.org\/{rel}","templated":true}]}}