{"id":104798,"date":"2026-03-20T14:51:30","date_gmt":"2026-03-20T14:51:30","guid":{"rendered":"https:\/\/soydeaqui.ddns.net\/pachuca\/index.php\/producto\/montaje-de-esquina-con-caja-de-conexion-para-domos-ptz-epcom-y-hikvision-fabricado-con-aleacion-de-aluminio-y-acero\/"},"modified":"2026-03-20T14:51:45","modified_gmt":"2026-03-20T14:51:45","slug":"montaje-de-esquina-con-caja-de-conexion-para-domos-ptz-epcom-y-hikvision-fabricado-con-aleacion-de-aluminio-y-acero","status":"publish","type":"product","link":"https:\/\/soydeaqui.ddns.net\/pachuca\/index.php\/producto\/montaje-de-esquina-con-caja-de-conexion-para-domos-ptz-epcom-y-hikvision-fabricado-con-aleacion-de-aluminio-y-acero\/","title":{"rendered":"Montaje de Esquina con Caja de Conexi\u00f3n para Domos PTZ epcom y HIKVISION \/ Fabricado con Aleaci\u00f3n de Aluminio y Acero"},"content":{"rendered":"<div style='width: 100%; max-width: 1200px; margin: 0 auto; font-family: sans-serif; line-height: 1.6; color: inherit; background-color: transparent;'> <!-- Logo Hikvision --> <\/p>\n<p style='text-align: center; margin: 20px 0;'> <img style='width: 45%; height: auto; border: 1px solid rgba(150&comma;150&comma;150&comma;0.3); border-radius: 8px;' src='https:\/\/ftp3.syscom.mx\/usuarios\/jsosa\/HIKVISION\/imagenes\/logo\/hikvision%20see%20far.png' alt='Logo Hikvision'> <\/p>\n<p> <!-- Informaci\u00f3n general --> <\/p>\n<div style='display: flex; flex-wrap: wrap; gap: 30px; margin-bottom: 30px;'>\n<div style='flex: 1 1 300px; min-width: 280px;'>\n<h3 style='font-size: 22px; border-bottom: 2px solid currentColor; padding-bottom: 5px; margin-top: 0; color: inherit; opacity: 0.8;'>Caracter\u00edsticas Generales<\/h3>\n<ul style='padding-left: 20px; font-size: 15px; color: inherit;'>\n<li style='margin-bottom: 5px;'>Montaje de esquina compatible con todos los domos PTZ Epcom y Hikvision<\/li>\n<li style='margin-bottom: 5px;'>Fabricado en aleaci\u00f3n de aluminio y acero<\/li>\n<li style='margin-bottom: 5px;'>Acabado: Blanco Hikvision<\/li>\n<li style='margin-bottom: 5px;'>Peso: 6.2 Kg (13.67 lb)<\/li>\n<li style='margin-bottom: 5px;'>Dimensiones: 542.5 mm \u00d7 255.5 mm \u00d7 200 mm (21.36&#8242; \u00d7 10.06&#8242; \u00d7 7.87&#8242;)<\/li>\n<\/ul><\/div>\n<p> <!-- Especificaciones t\u00e9cnicas --> <\/p>\n<div style='flex: 1 1 300px; min-width: 280px;'>\n<h3 style='font-size: 22px; border-bottom: 2px solid currentColor; padding-bottom: 5px; margin-top: 0; color: inherit; opacity: 0.8;'>Especificaciones T\u00e9cnicas<\/h3>\n<ul style='padding-left: 20px; font-size: 15px; color: inherit;'>\n<li style='margin-bottom: 5px;'>Material: Aleaci\u00f3n de aluminio y acero con tratamiento superficial<\/li>\n<li style='margin-bottom: 5px;'>Capacidad de carga m\u00e1xima: 10 Kg (22 lb)<\/li>\n<li style='margin-bottom: 5px;'>Configuraci\u00f3n de salidas: Salida inferior y salida posterior<\/li>\n<li style='margin-bottom: 5px;'>Espacio para adaptador de corriente (AC 24 V&comma; 3 A) en la caja de conexiones<\/li>\n<li style='margin-bottom: 5px;'>Incluye gancho para cuerda de seguridad<\/li>\n<\/ul><\/div>\n<\/p><\/div>\n<p> <!-- Notas importantes --> <\/p>\n<div style='display: flex; flex-wrap: wrap; gap: 30px; margin-bottom: 30px;'>\n<div style='flex: 1 1 300px; min-width: 280px;'>\n<h3 style='font-size: 22px; border-bottom: 2px solid currentColor; padding-bottom: 5px; margin-top: 0; color: inherit; opacity: 0.8;'>Notas de Instalaci\u00f3n<\/h3>\n<ul style='padding-left: 20px; font-size: 15px; color: inherit;'>\n<li style='margin-bottom: 5px;'>El soporte debe instalarse en una superficie plana<\/li>\n<li style='margin-bottom: 5px;'>Es necesario utilizar juntas de goma para aplicaciones exteriores<\/li>\n<li style='margin-bottom: 5px;'>La pared debe soportar al menos 3 veces el peso total del domo y el soporte<\/li>\n<li style='margin-bottom: 5px;'>La capacidad m\u00e1xima de carga del soporte es de 10 Kg (22 lb)<\/li>\n<\/ul><\/div>\n<p> <!-- Dimensiones --> <\/p>\n<div style='flex: 1 1 300px; min-width: 280px;'>\n<h3 style='font-size: 22px; border-bottom: 2px solid currentColor; padding-bottom: 5px; margin-top: 0; color: inherit; opacity: 0.8;'>Dimensiones<\/h3>\n<div style='font-size: 15px; color: inherit;'>\n<p style='margin-bottom: 10px;'>542.5 mm \u00d7 255.5 mm \u00d7 200 mm<\/p>\n<p style='margin-bottom: 10px;'>(21.36&#8242; \u00d7 10.06&#8242; \u00d7 7.87&#8242;)<\/p>\n<p style='margin-bottom: 10px;'>Altura: 200 mm (7.87&#8242;)<\/p>\n<p style='margin-bottom: 10px;'>Ancho: 542.5 mm (21.36&#8242;)<\/p>\n<p style='margin-bottom: 10px;'>Profundidad: 255.5 mm (10.06&#8242;)<\/p>\n<\/p><\/div>\n<\/p><\/div>\n<\/p><\/div>\n<p> <!-- Banner Hikvision --> <\/p>\n<p style='text-align: center; margin: 30px 0;'> <img style='width: 100%; height: auto; border: 1px solid rgba(150&comma;150&comma;150&comma;0.3); border-radius: 8px;' src='https:\/\/ftp3.syscom.mx\/usuarios\/fcarrillo\/Hikvision\/Imagenes\/solution-banner-2021.png' alt='Banner Hikvision'> <\/p>\n<\/p><\/div>\n","protected":false},"excerpt":{"rendered":"<p>Montaje de Esquina con Caja de Conexi\u00f3n para Domos PTZ epcom y HIKVISION \/ Fabricado con Aleaci\u00f3n de Aluminio y Acero<\/p>\n","protected":false},"featured_media":104797,"comment_status":"open","ping_status":"closed","template":"","meta":[],"product_brand":[],"product_cat":[416],"product_tag":[417,54,418],"class_list":{"0":"post-104798","1":"product","2":"type-product","3":"status-publish","4":"has-post-thumbnail","6":"product_cat-montajes-y-brackets-para-camaras","7":"product_tag-accesorios-generales","8":"product_tag-hikvision","9":"product_tag-montajes-y-brackets-para-camaras","11":"first","12":"instock","13":"sale","14":"shipping-taxable","15":"purchasable","16":"product-type-simple"},"_links":{"self":[{"href":"https:\/\/soydeaqui.ddns.net\/pachuca\/index.php\/wp-json\/wp\/v2\/product\/104798","targetHints":{"allow":["GET"]}}],"collection":[{"href":"https:\/\/soydeaqui.ddns.net\/pachuca\/index.php\/wp-json\/wp\/v2\/product"}],"about":[{"href":"https:\/\/soydeaqui.ddns.net\/pachuca\/index.php\/wp-json\/wp\/v2\/types\/product"}],"replies":[{"embeddable":true,"href":"https:\/\/soydeaqui.ddns.net\/pachuca\/index.php\/wp-json\/wp\/v2\/comments?post=104798"}],"wp:featuredmedia":[{"embeddable":true,"href":"https:\/\/soydeaqui.ddns.net\/pachuca\/index.php\/wp-json\/wp\/v2\/media\/104797"}],"wp:attachment":[{"href":"https:\/\/soydeaqui.ddns.net\/pachuca\/index.php\/wp-json\/wp\/v2\/media?parent=104798"}],"wp:term":[{"taxonomy":"product_brand","embeddable":true,"href":"https:\/\/soydeaqui.ddns.net\/pachuca\/index.php\/wp-json\/wp\/v2\/product_brand?post=104798"},{"taxonomy":"product_cat","embeddable":true,"href":"https:\/\/soydeaqui.ddns.net\/pachuca\/index.php\/wp-json\/wp\/v2\/product_cat?post=104798"},{"taxonomy":"product_tag","embeddable":true,"href":"https:\/\/soydeaqui.ddns.net\/pachuca\/index.php\/wp-json\/wp\/v2\/product_tag?post=104798"}],"curies":[{"name":"wp","href":"https:\/\/api.w.org\/{rel}","templated":true}]}}