{"id":104785,"date":"2026-03-20T14:50:53","date_gmt":"2026-03-20T14:50:53","guid":{"rendered":"https:\/\/soydeaqui.ddns.net\/pachuca\/index.php\/producto\/videoportero-sip-teclado-y-lector-de-tarjeta-notificacion-app-notificacion-llamada-telefonica-configuracion-en-la-nube-poe-ip65-camara-de-2-mp-nfc-pin-temporal-para-visitas-control\/"},"modified":"2026-03-20T14:51:00","modified_gmt":"2026-03-20T14:51:00","slug":"videoportero-sip-teclado-y-lector-de-tarjeta-notificacion-app-notificacion-llamada-telefonica-configuracion-en-la-nube-poe-ip65-camara-de-2-mp-nfc-pin-temporal-para-visitas-control","status":"publish","type":"product","link":"https:\/\/soydeaqui.ddns.net\/pachuca\/index.php\/producto\/videoportero-sip-teclado-y-lector-de-tarjeta-notificacion-app-notificacion-llamada-telefonica-configuracion-en-la-nube-poe-ip65-camara-de-2-mp-nfc-pin-temporal-para-visitas-control\/","title":{"rendered":"Videoportero SIP \/ Teclado y Lector de Tarjeta \/ Notificaci\u00f3n App \/ Notificaci\u00f3n Llamada Telef\u00f3nica \/ Configuraci\u00f3n en la Nube \/ POE \/ IP65 \/ C\u00e1mara de 2 MP \/ NFC \/ PIN Temporal para Visitas \/ Control de 2 Puertas"},"content":{"rendered":"<div style='width: 100%; max-width: 1200px; margin: 0 auto; font-family: sans-serif; line-height: 1.6; color: inherit; background-color: transparent;'> <!-- Banner --> <\/p>\n<div style='background: linear-gradient(55deg&comma; #CCD0FA 0%&comma; #0212AA 100%); border-bottom: 6px solid #0212AA; border-left: 6px solid #CCD0FA; border-right: 6px solid #0212AA; padding: 20px; text-align: center;'> <img style='width: 100%; max-width: 450px; height: auto; border: 1px solid rgba(150&comma;150&comma;150&comma;0.3); border-radius: 8px; margin-bottom: 8px;' src='https:\/\/shop.domo-supply.com\/img\/m\/126.jpg' alt='Banner'> <\/p>\n<h2 style='color: inherit; font-size: 24px; margin: 0;'> <span style='font-family: Franklin Gothic;'>Frente de calle \/ Programaci\u00f3n en la nube\/ Notificaci\u00f3n a app celular \/ Notificaci\u00f3n por llamada telef\u00f3nica \/ SIP \/ IP65 \/NFC\/ ONVIF \/ Lector RFID \/ POE \/ PIN Temporal para Visitas<\/span> <\/h2>\n<\/p><\/div>\n<p> <!-- Videos --> <\/p>\n<div style='display: flex; flex-wrap: wrap; gap: 15px; margin: 30px 0;'>\n<div style='flex: 1 1 300px; min-width: 280px;'>\n<div style='position: relative; padding-bottom: 56.25%; height: 0; overflow: hidden;'>   <\/div>\n<\/p><\/div>\n<div style='flex: 1 1 300px; min-width: 280px;'>\n<div style='position: relative; padding-bottom: 56.25%; height: 0; overflow: hidden;'>   <\/div>\n<\/p><\/div>\n<div style='flex: 1 1 300px; min-width: 280px;'>\n<div style='position: relative; padding-bottom: 56.25%; height: 0; overflow: hidden;'>   <\/div>\n<\/p><\/div>\n<\/p><\/div>\n<p> <!-- Secciones de contenido --> <\/p>\n<div style='display: flex; flex-wrap: wrap; gap: 30px; margin-bottom: 30px;'>\n<div style='flex: 1 1 300px; min-width: 280px;'>\n<h3 style='font-size: 22px; border-bottom: 2px solid currentColor; padding-bottom: 5px; margin-top: 0; color: inherit; opacity: 0.8;'>Gesti\u00f3n 100% en la nube<\/h3>\n<p style='font-size: 15px; color: inherit; margin-top: 15px; margin-bottom: 15px;'>Akuvox Cloud es una plataforma en la nube que permite la gesti\u00f3n y configuraci\u00f3n de los equipos Akuvox para sistemas de videportero y control de acceso facilitando la instalaci\u00f3n y administraci\u00f3n.<\/p>\n<p style='font-size: 15px; color: inherit; margin-top: 15px; margin-bottom: 15px;'>La APP Smart Plus para Android y iOS permite la comunicaci\u00f3n de los usuarios con sus visitas&comma; gesti\u00f3n de pases temporales para visitantes&comma; control de acceso de las puertas&comma; gesti\u00f3n de sus propias credenciales de acceso&comma; transmisi\u00f3n en vivo de video entre muchas funciones m\u00e1s.<\/p>\n<p> <img style='width: 100%; height: auto; border: 1px solid rgba(150&comma;150&comma;150&comma;0.3); border-radius: 8px; margin-top: 15px;' src='https:\/\/ftp3.syscom.mx\/usuarios\/hsanchez\/Akuvox\/APP%20y%20CLOUD.png' alt='APP y Cloud'> <\/div>\n<div style='flex: 1 1 300px; min-width: 280px;'>\n<h3 style='font-size: 22px; border-bottom: 2px solid currentColor; padding-bottom: 5px; margin-top: 0; color: inherit; opacity: 0.8;'>\u00bfQu\u00e9 es Akuvox?<\/h3>\n<h4 style='font-size: 18px; margin-top: 15px; color: inherit;'>Pionero de Smart Intercom<\/h4>\n<p style='font-size: 15px; color: inherit; margin-top: 15px; margin-bottom: 15px;'>Akuvox es una marca l\u00edder mundial de productos y soluciones Smart Intercom&comma; ofreciendo el poder de las tecnolog\u00edas para mejorar la vida de las personas con una mejor comunicaci\u00f3n&comma; mayor seguridad y mayor comodidad.<\/p>\n<p style='font-size: 15px; color: inherit; margin-top: 15px; margin-bottom: 15px;'>Al abarcar la inteligencia artificial&comma; SIP&comma; Android&comma; la nube&comma; la seguridad y otras tecnolog\u00edas avanzadas&comma; impulsamos continuamente cambios innovadores en la industria y ofrecemos de manera creativa una cartera inigualable de productos y soluciones de intercomunicaci\u00f3n inteligente.<\/p>\n<p> <img style='width: 100%; height: auto; border: 1px solid rgba(150&comma;150&comma;150&comma;0.3); border-radius: 8px; margin-top: 15px;' src='https:\/\/ftp3.syscom.mx\/usuarios\/hsanchez\/Akuvox\/Akuvox%20logo%20%28blue%29-20180329.png' alt='Logo Akuvox'> <\/div>\n<div style='flex: 1 1 300px; min-width: 280px;'>\n<h3 style='font-size: 22px; border-bottom: 2px solid currentColor; padding-bottom: 5px; margin-top: 0; color: inherit; opacity: 0.8;'>Escensario de aplicaci\u00f3n<\/h3>\n<h4 style='font-size: 18px; margin-top: 15px; color: inherit;'>Uso multiapartamento&comma; residencial o corporativo<\/h4>\n<ul style='padding-left: 20px; font-size: 15px; color: inherit; list-style-type: disc;'>\n<li style='margin-bottom: 5px;'>Videoportero para oficinas con los sistemas IP PBX en sitio o alojados<\/li>\n<li style='margin-bottom: 5px;'>Configuraci\u00f3n y gesti\u00f3n de entrada remota a trav\u00e9s de Internet<\/li>\n<li style='margin-bottom: 5px;'>Intercomunicador para apartamentos o pisos con control de acceso<\/li>\n<li style='margin-bottom: 5px;'>Informaci\u00f3n comercial o una experiencia de bienvenida para los invitados.<\/li>\n<\/ul>\n<p> <img style='width: 100%; height: auto; border: 1px solid rgba(150&comma;150&comma;150&comma;0.3); border-radius: 8px; margin-top: 15px;' src='https:\/\/ftp3.syscom.mx\/usuarios\/hsanchez\/Akuvox\/aplicacion.jpg' alt='Escenario de aplicaci\u00f3n'> <\/div>\n<div style='flex: 1 1 300px; min-width: 280px;'>\n<h3 style='font-size: 22px; border-bottom: 2px solid currentColor; padding-bottom: 5px; margin-top: 0; color: inherit; opacity: 0.8;'>Caracter\u00edsticas f\u00edsicas y el\u00e9ctricas de R20KSIP<\/h3>\n<h4 style='font-size: 18px; margin-top: 15px; color: inherit;'>Caracter\u00edsticas principales<\/h4>\n<ul style='padding-left: 20px; font-size: 15px; color: inherit; list-style-type: disc;'>\n<li style='margin-bottom: 5px;'>Panel frontal: Aluminio<\/li>\n<li style='margin-bottom: 5px;'>C\u00e1mara: 2MP<\/li>\n<li style='margin-bottom: 5px;'>Teclado num\u00e9rico y funciones extra<\/li>\n<li style='margin-bottom: 5px;'>Sensor de iluminaci\u00f3n: Soportado<\/li>\n<li style='margin-bottom: 5px;'>Sensor infrarrojo: Soportado<\/li>\n<li style='margin-bottom: 5px;'>Puerto Wiegand: Soportado<\/li>\n<li style='margin-bottom: 5px;'>Puerto RS485: Soportado<\/li>\n<li style='margin-bottom: 5px;'>Lector de tarjetas: 13.56MHz (with NFC) &#038; 125kHz<\/li>\n<li style='margin-bottom: 5px;'>Salidas de relevador: 2<\/li>\n<li style='margin-bottom: 5px;'>Entradas: 2<\/li>\n<li style='margin-bottom: 5px;'>Microfono: -40dB<\/li>\n<li style='margin-bottom: 5px;'>Bocina: 4\u03a9 \/ 3W<\/li>\n<li style='margin-bottom: 5px;'>Puerto Ethernet: RJ45&comma; 10\/100Mbps adaptive<\/li>\n<li style='margin-bottom: 5px;'>802.3af Power-over-Ethernet<\/li>\n<li style='margin-bottom: 5px;'>Fuente 12 volts 2amp-24wtts de consumo (si no se utiliza PoE)<\/li>\n<li style='margin-bottom: 5px;'>Grado de protecci\u00f3n IP: IP65<\/li>\n<li style='margin-bottom: 5px;'>Instalaci\u00f3n: Montaje para empotrar o Montaje superficial<\/li>\n<li style='margin-bottom: 5px;'>Dimensiones para montaje para empotrar: 226x108x52mm<\/li>\n<li style='margin-bottom: 5px;'>Montaje superficial: 185x85x29mm<\/li>\n<li style='margin-bottom: 5px;'>Humedad de operaci\u00f3n: 10~90%<\/li>\n<li style='margin-bottom: 5px;'>Temperatura de operaci\u00f3n: -30\u00b0C ~ +65\u00b0C<\/li>\n<li style='margin-bottom: 5px;'>Temperatura de almacenamiento: -40\u00b0C ~ +70\u00b0C<\/li>\n<\/ul><\/div>\n<div style='flex: 1 1 300px; min-width: 280px;'>\n<h4 style='font-size: 18px; margin-top: 15px; color: inherit;'>Audio<\/h4>\n<ul style='padding-left: 20px; font-size: 15px; color: inherit; list-style-type: disc;'>\n<li style='margin-bottom: 5px;'>SIP v1 (RFC2543)&comma; SIP v2 (RFC3261)<\/li>\n<li style='margin-bottom: 5px;'>Narrowband audio codec: G.711a&comma; G.711\u03bc&comma; G.729<\/li>\n<li style='margin-bottom: 5px;'>Broadband audio codec: G.722<\/li>\n<li style='margin-bottom: 5px;'>DTMF: In-band&comma; out-of-band DTMF (RFC2833)&comma; SIP Info<\/li>\n<li style='margin-bottom: 5px;'>Cancelaci\u00f3n de eco<\/li>\n<li style='margin-bottom: 5px;'>Activaci\u00f3n por detecci\u00f3n de Voz<\/li>\n<\/ul>\n<h4 style='font-size: 18px; margin-top: 15px; color: inherit;'>Video<\/h4>\n<ul style='padding-left: 20px; font-size: 15px; color: inherit; list-style-type: disc;'>\n<li style='margin-bottom: 5px;'>Sensor: 1\/2.7&#8217;&comma; CMOS<\/li>\n<li style='margin-bottom: 5px;'>Pixeles: CIF&comma; QCIF&comma; VGA&comma; 4CIF&comma; 720p&comma; 1080p<\/li>\n<li style='margin-bottom: 5px;'>Video codec: H.264&comma; H.265<\/li>\n<li style='margin-bottom: 5px;'>Resoluci\u00f3n de video: hasta 1920&#215;1080<\/li>\n<li style='margin-bottom: 5px;'>Rango m\u00e1ximo de transferencia de imagen: 1080p \u2013 25fps<\/li>\n<li style='margin-bottom: 5px;'>\u00c1ngulo de visi\u00f3n: 110\u00b0(H) \/ 58\u00b0(V)<\/li>\n<li style='margin-bottom: 5px;'>LED&#8217;s Infrarrojos de alta intensidad<\/li>\n<li style='margin-bottom: 5px;'>Compatible con sistemas de videovigilancia de terceros<\/li>\n<\/ul><\/div>\n<div style='flex: 1 1 300px; min-width: 280px;'>\n<h4 style='font-size: 18px; margin-top: 15px; color: inherit;'>Funciones de control de acceso<\/h4>\n<ul style='padding-left: 20px; font-size: 15px; color: inherit; list-style-type: disc;'>\n<li style='margin-bottom: 5px;'>Relevadores controlables individualmente a trav\u00e9s de tonos DTMF<\/li>\n<li style='margin-bottom: 5px;'>Modo nocturno autom\u00e1tico<\/li>\n<li style='margin-bottom: 5px;'>Balance de blancos: autom\u00e1tico<\/li>\n<li style='margin-bottom: 5px;'>Iluminaci\u00f3n m\u00ednima: 0.1LUX<\/li>\n<\/ul>\n<h4 style='font-size: 18px; margin-top: 15px; color: inherit;'>Red &#038; Protocolos<\/h4>\n<ul style='padding-left: 20px; font-size: 15px; color: inherit; list-style-type: disc;'>\n<li style='margin-bottom: 5px;'>Protocolos soportados: IPv4&comma; HTTP&comma; HTTPS&comma; FTP&comma; SNMP&comma; DNS&comma; NTP&comma; RTSP&comma; RTP&comma; TCP&comma; UDP&comma; ICMP&comma; DHCP&comma; ARP<\/li>\n<\/ul>\n<h4 style='font-size: 18px; margin-top: 15px; color: inherit;'>Mantenimiento e instalaci\u00f3n<\/h4>\n<ul style='padding-left: 20px; font-size: 15px; color: inherit; list-style-type: disc;'>\n<li style='margin-bottom: 5px;'>Emparejamiento autom\u00e1tico<\/li>\n<li style='margin-bottom: 5px;'>Puerto de administraci\u00f3n WEB<\/li>\n<li style='margin-bottom: 5px;'>Configuraci\u00f3n Respaldo \/ Restauraci\u00f3n<\/li>\n<li style='margin-bottom: 5px;'>Historiales de apertura<\/li>\n<li style='margin-bottom: 5px;'>Tabla de acceso Exportar \/ Importar<\/li>\n<li style='margin-bottom: 5px;'>Actualizaci\u00f3n de Firmware<\/li>\n<li style='margin-bottom: 5px;'>Historiales del sistema<\/li>\n<\/ul><\/div>\n<div style='flex: 1 1 300px; min-width: 280px;'>\n<h4 style='font-size: 18px; margin-top: 15px; color: inherit;'>Escenarios de aplicaci\u00f3n<\/h4>\n<ul style='padding-left: 20px; font-size: 15px; color: inherit; list-style-type: disc;'>\n<li style='margin-bottom: 5px;'>Oficinas<\/li>\n<li style='margin-bottom: 5px;'>Lugares remotos a trav\u00e9s de Internet<\/li>\n<li style='margin-bottom: 5px;'>Departamentos<\/li>\n<\/ul>\n<h3 style='font-size: 22px; border-bottom: 2px solid currentColor; padding-bottom: 5px; margin-top: 30px; color: inherit; opacity: 0.8;'>\u00bfPor qu\u00e9 elegir Akuvox?<\/h3>\n<p style='font-size: 15px; color: inherit; margin-top: 15px; margin-bottom: 15px;'>Akuvox es la soluci\u00f3n ideal para su fraccionamiento&comma; edificio de apartamentos o edificios corporativos&comma; gracias a su gesti\u00f3n 100% en la nube ofrece una f\u00e1cil instalaci\u00f3n y administraci\u00f3n desde cualquier parte del mundo. Nunca ha sido tan f\u00e1cil y seguro gestionar el acceso a los residentes&comma; empleados o visitantes gracias a que es un dispositivo muy amigable junto con la App Smart Plus para iOS o Android.<\/p>\n<p style='font-size: 15px; color: inherit; margin-top: 15px; margin-bottom: 15px;'>Brindar la mejor soluci\u00f3n es posible con Akuvox gracias a su tecnolog\u00eda innovadora&comma; lleva al siguiente nivel tus instalaciones&comma; aumenta la plusval\u00eda y disminuye los costos de operaci\u00f3n gracias a Akuvox.<\/p>\n<p> <img style='width: 100%; height: auto; border: 1px solid rgba(150&comma;150&comma;150&comma;0.3); border-radius: 8px; margin-top: 15px;' src='https:\/\/ftp3.syscom.mx\/usuarios\/hsanchez\/Akuvox\/edificio.jpg' alt='Edificio'> <\/div>\n<\/p><\/div>\n<p> <!-- Im\u00e1genes adicionales --> <\/p>\n<div style='display: flex; flex-wrap: wrap; gap: 15px; margin: 30px 0;'> <img style='width: 100%; height: auto; border: 1px solid rgba(150&comma;150&comma;150&comma;0.3); border-radius: 8px;' src='https:\/\/www.akuvox.com\/uploads\/202109\/2021092715402914.png' alt=''> <img style='width: 100%; height: auto; border: 1px solid rgba(150&comma;150&comma;150&comma;0.3); border-radius: 8px;' src='https:\/\/www.akuvox.com\/uploads\/202012\/2020121714550231.jpg' alt=''> <img style='width: 100%; height: auto; border: 1px solid rgba(150&comma;150&comma;150&comma;0.3); border-radius: 8px;' src='https:\/\/www.akuvox.com\/uploads\/202012\/2020121714553746.jpg' alt=''> <img style='width: 100%; height: auto; border: 1px solid rgba(150&comma;150&comma;150&comma;0.3); border-radius: 8px;' src='https:\/\/www.akuvox.com\/uploads\/202012\/2020121714555170.jpg' alt=''> <\/div>\n<p> <!-- Caracter\u00edsticas principales --> <\/p>\n<div style='margin: 30px 0;'>\n<div style='padding: 15px; background-color: #282739; color: white; font-weight: bold; border-radius: 8px 8px 0 0;'> Caracter\u00edsticas principales del frente de calle R20KSIP <\/div>\n<div style='display: grid; grid-template-columns: repeat(auto-fill&comma; minmax(200px&comma; 1fr)); gap: 10px; border: 1px solid rgba(150&comma;150&comma;150&comma;0.3); border-top: none; padding: 15px; border-radius: 0 0 8px 8px;'>\n<div style='color: #000000;'>Frente de Calle Multi-apartamento<\/div>\n<div style='color: #000000;'>SIP<\/div>\n<div style='color: #000000;'>ONVIF<\/div>\n<div style='color: #000000;'>POE<\/div>\n<div style='color: #000000;'>IP65<\/div>\n<div style='color: #000000;'>Control de 2 Puertas<\/div>\n<div style='color: #000000;'>C\u00e1mara de 2 MP<\/div>\n<div style='color: #000000;'>Lector de Tarjeta MIFARE 13.56 MHz Y 125 KHz PROX EM<\/div>\n<div style='color: #000000;'>PIN para residentes<\/div>\n<div style='color: #000000;'>PIN Temporal para Visitas Generado desde la APP<\/div>\n<div style='color: #000000;'>Teclado N\u00famerico<\/div>\n<div style='color: #000000;'>Wiegand<\/div>\n<div style='color: #000000;'>Compatible con Estaci\u00f3n de Guardia <a href='https:\/\/www.syscom.mx\/producto\/akuvox-vpr49g-207514.html' style='color: #0000EE; text-decoration: underline;'>VPR49G<\/a><\/div>\n<div style='color: #000000;'>Interfaz Web<\/div>\n<div style='color: #000000;'>Gesti\u00f3n 100% en la Nube<\/div>\n<div style='color: #000000;'>NFC<\/div>\n<div style='color: #000000;'>DTMF<\/div>\n<\/p><\/div>\n<\/p><\/div>\n<p> <!-- Informaci\u00f3n adicional --> <\/p>\n<div style='margin: 30px 0;'>\n<div style='padding: 15px; background-color: #282739; color: white; font-weight: bold; border-radius: 8px 8px 0 0;'> \u00bfTe interesa obtener m\u00e1s informaci\u00f3n? <\/div>\n<div style='display: grid; grid-template-columns: 1fr; gap: 10px; border: 1px solid rgba(150&comma;150&comma;150&comma;0.3); border-top: none; padding: 15px; border-radius: 0 0 8px 8px;'>\n<div style='color: #000000;'>Para ver el curso grabado <a href='https:\/\/youtu.be\/vJuG_GRHYuY' style='color: #0000EE; text-decoration: underline;'>click aqu\u00ed<\/a><\/div>\n<div style='color: #000000;'>Para consultar una gu\u00eda de configuraciones <a href='https:\/\/soporte.syscom.mx\/es\/articles\/8202185-guia-akuvox-solucion-para-fraccionamientos-y-edificios-de-apartamentos' style='color: #0000EE; text-decoration: underline;'>click aqu\u00ed<\/a><\/div>\n<\/p><\/div>\n<\/p><\/div>\n<p> <!-- Requisitos de instalaci\u00f3n --> <\/p>\n<div style='margin: 30px 0;'>\n<div style='padding: 15px; background-color: #282739; color: white; font-weight: bold; border-radius: 8px 8px 0 0;'> \u00bfQu\u00e9 necesito para instalar dispositivos Akuvox? <\/div>\n<div style='display: flex; flex-direction: column; gap: 10px; border: 1px solid rgba(150&comma;150&comma;150&comma;0.3); border-top: none; padding: 15px; border-radius: 0 0 8px 8px;'>\n<div style='color: #000000;'> <strong>Cuenta de instalador en Akuvox Cloud<\/strong> para configuraci\u00f3n y administraci\u00f3n de los equipos y licencias. <a href='https:\/\/soporte.syscom.mx\/es\/articles\/6957756-crear-cuenta-de-instalador-akuvox-cloud' style='color: #0000EE; text-decoration: underline;'>Click aqu\u00ed para obtener una cuenta.<\/a> <\/div>\n<div style='color: #000000;'> <strong>Acceso a la red IP:<\/strong> Los equipos Akuvox funcionan en redes IP&comma; por lo que necesitar\u00e1s una red con acceso a internet y suficiente capacidad para manejar el tr\u00e1fico de datos. <\/div>\n<div style='color: #000000;'> <strong>Fuente de alimentaci\u00f3n:<\/strong> Verifica el tipo de alimentaci\u00f3n que requiere el dispositivo. Muchos equipos Akuvox se alimentan a trav\u00e9s de <strong>Power over Ethernet (PoE)<\/strong>. <\/div>\n<\/p><\/div>\n<\/p><\/div>\n<\/p><\/div>\n","protected":false},"excerpt":{"rendered":"<p>Videoportero SIP \/ Teclado y Lector de Tarjeta \/ Notificaci\u00f3n App \/ Notificaci\u00f3n Llamada Telef\u00f3nica \/ Configuraci\u00f3n en la Nube \/ POE \/ IP65 \/ C\u00e1mara de 2 MP \/ NFC \/ PIN Temporal para Visitas \/ Control de 2 Puertas<\/p>\n","protected":false},"featured_media":104784,"comment_status":"open","ping_status":"closed","template":"","meta":[],"product_brand":[],"product_cat":[894],"product_tag":[786,820,557],"class_list":{"0":"post-104785","1":"product","2":"type-product","3":"status-publish","4":"has-post-thumbnail","6":"product_cat-multiapartamentos-videoporteros-e-interfonos","7":"product_tag-akuvox","8":"product_tag-multiapartamentos","9":"product_tag-videoporteros-e-interfonos","11":"first","12":"instock","13":"sale","14":"shipping-taxable","15":"purchasable","16":"product-type-simple"},"_links":{"self":[{"href":"https:\/\/soydeaqui.ddns.net\/pachuca\/index.php\/wp-json\/wp\/v2\/product\/104785","targetHints":{"allow":["GET"]}}],"collection":[{"href":"https:\/\/soydeaqui.ddns.net\/pachuca\/index.php\/wp-json\/wp\/v2\/product"}],"about":[{"href":"https:\/\/soydeaqui.ddns.net\/pachuca\/index.php\/wp-json\/wp\/v2\/types\/product"}],"replies":[{"embeddable":true,"href":"https:\/\/soydeaqui.ddns.net\/pachuca\/index.php\/wp-json\/wp\/v2\/comments?post=104785"}],"wp:featuredmedia":[{"embeddable":true,"href":"https:\/\/soydeaqui.ddns.net\/pachuca\/index.php\/wp-json\/wp\/v2\/media\/104784"}],"wp:attachment":[{"href":"https:\/\/soydeaqui.ddns.net\/pachuca\/index.php\/wp-json\/wp\/v2\/media?parent=104785"}],"wp:term":[{"taxonomy":"product_brand","embeddable":true,"href":"https:\/\/soydeaqui.ddns.net\/pachuca\/index.php\/wp-json\/wp\/v2\/product_brand?post=104785"},{"taxonomy":"product_cat","embeddable":true,"href":"https:\/\/soydeaqui.ddns.net\/pachuca\/index.php\/wp-json\/wp\/v2\/product_cat?post=104785"},{"taxonomy":"product_tag","embeddable":true,"href":"https:\/\/soydeaqui.ddns.net\/pachuca\/index.php\/wp-json\/wp\/v2\/product_tag?post=104785"}],"curies":[{"name":"wp","href":"https:\/\/api.w.org\/{rel}","templated":true}]}}