{"id":104775,"date":"2026-03-20T14:50:23","date_gmt":"2026-03-20T14:50:23","guid":{"rendered":"https:\/\/soydeaqui.ddns.net\/pachuca\/index.php\/producto\/videoportero-de-1-boton-lector-de-tarjetas-mifare-y-prox-em-notificacion-a-app-100-en-la-nube-notificacion-por-llamada-telefonica-sip-onvif-ip65-camara-2mp-panel-de-aluminio-contro\/"},"modified":"2026-03-20T14:50:33","modified_gmt":"2026-03-20T14:50:33","slug":"videoportero-de-1-boton-lector-de-tarjetas-mifare-y-prox-em-notificacion-a-app-100-en-la-nube-notificacion-por-llamada-telefonica-sip-onvif-ip65-camara-2mp-panel-de-aluminio-contro","status":"publish","type":"product","link":"https:\/\/soydeaqui.ddns.net\/pachuca\/index.php\/producto\/videoportero-de-1-boton-lector-de-tarjetas-mifare-y-prox-em-notificacion-a-app-100-en-la-nube-notificacion-por-llamada-telefonica-sip-onvif-ip65-camara-2mp-panel-de-aluminio-contro\/","title":{"rendered":"Videoportero de 1 Bot\u00f3n \/ Lector de Tarjetas MIFARE y PROX EM \/ Notificaci\u00f3n a APP \/ 100% en la Nube \/ Notificaci\u00f3n por Llamada Telef\u00f3nica \/ SIP \/ ONVIF \/ IP65 \/ C\u00e1mara 2MP \/ Panel de Aluminio \/ Control de 2 Puertas"},"content":{"rendered":"<div style='width: 100%; max-width: 1200px; margin: 0 auto; font-family: sans-serif; line-height: 1.6; color: inherit; background-color: transparent;'> <!-- BANNER --> <\/p>\n<div style='background: linear-gradient(55deg&comma; #CCD0FA 0%&comma; #0212AA 100%); border-bottom: 6px solid #0212AA; border-left: 6px solid #CCD0FA; border-right: 6px solid #0212AA; padding: 20px; text-align: center;'> <img style='width: 100%; max-width: 450px; height: auto; border: 1px solid rgba(150&comma;150&comma;150&comma;0.3); border-radius: 8px; margin-bottom: 8px;' src='https:\/\/shop.domo-supply.com\/img\/m\/126.jpg' alt=''> <\/p>\n<h2 style='color: darkslategray; font-size: 24px; margin: 20px 0 0 0; font-family: Franklin Gothic&comma; sans-serif;'> Videoportero de 1 Bot\u00f3n \/ Lector de Tarjetas MIFARE y PROX EM \/ Notificaci\u00f3n a APP \/ 100% en la Nube \/ Notificaci\u00f3n por Llamada Telef\u00f3nica \/ SIP \/ ONVIF \/ IP65 \/ C\u00e1mara 2MP \/ Panel de Aluminio \/ Control de 2 Puertas <\/h2>\n<\/p><\/div>\n<p> <!-- VIDEOS --> <\/p>\n<div style='display: flex; flex-wrap: wrap; gap: 20px; margin: 30px 0;'>\n<div style='flex: 1 1 400px; min-width: 300px; position: relative; padding-bottom: 56.25%; height: 0; overflow: hidden;'>   <\/div>\n<div style='flex: 1 1 400px; min-width: 300px; position: relative; padding-bottom: 56.25%; height: 0; overflow: hidden;'>   <\/div>\n<\/p><\/div>\n<p> <!-- SECCIONES ACORDEON --> <\/p>\n<div style='display: flex; flex-direction: column; gap: 20px; margin-bottom: 30px;'> <!-- Gesti\u00f3n 100% en la nube --> <\/p>\n<div style='border: 1px solid rgba(150&comma; 150&comma; 150&comma; 0.4); border-radius: 8px; overflow: hidden;'>\n<div style='padding: 15px; background-color: #282739; color: white; font-weight: bold; font-size: 18px;'> Gesti\u00f3n 100% en la nube <\/div>\n<div style='padding: 15px; display: flex; flex-wrap: wrap; gap: 20px;'>\n<div style='flex: 1 1 300px; min-width: 250px;'>\n<h3 style='font-size: 20px; margin-top: 0; margin-bottom: 15px; color: inherit; opacity: 0.8;'>Gesti\u00f3n 100% en la nube<\/h3>\n<p style='margin: 0 0 15px; color: inherit; font-size: 14px;'> Akuvox Cloud es una plataforma en la nube que permite la gesti\u00f3n y configuraci\u00f3n de los equipos Akuvox para sistemas de videportero y control de acceso facilitando la instalaci\u00f3n y administraci\u00f3n. <\/p>\n<p style='margin: 0 0 15px; color: inherit; font-size: 14px;'> La APP Smart Plus para Android y iOS permite la comunicaci\u00f3n de los usuarios con sus visitas&comma; gesti\u00f3n de pases temporales para visitantes&comma; control de acceso de las puertas&comma; gesti\u00f3n de sus propias credenciales de acceso&comma; transmisi\u00f3n en vivo de video entre muchas funciones m\u00e1s. <\/p>\n<\/p><\/div>\n<div style='flex: 1 1 300px; min-width: 250px;'> <img style='width: 100%; height: auto; border: 1px solid rgba(150&comma;150&comma;150&comma;0.3); border-radius: 8px;' src='https:\/\/ftp3.syscom.mx\/usuarios\/hsanchez\/Akuvox\/APP%20y%20CLOUD.png' alt='APP y CLOUD'> <\/div>\n<\/p><\/div>\n<\/p><\/div>\n<p> <!-- \u00bfQu\u00e9 es Akuvox? --> <\/p>\n<div style='border: 1px solid rgba(150&comma; 150&comma; 150&comma; 0.4); border-radius: 8px; overflow: hidden;'>\n<div style='padding: 15px; background-color: #282739; color: white; font-weight: bold; font-size: 18px;'> \u00bfQu\u00e9 es Akuvox? <\/div>\n<div style='padding: 15px; display: flex; flex-wrap: wrap; gap: 20px;'>\n<div style='flex: 1 1 300px; min-width: 250px;'>\n<h3 style='font-size: 20px; margin-top: 0; margin-bottom: 15px; color: inherit; opacity: 0.8;'>Pionero de Smart Intercom<\/h3>\n<p style='margin: 0 0 15px; color: inherit; font-size: 14px;'> Akuvox es una marca l\u00edder mundial de productos y soluciones Smart Intercom&comma; ofreciendo el poder de las tecnolog\u00edas para mejorar la vida de las personas con una mejor comunicaci\u00f3n&comma; mayor seguridad y mayor comodidad. <\/p>\n<p style='margin: 0 0 15px; color: inherit; font-size: 14px;'> Al abarcar la inteligencia artificial&comma; SIP&comma; Android&comma; la nube&comma; la seguridad y otras tecnolog\u00edas avanzadas&comma; impulsamos continuamente cambios innovadores en la industria y ofrecemos de manera creativa una cartera inigualable de productos y soluciones de intercomunicaci\u00f3n inteligente. <\/p>\n<\/p><\/div>\n<div style='flex: 1 1 300px; min-width: 250px;'> <img style='width: 100%; height: auto; border: 1px solid rgba(150&comma;150&comma;150&comma;0.3); border-radius: 8px;' src='https:\/\/ftp3.syscom.mx\/usuarios\/hsanchez\/Akuvox\/Akuvox%20logo%20%28blue%29-20180329.png' alt='Logo Akuvox'> <\/div>\n<\/p><\/div>\n<\/p><\/div>\n<p> <!-- Escensario de aplicaci\u00f3n --> <\/p>\n<div style='border: 1px solid rgba(150&comma; 150&comma; 150&comma; 0.4); border-radius: 8px; overflow: hidden;'>\n<div style='padding: 15px; background-color: #282739; color: white; font-weight: bold; font-size: 18px;'> Escensario de aplicaci\u00f3n <\/div>\n<div style='padding: 15px; display: flex; flex-wrap: wrap; gap: 20px;'>\n<div style='flex: 1 1 300px; min-width: 250px;'>\n<h3 style='font-size: 20px; margin-top: 0; margin-bottom: 15px; color: inherit; opacity: 0.8;'>Uso multiapartamento&comma; residencial o corporativo<\/h3>\n<ul style='padding-left: 20px; margin: 0 0 15px 0; font-size: 14px; color: inherit; list-style-type: disc;'>\n<li style='margin-bottom: 5px;'>Videoportero para oficinas con los sistemas IP PBX en sitio o alojados<\/li>\n<li style='margin-bottom: 5px;'>Configuraci\u00f3n y gesti\u00f3n de entrada remota a trav\u00e9s de Internet<\/li>\n<li style='margin-bottom: 5px;'>Intercomunicador para apartamentos o pisos con control de acceso<\/li>\n<li style='margin-bottom: 5px;'>Informaci\u00f3n comercial o una experiencia de bienvenida para los invitados.<\/li>\n<\/ul><\/div>\n<div style='flex: 1 1 300px; min-width: 250px;'> <img style='width: 100%; height: auto; border: 1px solid rgba(150&comma;150&comma;150&comma;0.3); border-radius: 8px;' src='https:\/\/ftp3.syscom.mx\/usuarios\/hsanchez\/Akuvox\/aplicacion.jpg' alt='Aplicaci\u00f3n'> <\/div>\n<\/p><\/div>\n<\/p><\/div>\n<p> <!-- Caracter\u00edsticas f\u00edsicas y el\u00e9ctricas de R20A --> <\/p>\n<div style='border: 1px solid rgba(150&comma; 150&comma; 150&comma; 0.4); border-radius: 8px; overflow: hidden;'>\n<div style='padding: 15px; background-color: #282739; color: white; font-weight: bold; font-size: 18px;'> Caracter\u00edsticas f\u00edsicas y el\u00e9ctricas de R20A <\/div>\n<div style='padding: 15px;'>\n<div style='display: flex; flex-wrap: wrap; gap: 20px;'>\n<div style='flex: 1 1 300px; min-width: 250px;'>\n<h3 style='font-size: 20px; margin-top: 0; margin-bottom: 15px; color: inherit; opacity: 0.8;'>Caracter\u00edsticas f\u00edsicas y de alimentaci\u00f3n<\/h3>\n<ul style='padding-left: 20px; margin: 0 0 15px 0; font-size: 14px; color: inherit; list-style-type: disc;'>\n<li style='margin-bottom: 5px;'>Panel Frontal: Aluminio<\/li>\n<li style='margin-bottom: 5px;'>C\u00e1mara: 2MP<\/li>\n<li style='margin-bottom: 5px;'>1 Bot\u00f3n para timbrado<\/li>\n<li style='margin-bottom: 5px;'>Sensor infrarrojo: Soportado<\/li>\n<li style='margin-bottom: 5px;'>Puerto Wiegand: Soportado<\/li>\n<li style='margin-bottom: 5px;'>Puerto RS485: Soportado<\/li>\n<li style='margin-bottom: 5px;'>Lector de tarjetas: 13.56MHz (con NFC) &#038; 125kHz<\/li>\n<li style='margin-bottom: 5px;'>Salidas de relevador: 2<\/li>\n<li style='margin-bottom: 5px;'>Entradas de alarma: 2<\/li>\n<li style='margin-bottom: 5px;'>Microfono: -40dB<\/li>\n<li style='margin-bottom: 5px;'>Bocina: 4\u03a9 \/ 3W<\/li>\n<li style='margin-bottom: 5px;'>Puerto Ethernet RJ45&comma; 10\/100Mbps<\/li>\n<li style='margin-bottom: 5px;'>802.3af Power-over-Ethernet<\/li>\n<li style='margin-bottom: 5px;'>12V DC (si no se utiliza PoE)<\/li>\n<li style='margin-bottom: 5px;'>Grado de protecci\u00f3n IP: IP65<\/li>\n<li style='margin-bottom: 5px;'>Instalaci\u00f3n para empotrar o de montaje superficial<\/li>\n<li style='margin-bottom: 5px;'>Dimensiones de montaje para empotrar: 189x120x56.5mm<\/li>\n<li style='margin-bottom: 5px;'>Dimensiones de montaje superficial: 145x85x27.5mm<\/li>\n<li style='margin-bottom: 5px;'>Humedad de operaci\u00f3n: 10~90%<\/li>\n<li style='margin-bottom: 5px;'>Temperatura de trabajo: -40\u00b0C ~ +65\u00b0C<\/li>\n<li style='margin-bottom: 5px;'>Temperatura de almacenamiento: -40\u00b0C ~ +70\u00b0C<\/li>\n<\/ul><\/div>\n<div style='flex: 1 1 300px; min-width: 250px;'>\n<h3 style='font-size: 20px; margin-top: 0; margin-bottom: 15px; color: inherit; opacity: 0.8;'>Especificaciones t\u00e9cnicas<\/h3>\n<h4 style='font-size: 18px; margin-top: 10px; margin-bottom: 10px; color: inherit; opacity: 0.8;'>Audio<\/h4>\n<ul style='padding-left: 20px; margin: 0 0 15px 0; font-size: 14px; color: inherit; list-style-type: disc;'>\n<li style='margin-bottom: 5px;'>SIP v1 (RFC2543)&comma; SIP v2 (RFC3261)<\/li>\n<li style='margin-bottom: 5px;'>Narrowband audio codec: G.711a&comma; G.711\u03bc&comma; G.729<\/li>\n<li style='margin-bottom: 5px;'>Broadband audio codec: G.722<\/li>\n<li style='margin-bottom: 5px;'>DTMF: In-band&comma; out-of-band DTMF (RFC2833)&comma; SIP Info<\/li>\n<li style='margin-bottom: 5px;'>Cancelaci\u00f3n de Eco<\/li>\n<li style='margin-bottom: 5px;'>Activaci\u00f3n por detecci\u00f3n de vox<\/li>\n<\/ul>\n<h4 style='font-size: 18px; margin-top: 10px; margin-bottom: 10px; color: inherit; opacity: 0.8;'>Video<\/h4>\n<ul style='padding-left: 20px; margin: 0 0 15px 0; font-size: 14px; color: inherit; list-style-type: disc;'>\n<li style='margin-bottom: 5px;'>Sensor: 1\/2.7&#8217;&comma; CMOS<\/li>\n<li style='margin-bottom: 5px;'>Pixeles: CIF&comma; QCIF&comma; VGA&comma; 4CIF&comma; 720p&comma; 1080p<\/li>\n<li style='margin-bottom: 5px;'>Video codec: H.264&comma; H.265<\/li>\n<li style='margin-bottom: 5px;'>Resoluci\u00f3n de Video: hasta 1920x1080p<\/li>\n<li style='margin-bottom: 5px;'>Rango m\u00e1ximo de tranferencia de im\u00e9gen: 1080p \u2013 25fps<\/li>\n<li style='margin-bottom: 5px;'>\u00c1ngulo de visi\u00f3n: 110\u00b0(H) \/ 58\u00b0(V)<\/li>\n<li style='margin-bottom: 5px;'>LED&#8217;s infrarrojos de alta intensidad<\/li>\n<li style='margin-bottom: 5px;'>Compatible con sistemas de video vigilancia de terceros<\/li>\n<\/ul>\n<h4 style='font-size: 18px; margin-top: 10px; margin-bottom: 10px; color: inherit; opacity: 0.8;'>Funciones de apertura de puertas<\/h4>\n<ul style='padding-left: 20px; margin: 0 0 15px 0; font-size: 14px; color: inherit; list-style-type: disc;'>\n<li style='margin-bottom: 5px;'>Relevadores controlados de manera individual a trav\u00e9s de tonos DTMF<\/li>\n<li style='margin-bottom: 5px;'>Modo nocturno autom\u00e1tico con iluminaci\u00f3n LED<\/li>\n<li style='margin-bottom: 5px;'>Balance de blancos: Autom\u00e1tico<\/li>\n<li style='margin-bottom: 5px;'>Iluminaci\u00f3n m\u00ednima: 0.1LUX<\/li>\n<\/ul>\n<h4 style='font-size: 18px; margin-top: 10px; margin-bottom: 10px; color: inherit; opacity: 0.8;'>Redes y Protocolos<\/h4>\n<ul style='padding-left: 20px; margin: 0 0 15px 0; font-size: 14px; color: inherit; list-style-type: disc;'>\n<li style='margin-bottom: 5px;'>Protocolos soportados: IPv4&comma; HTTP&comma; HTTPS&comma; FTP&comma; SNMP&comma; DNS&comma; NTP&comma; RTSP&comma; RTP&comma; TCP&comma; UDP&comma; ICMP&comma; DHCP&comma; ARP<\/li>\n<\/ul>\n<h4 style='font-size: 18px; margin-top: 10px; margin-bottom: 10px; color: inherit; opacity: 0.8;'>Mantenimiento<\/h4>\n<ul style='padding-left: 20px; margin: 0 0 15px 0; font-size: 14px; color: inherit; list-style-type: disc;'>\n<li style='margin-bottom: 5px;'>Auto-Provisioning<\/li>\n<li style='margin-bottom: 5px;'>Portar de administraci\u00f3n web<\/li>\n<li style='margin-bottom: 5px;'>Configuraci\u00f3n de respaldo y restauraci\u00f3n<\/li>\n<li style='margin-bottom: 5px;'>Historiales<\/li>\n<li style='margin-bottom: 5px;'>Actualizaciones de firmware<\/li>\n<li style='margin-bottom: 5px;'>Historial del sistema (incluye historial de acceso a la puerta)<\/li>\n<\/ul>\n<h4 style='font-size: 18px; margin-top: 10px; margin-bottom: 10px; color: inherit; opacity: 0.8;'>Escenarios de aplicaci\u00f3n<\/h4>\n<ul style='padding-left: 20px; margin: 0 0 15px 0; font-size: 14px; color: inherit; list-style-type: disc;'>\n<li style='margin-bottom: 5px;'>Video portero para una puerta<\/li>\n<li style='margin-bottom: 5px;'>Configuraci\u00f3n remota a trav\u00e9s de Internet<\/li>\n<li style='margin-bottom: 5px;'>Intercomunicaci\u00f3n<\/li>\n<\/ul><\/div>\n<\/p><\/div>\n<\/p><\/div>\n<\/p><\/div>\n<p> <!-- \u00bfPor qu\u00e9 elegir Akuvox? --> <\/p>\n<div style='border: 1px solid rgba(150&comma; 150&comma; 150&comma; 0.4); border-radius: 8px; overflow: hidden;'>\n<div style='padding: 15px; background-color: #282739; color: white; font-weight: bold; font-size: 18px;'> \u00bfPor qu\u00e9 elegir Akuvox? <\/div>\n<div style='padding: 15px; display: flex; flex-wrap: wrap; gap: 20px;'>\n<div style='flex: 1 1 300px; min-width: 250px;'>\n<h3 style='font-size: 20px; margin-top: 0; margin-bottom: 15px; color: inherit; opacity: 0.8;'>Akuvox<\/h3>\n<p style='margin: 0 0 15px; color: inherit; font-size: 14px;'> Akuvox es la soluci\u00f3n ideal para su fraccionamiento&comma; edificio de apartamentos o edificios corporativos&comma; gracias a su gesti\u00f3n 100% en la nube ofrece una f\u00e1cil instalaci\u00f3n y administraci\u00f3n desde cualquier parte del mundo. Nunca ha sido tan f\u00e1cil y seguro gestionar el acceso a los residentes&comma; empleados o visitantes gracias a que es un dispositivo muy amigable junto con la App Smart Plus para iOS o Android. <\/p>\n<p style='margin: 0 0 15px; color: inherit; font-size: 14px;'> Brindar la mejor soluci\u00f3n es posible con Akuvox gracias a su tecnolog\u00eda innovadora&comma; lleva al siguiente nivel tus instalaciones&comma; aumenta la plusval\u00eda y disminuye los costos de operaci\u00f3n gracias a Akuvox. <\/p>\n<\/p><\/div>\n<div style='flex: 1 1 300px; min-width: 250px;'> <img style='width: 100%; height: auto; border: 1px solid rgba(150&comma;150&comma;150&comma;0.3); border-radius: 8px;' src='https:\/\/ftp3.syscom.mx\/usuarios\/hsanchez\/Akuvox\/edificio.jpg' alt='Edificio'> <\/div>\n<\/p><\/div>\n<\/p><\/div>\n<\/p><\/div>\n<p> <!-- Im\u00e1genes adicionales --> <\/p>\n<div style='display: flex; flex-wrap: wrap; gap: 15px; margin: 30px 0; justify-content: center;'> <img style='width: 100%; max-width: 970px; height: auto; border: 1px solid rgba(150&comma;150&comma;150&comma;0.3); border-radius: 8px;' src='https:\/\/www.akuvox.com\/uploads\/202104\/2021042716584826.jpg' alt=''> <img style='width: 100%; max-width: 970px; height: auto; border: 1px solid rgba(150&comma;150&comma;150&comma;0.3); border-radius: 8px;' src='https:\/\/www.akuvox.com\/uploads\/202012\/2020121714454658.jpg' alt=''> <img style='width: 100%; max-width: 970px; height: auto; border: 1px solid rgba(150&comma;150&comma;150&comma;0.3); border-radius: 8px;' src='https:\/\/www.akuvox.com\/uploads\/202012\/2020121714460358.jpg' alt=''> <\/div>\n<p> <!-- Caracter\u00edsticas principales --> <\/p>\n<div style='display: flex; flex-wrap: wrap; gap: 20px; margin-bottom: 30px;'>\n<div style='flex: 1 1 100%;'>\n<div style='border: 1px solid rgba(150&comma; 150&comma; 150&comma; 0.4); border-radius: 8px; overflow: hidden;'>\n<div style='padding: 15px; background-color: #282739; color: white; font-weight: bold; font-size: 18px;'> Caracter\u00edsticas principales del frente de calle R20A <\/div>\n<div style='padding: 15px; display: flex; flex-wrap: wrap; gap: 10px;'>\n<div style='flex: 1 1 50%; min-width: 250px;'>\n<ul style='padding-left: 20px; margin: 0; font-size: 14px; color: inherit; list-style-type: disc;'>\n<li style='margin-bottom: 5px;'><span style='color: #000000;'>Conversaci\u00f3n bidireccional<\/span><\/li>\n<li style='margin-bottom: 5px;'><span style='color: #000000;'>Visualizaci\u00f3n de c\u00e1mara en vivo<\/span><\/li>\n<li style='margin-bottom: 5px;'><span style='color: #000000;'>Almacenamiento en la nube o local<\/span><\/li>\n<li style='margin-bottom: 5px;'><span style='color: #000000;'>Clasificado para el uso al aire libre<\/span><\/li>\n<li style='margin-bottom: 5px;'><span style='color: #000000;'>Compatible con APP Smart Plus<\/span><\/li>\n<li style='margin-bottom: 5px;'><span style='color: #000000;'>SIP<\/span><\/li>\n<li style='margin-bottom: 5px;'><span style='color: #000000;'>ONVIF<\/span><\/li>\n<\/ul><\/div>\n<div style='flex: 1 1 50%; min-width: 250px;'>\n<ul style='padding-left: 20px; margin: 0; font-size: 14px; color: inherit; list-style-type: disc;'>\n<li style='margin-bottom: 5px;'><span style='color: #000000;'>POE<\/span><\/li>\n<li style='margin-bottom: 5px;'><span style='color: #000000;'>Lector de tarjetas MIFARE 13.56 MHz Y PROX EM 125 KHz<\/span><\/li>\n<li style='margin-bottom: 5px;'><span style='color: #000000;'>Notificaci\u00f3n en APP<\/span><\/li>\n<li style='margin-bottom: 5px;'><span style='color: #000000;'>IP65<\/span><\/li>\n<li style='margin-bottom: 5px;'><span style='color: #000000;'>C\u00e1mara de 2 MP<\/span><\/li>\n<li style='margin-bottom: 5px;'><span style='color: #000000;'>Bot\u00f3n con iluminaci\u00f3n LED<\/span><\/li>\n<li style='margin-bottom: 5px;'><span style='color: #000000;'>2 Puertas<\/span><\/li>\n<\/ul><\/div>\n<\/p><\/div>\n<\/p><\/div>\n<\/p><\/div>\n<\/p><\/div>\n<p> <!-- Informaci\u00f3n adicional --> <\/p>\n<div style='display: flex; flex-wrap: wrap; gap: 20px; margin-bottom: 30px;'>\n<div style='flex: 1 1 100%;'>\n<div style='border: 1px solid rgba(150&comma; 150&comma; 150&comma; 0.4); border-radius: 8px; overflow: hidden;'>\n<div style='padding: 15px; background-color: #282739; color: white; font-weight: bold; font-size: 18px;'> \u00bfTe interesa obtener m\u00e1s informaci\u00f3n? <\/div>\n<div style='padding: 15px;'>\n<ul style='padding-left: 20px; margin: 0; font-size: 14px; color: inherit; list-style-type: disc;'>\n<li style='margin-bottom: 5px;'><span style='color: #000000;'>Para ver el curso grabado <a style='color: #0000ee; text-decoration: underline;' href='https:\/\/youtu.be\/vJuG_GRHYuY'>click aqu\u00ed<\/a><\/span><\/li>\n<li style='margin-bottom: 5px;'><span style='color: #000000;'>Para consultar una gu\u00eda de configuraciones <a style='color: #0000ee; text-decoration: underline;' href='https:\/\/soporte.syscom.mx\/es\/articles\/8202185-guia-akuvox-solucion-para-fraccionamientos-y-edificios-de-apartamentos'>click aqu\u00ed<\/a><\/span><\/li>\n<\/ul><\/div>\n<\/p><\/div>\n<\/p><\/div>\n<\/p><\/div>\n<p> <!-- Requisitos de instalaci\u00f3n --> <\/p>\n<div style='display: flex; flex-wrap: wrap; gap: 20px; margin-bottom: 30px;'>\n<div style='flex: 1 1 100%;'>\n<div style='border: 1px solid rgba(150&comma; 150&comma; 150&comma; 0.4); border-radius: 8px; overflow: hidden;'>\n<div style='padding: 15px; background-color: #282739; color: white; font-weight: bold; font-size: 18px;'> \u00bfQu\u00e9 necesito para instalar dispositivos Akuvox? <\/div>\n<div style='padding: 15px;'>\n<ul style='padding-left: 20px; margin: 0; font-size: 14px; color: inherit; list-style-type: disc;'>\n<li style='margin-bottom: 5px;'><span style='color: #000000; font-weight: bold;'>Cuenta de instalador en Akuvox Cloud<\/span><span style='color: #000000;'> para configuraci\u00f3n y administraci\u00f3n de los equipos y licencias. <a style='color: #0000ee; text-decoration: underline;' href='https:\/\/soporte.syscom.mx\/es\/articles\/6957756-crear-cuenta-de-instalador-akuvox-cloud'>Click aqu\u00ed para obtener una cuenta.<\/a><\/span><\/li>\n<li style='margin-bottom: 5px;'><span style='color: #000000; font-weight: bold;'>Acceso a la red IP<\/span><span style='color: #000000;'>: Los equipos Akuvox funcionan en redes IP&comma; por lo que necesitar\u00e1s una red con acceso a internet y suficiente capacidad para manejar el tr\u00e1fico de datos.<\/span><\/li>\n<li style='margin-bottom: 5px;'><span style='color: #000000; font-weight: bold;'>Fuente de alimentaci\u00f3n<\/span><span style='color: #000000;'>: Verifica el tipo de alimentaci\u00f3n que requiere el dispositivo. Muchos equipos Akuvox se alimentan a trav\u00e9s de <span style='font-weight: bold;'>Power over Ethernet (PoE).<\/span><\/span><\/li>\n<\/ul><\/div>\n<\/p><\/div>\n<\/p><\/div>\n<\/p><\/div>\n<\/p><\/div>\n","protected":false},"excerpt":{"rendered":"<p>Videoportero de 1 Bot\u00f3n \/ Lector de Tarjetas MIFARE y PROX EM \/ Notificaci\u00f3n a APP \/ 100% en la Nube \/ Notificaci\u00f3n por Llamada Telef\u00f3nica \/ SIP \/ ONVIF \/ IP65 \/ C\u00e1mara 2MP \/ Panel de Aluminio \/ Control de 2 Puertas<\/p>\n","protected":false},"featured_media":104774,"comment_status":"open","ping_status":"closed","template":"","meta":[],"product_brand":[],"product_cat":[894],"product_tag":[786,820,557],"class_list":{"0":"post-104775","1":"product","2":"type-product","3":"status-publish","4":"has-post-thumbnail","6":"product_cat-multiapartamentos-videoporteros-e-interfonos","7":"product_tag-akuvox","8":"product_tag-multiapartamentos","9":"product_tag-videoporteros-e-interfonos","11":"first","12":"instock","13":"sale","14":"shipping-taxable","15":"purchasable","16":"product-type-simple"},"_links":{"self":[{"href":"https:\/\/soydeaqui.ddns.net\/pachuca\/index.php\/wp-json\/wp\/v2\/product\/104775","targetHints":{"allow":["GET"]}}],"collection":[{"href":"https:\/\/soydeaqui.ddns.net\/pachuca\/index.php\/wp-json\/wp\/v2\/product"}],"about":[{"href":"https:\/\/soydeaqui.ddns.net\/pachuca\/index.php\/wp-json\/wp\/v2\/types\/product"}],"replies":[{"embeddable":true,"href":"https:\/\/soydeaqui.ddns.net\/pachuca\/index.php\/wp-json\/wp\/v2\/comments?post=104775"}],"wp:featuredmedia":[{"embeddable":true,"href":"https:\/\/soydeaqui.ddns.net\/pachuca\/index.php\/wp-json\/wp\/v2\/media\/104774"}],"wp:attachment":[{"href":"https:\/\/soydeaqui.ddns.net\/pachuca\/index.php\/wp-json\/wp\/v2\/media?parent=104775"}],"wp:term":[{"taxonomy":"product_brand","embeddable":true,"href":"https:\/\/soydeaqui.ddns.net\/pachuca\/index.php\/wp-json\/wp\/v2\/product_brand?post=104775"},{"taxonomy":"product_cat","embeddable":true,"href":"https:\/\/soydeaqui.ddns.net\/pachuca\/index.php\/wp-json\/wp\/v2\/product_cat?post=104775"},{"taxonomy":"product_tag","embeddable":true,"href":"https:\/\/soydeaqui.ddns.net\/pachuca\/index.php\/wp-json\/wp\/v2\/product_tag?post=104775"}],"curies":[{"name":"wp","href":"https:\/\/api.w.org\/{rel}","templated":true}]}}