{"id":104750,"date":"2026-03-20T14:49:06","date_gmt":"2026-03-20T14:49:06","guid":{"rendered":"https:\/\/soydeaqui.ddns.net\/pachuca\/index.php\/producto\/camara-ip-multisensor-8-20-mp-4-sensores-de-2-o-5-mp-lentes-intercambiables-con-ptz-2-mp-32x-hasta-5-tarjetas-sd-de-256-gb-wdr-de-hasta-150db-ip66-ik10\/"},"modified":"2026-03-20T14:49:10","modified_gmt":"2026-03-20T14:49:10","slug":"camara-ip-multisensor-8-20-mp-4-sensores-de-2-o-5-mp-lentes-intercambiables-con-ptz-2-mp-32x-hasta-5-tarjetas-sd-de-256-gb-wdr-de-hasta-150db-ip66-ik10","status":"publish","type":"product","link":"https:\/\/soydeaqui.ddns.net\/pachuca\/index.php\/producto\/camara-ip-multisensor-8-20-mp-4-sensores-de-2-o-5-mp-lentes-intercambiables-con-ptz-2-mp-32x-hasta-5-tarjetas-sd-de-256-gb-wdr-de-hasta-150db-ip66-ik10\/","title":{"rendered":"C\u00e1mara IP Multisensor 8 &#8211; 20 MP (4 sensores de 2 o 5 MP) lentes intercambiables con PTZ 2 MP 32X \/ Hasta 5 tarjetas SD de 256 GB \/ WDR de hasta 150dB \/ IP66 \/ IK10"},"content":{"rendered":"<div style='width: 100%; max-width: 1200px; margin: 0 auto; font-family: sans-serif; line-height: 1.6; color: inherit; background-color: transparent;'> <!-- Secci\u00f3n de lentes compatibles --> <\/p>\n<div style='margin-bottom: 30px;'>\n<h3 style='font-size: 22px; border-bottom: 2px solid currentColor; padding-bottom: 5px; margin-top: 0; color: inherit; opacity: 0.8;'>Lentes compatibles (se venden por separado)<\/h3>\n<p style='margin: 5px 0;'><strong style='color: inherit;'>2 Megap\u00edxel:<\/strong><\/p>\n<ul style='padding-left: 20px; margin: 15px 0; font-size: 14px; color: inherit;'>\n<li style='margin-bottom: 8px;'><strong style='color: inherit;'>2.4 mm:<\/strong> <a style='color: inherit; text-decoration: none; font-weight: 600;' href='https:\/\/syscom.mx\/producto\/SLA-2M2400P-SAMSUNG-WISENET-(HANWHA)-163724.html'>SLA-2M2400P<\/a><\/li>\n<li style='margin-bottom: 8px;'><strong style='color: inherit;'>2.8 mm:<\/strong> <a style='color: inherit; text-decoration: none; font-weight: 600;' href='https:\/\/syscom.mx\/producto\/SLA-2M2800P-SAMSUNG-WISENET-(HANWHA)-163725.html'>SLA-2M2800P<\/a><\/li>\n<li style='margin-bottom: 8px;'><strong style='color: inherit;'>3.6 mm:<\/strong> <a style='color: inherit; text-decoration: none; font-weight: 600;' href='https:\/\/syscom.mx\/producto\/SLA-2M3600P-SAMSUNG-WISENET-(HANWHA)-163726.html'>SLA-2M3600P<\/a><\/li>\n<li style='margin-bottom: 8px;'><strong style='color: inherit;'>6.0 mm:<\/strong> <a style='color: inherit; text-decoration: none; font-weight: 600;' href='https:\/\/syscom.mx\/producto\/SLA-2M6000P-SAMSUNG-WISENET-(HANWHA)-163727.html'>SLA-2M6000P<\/a><\/li>\n<\/ul>\n<p style='margin: 15px 0 5px 0;'><strong style='color: inherit;'>5 Megap\u00edxel:<\/strong><\/p>\n<ul style='padding-left: 20px; margin: 15px 0; font-size: 14px; color: inherit;'>\n<li style='margin-bottom: 8px;'><strong style='color: inherit;'>3.7 mm:<\/strong> <a style='color: inherit; text-decoration: none; font-weight: 600;' href='https:\/\/syscom.mx\/producto\/SLA-5M3700P-SAMSUNG-WISENET-(HANWHA)-163729.html'>SLA-5M3700P<\/a><\/li>\n<li style='margin-bottom: 8px;'><strong style='color: inherit;'>4.6 mm:<\/strong> <a style='color: inherit; text-decoration: none; font-weight: 600;' href='https:\/\/syscom.mx\/producto\/SLA-5M4600P-SAMSUNG-WISENET-(HANWHA)-163730.html'>SLA-5M4600P<\/a><\/li>\n<li style='margin-bottom: 8px;'><strong style='color: inherit;'>7.0 mm:<\/strong> <a style='color: inherit; text-decoration: none; font-weight: 600;' href='https:\/\/syscom.mx\/producto\/SLA-5M7000P-SAMSUNG-WISENET-(HANWHA)-163731.html'>SLA-5M7000P<\/a><\/li>\n<\/ul>\n<p style='margin: 15px 0;'><strong style='color: inherit;'>Se pueden utilizar todas las combinaciones posibles de lentes.<\/strong><\/p>\n<\/p><\/div>\n<p> <!-- Secci\u00f3n de compresi\u00f3n y resoluci\u00f3n --> <\/p>\n<div style='margin-bottom: 30px;'>\n<h3 style='font-size: 22px; border-bottom: 2px solid currentColor; padding-bottom: 5px; margin-top: 0; color: inherit; opacity: 0.8;'>Compresi\u00f3n de video y resoluci\u00f3n m\u00e1xima<\/h3>\n<ul style='padding-left: 20px; margin: 15px 0; font-size: 14px; color: inherit;'>\n<li style='margin-bottom: 8px;'><strong style='color: inherit;'>Compresi\u00f3n:<\/strong> H.265 \/ H.264 \/ MJPEG \/ Wisestrem II<\/li>\n<li style='margin-bottom: 8px;'><strong style='color: inherit;'>Resoluci\u00f3n m\u00e1xima:<\/strong> 5 MP@30 IPS por lente \u00f3 2 MP@60 IPS.<\/li>\n<\/ul><\/div>\n<p> <!-- Secci\u00f3n de caracter\u00edsticas multisensor --> <\/p>\n<div style='margin-bottom: 30px;'>\n<h3 style='font-size: 22px; border-bottom: 2px solid currentColor; padding-bottom: 5px; margin-top: 0; color: inherit; opacity: 0.8;'>Caracter\u00edsticas de la c\u00e1mara multi-direccional<\/h3>\n<ul style='padding-left: 20px; margin: 15px 0; font-size: 14px; color: inherit;'>\n<li style='margin-bottom: 8px;'><strong style='color: inherit;'>Velocidad del shutter:<\/strong> 2 ~ 1\/12&comma;000s<\/li>\n<li style='margin-bottom: 8px;'><strong style='color: inherit;'>Funciones:<\/strong> WDR real 150dB en lentes de 2 MP \u00f3 120 dB en lentes de 5 MP&comma; HLC&comma; BLC.<\/li>\n<\/ul><\/div>\n<p> <!-- Secci\u00f3n de caracter\u00edsticas PTZ --> <\/p>\n<div style='margin-bottom: 30px;'>\n<h3 style='font-size: 22px; border-bottom: 2px solid currentColor; padding-bottom: 5px; margin-top: 0; color: inherit; opacity: 0.8;'>Caracter\u00edsticas de la c\u00e1mara PTZ<\/h3>\n<ul style='padding-left: 20px; margin: 15px 0; font-size: 14px; color: inherit;'>\n<li style='margin-bottom: 8px;'><strong style='color: inherit;'>Resoluci\u00f3n:<\/strong> 2M (1981&#215;1288)<\/li>\n<li style='margin-bottom: 8px;'><strong style='color: inherit;'>Lente:<\/strong> 4.44 &#8211; 142.6 mm (32X)<\/li>\n<li style='margin-bottom: 8px;'><strong style='color: inherit;'>WDR:<\/strong> 150dB<\/li>\n<\/ul><\/div>\n<p> <!-- Secci\u00f3n de funciones de red y almacenamiento --> <\/p>\n<div style='margin-bottom: 30px;'>\n<h3 style='font-size: 22px; border-bottom: 2px solid currentColor; padding-bottom: 5px; margin-top: 0; color: inherit; opacity: 0.8;'>Funciones de red y almacenamiento<\/h3>\n<ul style='padding-left: 20px; margin: 15px 0; font-size: 14px; color: inherit;'>\n<li style='margin-bottom: 8px;'><strong style='color: inherit;'>Almacenamiento:<\/strong> Soporta hasta 5 tarjetas SD de 256 GB C\/U<\/li>\n<li style='margin-bottom: 8px;'><strong style='color: inherit;'>ONVIF:<\/strong> Profile S&comma; SUNAPI<\/li>\n<\/ul><\/div>\n<p> <!-- Secci\u00f3n de interfaces --> <\/p>\n<div style='margin-bottom: 30px;'>\n<h3 style='font-size: 22px; border-bottom: 2px solid currentColor; padding-bottom: 5px; margin-top: 0; color: inherit; opacity: 0.8;'>Interfaces<\/h3>\n<ul style='padding-left: 20px; margin: 15px 0; font-size: 14px; color: inherit;'>\n<li style='margin-bottom: 8px;'><strong style='color: inherit;'>Red:<\/strong> 1 puerto RJ45 10 \/ 100 \/ 1000 Mbps<\/li>\n<li style='margin-bottom: 8px;'><strong style='color: inherit;'>Salida de video BNC:<\/strong> 75 \u03a9\/BNC para pruebas<\/li>\n<\/ul><\/div>\n<p> <!-- Secci\u00f3n de caracter\u00edsticas f\u00edsicas y el\u00e9ctricas --> <\/p>\n<div style='margin-bottom: 30px;'>\n<h3 style='font-size: 22px; border-bottom: 2px solid currentColor; padding-bottom: 5px; margin-top: 0; color: inherit; opacity: 0.8;'>Caracter\u00edsticas f\u00edsicas y el\u00e9ctricas<\/h3>\n<ul style='padding-left: 20px; margin: 15px 0; font-size: 14px; color: inherit;'>\n<li style='margin-bottom: 8px;'><strong style='color: inherit;'>Temperatura de operaci\u00f3n:<\/strong> -35 a 55 \u00b0C&comma; humedad menos de 90%<\/li>\n<li style='margin-bottom: 8px;'><strong style='color: inherit;'>Alimentaci\u00f3n:<\/strong> HPoE (802.3 bt) \/ 65 W <strong style='color: inherit;'>(Inyector PoE inclu\u00eddo)<\/strong><\/li>\n<li style='margin-bottom: 8px;'><strong style='color: inherit;'>Protecci\u00f3n:<\/strong> Interior\/Exterior&comma; IP66&comma; IK10<\/li>\n<li style='margin-bottom: 8px;'><strong style='color: inherit;'>Dimensiones:<\/strong> \u00d8 367.8 x 335.7 mm<\/li>\n<li style='margin-bottom: 8px;'><strong style='color: inherit;'>Peso:<\/strong> 7.05 kg<\/li>\n<\/ul><\/div>\n<p> <!-- Secci\u00f3n de videos --> <\/p>\n<div style='margin-bottom: 30px;'>\n<h3 style='font-size: 22px; border-bottom: 2px solid currentColor; padding-bottom: 5px; margin-top: 0; color: inherit; opacity: 0.8;'>Videos<\/h3>\n<p style='margin: 15px 0;'><strong style='color: inherit;'>Video demostrativo:<\/strong><\/p>\n<div style='position: relative; padding-bottom: 56.25%; height: 0; overflow: hidden; margin-bottom: 30px;'>   <\/div>\n<p style='margin: 15px 0;'><strong style='color: inherit;'>Instalaci\u00f3n de la c\u00e1mara:<\/strong><\/p>\n<div style='position: relative; padding-bottom: 56.25%; height: 0; overflow: hidden; margin-bottom: 30px;'>   <\/div>\n<\/p><\/div>\n<\/p><\/div>\n","protected":false},"excerpt":{"rendered":"<p>C\u00e1mara IP Multisensor 8 &#8211; 20 MP (4 sensores de 2 o 5 MP) lentes intercambiables con PTZ 2 MP 32X \/ Hasta 5 tarjetas SD de 256 GB \/ WDR de hasta 150dB \/ IP66 \/ IK10<\/p>\n","protected":false},"featured_media":104749,"comment_status":"open","ping_status":"closed","template":"","meta":[],"product_brand":[],"product_cat":[2248],"product_tag":[122,2249,1055],"class_list":{"0":"post-104750","1":"product","2":"type-product","3":"status-publish","4":"has-post-thumbnail","6":"product_cat-fisheye-y-hemisfericas","7":"product_tag-camaras-ip-y-nvrs","8":"product_tag-fisheye-y-hemisfericas","9":"product_tag-hanwha-vision","11":"first","12":"instock","13":"sale","14":"shipping-taxable","15":"purchasable","16":"product-type-simple"},"_links":{"self":[{"href":"https:\/\/soydeaqui.ddns.net\/pachuca\/index.php\/wp-json\/wp\/v2\/product\/104750","targetHints":{"allow":["GET"]}}],"collection":[{"href":"https:\/\/soydeaqui.ddns.net\/pachuca\/index.php\/wp-json\/wp\/v2\/product"}],"about":[{"href":"https:\/\/soydeaqui.ddns.net\/pachuca\/index.php\/wp-json\/wp\/v2\/types\/product"}],"replies":[{"embeddable":true,"href":"https:\/\/soydeaqui.ddns.net\/pachuca\/index.php\/wp-json\/wp\/v2\/comments?post=104750"}],"wp:featuredmedia":[{"embeddable":true,"href":"https:\/\/soydeaqui.ddns.net\/pachuca\/index.php\/wp-json\/wp\/v2\/media\/104749"}],"wp:attachment":[{"href":"https:\/\/soydeaqui.ddns.net\/pachuca\/index.php\/wp-json\/wp\/v2\/media?parent=104750"}],"wp:term":[{"taxonomy":"product_brand","embeddable":true,"href":"https:\/\/soydeaqui.ddns.net\/pachuca\/index.php\/wp-json\/wp\/v2\/product_brand?post=104750"},{"taxonomy":"product_cat","embeddable":true,"href":"https:\/\/soydeaqui.ddns.net\/pachuca\/index.php\/wp-json\/wp\/v2\/product_cat?post=104750"},{"taxonomy":"product_tag","embeddable":true,"href":"https:\/\/soydeaqui.ddns.net\/pachuca\/index.php\/wp-json\/wp\/v2\/product_tag?post=104750"}],"curies":[{"name":"wp","href":"https:\/\/api.w.org\/{rel}","templated":true}]}}