{"id":104714,"date":"2026-03-20T14:47:13","date_gmt":"2026-03-20T14:47:13","guid":{"rendered":"https:\/\/soydeaqui.ddns.net\/pachuca\/index.php\/producto\/turret-turbohd-2-megapixel-1080p-lente-2-8-mm-40-mts-ir-exir-4-tecnologias-tvi-ahd-cvi-cvbs-ip66\/"},"modified":"2026-03-20T14:47:26","modified_gmt":"2026-03-20T14:47:26","slug":"turret-turbohd-2-megapixel-1080p-lente-2-8-mm-40-mts-ir-exir-4-tecnologias-tvi-ahd-cvi-cvbs-ip66","status":"publish","type":"product","link":"https:\/\/soydeaqui.ddns.net\/pachuca\/index.php\/producto\/turret-turbohd-2-megapixel-1080p-lente-2-8-mm-40-mts-ir-exir-4-tecnologias-tvi-ahd-cvi-cvbs-ip66\/","title":{"rendered":"Turret TURBOHD 2 Megap\u00edxel (1080p) \/ Lente 2.8 mm \/ 40 mts IR EXIR \/ 4 Tecnolog\u00edas (TVI \/ AHD \/ CVI \/ CVBS) \/ IP66"},"content":{"rendered":"<div style='width: 100%; max-width: 1200px; margin: 0 auto; font-family: sans-serif; line-height: 1.6; color: inherit; background-color: transparent;'> <!-- Im\u00e1genes principales --> <\/p>\n<div style='display: flex; flex-wrap: wrap; justify-content: center; gap: 15px; margin-bottom: 30px;'> <img style='width: 100%; max-width: 400px; height: auto; border: 1px solid rgba(150&comma;150&comma;150&comma;0.3); border-radius: 8px;' src='https:\/\/ftp3.syscom.mx\/usuarios\/fotos\/IPCB120\/143291-hilook.png' alt=''> <img style='width: 100%; max-width: 400px; height: auto; border: 1px solid rgba(150&comma;150&comma;150&comma;0.3); border-radius: 8px;' src='http:\/\/ftp3.syscom.mx\/usuarios\/anavarrete\/Noe\/imagen1.png' alt=''> <\/div>\n<p> <!-- Videos --> <\/p>\n<div style='display: flex; flex-direction: column; gap: 30px; margin-bottom: 30px;'>\n<div style='position: relative; padding-bottom: 56.25%; height: 0; overflow: hidden;'>   <\/div>\n<div style='display: flex; flex-wrap: wrap; gap: 30px; justify-content: center;'>\n<div style='position: relative; padding-bottom: 56.25%; width: 100%; max-width: 600px; height: 0; overflow: hidden;'>   <\/div>\n<div style='position: relative; padding-bottom: 56.25%; width: 100%; max-width: 600px; height: 0; overflow: hidden;'>   <\/div>\n<\/p><\/div>\n<\/p><\/div>\n<p> <!-- Tarjetas de especificaciones --> <\/p>\n<div style='display: flex; flex-wrap: wrap; gap: 20px; margin-bottom: 30px;'>\n<div style='flex: 1 1 400px; border: 1px solid rgba(150&comma; 150&comma; 150&comma; 0.4); border-radius: 8px; overflow: hidden; display: flex; flex-direction: column;'>\n<div style='padding: 15px; border-bottom: 1px solid rgba(150&comma; 150&comma; 150&comma; 0.2); font-weight: bold; font-size: 18px; color: inherit; background-color: #266ca9; color: white;'>Caracter\u00edsticas Principales<\/div>\n<div style='padding: 15px; color: inherit; flex-grow: 1;'>\n<ul style='padding-left: 20px; margin: 0; font-size: 14px; list-style-type: disc; color: inherit;'>\n<li style='margin-bottom: 5px; text-align: left;'><strong>Resoluci\u00f3n m\u00e1xima:<\/strong> 1920 x 1080 (2 Megap\u00edxel).<\/li>\n<li style='margin-bottom: 5px; text-align: left;'><strong>Iluminaci\u00f3n m\u00ednima:<\/strong> 0.01 Lux @ (F1.2&comma; AGC ON)&comma; 0 Lux con IR.<\/li>\n<li style='margin-bottom: 5px; text-align: left;'><strong>Lente fijo:<\/strong> 2.8 mm (\u00e1ngulo de apertura 103\u00ba).<\/li>\n<li style='margin-bottom: 5px; text-align: left;'><strong>40 mts IR EXIR<\/strong> (visi\u00f3n nocturna).<\/li>\n<li style='margin-bottom: 5px; text-align: left;'><strong>Soporta 4 tecnolog\u00edas seleccionables:<\/strong> TVI \/ AHD \/ CVI \/ CVBS.<\/li>\n<li style='margin-bottom: 5px; text-align: left;'><strong>Funciones:<\/strong> DWDR \/ BLC \/ AGC.<\/li>\n<li style='margin-bottom: 5px; text-align: left;'><strong>Cambio de tecnolog\u00eda:<\/strong> Se puede realizar \u00fanicamente cuando la c\u00e1mara est\u00e1 en su resoluci\u00f3n m\u00e1xima&comma; no se puede cambiar la tecnolog\u00eda si la c\u00e1mara no est\u00e1 en su resoluci\u00f3n m\u00e1xima.<\/li>\n<\/ul><\/div>\n<\/p><\/div>\n<div style='flex: 1 1 400px; border: 1px solid rgba(150&comma; 150&comma; 150&comma; 0.4); border-radius: 8px; overflow: hidden; display: flex; flex-direction: column;'>\n<div style='padding: 15px; border-bottom: 1px solid rgba(150&comma; 150&comma; 150&comma; 0.2); font-weight: bold; font-size: 18px; color: inherit; background-color: #266ca9; color: white;'>Caracter\u00edsticas F\u00edsicas y El\u00e9ctricas<\/div>\n<div style='padding: 15px; color: inherit; flex-grow: 1;'>\n<ul style='padding-left: 20px; margin: 0; font-size: 14px; list-style-type: disc; color: inherit;'>\n<li style='margin-bottom: 5px; text-align: left;'><strong>Temperatura de operaci\u00f3n:<\/strong> -40\u00baC a 60\u00baC.<\/li>\n<li style='margin-bottom: 5px; text-align: left;'><strong>Alimentaci\u00f3n:<\/strong> 12 Vcc \/ 4 watts.<\/li>\n<li style='margin-bottom: 5px; text-align: left;'><strong>Protecci\u00f3n:<\/strong> Interior \/ Exterior IP66.<\/li>\n<li style='margin-bottom: 5px; text-align: left;'><strong>Fabricado en:<\/strong> material de metal.<\/li>\n<li style='margin-bottom: 5px; text-align: left;'><strong>Color:<\/strong> Gris obscuro.<\/li>\n<li style='margin-bottom: 5px; text-align: left;'><strong>Dimensiones:<\/strong> 127.92 x 102.26 mm.<\/li>\n<li style='margin-bottom: 5px; text-align: left;'><strong>Peso:<\/strong> 450 grs.<\/li>\n<\/ul><\/div>\n<div style='padding: 15px; border-bottom: 1px solid rgba(150&comma; 150&comma; 150&comma; 0.2); font-weight: bold; font-size: 18px; color: inherit; background-color: #266ca9; color: white;'>Accesorios Opcionales<\/div>\n<div style='padding: 15px; color: inherit; flex-grow: 1;'>\n<ul style='padding-left: 20px; margin: 0; font-size: 14px; list-style-type: disc; color: inherit;'>\n<li style='margin-bottom: 5px; text-align: left;'><strong>Montaje de pared para exterior&comma; modelo:<\/strong> <a href='https:\/\/www.syscom.mx\/producto\/DS-1273ZJ-130TRL-HIKVISION-75317.html' target='_blank' rel='noopener' style='color: inherit; text-decoration: underline;'>DS-1273ZJ-130TRL<\/a><\/li>\n<li style='margin-bottom: 5px; text-align: left;'><strong>Montaje para poste&comma; modelo:<\/strong> <a href='https:\/\/www.syscom.mx\/producto\/DS-1275ZJ-SUS-HIKVISION-156172.html' target='_blank' rel='noopener' style='color: inherit; text-decoration: underline;'>DS-1275ZJ-SUS<\/a><\/li>\n<li style='margin-bottom: 5px; text-align: left;'><strong>Montaje de esquina&comma; modelo:<\/strong> <a href='https:\/\/www.syscom.mx\/producto\/DS-1276ZJ-SUS-HIKVISION-156173.html' target='_blank' rel='noopener' style='color: inherit; text-decoration: underline;'>DS-1276ZJ-SUS<\/a><\/li>\n<li style='margin-bottom: 5px; text-align: left;'><strong>Caja de conexiones&comma; modelo:<\/strong> <a href='https:\/\/www.syscom.mx\/producto\/DS-1280ZJ-M-HIKVISION-84934.html' target='_blank' rel='noopener' style='color: inherit; text-decoration: underline;'>DS-1280ZJ-M<\/a><\/li>\n<li style='margin-bottom: 5px; text-align: left;'><strong>Montaje inclinado para techo&comma; modelo:<\/strong> <a href='https:\/\/www.syscom.mx\/producto\/DS-1281ZJ-M-HIKVISION-84935.html' target='_blank' rel='noopener' style='color: inherit; text-decoration: underline;'>DS-1281ZJ-M<\/a><\/li>\n<li style='margin-bottom: 5px; text-align: left;'><strong>Montaje de techo&comma; modelo:<\/strong> <a href='https:\/\/www.syscom.mx\/producto\/DS-1271ZJ-130-TRL-HIKVISION-166331.html' target='_blank' rel='noopener' style='color: inherit; text-decoration: underline;'>DS-1271ZJ-130-TRL<\/a><\/li>\n<\/ul><\/div>\n<\/p><\/div>\n<\/p><\/div>\n<p> <!-- Secci\u00f3n HiLook --> <\/p>\n<div style='text-align: center; margin: 30px 0;'>\n<h2><span style='color: #a38f84; font-size: 60px;'>Hi-<\/span><span style='color: #3d8eb9; font-size: 60px;'>Look<\/span><\/h2>\n<\/p><\/div>\n<p> <!-- Descripci\u00f3n HiLook --> <\/p>\n<div style='margin-bottom: 30px;'>\n<p style='font-size: 24px; color: inherit;'>Es una marca desarrollada y manufacturada por Hikvision&comma; enfocada en otorgar productos de alta calidad. Cuenta con los dispositivos ideales para ofrecer una soluci\u00f3n integral en tecnolog\u00eda anal\u00f3gica (TurboHD) e IP.<\/p>\n<\/p><\/div>\n<p> <!-- Secci\u00f3n EXIR --> <\/p>\n<div style='display: flex; flex-wrap: wrap; gap: 30px; align-items: center; margin-bottom: 30px;'>\n<div style='flex: 1 1 300px; min-width: 280px;'>\n<h2 style='text-align: center; font-size: 24px; margin-top: 0;'><span style='color: #000000; background-color: #f7da64; padding: 5px 10px; border-radius: 4px;'>Infrarrojo EXIR<\/span><\/h2>\n<p style='font-size: 24px; color: inherit; margin-top: 20px;'>Las c\u00e1maras HiLook&comma; comparten la patente de la marca Hikvision &#8216;EXIR&#8217;&comma; el cual le otorga una visi\u00f3n nocturna m\u00e1s efectiva por su dise\u00f1o&comma; composici\u00f3n y efecto umbral de luz. Esto le permitir\u00e1 tener mucho mejor detalle en la noche&comma; y una visi\u00f3n nocturna uniforme.<\/p>\n<\/p><\/div>\n<div style='flex: 1 1 300px; min-width: 280px; text-align: center;'> <img style='width: 100%; max-width: 400px; height: auto; border: 1px solid rgba(150&comma;150&comma;150&comma;0.3); border-radius: 8px;' src='https:\/\/ftp3.syscom.mx\/usuarios\/jsosa\/HIKVISION\/imagenes\/exirir.png' alt=''> <\/div>\n<\/p><\/div>\n<p> <!-- Imagen IR vs IR --> <\/p>\n<div style='margin-bottom: 30px; text-align: center;'> <img style='width: 100%; max-width: 800px; height: auto; border: 1px solid rgba(150&comma;150&comma;150&comma;0.3); border-radius: 8px;' src='https:\/\/ftp3.syscom.mx\/usuarios\/jsosa\/HIKVISION\/imagenes\/irvsir.png' alt=''> <\/div>\n<p> <!-- Imagen final --> <\/p>\n<div style='margin-bottom: 30px; text-align: center;'> <img style='width: 100%; max-width: 800px; height: auto; border: 1px solid rgba(150&comma;150&comma;150&comma;0.3); border-radius: 8px;' src='https:\/\/ftp3.syscom.mx\/usuarios\/yvalenzuela\/Hilook\/hiklook.jpg' alt=''> <\/div>\n<\/p><\/div>\n","protected":false},"excerpt":{"rendered":"<p>Turret TURBOHD 2 Megap\u00edxel (1080p) \/ Lente 2.8 mm \/ 40 mts IR EXIR \/ 4 Tecnolog\u00edas (TVI \/ AHD \/ CVI \/ CVBS) \/ IP66<\/p>\n","protected":false},"featured_media":104713,"comment_status":"open","ping_status":"closed","template":"","meta":[],"product_brand":[],"product_cat":[2269],"product_tag":[2255,2057,715],"class_list":{"0":"post-104714","1":"product","2":"type-product","3":"status-publish","4":"has-post-thumbnail","6":"product_cat-domo-eyeball-turret-camaras-y-dvrs-hd-turbohd-ahd-hd-tvi","7":"product_tag-camaras-y-dvrs-hd-turbohd-ahd-hd-tvi","8":"product_tag-domo-eyeball-turret","9":"product_tag-hilook-by-hikvision","11":"first","12":"instock","13":"sale","14":"shipping-taxable","15":"purchasable","16":"product-type-simple"},"_links":{"self":[{"href":"https:\/\/soydeaqui.ddns.net\/pachuca\/index.php\/wp-json\/wp\/v2\/product\/104714","targetHints":{"allow":["GET"]}}],"collection":[{"href":"https:\/\/soydeaqui.ddns.net\/pachuca\/index.php\/wp-json\/wp\/v2\/product"}],"about":[{"href":"https:\/\/soydeaqui.ddns.net\/pachuca\/index.php\/wp-json\/wp\/v2\/types\/product"}],"replies":[{"embeddable":true,"href":"https:\/\/soydeaqui.ddns.net\/pachuca\/index.php\/wp-json\/wp\/v2\/comments?post=104714"}],"wp:featuredmedia":[{"embeddable":true,"href":"https:\/\/soydeaqui.ddns.net\/pachuca\/index.php\/wp-json\/wp\/v2\/media\/104713"}],"wp:attachment":[{"href":"https:\/\/soydeaqui.ddns.net\/pachuca\/index.php\/wp-json\/wp\/v2\/media?parent=104714"}],"wp:term":[{"taxonomy":"product_brand","embeddable":true,"href":"https:\/\/soydeaqui.ddns.net\/pachuca\/index.php\/wp-json\/wp\/v2\/product_brand?post=104714"},{"taxonomy":"product_cat","embeddable":true,"href":"https:\/\/soydeaqui.ddns.net\/pachuca\/index.php\/wp-json\/wp\/v2\/product_cat?post=104714"},{"taxonomy":"product_tag","embeddable":true,"href":"https:\/\/soydeaqui.ddns.net\/pachuca\/index.php\/wp-json\/wp\/v2\/product_tag?post=104714"}],"curies":[{"name":"wp","href":"https:\/\/api.w.org\/{rel}","templated":true}]}}