{"id":104680,"date":"2026-03-20T14:45:24","date_gmt":"2026-03-20T14:45:24","guid":{"rendered":"https:\/\/soydeaqui.ddns.net\/pachuca\/index.php\/producto\/nivel-laser-magnetico-con-ampollas-de-burbuja\/"},"modified":"2026-03-20T14:45:56","modified_gmt":"2026-03-20T14:45:56","slug":"nivel-laser-magnetico-con-ampollas-de-burbuja","status":"publish","type":"product","link":"https:\/\/soydeaqui.ddns.net\/pachuca\/index.php\/producto\/nivel-laser-magnetico-con-ampollas-de-burbuja\/","title":{"rendered":"Nivel L\u00e1ser Magn\u00e9tico con Ampollas de Burbuja"},"content":{"rendered":"<div style='width: 100%; max-width: 1200px; margin: 0 auto; font-family: sans-serif; line-height: 1.6; color: inherit; background-color: transparent;'>\n<div style='display: flex; flex-wrap: wrap; gap: 30px; margin-bottom: 30px;'>\n<div style='flex: 1 1 300px; min-width: 280px;'>\n<h3 style='font-size: 22px; border-bottom: 2px solid currentColor; padding-bottom: 5px; margin-top: 0; color: inherit; opacity: 0.8;'>Caracter\u00edsticas<\/h3>\n<ul style='padding-left: 20px; font-size: 15px; color: inherit;'>\n<li style='margin-bottom: 5px;'>Nivel que proyecta una l\u00ednea l\u00e1ser horizontal definida y una luz enfocada paralela a la base<\/li>\n<li style='margin-bottom: 5px;'>Tres ampollas de burbuja f\u00e1ciles de leer; ampollas horizontales y cruzadas a nivel de 0\u00b0 y verticales a nivel de 90\u00b0<\/li>\n<li style='margin-bottom: 5px;'>Base magn\u00e9tica con potentes imanes de tierra rara que se adhiere a superficies ferromagn\u00e9ticas<\/li>\n<li style='margin-bottom: 5px;'>L\u00e1ser definido que proyecta hasta los 75&#8242; (22&comma;9 m) en interiores<\/li>\n<li style='margin-bottom: 5px;'>Soporte de nivelaci\u00f3n extra\u00edble que cuenta con tornillos de mariposa para permitir la nivelaci\u00f3n manual en superficies irregulares<\/li>\n<li style='margin-bottom: 5px;'>Visor grande para mejorar la visibilidad<\/li>\n<li style='margin-bottom: 5px;'>Estructura de aluminio fundido de color naranja de alta visibilidad&comma; f\u00e1cil de divisar en tubos conduit y en el lugar de trabajo<\/li>\n<li style='margin-bottom: 5px;'>Ranura en V que se adapta al contorno de tubos conduit y tuber\u00edas<\/li>\n<\/ul><\/div>\n<\/p><\/div>\n<div style='display: flex; flex-wrap: wrap; gap: 30px; margin-bottom: 30px;'>\n<div style='flex: 1 1 300px; min-width: 280px;'> <img style='width: 100%; height: auto; border: 1px solid rgba(150&comma;150&comma;150&comma;0.3); border-radius: 8px;' src='https:\/\/ftp3.syscom.mx\/usuarios\/fotos\/LBL100\/201811-lbl100_app1.jpg' alt=''> <\/div>\n<\/p><\/div>\n<div style='display: flex; flex-wrap: wrap; gap: 30px; margin-bottom: 30px;'>\n<div style='flex: 1 1 300px; min-width: 280px;'>\n<div style='position: relative; padding-bottom: 56.25%; height: 0; overflow: hidden; margin-bottom: 30px;'>   <\/div>\n<\/p><\/div>\n<\/p><\/div>\n<\/p><\/div>\n","protected":false},"excerpt":{"rendered":"<p>Nivel L\u00e1ser Magn\u00e9tico con Ampollas de Burbuja<\/p>\n","protected":false},"featured_media":104679,"comment_status":"open","ping_status":"closed","template":"","meta":[],"product_brand":[],"product_cat":[24],"product_tag":[26,25,432],"class_list":{"0":"post-104680","1":"product","2":"type-product","3":"status-publish","4":"has-post-thumbnail","6":"product_cat-accesorios-de-instalacion","7":"product_tag-accesorios-de-instalacion","8":"product_tag-herramientas","9":"product_tag-klein-tools","11":"first","12":"outofstock","13":"sale","14":"shipping-taxable","15":"purchasable","16":"product-type-simple"},"_links":{"self":[{"href":"https:\/\/soydeaqui.ddns.net\/pachuca\/index.php\/wp-json\/wp\/v2\/product\/104680","targetHints":{"allow":["GET"]}}],"collection":[{"href":"https:\/\/soydeaqui.ddns.net\/pachuca\/index.php\/wp-json\/wp\/v2\/product"}],"about":[{"href":"https:\/\/soydeaqui.ddns.net\/pachuca\/index.php\/wp-json\/wp\/v2\/types\/product"}],"replies":[{"embeddable":true,"href":"https:\/\/soydeaqui.ddns.net\/pachuca\/index.php\/wp-json\/wp\/v2\/comments?post=104680"}],"wp:featuredmedia":[{"embeddable":true,"href":"https:\/\/soydeaqui.ddns.net\/pachuca\/index.php\/wp-json\/wp\/v2\/media\/104679"}],"wp:attachment":[{"href":"https:\/\/soydeaqui.ddns.net\/pachuca\/index.php\/wp-json\/wp\/v2\/media?parent=104680"}],"wp:term":[{"taxonomy":"product_brand","embeddable":true,"href":"https:\/\/soydeaqui.ddns.net\/pachuca\/index.php\/wp-json\/wp\/v2\/product_brand?post=104680"},{"taxonomy":"product_cat","embeddable":true,"href":"https:\/\/soydeaqui.ddns.net\/pachuca\/index.php\/wp-json\/wp\/v2\/product_cat?post=104680"},{"taxonomy":"product_tag","embeddable":true,"href":"https:\/\/soydeaqui.ddns.net\/pachuca\/index.php\/wp-json\/wp\/v2\/product_tag?post=104680"}],"curies":[{"name":"wp","href":"https:\/\/api.w.org\/{rel}","templated":true}]}}